{"id":2596,"date":"2019-01-09T08:25:49","date_gmt":"2019-01-09T08:25:49","guid":{"rendered":"https:\/\/blogsaverroes.juntadeandalucia.es\/plurilinguismodelegacionjaen\/?page_id=2596"},"modified":"2019-04-11T07:04:28","modified_gmt":"2019-04-11T07:04:28","slug":"proeducar","status":"publish","type":"page","link":"https:\/\/blogsaverroes.juntadeandalucia.es\/plurilinguismodelegacionjaen\/proeducar\/","title":{"rendered":"PROEDUCAR"},"content":{"rendered":"<p><strong>CENTROS SELECCIONADOS PARA EL PROGRAMA DE ACOMPA\u00d1AMIENTO EN LENGUA EXTRANJERA \u00abPROEDUCAR\u00bb 2018\/2019<\/strong><\/p>\n<table>\n<tbody>\n<tr style=\"background-color: #c4c4c4;height: 22px\">\n<td style=\"text-align: center;height: 22px\"><strong>C\u00d3DIGO<\/strong><\/td>\n<td style=\"text-align: center;height: 22px\"><strong>DENOMINACI\u00d3N<\/strong><\/td>\n<td style=\"text-align: center;height: 22px\"><strong>LOCALIDAD<\/strong><\/td>\n<td style=\"text-align: center;height: 22px\"><strong>N\u00daMERO DE GRUPOS <\/strong><\/td>\n<\/tr>\n<tr style=\"height: 22.8px\">\n<td style=\"height: 22.8px;text-align: left\">23000143<\/td>\n<td style=\"height: 22.8px;text-align: left\">I.E.S. Hermanos Medina Rivilla<\/td>\n<td style=\"height: 22.8px;text-align: left\">Bail\u00e9n<\/td>\n<td style=\"height: 22.8px;text-align: left\">3<\/td>\n<\/tr>\n<tr style=\"height: 22.8px\">\n<td style=\"height: 22.8px;text-align: left\">23006029<\/td>\n<td style=\"height: 22.8px;text-align: left\">I.E.S. Francisco de los Cobos<\/td>\n<td style=\"height: 22.8px;text-align: left\">\u00dabeda<\/td>\n<td style=\"height: 22.8px;text-align: left\">4<\/td>\n<\/tr>\n<tr style=\"height: 22.8px\">\n<td style=\"height: 22.8px;text-align: left\">23700301<\/td>\n<td style=\"height: 22.8px;text-align: left\">I.E.S. Mar\u00eda Cabeza Arellano<\/td>\n<td style=\"height: 22.8px;text-align: left\">Meng\u00edbar<\/td>\n<td style=\"height: 22.8px;text-align: left\">6<\/td>\n<\/tr>\n<tr style=\"height: 22.8px\">\n<td style=\"height: 22.8px;text-align: left\">23700499<\/td>\n<td style=\"height: 22.8px;text-align: left\">I.E.S. Nieves L\u00f3pez Pastor<\/td>\n<td style=\"height: 22.8px;text-align: left\">Villanueva del Arzobispo<\/td>\n<td style=\"height: 22.8px;text-align: left\">3<\/td>\n<\/tr>\n<tr style=\"height: 22.8px\">\n<td style=\"height: 22.8px;text-align: left\">23700554<\/td>\n<td style=\"height: 22.8px;text-align: left\">I.E.S. Juan P\u00e9rez Creus<\/td>\n<td style=\"height: 22.8px;text-align: left\">La Carolina<\/td>\n<td style=\"height: 22.8px;text-align: left\">4<\/td>\n<\/tr>\n<\/tbody>\n<\/table>\n<p>Se puede consultar en los siguientes enlaces:<\/p>\n<ul style=\"list-style-type: circle\">\n<li><a href=\"http:\/\/www.juntadeandalucia.es\/educacion\/portals\/abaco-portlet\/content\/035fb909-cb9a-4ecc-9372-aee4a333d8e5\" target=\"_blank\" rel=\"noopener\"><strong>RESOLUCI\u00d3N de 7 de septiembre de 2018<\/strong> <\/a>de la Direcci\u00f3n General de Innovaci\u00f3n y Formaci\u00f3n del profesorado por la que se hace p\u00fablica la relaci\u00f3n de centros seleccionados para el Programa de Acompa\u00f1amiento en Lengua Extranjera \u201cPROEDUCAR\u201d destinado a institutos de ense\u00f1anza secundaria del curso 2018\/19.<\/li>\n<\/ul>\n","protected":false},"excerpt":{"rendered":"<p>CENTROS SELECCIONADOS PARA EL PROGRAMA DE ACOMPA\u00d1AMIENTO EN LENGUA EXTRANJERA \u00abPROEDUCAR\u00bb 2018\/2019 C\u00d3DIGO DENOMINACI\u00d3N LOCALIDAD N\u00daMERO DE GRUPOS 23000143 I.E.S. Hermanos Medina Rivilla Bail\u00e9n 3 23006029 I.E.S. Francisco de los Cobos \u00dabeda 4 23700301&#46;&#46;&#46;<\/p>\n","protected":false},"author":6890,"featured_media":0,"parent":0,"menu_order":0,"comment_status":"closed","ping_status":"closed","template":"","meta":{"ngg_post_thumbnail":0,"footnotes":"","_mc_calendar":[]},"aioseo_notices":[],"_links":{"self":[{"href":"https:\/\/blogsaverroes.juntadeandalucia.es\/plurilinguismodelegacionjaen\/wp-json\/wp\/v2\/pages\/2596"}],"collection":[{"href":"https:\/\/blogsaverroes.juntadeandalucia.es\/plurilinguismodelegacionjaen\/wp-json\/wp\/v2\/pages"}],"about":[{"href":"https:\/\/blogsaverroes.juntadeandalucia.es\/plurilinguismodelegacionjaen\/wp-json\/wp\/v2\/types\/page"}],"author":[{"embeddable":true,"href":"https:\/\/blogsaverroes.juntadeandalucia.es\/plurilinguismodelegacionjaen\/wp-json\/wp\/v2\/users\/6890"}],"replies":[{"embeddable":true,"href":"https:\/\/blogsaverroes.juntadeandalucia.es\/plurilinguismodelegacionjaen\/wp-json\/wp\/v2\/comments?post=2596"}],"version-history":[{"count":4,"href":"https:\/\/blogsaverroes.juntadeandalucia.es\/plurilinguismodelegacionjaen\/wp-json\/wp\/v2\/pages\/2596\/revisions"}],"predecessor-version":[{"id":3153,"href":"https:\/\/blogsaverroes.juntadeandalucia.es\/plurilinguismodelegacionjaen\/wp-json\/wp\/v2\/pages\/2596\/revisions\/3153"}],"wp:attachment":[{"href":"https:\/\/blogsaverroes.juntadeandalucia.es\/plurilinguismodelegacionjaen\/wp-json\/wp\/v2\/media?parent=2596"}],"curies":[{"name":"wp","href":"https:\/\/api.w.org\/{rel}","templated":true}]}}