{"id":2610,"date":"2019-01-09T09:07:06","date_gmt":"2019-01-09T09:07:06","guid":{"rendered":"https:\/\/blogsaverroes.juntadeandalucia.es\/plurilinguismodelegacionjaen\/?page_id=2610"},"modified":"2022-08-22T10:05:26","modified_gmt":"2022-08-22T10:05:26","slug":"titulaciones-y-acreditaciones","status":"publish","type":"page","link":"https:\/\/blogsaverroes.juntadeandalucia.es\/plurilinguismodelegacionjaen\/titulaciones-y-acreditaciones\/","title":{"rendered":"Titulaciones y Acreditaciones"},"content":{"rendered":"<p><span style=\"color: #000000\"><strong>\u00bfNECESITAS SABER DE UN VISTAZO SI TU ACREDITACI\u00d3N LING\u00dc\u00cdSTICA EST\u00c1 RECONOCIDA EN LA COMUNIDAD AUT\u00d3NOMA DE ANDALUC\u00cdA? <\/strong><\/span>En el siguiente enlace tienes unos cuadros res\u00famenes.<\/p>\n<p><a href=\"https:\/\/blogsaverroes.juntadeandalucia.es\/plurilinguismodelegacionjaen\/files\/2020\/01\/Titulaciones-acreditaciones-biling\u00fces-1.pdf\" target=\"_blank\" rel=\"noopener noreferrer\">Titulaciones acreditaciones biling\u00fces<\/a><\/p>\n<p><strong>TITULACIONES Y CERTIFICACIONES LING\u00dc\u00cdSTICAS QUE PERMITEN LA IMPARTICI\u00d3N DE ENSE\u00d1ANZA BILING\u00dcE EN LA COMUNIDAD AUT\u00d3NOMA DE ANDALUC\u00cdA<\/strong><\/p>\n<ul style=\"list-style-type: circle\">\n<li><a href=\"https:\/\/juntadeandalucia.es\/boja\/2011\/135\/d1.pdf\" target=\"_blank\" rel=\"noopener noreferrer\"><strong>ORDEN de 28 de junio de 2011<\/strong><\/a>, por la que se regula la ense\u00f1anza biling\u00fce en los centros docentes de la Comunidad Aut\u00f3noma de Andaluc\u00eda \u2013 Anexo III (BOJA n\u00fam.135 de 12 de julio), modificada por Orden de 18 de febrero de 2013 &#8211; Anexo (BOJA n\u00fam. 44 de 5 de marzo)<\/li>\n<li><a href=\"https:\/\/juntadeandalucia.es\/boja\/2016\/65\/BOJA16-065-00003-5941-01_00088522.pdf\" target=\"_blank\" rel=\"noopener noreferrer\"><strong>ORDEN de 31 de marzo de 2016<\/strong><\/a>, por la que se resuelve el procedimiento para el reconocimiento de la acreditaci\u00f3n de los niveles de competencia ling\u00fc\u00edstica en lenguas extranjeras para el profesorado de ense\u00f1anza biling\u00fce en el \u00e1mbito de la Comunidad Aut\u00f3noma de Andaluc\u00eda, correspondiente a la convocatoria de 2015.<\/li>\n<li><a href=\"https:\/\/juntadeandalucia.es\/boja\/2018\/61\/BOJA18-061-00003-5559-01_00132995.pdf\" target=\"_blank\" rel=\"noopener noreferrer\"><strong>ORDEN de 21 de marzo de 2018<\/strong><\/a>, por la que se resuelve el procedimiento para el reconocimiento de la acreditaci\u00f3n de los niveles de competencia ling\u00fc\u00edstica en lenguas extranjeras para el profesorado de ense\u00f1anza biling\u00fce en el \u00e1mbito de la Comunidad Aut\u00f3noma de Andaluc\u00eda, correspondiente a la convocatoria de 2017.<\/li>\n<li><a href=\"https:\/\/juntadeandalucia.es\/eboja\/2019\/4\/BOJA19-004-00003-47-01_00148497.pdf\" target=\"_blank\" rel=\"noopener noreferrer\"><strong>ORDEN de 21 de diciembre de 2018<\/strong><\/a>, por la que se resuelve el procedimiento para el reconocimiento de la acreditaci\u00f3n de los niveles de competencia ling\u00fc\u00edstica en lenguas extranjeras para el profesorado de ense\u00f1anza biling\u00fce en el \u00e1mbito de la Comunidad Aut\u00f3noma de Andaluc\u00eda, correspondiente a la convocatoria de 2018.<\/li>\n<li><a href=\"https:\/\/juntadeandalucia.es\/boja\/2019\/249\/BOJA19-249-00003-19207-01_00167314.pdf\" target=\"_blank\" rel=\"noopener noreferrer\"><strong>Orden de 20 de diciembre de 2019<\/strong><\/a>, por la que se resuelve el procedimiento para el reconocimiento de la acreditaci\u00f3n de los niveles de competencia ling\u00fc\u00edstica en lenguas extranjeras para el profesorado de ense\u00f1anza biling\u00fce en el \u00e1mbito de la Comunidad Aut\u00f3noma de Andaluc\u00eda, correspondiente a la convocatoria de 2019<\/li>\n<li><a href=\"https:\/\/www.adideandalucia.es\/normas\/circulares\/TitulacionesBilinguesActualizado21-01-2021.pdf\"><strong>Orden de 15 de diciembre de 2020<\/strong><\/a>, por la que se resuelve el procedimiento para el reconocimiento de la acreditaci\u00f3n de los niveles de competencia ling\u00fc\u00edstica en lenguas extranjeras para el profesorado de ense\u00f1anza biling\u00fce en el \u00e1mbito de la Comunidad Aut\u00f3noma de Andaluc\u00eda, correspondiente a la convocatoria de 2020.<\/li>\n<\/ul>\n","protected":false},"excerpt":{"rendered":"<p>\u00bfNECESITAS SABER DE UN VISTAZO SI TU ACREDITACI\u00d3N LING\u00dc\u00cdSTICA EST\u00c1 RECONOCIDA EN LA COMUNIDAD AUT\u00d3NOMA DE ANDALUC\u00cdA? En el siguiente enlace tienes unos cuadros res\u00famenes. Titulaciones acreditaciones biling\u00fces TITULACIONES Y CERTIFICACIONES LING\u00dc\u00cdSTICAS QUE PERMITEN&#46;&#46;&#46;<\/p>\n","protected":false},"author":6890,"featured_media":0,"parent":0,"menu_order":0,"comment_status":"closed","ping_status":"closed","template":"","meta":{"ngg_post_thumbnail":0,"footnotes":"","_mc_calendar":[]},"aioseo_notices":[],"_links":{"self":[{"href":"https:\/\/blogsaverroes.juntadeandalucia.es\/plurilinguismodelegacionjaen\/wp-json\/wp\/v2\/pages\/2610"}],"collection":[{"href":"https:\/\/blogsaverroes.juntadeandalucia.es\/plurilinguismodelegacionjaen\/wp-json\/wp\/v2\/pages"}],"about":[{"href":"https:\/\/blogsaverroes.juntadeandalucia.es\/plurilinguismodelegacionjaen\/wp-json\/wp\/v2\/types\/page"}],"author":[{"embeddable":true,"href":"https:\/\/blogsaverroes.juntadeandalucia.es\/plurilinguismodelegacionjaen\/wp-json\/wp\/v2\/users\/6890"}],"replies":[{"embeddable":true,"href":"https:\/\/blogsaverroes.juntadeandalucia.es\/plurilinguismodelegacionjaen\/wp-json\/wp\/v2\/comments?post=2610"}],"version-history":[{"count":12,"href":"https:\/\/blogsaverroes.juntadeandalucia.es\/plurilinguismodelegacionjaen\/wp-json\/wp\/v2\/pages\/2610\/revisions"}],"predecessor-version":[{"id":4638,"href":"https:\/\/blogsaverroes.juntadeandalucia.es\/plurilinguismodelegacionjaen\/wp-json\/wp\/v2\/pages\/2610\/revisions\/4638"}],"wp:attachment":[{"href":"https:\/\/blogsaverroes.juntadeandalucia.es\/plurilinguismodelegacionjaen\/wp-json\/wp\/v2\/media?parent=2610"}],"curies":[{"name":"wp","href":"https:\/\/api.w.org\/{rel}","templated":true}]}}