{"id":2637,"date":"2019-01-10T08:25:41","date_gmt":"2019-01-10T08:25:41","guid":{"rendered":"https:\/\/blogsaverroes.juntadeandalucia.es\/plurilinguismodelegacionjaen\/?page_id=2637"},"modified":"2023-11-21T07:38:46","modified_gmt":"2023-11-21T07:38:46","slug":"bachibac","status":"publish","type":"page","link":"https:\/\/blogsaverroes.juntadeandalucia.es\/plurilinguismodelegacionjaen\/bachibac\/","title":{"rendered":"Bachibac"},"content":{"rendered":"<p><strong>CENTROS AUTORIZADOS A IMPARTIR LA DOBLE TITULACI\u00d3N BACHILLER- BACCALAUR\u00c9AT<\/strong><\/p>\n<table>\n<tbody>\n<tr style=\"background-color: #c4c4c4;height: 22px\">\n<td style=\"text-align: center;height: 22px\"><strong>C\u00d3DIGO<\/strong><\/td>\n<td style=\"text-align: center;height: 22px\"><strong>DENOMINACI\u00d3N<\/strong><\/td>\n<td style=\"text-align: center;height: 22px\"><strong>LOCALIDAD<\/strong><\/td>\n<td style=\"text-align: center;height: 22px\"><strong>DESDE EL CURSO<br \/>\n<\/strong><\/td>\n<\/tr>\n<tr style=\"height: 22.8px\">\n<td style=\"height: 22.8px;text-align: left\">23002401<\/td>\n<td style=\"height: 22.8px;text-align: left\">I.E.S. Virgen del Carmen<\/td>\n<td style=\"height: 22.8px;text-align: left\">Ja\u00e9n<\/td>\n<td style=\"height: 22.8px;text-align: left\">2011\/2012<\/td>\n<\/tr>\n<\/tbody>\n<\/table>\n<p>Se puede consultar en el enlace:<\/p>\n<ul style=\"list-style-type: circle\">\n<li><a href=\"https:\/\/juntadeandalucia.es\/boja\/2012\/176\/BOJA12-176-00039-14513-01_00012920.pdf\" target=\"_blank\" rel=\"noopener noreferrer\"><strong>ORDEN de 30 de julio de 2012<\/strong><\/a>, por la que se especifican las etapas educativas autorizadas de ense\u00f1anza biling\u00fce en los centros docentes de la Comunidad Aut\u00f3noma de Andaluc\u00eda y se autorizan nuevos centros p\u00fablicos biling\u00fces. (ANEXO III).<\/li>\n<li><strong><a href=\"https:\/\/drive.google.com\/file\/d\/1fVFGoKN6WBi3dbKJuexE2n5P2jYUk-ol\/view?usp=sharing\" target=\"_blank\" rel=\"noopener noreferrer\">Resoluci\u00f3n de 16 de marzo de 2023<\/a>,<\/strong> de la Direcci\u00f3n General de Ordenaci\u00f3n, Inclusi\u00f3n, Participaci\u00f3n y Evaluaci\u00f3n Educativa, por la que se concretan aspectos relativos a la prueba externa del Programa de Doble Titulaci\u00f3n Bachiller-Baccalaur\u00e9at correspondiente al curso 2022\/2023<\/li>\n<li><strong><a href=\"https:\/\/portals.ced.junta-andalucia.es\/educacion\/portals\/delegate\/content\/ae9f5423-6768-4387-b290-acfafac9f673\/Resoluci%C3%B3n%20Bachibac%202023-2024\" target=\"_blank\" rel=\"noopener noreferrer\">Resoluci\u00f3n de 24 de octubre de 2023<\/a><\/strong>, de la Direcci\u00f3n General de Ordenaci\u00f3n, Inclusi\u00f3n, Participaci\u00f3n y Evaluaci\u00f3n Educativa, por la que se concretan aspectos relativos a la prueba externa del Programa de Doble Titulaci\u00f3n Bachiller-Baccalaur\u00e9at correspondiente al curso&nbsp; 2023\/2024 en la Comunidad Aut\u00f3noma de Andaluc\u00eda.<\/li>\n<\/ul>\n","protected":false},"excerpt":{"rendered":"<p>CENTROS AUTORIZADOS A IMPARTIR LA DOBLE TITULACI\u00d3N BACHILLER- BACCALAUR\u00c9AT C\u00d3DIGO DENOMINACI\u00d3N LOCALIDAD DESDE EL CURSO 23002401 I.E.S. Virgen del Carmen Ja\u00e9n 2011\/2012 Se puede consultar en el enlace: ORDEN de 30 de julio de&#46;&#46;&#46;<\/p>\n","protected":false},"author":6890,"featured_media":0,"parent":0,"menu_order":0,"comment_status":"closed","ping_status":"closed","template":"","meta":{"ngg_post_thumbnail":0,"footnotes":"","_mc_calendar":[]},"aioseo_notices":[],"_links":{"self":[{"href":"https:\/\/blogsaverroes.juntadeandalucia.es\/plurilinguismodelegacionjaen\/wp-json\/wp\/v2\/pages\/2637"}],"collection":[{"href":"https:\/\/blogsaverroes.juntadeandalucia.es\/plurilinguismodelegacionjaen\/wp-json\/wp\/v2\/pages"}],"about":[{"href":"https:\/\/blogsaverroes.juntadeandalucia.es\/plurilinguismodelegacionjaen\/wp-json\/wp\/v2\/types\/page"}],"author":[{"embeddable":true,"href":"https:\/\/blogsaverroes.juntadeandalucia.es\/plurilinguismodelegacionjaen\/wp-json\/wp\/v2\/users\/6890"}],"replies":[{"embeddable":true,"href":"https:\/\/blogsaverroes.juntadeandalucia.es\/plurilinguismodelegacionjaen\/wp-json\/wp\/v2\/comments?post=2637"}],"version-history":[{"count":10,"href":"https:\/\/blogsaverroes.juntadeandalucia.es\/plurilinguismodelegacionjaen\/wp-json\/wp\/v2\/pages\/2637\/revisions"}],"predecessor-version":[{"id":5416,"href":"https:\/\/blogsaverroes.juntadeandalucia.es\/plurilinguismodelegacionjaen\/wp-json\/wp\/v2\/pages\/2637\/revisions\/5416"}],"wp:attachment":[{"href":"https:\/\/blogsaverroes.juntadeandalucia.es\/plurilinguismodelegacionjaen\/wp-json\/wp\/v2\/media?parent=2637"}],"curies":[{"name":"wp","href":"https:\/\/api.w.org\/{rel}","templated":true}]}}