{"id":2661,"date":"2019-01-10T12:01:40","date_gmt":"2019-01-10T12:01:40","guid":{"rendered":"https:\/\/blogsaverroes.juntadeandalucia.es\/plurilinguismodelegacionjaen\/?page_id=2661"},"modified":"2025-10-01T08:28:40","modified_gmt":"2025-10-01T08:28:40","slug":"manuales","status":"publish","type":"page","link":"https:\/\/blogsaverroes.juntadeandalucia.es\/plurilinguismodelegacionjaen\/manuales\/","title":{"rendered":"Tutoriales"},"content":{"rendered":"<ul style=\"list-style-type: circle\">\n<li><a href=\"https:\/\/www.juntadeandalucia.es\/educacion\/portales\/web\/programas-educativos-internacionales\/ensenanza-bilingue\/centros-bilingues\/organizacion-de-la-ensenanza?redirect=\/educacion\/portales\/web\/programas-educativos-internacionales\" target=\"_blank\" rel=\"noopener\">Tutorial para la grabaci\u00f3n de ense\u00f1anza biling\u00fce en el sistema de gesti\u00f3n S\u00e9neca 2025\/26<\/a><\/li>\n<li><a href=\"https:\/\/blogsaverroes.juntadeandalucia.es\/plurilinguismodelegacionjaen\/files\/2020\/07\/Manual-Generaci\u00f3n-certificaci\u00f3n-participaci\u00f3n-profesorado-biling\u00fce.pdf\" target=\"_blank\" rel=\"noopener noreferrer\">Tutorial para la generaci\u00f3n del certificado profesorado biling\u00fce<\/a><\/li>\n<li><a href=\"https:\/\/blogsaverroes.juntadeandalucia.es\/plurilinguismodelegacioncadiz\/files\/2021\/07\/Manual_Grabaci%C3%B3n-horario_Auxiliar_conversacion.pdf\" target=\"_blank\" rel=\"noopener noreferrer\">Tutorial para la grabaci\u00f3n del horario del Auxiliar Conversaci\u00f3n<\/a><\/li>\n<li><a href=\"https:\/\/blogsaverroes.juntadeandalucia.es\/plurilinguismodelegacionjaen\/files\/2024\/01\/240118_Tutorial_datos_ense\u00f1anza_biling\u00fce_en_S\u00e9neca.pdf\" target=\"_blank\" rel=\"noopener noreferrer\">Tutorial para actualizar\/modificar datos en S\u00e9neca del Programa de centro biling\u00fce<\/a><\/li>\n<li><a href=\"https:\/\/blogsaverroes.juntadeandalucia.es\/plurilinguismodelegacionjaen\/files\/2024\/01\/Tutorial_certificaciones_biling\u00fces.pdf\" target=\"_blank\" rel=\"noopener noreferrer\">Tutorial para la certificaci\u00f3n biling\u00fce del alumnado y profesorado<\/a><\/li>\n<li><a href=\"https:\/\/blogsaverroes.juntadeandalucia.es\/plurilinguismodelegacionjaen\/files\/2024\/01\/Tutorial_memoria_anual.pdf\" target=\"_blank\" rel=\"noopener noreferrer\">Tutorial para la cumplimentaci\u00f3n de la Memoria Anual del Programa Biling\u00fce<\/a><\/li>\n<\/ul>\n","protected":false},"excerpt":{"rendered":"<p>Tutorial para la grabaci\u00f3n de ense\u00f1anza biling\u00fce en el sistema de gesti\u00f3n S\u00e9neca 2025\/26 Tutorial para la generaci\u00f3n del certificado profesorado biling\u00fce Tutorial para la grabaci\u00f3n del horario del Auxiliar Conversaci\u00f3n Tutorial para actualizar\/modificar&#46;&#46;&#46;<\/p>\n","protected":false},"author":6890,"featured_media":0,"parent":0,"menu_order":0,"comment_status":"closed","ping_status":"closed","template":"","meta":{"ngg_post_thumbnail":0,"footnotes":"","_mc_calendar":[]},"aioseo_notices":[],"_links":{"self":[{"href":"https:\/\/blogsaverroes.juntadeandalucia.es\/plurilinguismodelegacionjaen\/wp-json\/wp\/v2\/pages\/2661"}],"collection":[{"href":"https:\/\/blogsaverroes.juntadeandalucia.es\/plurilinguismodelegacionjaen\/wp-json\/wp\/v2\/pages"}],"about":[{"href":"https:\/\/blogsaverroes.juntadeandalucia.es\/plurilinguismodelegacionjaen\/wp-json\/wp\/v2\/types\/page"}],"author":[{"embeddable":true,"href":"https:\/\/blogsaverroes.juntadeandalucia.es\/plurilinguismodelegacionjaen\/wp-json\/wp\/v2\/users\/6890"}],"replies":[{"embeddable":true,"href":"https:\/\/blogsaverroes.juntadeandalucia.es\/plurilinguismodelegacionjaen\/wp-json\/wp\/v2\/comments?post=2661"}],"version-history":[{"count":17,"href":"https:\/\/blogsaverroes.juntadeandalucia.es\/plurilinguismodelegacionjaen\/wp-json\/wp\/v2\/pages\/2661\/revisions"}],"predecessor-version":[{"id":6264,"href":"https:\/\/blogsaverroes.juntadeandalucia.es\/plurilinguismodelegacionjaen\/wp-json\/wp\/v2\/pages\/2661\/revisions\/6264"}],"wp:attachment":[{"href":"https:\/\/blogsaverroes.juntadeandalucia.es\/plurilinguismodelegacionjaen\/wp-json\/wp\/v2\/media?parent=2661"}],"curies":[{"name":"wp","href":"https:\/\/api.w.org\/{rel}","templated":true}]}}