{"id":2677,"date":"2019-01-10T13:15:01","date_gmt":"2019-01-10T13:15:01","guid":{"rendered":"https:\/\/blogsaverroes.juntadeandalucia.es\/plurilinguismodelegacionjaen\/?page_id=2677"},"modified":"2020-07-27T10:55:58","modified_gmt":"2020-07-27T10:55:58","slug":"centros-publicos","status":"publish","type":"page","link":"https:\/\/blogsaverroes.juntadeandalucia.es\/plurilinguismodelegacionjaen\/centros-publicos\/","title":{"rendered":"Calendario actuaciones 2020\/2021"},"content":{"rendered":"<p><span style=\"color: #ff0000\">En rojo se establecen las actuaciones que tambi\u00e9n deber\u00e1n llevar a cabo los centros de titularidad privada.<\/span><\/p>\n<table style=\"width: 755px\">\n<tbody>\n<tr>\n<td style=\"width: 628.65px;background-color: #c4c4c4;text-align: center\"><strong>ACTUACI\u00d3N<\/strong><\/td>\n<td style=\"width: 147.35px;background-color: #c4c4c4;text-align: center\"><strong>FECHA L\u00cdMITE<\/strong><\/td>\n<\/tr>\n<tr>\n<td style=\"width: 628.65px\"><strong>Solicitud para participar en la ense\u00f1anza biling\u00fce, para el profesorado con destino definitivo<\/strong> en el centro que est\u00e9 en posesi\u00f3n de un t\u00edtulo de acreditaci\u00f3n de al menos el nivel B2 del MCERL e imparta \u00e1reas, materias o m\u00f3dulos profesionales no ling\u00fc\u00edsticos en lengua extranjera. Mediante oficio dirigido a la Delegaci\u00f3n Territorial, junto a copia de la titulaci\u00f3n B2 firmada por el\/la solicitante y leyenda \u00abEs copia fiel del original\u00bb.<\/p>\n<p>&#8211; <a href=\"https:\/\/blogsaverroes.juntadeandalucia.es\/plurilinguismodelegacionjaen\/files\/2020\/07\/SOLICITUD-AUTORIZACI\u00d3N-PROFESORADO-BILING\u00dcE.odt\">Modelo solicitud autorizaci\u00f3n profesorado biling\u00fce<\/a><\/td>\n<td style=\"width: 147.35px\">15 junio 2020<\/td>\n<\/tr>\n<tr>\n<td style=\"width: 628.65px\"><strong>Renuncia para participar en la ense\u00f1anza biling\u00fce, para el profesorado con destino definitivo <\/strong>en el centro. Mediante oficio dirigido a esta Delegaci\u00f3n Territorial.<br \/>\nNOTA: El personal con destino definitivo biling\u00fce obtenido mediante Concurso General de Traslados o Recolocaci\u00f3n no puede renunciar a la participaci\u00f3n, a no ser mediante participaci\u00f3n en nuevo Concurso de Traslados como no biling\u00fce.<br \/>\n&#8211; <a href=\"https:\/\/blogsaverroes.juntadeandalucia.es\/plurilinguismodelegacionjaen\/files\/2020\/07\/SOLICITUD-RENUNCIA-PROFESORADO-BILING\u00dcE.odt\" target=\"_blank\" rel=\"noopener noreferrer\">Modelo solicitud renuncia profesorado biling\u00fce<\/a><\/td>\n<td style=\"width: 147.35px\">15 junio 2020<\/td>\n<\/tr>\n<tr>\n<td style=\"width: 628.65px\"><strong>Centros que, por sus especiales caracter\u00edsticas, necesiten realizar alg\u00fan tipo de<br \/>\nadaptaci\u00f3n de los aspectos b\u00e1sicos <\/strong>regulados en la Orden de 28 de junio de 2011. elevar su propuesta ante la Direcci\u00f3n General de Ordenaci\u00f3n y Evaluaci\u00f3n Educativa.<span style=\"color: #ff0000\"> (P\u00fablicos y privados)<\/span><\/td>\n<td style=\"width: 147.35px\">29 junio 2020<\/td>\n<\/tr>\n<tr>\n<td style=\"width: 628.65px\"><strong>Nombramiento de nuevo\/a coordinador\/a biling\u00fce<\/strong>. La direcci\u00f3n del centro formular\u00e1 a la persona titular de la Delegaci\u00f3n Provincial de la Consejer\u00eda competente en materia de educaci\u00f3n propuesta de nombramiento y cese de la persona responsable de la coordinaci\u00f3n de la ense\u00f1anza biling\u00fce.<\/p>\n<p>&#8211; <a href=\"https:\/\/blogsaverroes.juntadeandalucia.es\/plurilinguismodelegacionjaen\/files\/2019\/07\/NOMBRAMIENTO-DE-COORDINADORES-Modelo-de-propuesta-de-los-centros.odt\" target=\"_blank\" rel=\"noopener noreferrer\">Modelo nombramiento coordinador biling\u00fce<\/a><\/p>\n<p>&#8211; <a href=\"https:\/\/blogsaverroes.juntadeandalucia.es\/plurilinguismodelegacionjaen\/files\/2020\/07\/CESE-COORDINADORES-BILING\u00dcE.odt\" target=\"_blank\" rel=\"noopener noreferrer\">Modelo cese coordinador biling\u00fce<\/a><\/td>\n<td style=\"width: 147.35px\">&nbsp;Cuando proceda<\/td>\n<\/tr>\n<tr>\n<td style=\"width: 628.65px\"><strong>Env\u00edo del horario semanal del\/la auxiliar de conversaci\u00f3n.<\/strong> Oficio al Servicio de Ordenaci\u00f3n Educativa de la Delegaci\u00f3n Territorial de Educaci\u00f3n junto con el correspondiente (Anexo I).<\/td>\n<td style=\"width: 147.35px\">15 octubre 2020<\/td>\n<\/tr>\n<tr>\n<td style=\"width: 628.65px\"><strong>Grabaci\u00f3n en S\u00e9neca de profesorado y alumnado participante<\/strong>. <span style=\"color: #ff0000\">(P\u00fablicos y privados)<\/span><\/p>\n<p>&#8211; <a href=\"https:\/\/blogsaverroes.juntadeandalucia.es\/plurilinguismodelegacionjaen\/files\/2020\/07\/TUTORIAL-S\u00c9NECA.pdf\" target=\"_blank\" rel=\"noopener noreferrer\">Manual de grabaci\u00f3n ense\u00f1anza biling\u00fce en S\u00e9neca<\/a><\/td>\n<td style=\"width: 147.35px\">1 al 30 octubre 2020<\/td>\n<\/tr>\n<tr>\n<td style=\"width: 628.65px\"><strong>Solicitud de nuevos centros biling\u00fces<\/strong>. Oficio dirigido a la Delegaci\u00f3n Territorial, junto a Anexo informe de viabilidad.<\/p>\n<p>&#8211; <a href=\"https:\/\/blogsaverroes.juntadeandalucia.es\/plurilinguismodelegacionjaen\/files\/2020\/07\/INFORME-DE-VIABILIDAD-INFANTIL-Y-PRIMARIA-P\u00daBLICOS.odt\" target=\"_blank\" rel=\"noopener noreferrer\">Modelo informe de viabilidad Infantil y Primaria<\/a><\/p>\n<p>&#8211; <a href=\"https:\/\/blogsaverroes.juntadeandalucia.es\/plurilinguismodelegacionjaen\/files\/2020\/07\/INFORME-DE-VIABILIDAD-ESO-P\u00daBLICOS.odt\" target=\"_blank\" rel=\"noopener noreferrer\">Modelo informe viabilidad ESO<\/a><\/p>\n<p>&#8211; <a href=\"https:\/\/blogsaverroes.juntadeandalucia.es\/plurilinguismodelegacionjaen\/files\/2020\/07\/INFORME-DE-VIABILIDAD-BACHILLERATO-P\u00daBLICOS.odt\" target=\"_blank\" rel=\"noopener noreferrer\">Modelo informe viabilidad Bachillerato<\/a><\/p>\n<p>&#8211; <a href=\"https:\/\/blogsaverroes.juntadeandalucia.es\/plurilinguismodelegacionjaen\/files\/2020\/07\/INFORME-DE-VIABILIDAD-CICLOS-FORMATIVOS.odt\" target=\"_blank\" rel=\"noopener noreferrer\">Modelo informe de viabilidad Ciclos Formativos<\/a><\/td>\n<td style=\"width: 147.35px\">19 octubre 2020<\/td>\n<\/tr>\n<tr>\n<td style=\"width: 628.65px\"><strong>Solicitud de nuevas etapas educativas<\/strong>. Oficio dirigido a la Delegaci\u00f3n Territorial, junto a Anexo informe de viabilidad.<\/p>\n<p>&#8211; <a href=\"https:\/\/blogsaverroes.juntadeandalucia.es\/plurilinguismodelegacionjaen\/files\/2020\/07\/INFORME-DE-VIABILIDAD-ESO-P\u00daBLICOS.odt\" target=\"_blank\" rel=\"noopener noreferrer\">Modelo informe viabilidad ESO<\/a><\/p>\n<p>&#8211; <a href=\"https:\/\/blogsaverroes.juntadeandalucia.es\/plurilinguismodelegacionjaen\/files\/2020\/07\/INFORME-DE-VIABILIDAD-BACHILLERATO-P\u00daBLICOS.odt\" target=\"_blank\" rel=\"noopener noreferrer\">Modelo informe viabilidad Bachillerato<\/a><\/p>\n<p>&#8211; <a href=\"https:\/\/blogsaverroes.juntadeandalucia.es\/plurilinguismodelegacionjaen\/files\/2020\/07\/INFORME-DE-VIABILIDAD-CICLOS-FORMATIVOS.odt\" target=\"_blank\" rel=\"noopener noreferrer\">Modelo informe de viabilidad Ciclos Formativos<\/a><\/td>\n<td style=\"width: 147.35px\">19 octubre 2020<\/td>\n<\/tr>\n<tr>\n<td style=\"width: 628.65px\"><strong>Solicitud de pluriling\u00fcismo<\/strong>.Oficio dirigido a la Delegaci\u00f3n Territorial, junto a Anexo informfe de viabilidad.<\/p>\n<p>&#8211; <a href=\"https:\/\/blogsaverroes.juntadeandalucia.es\/plurilinguismodelegacionjaen\/files\/2020\/07\/INFORME-VIABILIDAD-PLURILING\u00dcES.odt\" target=\"_blank\" rel=\"noopener noreferrer\">Modelo informe viabilidad pluriling\u00fces<\/a><\/td>\n<td style=\"width: 147.35px\">19 octubre 2020<\/td>\n<\/tr>\n<tr>\n<td style=\"width: 628.65px\"><strong>Solicitud ampliaci\u00f3n de l\u00edneas biling\u00fces<\/strong>. Oficio dirigido a la Delegaci\u00f3n Territorial, junto a Anexo informe de viabilidad.<\/p>\n<p>&#8211; <a href=\"https:\/\/blogsaverroes.juntadeandalucia.es\/plurilinguismodelegacionjaen\/files\/2020\/07\/ANEXO-AUMENTO-L\u00cdNEAS.odt\" target=\"_blank\" rel=\"noopener noreferrer\">Modelo informe aumento de l\u00edneas<\/a><\/td>\n<td style=\"width: 147.35px\">4 diciembre 2020<\/td>\n<\/tr>\n<tr>\n<td style=\"width: 628.65px\"><strong>Solicitud nuevos m\u00f3dulos profesionales no ling\u00fc\u00edsticos<\/strong> impartidos por profesorado de las especialidades incluidas en el Anexo IV de la Orden de 28 de junio de 2011, siempre que dicho profesorado acredite en la lengua extranjera correspondiente al menos un nivel B2 de competencia ling\u00fc\u00edstica con alguna de las acreditaciones reconocidas para tal fin por la Junta de Andaluc\u00eda, que ello no implique la necesidad de incrementar la dotaci\u00f3n del centro con recursos extraordinarios externos, y que los m\u00f3dulos profesionales ya incluidos en el mismo garanticen la viabilidad del programa. Oficio difigido a la Delegaci\u00f3n Territorial, junto a Anexo informe de viabilidad.<\/p>\n<p>&#8211; <a href=\"https:\/\/blogsaverroes.juntadeandalucia.es\/plurilinguismodelegacionjaen\/files\/2020\/07\/INFORME-DE-VIABILIDAD-NUEVOS-M\u00d3DULOS-CICLOS-FORMATIVOS.odt\">Modelo informe viabilidad nuevos m\u00f3dulos Ciclos Formativos<\/a><\/td>\n<td style=\"width: 147.35px\">28 febrero 2021<\/td>\n<\/tr>\n<tr>\n<td style=\"width: 628.65px\"><strong>Cumplementaci\u00f3n de cuestionarios de los centros que implanten el portfolio. <\/strong><span style=\"color: #ff0000\">(P\u00fablicos y privados)<\/span><\/td>\n<td style=\"width: 147.35px\">1 al 30 octubre 2020<\/p>\n<p>15 al 30 junio 2021<\/td>\n<\/tr>\n<tr>\n<td style=\"width: 628.65px\"><strong>Abono y justificaci\u00f3n de las subvenciones relativas a los auxiliares de conversaci\u00f3n.<\/strong><\/td>\n<td style=\"width: 147.35px\">30 junio 2021<\/td>\n<\/tr>\n<\/tbody>\n<\/table>\n<p>&nbsp;<\/p>\n","protected":false},"excerpt":{"rendered":"<p>En rojo se establecen las actuaciones que tambi\u00e9n deber\u00e1n llevar a cabo los centros de titularidad privada. ACTUACI\u00d3N FECHA L\u00cdMITE Solicitud para participar en la ense\u00f1anza biling\u00fce, para el profesorado con destino definitivo en&#46;&#46;&#46;<\/p>\n","protected":false},"author":6890,"featured_media":0,"parent":0,"menu_order":0,"comment_status":"closed","ping_status":"closed","template":"","meta":{"ngg_post_thumbnail":0,"footnotes":"","_mc_calendar":[]},"aioseo_notices":[],"_links":{"self":[{"href":"https:\/\/blogsaverroes.juntadeandalucia.es\/plurilinguismodelegacionjaen\/wp-json\/wp\/v2\/pages\/2677"}],"collection":[{"href":"https:\/\/blogsaverroes.juntadeandalucia.es\/plurilinguismodelegacionjaen\/wp-json\/wp\/v2\/pages"}],"about":[{"href":"https:\/\/blogsaverroes.juntadeandalucia.es\/plurilinguismodelegacionjaen\/wp-json\/wp\/v2\/types\/page"}],"author":[{"embeddable":true,"href":"https:\/\/blogsaverroes.juntadeandalucia.es\/plurilinguismodelegacionjaen\/wp-json\/wp\/v2\/users\/6890"}],"replies":[{"embeddable":true,"href":"https:\/\/blogsaverroes.juntadeandalucia.es\/plurilinguismodelegacionjaen\/wp-json\/wp\/v2\/comments?post=2677"}],"version-history":[{"count":48,"href":"https:\/\/blogsaverroes.juntadeandalucia.es\/plurilinguismodelegacionjaen\/wp-json\/wp\/v2\/pages\/2677\/revisions"}],"predecessor-version":[{"id":2693,"href":"https:\/\/blogsaverroes.juntadeandalucia.es\/plurilinguismodelegacionjaen\/wp-json\/wp\/v2\/pages\/2677\/revisions\/2693"}],"wp:attachment":[{"href":"https:\/\/blogsaverroes.juntadeandalucia.es\/plurilinguismodelegacionjaen\/wp-json\/wp\/v2\/media?parent=2677"}],"curies":[{"name":"wp","href":"https:\/\/api.w.org\/{rel}","templated":true}]}}