{"id":2679,"date":"2019-01-10T13:15:01","date_gmt":"2019-01-10T13:15:01","guid":{"rendered":"https:\/\/blogsaverroes.juntadeandalucia.es\/plurilinguismodelegacionjaen\/?page_id=2679"},"modified":"2021-07-20T12:08:24","modified_gmt":"2021-07-20T12:08:24","slug":"centros-privados","status":"publish","type":"page","link":"https:\/\/blogsaverroes.juntadeandalucia.es\/plurilinguismodelegacionjaen\/centros-privados\/","title":{"rendered":"Solicitudes centros privados"},"content":{"rendered":"<p><strong>SOLICITUD DE ENSE\u00d1ANZA BILING\u00dcE<\/strong><\/p>\n<p>El expediente de autorizaci\u00f3n como centro biling\u00fce se iniciar\u00e1, a instancia de la persona f\u00edsica o jur\u00eddica titular del<br \/>\ncentro docente, mediante solicitud dirigida a la persona titular de la Consejer\u00eda competente en materia de&nbsp; educaci\u00f3n, seg\u00fan el modelo <strong>Anexo I de la ORDEN de 29 de junio de 2011<\/strong>, por la que se establece el procedimiento para la autorizaci\u00f3n de la ense\u00f1anza biling\u00fce en los centros docentes de titularidad privada.<\/p>\n<p>&#8211; <a href=\"https:\/\/blogsaverroes.juntadeandalucia.es\/plurilinguismodelegacionjaen\/files\/2019\/01\/Orden-29-junio-2011-Autorizacion-Centros-Bilingues_Privados-Anexo-I.pdf\" target=\"_blank\" rel=\"noopener noreferrer\">Anexo I<\/a><\/p>\n<p>Habr\u00e1 tambi\u00e9n que adjuntar el <strong>informe de de viabilidad<\/strong> sobre la ense\u00f1anza que que quiera implantar.<\/p>\n<p>&#8211; <a href=\"https:\/\/blogsaverroes.juntadeandalucia.es\/plurilinguismodelegacionjaen\/files\/2020\/01\/INFORME-DE-VIABILIDAD-PRIVADOS.odt\" target=\"_blank\" rel=\"noopener noreferrer\">Informe viabilidad CDP<\/a><\/p>\n<p>As\u00ed como las <strong>acreditaciones ling\u00fc\u00edsticas en lenguas extranjeras<\/strong> seg\u00fan el Marco Com\u00fan de Referencia de las Lenguas del profesorado que se proponga como participante en la ense\u00f1anza biling\u00fce. (Consultar dichas tiltulaciones en el enlace <a href=\"https:\/\/blogsaverroes.juntadeandalucia.es\/plurilinguismodelegacionjaen\/titulaciones-y-acreditaciones\/\" target=\"_blank\" rel=\"noopener noreferrer\">https:\/\/blogsaverroes.juntadeandalucia.es\/plurilinguismodelegacionjaen\/titulaciones-y-acreditaciones\/<\/a>)<\/p>\n<p>La solicitud podr\u00e1 presentarse en el Registro de la correspondiente Delegaci\u00f3n Provincial de la Consejer\u00eda competente en materia de educaci\u00f3n o en cualquiera de los lugares determinados en el art\u00edculo 38.4 de la Ley 30\/1992, de 26 de noviembre, de R\u00e9gimen Jur\u00eddico de las Administraciones P\u00fablicas y del Procedimiento Administrativo Com\u00fan, y en el art\u00edculo 82 de la Ley 9\/2007, de 22 de octubre, de la Administraci\u00f3n de la Junta de Andaluc\u00eda.<\/p>\n<p><strong>PROFESORADO PARTICIPANTE<\/strong><\/p>\n<p>La direcci\u00f3n de los centros de titularidad privada que tengan aprobada la ense\u00f1anza biling\u00fce deber\u00e1 <strong>introducir en el sistema de informaci\u00f3n S\u00e9neca al profesorado participante<\/strong> en dichas ense\u00f1anzas.<\/p>\n<p>Los centros de titularidad privada sostenidos con fondos p\u00fablicos comunicar\u00e1n al Servicio de Ordenaci\u00f3n Educativa de la correspondiente Delegaci\u00f3n Territorial la relaci\u00f3n de <strong>profesorado nuevo<\/strong> que se incorpora a la ense\u00f1anza biling\u00fce a efectos de comprobaci\u00f3n de la atribuci\u00f3n docente <strong>antes del comienzo de curso<\/strong>.<\/p>\n<p>Cuando se produzca alguna <strong>modificaci\u00f3n<\/strong> con respecto a la autorizaci\u00f3n del profesorado comunicada al centro, y alg\u00fan miembro del profesorado de \u00e1reas, materias o m\u00f3dulos profesionales no ling\u00fc\u00edsticos acredite el nivel B2, C1 o C2 del MCERL mediante alguna de las titulaciones reconocidas por la consejer\u00eda competente en materia de educaci\u00f3n, la direcci\u00f3n del centro enviar\u00e1 la documentaci\u00f3n acreditativa a su correspondiente delegaci\u00f3n territorial con competencias en educaci\u00f3n <strong>antes del 10 de septiembre de 2021<\/strong> y podr\u00e1, previa autorizaci\u00f3n de la misma, incluirlo como profesorado participante, y subir\u00e1 su titulaci\u00f3n al sistema de informaci\u00f3n S\u00e9neca en el periodo contemplado para ello. Los centros no podr\u00e1n incorporar profesorado que no haya sido previamente&nbsp; autorizado.<\/p>\n","protected":false},"excerpt":{"rendered":"<p>SOLICITUD DE ENSE\u00d1ANZA BILING\u00dcE El expediente de autorizaci\u00f3n como centro biling\u00fce se iniciar\u00e1, a instancia de la persona f\u00edsica o jur\u00eddica titular del centro docente, mediante solicitud dirigida a la persona titular de la&#46;&#46;&#46;<\/p>\n","protected":false},"author":6890,"featured_media":0,"parent":0,"menu_order":0,"comment_status":"closed","ping_status":"closed","template":"","meta":{"ngg_post_thumbnail":0,"footnotes":"","_mc_calendar":[]},"aioseo_notices":[],"_links":{"self":[{"href":"https:\/\/blogsaverroes.juntadeandalucia.es\/plurilinguismodelegacionjaen\/wp-json\/wp\/v2\/pages\/2679"}],"collection":[{"href":"https:\/\/blogsaverroes.juntadeandalucia.es\/plurilinguismodelegacionjaen\/wp-json\/wp\/v2\/pages"}],"about":[{"href":"https:\/\/blogsaverroes.juntadeandalucia.es\/plurilinguismodelegacionjaen\/wp-json\/wp\/v2\/types\/page"}],"author":[{"embeddable":true,"href":"https:\/\/blogsaverroes.juntadeandalucia.es\/plurilinguismodelegacionjaen\/wp-json\/wp\/v2\/users\/6890"}],"replies":[{"embeddable":true,"href":"https:\/\/blogsaverroes.juntadeandalucia.es\/plurilinguismodelegacionjaen\/wp-json\/wp\/v2\/comments?post=2679"}],"version-history":[{"count":15,"href":"https:\/\/blogsaverroes.juntadeandalucia.es\/plurilinguismodelegacionjaen\/wp-json\/wp\/v2\/pages\/2679\/revisions"}],"predecessor-version":[{"id":4298,"href":"https:\/\/blogsaverroes.juntadeandalucia.es\/plurilinguismodelegacionjaen\/wp-json\/wp\/v2\/pages\/2679\/revisions\/4298"}],"wp:attachment":[{"href":"https:\/\/blogsaverroes.juntadeandalucia.es\/plurilinguismodelegacionjaen\/wp-json\/wp\/v2\/media?parent=2679"}],"curies":[{"name":"wp","href":"https:\/\/api.w.org\/{rel}","templated":true}]}}