{"id":2725,"date":"2019-01-11T13:01:01","date_gmt":"2019-01-11T13:01:01","guid":{"rendered":"https:\/\/blogsaverroes.juntadeandalucia.es\/plurilinguismodelegacionjaen\/?page_id=2725"},"modified":"2026-02-20T12:01:32","modified_gmt":"2026-02-20T12:01:32","slug":"centros-educacion-infantil","status":"publish","type":"page","link":"https:\/\/blogsaverroes.juntadeandalucia.es\/plurilinguismodelegacionjaen\/centros-educacion-infantil\/","title":{"rendered":"Centros Educaci\u00f3n Infantil Biling\u00fces"},"content":{"rendered":"<table style=\"width: 743px\" border=\"1\" rules=\"NONE\" cellspacing=\"0\">\n<colgroup>\n<col width=\"77\">\n<col width=\"208\">\n<col width=\"178\"><\/colgroup>\n<tbody>\n<tr>\n<td style=\"background-color: #c4c4c4;width: 81px;height: 20px\" align=\"CENTER\" bgcolor=\"#00CC33\" height=\"20\"><b>C\u00d3DIGO<\/b><\/td>\n<td style=\"background-color: #c4c4c4;width: 196px;height: 20px\" align=\"CENTER\" bgcolor=\"#00CC33\"><b>DENOMINACI\u00d3N<\/b><\/td>\n<td style=\"background-color: #c4c4c4;width: 194.45px;height: 20px\" align=\"CENTER\" bgcolor=\"#00CC33\"><b>LOCALIDAD<\/b><\/td>\n<td style=\"background-color: #c4c4c4;width: 82.55px;height: 20px\" align=\"CENTER\" bgcolor=\"#00CC33\"><b>CURSO IMPLANTACI\u00d3N<br \/>\n<\/b><\/td>\n<td style=\"background-color: #c4c4c4;width: 81px;height: 20px\" align=\"CENTER\" bgcolor=\"#00CC33\"><b>IDIOMA<\/b><\/td>\n<\/tr>\n<tr>\n<td style=\"width: 81px\">23000088<\/td>\n<td style=\"width: 196px\">E.I. Mart\u00ednez Monta\u00f1\u00e9s<\/td>\n<td style=\"width: 194.45px\">Alcal\u00e1 la Real<\/td>\n<td style=\"width: 82.55px\">2023\/2024<\/td>\n<td style=\"width: 81px\">Ingl\u00e9s<\/td>\n<\/tr>\n<tr>\n<td style=\"width: 81px\" align=\"LEFT\" height=\"20\">23000891<\/td>\n<td style=\"width: 196px\" align=\"LEFT\">E.I.&nbsp; El Castillo<\/td>\n<td style=\"width: 194.45px\" align=\"LEFT\">Bail\u00e9n<\/td>\n<td style=\"width: 82.55px\" align=\"LEFT\">2005\/2006<\/td>\n<td style=\"width: 81px\" align=\"LEFT\">Ingl\u00e9s<\/td>\n<\/tr>\n<tr>\n<td style=\"width: 81px\" align=\"LEFT\" height=\"20\">23000611<\/td>\n<td style=\"width: 196px\" align=\"LEFT\">E.I. San Fernando<\/td>\n<td style=\"width: 194.45px\" align=\"LEFT\">Martos<\/td>\n<td style=\"width: 82.55px\" align=\"LEFT\">2005\/2006<\/td>\n<td style=\"width: 81px\" align=\"LEFT\">Ingl\u00e9s<\/td>\n<\/tr>\n<tr>\n<td style=\"width: 81px\" align=\"LEFT\" height=\"20\">23601141<\/td>\n<td style=\"width: 196px\" align=\"LEFT\">E.I. Alfonso Sancho<\/td>\n<td style=\"width: 194.45px\" align=\"LEFT\">Ja\u00e9n<\/td>\n<td style=\"width: 82.55px\" align=\"LEFT\">2007\/2008<\/td>\n<td style=\"width: 81px\" align=\"LEFT\"><strong>Franc\u00e9s<\/strong><\/td>\n<\/tr>\n<tr>\n<td style=\"width: 81px\">23005220<\/td>\n<td style=\"width: 196px\">E.I. Virgen de la Fuensanta<\/td>\n<td style=\"width: 194.45px\">Alcaudete<\/td>\n<td style=\"width: 82.55px\">2024\/2025<\/td>\n<td style=\"width: 81px\">Ingl\u00e9s<\/td>\n<\/tr>\n<tr>\n<td style=\"width: 81px\">23600973<\/td>\n<td style=\"width: 196px\">E.I Francisco Soriano Serrano<\/td>\n<td style=\"width: 194.45px\">J\u00f3dar<\/td>\n<td style=\"width: 82.55px\">2026\/2027<\/td>\n<td style=\"width: 81px\">Ingl\u00e9s<\/td>\n<\/tr>\n<\/tbody>\n<\/table>\n<p>TOTAL: 6<\/p>\n","protected":false},"excerpt":{"rendered":"<p>C\u00d3DIGO DENOMINACI\u00d3N LOCALIDAD CURSO IMPLANTACI\u00d3N IDIOMA 23000088 E.I. Mart\u00ednez Monta\u00f1\u00e9s Alcal\u00e1 la Real 2023\/2024 Ingl\u00e9s 23000891 E.I.&nbsp; El Castillo Bail\u00e9n 2005\/2006 Ingl\u00e9s 23000611 E.I. San Fernando Martos 2005\/2006 Ingl\u00e9s 23601141 E.I. Alfonso Sancho Ja\u00e9n&#46;&#46;&#46;<\/p>\n","protected":false},"author":6890,"featured_media":0,"parent":0,"menu_order":0,"comment_status":"closed","ping_status":"closed","template":"","meta":{"ngg_post_thumbnail":0,"footnotes":"","_mc_calendar":[]},"aioseo_notices":[],"_links":{"self":[{"href":"https:\/\/blogsaverroes.juntadeandalucia.es\/plurilinguismodelegacionjaen\/wp-json\/wp\/v2\/pages\/2725"}],"collection":[{"href":"https:\/\/blogsaverroes.juntadeandalucia.es\/plurilinguismodelegacionjaen\/wp-json\/wp\/v2\/pages"}],"about":[{"href":"https:\/\/blogsaverroes.juntadeandalucia.es\/plurilinguismodelegacionjaen\/wp-json\/wp\/v2\/types\/page"}],"author":[{"embeddable":true,"href":"https:\/\/blogsaverroes.juntadeandalucia.es\/plurilinguismodelegacionjaen\/wp-json\/wp\/v2\/users\/6890"}],"replies":[{"embeddable":true,"href":"https:\/\/blogsaverroes.juntadeandalucia.es\/plurilinguismodelegacionjaen\/wp-json\/wp\/v2\/comments?post=2725"}],"version-history":[{"count":15,"href":"https:\/\/blogsaverroes.juntadeandalucia.es\/plurilinguismodelegacionjaen\/wp-json\/wp\/v2\/pages\/2725\/revisions"}],"predecessor-version":[{"id":6417,"href":"https:\/\/blogsaverroes.juntadeandalucia.es\/plurilinguismodelegacionjaen\/wp-json\/wp\/v2\/pages\/2725\/revisions\/6417"}],"wp:attachment":[{"href":"https:\/\/blogsaverroes.juntadeandalucia.es\/plurilinguismodelegacionjaen\/wp-json\/wp\/v2\/media?parent=2725"}],"curies":[{"name":"wp","href":"https:\/\/api.w.org\/{rel}","templated":true}]}}