{"id":2728,"date":"2019-01-11T13:01:02","date_gmt":"2019-01-11T13:01:02","guid":{"rendered":"https:\/\/blogsaverroes.juntadeandalucia.es\/plurilinguismodelegacionjaen\/?page_id=2728"},"modified":"2023-06-26T08:01:28","modified_gmt":"2023-06-26T08:01:28","slug":"ciclos-formativos","status":"publish","type":"page","link":"https:\/\/blogsaverroes.juntadeandalucia.es\/plurilinguismodelegacionjaen\/ciclos-formativos\/","title":{"rendered":"Ciclos Formativos Biling\u00fces"},"content":{"rendered":"<table style=\"width: 94.986%\" border=\"1\" rules=\"NONE\" cellspacing=\"0\">\n<colgroup>\n<col width=\"77\">\n<col width=\"216\">\n<col width=\"178\">\n<col width=\"117\">\n<col width=\"122\"><\/colgroup>\n<tbody>\n<tr style=\"height: 20px\">\n<td style=\"width: 10.3634%;background-color: #c4c4c4;height: 20px\" align=\"CENTER\" bgcolor=\"#00CC33\"><b>C\u00d3DIGO<\/b><\/td>\n<td style=\"width: 18.708%;background-color: #c4c4c4;height: 20px\" align=\"CENTER\" bgcolor=\"#00CC33\"><b>DENOMINACI\u00d3N<\/b><\/td>\n<td style=\"width: 13.9973%;background-color: #c4c4c4;height: 20px\" align=\"CENTER\" bgcolor=\"#00CC33\"><b>LOCALIDAD<\/b><\/td>\n<td style=\"width: 35.8008%;background-color: #c4c4c4;height: 20px\" align=\"CENTER\" bgcolor=\"#00CC33\"><b>CICLO FORMATIVO<br \/>\n<\/b><\/td>\n<td style=\"width: 20.996%;background-color: #c4c4c4;height: 20px\" align=\"CENTER\" bgcolor=\"#00CC33\"><b>CICLO FORMATIVO<br \/>\n<\/b><\/td>\n<\/tr>\n<tr style=\"height: 73px\">\n<td style=\"width: 10.3634%;height: 73px\" align=\"LEFT\">23005694<\/td>\n<td style=\"width: 18.708%;height: 73px\" align=\"LEFT\">IES&nbsp; J\u00e1ndula<\/td>\n<td style=\"width: 13.9973%;height: 73px\" align=\"LEFT\">And\u00fajar<\/td>\n<td style=\"width: 35.8008%;height: 73px;vertical-align: top\" align=\"LEFT\" valign=\"BOTTOM\">CFGM Gu\u00eda en el Medio Natural y de Tiempo Libre. (Ingl\u00e9s)<\/p>\n<p>Curso implantaci\u00f3n: 2012\/2013<\/td>\n<td style=\"width: 20.996%;height: 73px\" align=\"LEFT\" valign=\"BOTTOM\">CFGS Desarrollo de Aplicaciones Multiplataforma (Ingl\u00e9s)<\/p>\n<p>Curso implantaci\u00f3n: 2012\/2013<\/td>\n<\/tr>\n<tr style=\"height: 53px\">\n<td style=\"width: 10.3634%;height: 53px\" align=\"LEFT\">23700271<\/td>\n<td style=\"width: 18.708%;height: 53px\" align=\"LEFT\">IES&nbsp; El Valle<\/td>\n<td style=\"width: 13.9973%;height: 53px\" align=\"LEFT\">Ja\u00e9n<\/td>\n<td style=\"width: 35.8008%;height: 53px\" align=\"LEFT\">CFGM Aceite de Oliva y Vinos (Ingl\u00e9s)<\/p>\n<p>Curso implantaci\u00f3n: 2015\/2016<\/td>\n<td style=\"width: 20.996%;height: 53px\" align=\"LEFT\">&nbsp;<\/td>\n<\/tr>\n<tr style=\"height: 46px\">\n<td style=\"width: 10.3634%;height: 46px\" align=\"LEFT\">23005906<\/td>\n<td style=\"width: 18.708%;height: 46px\" align=\"LEFT\">IES&nbsp; Fuente de la Pe\u00f1a<\/td>\n<td style=\"width: 13.9973%;height: 46px\" align=\"LEFT\">Ja\u00e9n<\/td>\n<td style=\"width: 35.8008%;height: 46px\" align=\"LEFT\">CFGS Transporte y Log\u00edstica (Ingl\u00e9s)<\/p>\n<p>Curso implantaci\u00f3n: 2018\/2019<\/td>\n<td style=\"width: 20.996%;height: 46px\" align=\"LEFT\">CFGS Marketing y Publicidad (Ingl\u00e9s)<\/p>\n<p>Curso de implantaci\u00f3n: 2019\/2020<\/td>\n<\/tr>\n<tr style=\"height: 72px\">\n<td style=\"width: 10.3634%;height: 72px\" align=\"LEFT\">23002449<\/td>\n<td style=\"width: 18.708%;height: 72px\" align=\"LEFT\">IES&nbsp; Las Fuentezuelas<\/td>\n<td style=\"width: 13.9973%;height: 72px\" align=\"LEFT\">Ja\u00e9n<\/td>\n<td style=\"width: 35.8008%;height: 72px;vertical-align: top\" align=\"LEFT\" valign=\"BOTTOM\">CFGS Ense\u00f1anza y Animaci\u00f3n Sociodeportiva (Ingl\u00e9s)<\/p>\n<p>Curso implantaci\u00f3n: 2015\/2016<\/td>\n<td style=\"width: 20.996%;height: 72px\" align=\"LEFT\" valign=\"BOTTOM\">CFGS Administraci\u00f3n de Sistemas Inform\u00e1ticos en Red (Ingl\u00e9s)<\/p>\n<p>Curso implantaci\u00f3n: 2015\/2016<\/td>\n<\/tr>\n<tr style=\"height: 41px\">\n<td style=\"width: 10.3634%;height: 41px\" align=\"LEFT\">23002401<\/td>\n<td style=\"width: 18.708%;height: 41px\" align=\"LEFT\">IES&nbsp; Virgen del Carmen<\/td>\n<td style=\"width: 13.9973%;height: 41px\" align=\"LEFT\">Ja\u00e9n<\/td>\n<td style=\"width: 35.8008%;height: 41px\" align=\"LEFT\" valign=\"BOTTOM\">CFGS Desarrollo de Aplicaciones Web (Ingl\u00e9s)<\/p>\n<p>Curso implantaci\u00f3n: 2018\/2019<\/td>\n<td style=\"width: 20.996%;height: 41px\" align=\"LEFT\">&nbsp;<\/td>\n<\/tr>\n<tr style=\"height: 57px\">\n<td style=\"width: 10.3634%;height: 57px\" align=\"LEFT\">23003119<\/td>\n<td style=\"width: 18.708%;height: 57px\" align=\"LEFT\">IES&nbsp; Fernando III<\/td>\n<td style=\"width: 13.9973%;height: 57px\" align=\"LEFT\">Martos<\/td>\n<td style=\"width: 35.8008%;height: 57px;vertical-align: top\" align=\"LEFT\">CFGS Dise\u00f1o en Fabricaci\u00f3n Mec\u00e1nica (Ingl\u00e9s)<\/p>\n<p>Curso implantaci\u00f3n: 2017\/2018.<\/p>\n<p>&nbsp;<\/p>\n<p>FPIGM Conformado por Moldeo de Metales y Pol\u00edmeros (Ingl\u00e9s)<\/p>\n<p>Curso implantaci\u00f3n: 2021\/2022<\/td>\n<td style=\"width: 20.996%;height: 57px\" align=\"LEFT\">CFGS Mantenimiento Electromec\u00e1nico (Ingl\u00e9s)<\/p>\n<p>Curso implantaci\u00f3n: 2015\/2016.<\/p>\n<p>&nbsp;<\/p>\n<p>FPIGS Programaci\u00f3n de la Producci\u00f3n por Moldeo de Metales y Pol\u00edmeros (Ingl\u00e9s).<\/p>\n<p>Curso implentaci\u00f3n 2021\/2022<\/td>\n<\/tr>\n<tr style=\"height: 43px\">\n<td style=\"width: 10.3634%;height: 43px\" align=\"LEFT\">23003132<\/td>\n<td style=\"width: 18.708%;height: 43px\" align=\"LEFT\">IES&nbsp; San Felipe Neri<\/td>\n<td style=\"width: 13.9973%;height: 43px\" align=\"LEFT\">Martos<\/td>\n<td style=\"width: 35.8008%;height: 43px\" align=\"LEFT\">CFGS Mecatr\u00f3nica Industrial (Ingl\u00e9s)<\/p>\n<p>Curso implantaci\u00f3n: 2017\/2018<\/td>\n<td style=\"width: 20.996%;height: 43px\" align=\"LEFT\">&nbsp;<\/td>\n<\/tr>\n<tr style=\"height: 49px\">\n<td style=\"width: 10.3634%;height: 49px\" align=\"LEFT\">23004264<\/td>\n<td style=\"width: 18.708%;height: 49px\" align=\"LEFT\">IES&nbsp; Los Cerros<\/td>\n<td style=\"width: 13.9973%;height: 49px\" align=\"LEFT\">\u00dabeda<\/td>\n<td style=\"width: 35.8008%;height: 49px\" align=\"LEFT\">CFGS Gesti\u00f3n de Alojamientos Tur\u00edsticos (Ingl\u00e9s)<\/p>\n<p>Curso implantaci\u00f3n: 2015\/2016<\/td>\n<td style=\"width: 20.996%;height: 49px\" align=\"LEFT\">CFGS Administraci\u00f3n de sistemas inform\u00e1ticos en red (Ingl\u00e9s)<\/td>\n<\/tr>\n<\/tbody>\n<\/table>\n<p>&nbsp;<\/p>\n","protected":false},"excerpt":{"rendered":"<p>C\u00d3DIGO DENOMINACI\u00d3N LOCALIDAD CICLO FORMATIVO CICLO FORMATIVO 23005694 IES&nbsp; J\u00e1ndula And\u00fajar CFGM Gu\u00eda en el Medio Natural y de Tiempo Libre. (Ingl\u00e9s) Curso implantaci\u00f3n: 2012\/2013 CFGS Desarrollo de Aplicaciones Multiplataforma (Ingl\u00e9s) Curso implantaci\u00f3n: 2012\/2013&#46;&#46;&#46;<\/p>\n","protected":false},"author":6890,"featured_media":0,"parent":0,"menu_order":0,"comment_status":"closed","ping_status":"closed","template":"","meta":{"ngg_post_thumbnail":0,"footnotes":"","_mc_calendar":[]},"aioseo_notices":[],"_links":{"self":[{"href":"https:\/\/blogsaverroes.juntadeandalucia.es\/plurilinguismodelegacionjaen\/wp-json\/wp\/v2\/pages\/2728"}],"collection":[{"href":"https:\/\/blogsaverroes.juntadeandalucia.es\/plurilinguismodelegacionjaen\/wp-json\/wp\/v2\/pages"}],"about":[{"href":"https:\/\/blogsaverroes.juntadeandalucia.es\/plurilinguismodelegacionjaen\/wp-json\/wp\/v2\/types\/page"}],"author":[{"embeddable":true,"href":"https:\/\/blogsaverroes.juntadeandalucia.es\/plurilinguismodelegacionjaen\/wp-json\/wp\/v2\/users\/6890"}],"replies":[{"embeddable":true,"href":"https:\/\/blogsaverroes.juntadeandalucia.es\/plurilinguismodelegacionjaen\/wp-json\/wp\/v2\/comments?post=2728"}],"version-history":[{"count":16,"href":"https:\/\/blogsaverroes.juntadeandalucia.es\/plurilinguismodelegacionjaen\/wp-json\/wp\/v2\/pages\/2728\/revisions"}],"predecessor-version":[{"id":2753,"href":"https:\/\/blogsaverroes.juntadeandalucia.es\/plurilinguismodelegacionjaen\/wp-json\/wp\/v2\/pages\/2728\/revisions\/2753"}],"wp:attachment":[{"href":"https:\/\/blogsaverroes.juntadeandalucia.es\/plurilinguismodelegacionjaen\/wp-json\/wp\/v2\/media?parent=2728"}],"curies":[{"name":"wp","href":"https:\/\/api.w.org\/{rel}","templated":true}]}}