{"id":2882,"date":"2019-01-25T13:14:54","date_gmt":"2019-01-25T13:14:54","guid":{"rendered":"https:\/\/blogsaverroes.juntadeandalucia.es\/plurilinguismodelegacionjaen\/?page_id=2882"},"modified":"2021-04-23T10:03:12","modified_gmt":"2021-04-23T10:03:12","slug":"erasmus","status":"publish","type":"page","link":"https:\/\/blogsaverroes.juntadeandalucia.es\/plurilinguismodelegacionjaen\/erasmus\/","title":{"rendered":"Erasmus+"},"content":{"rendered":"<p><a href=\"http:\/\/sepie.es\/\" target=\"_blank\" rel=\"noopener noreferrer\"><img loading=\"lazy\" decoding=\"async\" class=\"alignnone size-full wp-image-2884\" src=\"https:\/\/blogsaverroes.juntadeandalucia.es\/plurilinguismodelegacionjaen\/files\/2019\/01\/sepie.png\" alt=\"\" width=\"244\" height=\"121\" srcset=\"https:\/\/blogsaverroes.juntadeandalucia.es\/plurilinguismodelegacionjaen\/files\/2019\/01\/sepie.png 244w, https:\/\/blogsaverroes.juntadeandalucia.es\/plurilinguismodelegacionjaen\/files\/2019\/01\/sepie-24x12.png 24w, https:\/\/blogsaverroes.juntadeandalucia.es\/plurilinguismodelegacionjaen\/files\/2019\/01\/sepie-36x18.png 36w, https:\/\/blogsaverroes.juntadeandalucia.es\/plurilinguismodelegacionjaen\/files\/2019\/01\/sepie-48x24.png 48w\" sizes=\"(max-width: 244px) 100vw, 244px\" \/><\/a><\/p>\n<p><strong>\u00bfQU\u00c9 HAY QUE HACER PARA PRESENTAR UNA SOLICITUD ERASMUS+?<\/strong><\/p>\n<p>Para presentar un proyecto Erasmus+, el solicitante ha de seguir los cuatro pasos que se indican a continuaci\u00f3n:<\/p>\n<ul style=\"list-style-type: circle\">\n<li>Cada una de las organizaciones incluidas en la solicitud deben registrarse en el Portal del participante y recibir un c\u00f3digo de identificaci\u00f3n de participante (PIC). Las organizaciones o grupos que ya disponen de un PIC porque hayan participado en otros programas de la UE no necesitan volver a registrarse. El PIC obtenido en ese primer registro es v\u00e1lido tambi\u00e9n para solicitar subvenciones Erasmus+.<\/li>\n<li>Comprobar que cumple los criterios del programa para la acci\u00f3n o el \u00e1mbito pertinente.<\/li>\n<li>Comprobar las condiciones financieras.<\/li>\n<li>Rellenar y enviar el formulario de solicitud.<\/li>\n<\/ul>\n<p><strong>PASO 1: REGISTRARSE EN EL PORTAL DEL PARTICIPANTE<\/strong><br \/>\nTodas las organizaciones que intervengan en la solicitud deben registrarse y facilitar sus datos jur\u00eddicos y financieros b\u00e1sicos en el del Portal del participante en el \u00e1mbito educativo, audiovisual, cultural, de la ciudadan\u00eda y el voluntariado, si a\u00fan no lo han hecho.<br \/>\nPara registrarse en el Portal del participante, el representante de la organizaci\u00f3n (o del grupo informal de j\u00f3venes) debe seguir los pasos siguientes:<\/p>\n<ul style=\"list-style-type: circle\">\n<li><strong>Crear una cuenta EU Login<\/strong> (salvo que la persona que represente a la organizaci\u00f3n o el grupo tenga ya una cuenta). Las cuentas nuevas EU Login pueden crearse en el sitio web: <a href=\"https:\/\/webgate.ec.europa.eu\/cas\/eim\/external\/register.cgi\" target=\"_blank\" rel=\"noopener noreferrer\">https:\/\/webgate.ec.europa.eu\/cas\/eim\/external\/register.cgi<\/a>.<\/li>\n<li><strong>Acceder al Portal del participante<\/strong> en <a href=\"http:\/\/ec.europa.eu\/education\/participants\/portal\/desktop\/en\/organisations\/register.html\" target=\"_blank\" rel=\"noopener noreferrer\">http:\/\/ec.europa.eu\/education\/participants\/portal\/desktop\/en\/organisations\/register.html<\/a> y registrarse en nombre de la organizaci\u00f3n o grupo. En el Portal del participante podr\u00e1 encontrar ayuda y preguntas frecuentes.<\/li>\n<\/ul>\n<p>La organizaci\u00f3n o grupo ha de registrarse solo una vez en el Portal del participante. Una vez finalizado el registro, <strong>la organizaci\u00f3n o grupo obtendr\u00e1 un C\u00f3digo de identificaci\u00f3n del participante (PIC)<\/strong>. El PIC, que es un identificador \u00fanico necesario para la presentaci\u00f3n de solicitudes, permite a la organizaci\u00f3n o grupo cumplimentar los formularios de solicitud electr\u00f3nica de Erasmus+ de una manera m\u00e1s sencilla (es decir, al introducir el n\u00famero PIC en el formulario, toda la informaci\u00f3n facilitada por la organizaci\u00f3n o grupo en la fase de registro aparecer\u00e1 autom\u00e1ticamente en el formulario).<\/p>\n<p><strong>PRUEBA DE ESTATUTO JUR\u00cdDICO Y CAPACIDAD FINANCIERA<\/strong><br \/>\n<strong>En la convocatoria de 2019, con car\u00e1cter excepcional<\/strong>, el certificado de representante jur\u00eddico no se exigir\u00e1 a los centros educativos p\u00fablicos no universitarios de las Comunidades Aut\u00f3nomas de Pa\u00eds Vasco, Andaluc\u00eda y Canarias en el que el CIF es com\u00fan para todos ellos. En este caso, <strong>se admitir\u00e1 la firma con certificado digital de persona f\u00edsica del representante legal<\/strong>, adjuntando, adem\u00e1s, el <strong>nombramiento de dicho representante legal<\/strong> por la administraci\u00f3n educativa competente<\/p>\n<p>Al realizar el registro, las organizaciones tambi\u00e9n han de adjuntar los siguientes documentos al Portal del participante:<\/p>\n<ul style=\"list-style-type: circle\">\n<li><strong>Formulario de entidad legal<\/strong> (que se puede descargar del sitio web de la Comisi\u00f3n Europea en: <a href=\"http:\/\/ec.europa.eu\/budget\/contracts_grants\/info_contracts\/legal_entities\/legal_entities_en.cfm\" target=\"_blank\" rel=\"noopener noreferrer\">http:\/\/ec.europa.eu\/budget\/contracts_grants\/info_contracts\/legal_entities\/legal_entities_en.cfm<\/a><\/li>\n<li><strong>Ficha de identificaci\u00f3n financiera<\/strong>. Se ha de rellenar el formulario relativo al pa\u00eds en el que est\u00e1 ubicado el banco, aunque la organizaci\u00f3n solicitante est\u00e9 registrada oficialmente en otro pa\u00eds (se puede descargar en: <a href=\"http:\/\/ec.europa.eu\/budget\/contracts_grants\/info_contracts\/financial_id\/financial_id_en.cfm\" target=\"_blank\" rel=\"noopener noreferrer\">http:\/\/ec.europa.eu\/budget\/contracts_grants\/info_contracts\/financial_id\/financial_id_en.cfm<\/a>)<br \/>\nPara las subvenciones superiores a 60.000 EUR, es posible que los solicitantes tengan que adjuntar documentos concretos que demuestren su capacidad financiera. Para m\u00e1s detalles, v\u00e9ase la secci\u00f3n \u00abCriterios de selecci\u00f3n\u00bb.<\/li>\n<\/ul>\n<p><strong>Solo se proporcionar\u00e1 la Ficha de identificaci\u00f3n financiera de la organizaci\u00f3n solicitante, pues las de las organizaciones asociadas no son necesarias<\/strong>.<\/p>\n<p><strong>PASO 2: COMPROBAR QUE SE CUMPLAN LOS CRITERIOS DEL PROGRAMA<\/strong>. (Mirar <a href=\"http:\/\/sepie.es\/doc\/convocatoria\/2020\/erasmus-plus-programme-guide-2020_es.pdf\" target=\"_blank\" rel=\"noopener noreferrer\">gu\u00eda<\/a>)<\/p>\n<p><strong>PASO 3: COMPROBAR LAS CONDICIONES FINANCIERAS<\/strong> (Mirar <a href=\"http:\/\/sepie.es\/doc\/convocatoria\/2020\/erasmus-plus-programme-guide-2020_es.pdf\" target=\"_blank\" rel=\"noopener noreferrer\">gu\u00eda<\/a>)<\/p>\n<p><strong>PASO 4: CUMPLIMENTAR Y ENVIAR EL FORMULARIO DE SOLICITUD<\/strong><br \/>\nPara solicitar una subvenci\u00f3n UE en el marco del programa Erasmus+, los solicitantes deber\u00e1n utilizar los formularios espec\u00edficos de cada acci\u00f3n disponibles en las p\u00e1ginas web de la Comisi\u00f3n Europea, las agencias nacionales o la Agencia Ejecutiva (v\u00e9anse los detalles de contacto en el anexo IV de la <a href=\"http:\/\/sepie.es\/doc\/convocatoria\/2020\/erasmus-plus-programme-guide-2020_es.pdf\" target=\"_blank\" rel=\"noopener noreferrer\">gu\u00eda<\/a>).<br \/>\nCuando se trate de proyectos presentados en nombre de un consorcio, la organizaci\u00f3n o grupo coordinador presentar\u00e1 a la Agencia Nacional apropiada o a la Agencia Ejecutiva una solicitud \u00fanica para todo el proyecto en nombre de todas las organizaciones participantes. La solicitud se presentar\u00e1 a la Agencia apropiada, Nacional o Ejecutiva (v\u00e9anse las secciones \u201c\u00bfD\u00f3nde se ha de presentar la solicitud?\u201d de cada acci\u00f3n, en la parte B de la <a href=\"http:\/\/sepie.es\/doc\/convocatoria\/2020\/erasmus-plus-programme-guide-2020_es.pdf\" target=\"_blank\" rel=\"noopener noreferrer\">gu\u00eda<\/a>).<\/p>\n<p><strong>PROCEDIMIENTO DE SOLICITUD <\/strong><br \/>\n<strong>FORMULARIOS ELECTR\u00d3NICOS EN L\u00cdNEA<\/strong><br \/>\nEn la mayor\u00eda de las acciones del programa se exige que los solicitantes presenten la solicitud en l\u00ednea a la Agencia apropiada, Nacional o Ejecutiva, utilizando el formulario electr\u00f3nico correcto y adjuntando todos los anexos requeridos. No se aceptar\u00e1n las solicitudes enviadas por correo, mensajer\u00eda privada, fax o correo electr\u00f3nico.<br \/>\nEl formulario electr\u00f3nico deber\u00e1 cumplimentarse en una de las lenguas oficiales utilizadas en los pa\u00edses del programa. Si la gesti\u00f3n de una acci\u00f3n est\u00e1 centralizada por la Agencia Ejecutiva, los solicitantes deber\u00e1n rellenar el formulario en una de las lenguas oficiales de la UE.<br \/>\n<strong>FORMULARIOS DE SOLICITUD EN PAPEL<\/strong><br \/>\nEs posible que no existan formularios electr\u00f3nicos para algunas de las acciones centralizadas del programa. En el caso de estas acciones, las solicitudes deber\u00e1n enviarse por correo (dar\u00e1 fe la fecha del matasellos) o por mensajer\u00eda privada (fecha de recepci\u00f3n por el servicio de mensajer\u00eda) a la Agencia Ejecutiva (v\u00e9anse los detalles de contacto en el anexo IV la <a href=\"http:\/\/sepie.es\/doc\/convocatoria\/2020\/erasmus-plus-programme-guide-2020_es.pdf\" target=\"_blank\" rel=\"noopener noreferrer\">gu\u00eda<\/a>). No se aceptar\u00e1n las solicitudes enviadas por fax o por correo electr\u00f3nico.<\/p>\n","protected":false},"excerpt":{"rendered":"<p>\u00bfQU\u00c9 HAY QUE HACER PARA PRESENTAR UNA SOLICITUD ERASMUS+? Para presentar un proyecto Erasmus+, el solicitante ha de seguir los cuatro pasos que se indican a continuaci\u00f3n: Cada una de las organizaciones incluidas en&#46;&#46;&#46;<\/p>\n","protected":false},"author":6890,"featured_media":0,"parent":0,"menu_order":0,"comment_status":"closed","ping_status":"closed","template":"","meta":{"ngg_post_thumbnail":0,"footnotes":"","_mc_calendar":[]},"aioseo_notices":[],"_links":{"self":[{"href":"https:\/\/blogsaverroes.juntadeandalucia.es\/plurilinguismodelegacionjaen\/wp-json\/wp\/v2\/pages\/2882"}],"collection":[{"href":"https:\/\/blogsaverroes.juntadeandalucia.es\/plurilinguismodelegacionjaen\/wp-json\/wp\/v2\/pages"}],"about":[{"href":"https:\/\/blogsaverroes.juntadeandalucia.es\/plurilinguismodelegacionjaen\/wp-json\/wp\/v2\/types\/page"}],"author":[{"embeddable":true,"href":"https:\/\/blogsaverroes.juntadeandalucia.es\/plurilinguismodelegacionjaen\/wp-json\/wp\/v2\/users\/6890"}],"replies":[{"embeddable":true,"href":"https:\/\/blogsaverroes.juntadeandalucia.es\/plurilinguismodelegacionjaen\/wp-json\/wp\/v2\/comments?post=2882"}],"version-history":[{"count":12,"href":"https:\/\/blogsaverroes.juntadeandalucia.es\/plurilinguismodelegacionjaen\/wp-json\/wp\/v2\/pages\/2882\/revisions"}],"predecessor-version":[{"id":4181,"href":"https:\/\/blogsaverroes.juntadeandalucia.es\/plurilinguismodelegacionjaen\/wp-json\/wp\/v2\/pages\/2882\/revisions\/4181"}],"wp:attachment":[{"href":"https:\/\/blogsaverroes.juntadeandalucia.es\/plurilinguismodelegacionjaen\/wp-json\/wp\/v2\/media?parent=2882"}],"curies":[{"name":"wp","href":"https:\/\/api.w.org\/{rel}","templated":true}]}}