{"id":3127,"date":"2019-04-01T06:53:17","date_gmt":"2019-04-01T06:53:17","guid":{"rendered":"https:\/\/blogsaverroes.juntadeandalucia.es\/plurilinguismodelegacionjaen\/?page_id=3127"},"modified":"2019-12-11T08:16:12","modified_gmt":"2019-12-11T08:16:12","slug":"curso-20192020","status":"publish","type":"page","link":"https:\/\/blogsaverroes.juntadeandalucia.es\/plurilinguismodelegacionjaen\/curso-20192020\/","title":{"rendered":"Curso 2019\/2020"},"content":{"rendered":"<p><strong>ENSE\u00d1ANZA BILING\u00dcE<\/strong><\/p>\n<ul>\n<li><a href=\"https:\/\/blogsaverroes.juntadeandalucia.es\/plurilinguismodelegacionjaen\/files\/2019\/04\/Instrucciones-15-de-mayo-de-2019-Ense\u00f1anza-biling\u00fce.pdf\" target=\"_blank\" rel=\"noopener noreferrer\">Instrucciones de 15 de mayo de 2019<\/a>, de la Direcci\u00f3n General de Ordenaci\u00f3n y Evaluaci\u00f3n Educativa, sobre la organizaci\u00f3n y funcionamiento de la ense\u00f1anza biling\u00fce para el curso 2019\/2020.<\/li>\n<\/ul>\n<p><strong>AUXILIARES DE CONVERSACI\u00d3N<\/strong><\/p>\n<ul>\n<li><a href=\"https:\/\/blogsaverroes.juntadeandalucia.es\/plurilinguismodelegacionjaen\/files\/2019\/07\/Instrucciones-28-de-junio-de-2019-Auxiliares-de-conversaci\u00f3n.pdf\" target=\"_blank\" rel=\"noopener noreferrer\">Instrucci\u00f3n 14\/2019, de 28 de junio de 2019<\/a>, de la Direcci\u00f3n General de Ordenaci\u00f3n y Evaluaci\u00f3n Educativa, sobre auxiliares de conversaci\u00f3n para el curso escolar 2019\/2020.<\/li>\n<\/ul>\n<p><strong>PROGRAMA PALE<\/strong><\/p>\n<ul>\n<li><a href=\"http:\/\/www.juntadeandalucia.es\/educacion\/portals\/web\/ced\/normativa\/-\/normativas\/detalle\/instrucciones-de-17-de-octubre-de-2019-de-la-direccion-general-de-atencion-a-la-diversidad-participacion-y-convivencia-1xx9wgzaonjwg\" target=\"_blank\" rel=\"noopener noreferrer\">Instrucciones de 17 de octubre de 2019<\/a>, de la Direcci\u00f3n General de Atenci\u00f3n a la Diversidad, Participaci\u00f3n y Convivencia Escolar sobre el desarrollo del programa de acompa\u00f1amiento escolar en lengua extranjera (PALE) destinado a centros docentes p\u00fablicos de educaci\u00f3n primaria para el curso 2019\/2020.<\/li>\n<li><a href=\"https:\/\/blogsaverroes.juntadeandalucia.es\/plurilinguismodelegacionjaen\/files\/2019\/12\/Resoluci\u00f3n_PALE_Ja\u00e9n_2019F.pdf\" target=\"_blank\" rel=\"noopener noreferrer\">Resoluci\u00f3n de 27 de noviembre de 2019<\/a>, de la direcci\u00f3n general de atenci\u00f3n a la Diversidad, Participaci\u00f3n y Convivencia Escolar, por la que se aprueba la relaci\u00f3n de centros participantes en el programa de acompa\u00f1amiento escolar en lengua extranjera (PALE) durante el curso 2019\/2020.<\/li>\n<\/ul>\n<p><strong>AULAS CONFUCIO<\/strong><\/p>\n<ul>\n<li><a href=\"https:\/\/blogsaverroes.juntadeandalucia.es\/plurilinguismodelegacionjaen\/files\/2019\/04\/Instrucci%C3%B3n-5-2019-de-24-de-mayo-para-el-desarrollo-del-Programa-de-Aulas-Confucio.pdf\" target=\"_blank\" rel=\"noopener noreferrer\">Instrucci\u00f3n 5\/2019, de 24 de mayo<\/a>, de la Direcci\u00f3n General de Ordenaci\u00f3n y Evaluaci\u00f3n Educativa, para el desarrollo del programa de aulas confucio de ense\u00f1anza de la lengua, el arte y la cultura chinas en centros docentes p\u00fablicos andaluces de educaci\u00f3n primaria y secundaria para el curso 2019\/2020.<\/li>\n<\/ul>\n<p><strong>BACHIBAC<\/strong><\/p>\n<ul>\n<li><a href=\"https:\/\/www.boe.es\/boe\/dias\/2019\/08\/05\/pdfs\/BOE-A-2019-11483.pdf\" target=\"_blank\" rel=\"noopener noreferrer\">Resoluci\u00f3n de 24 de julio de 2019<\/a>, de la Secretar\u00eda de Estado de Educaci\u00f3n y Formaci\u00f3n Profesional, por la que se dictan instrucciones relativas al programa de doble titulaci\u00f3n Bachiller-Baccalaur\u00e9at correspondientes al curso 2019-2020.<\/li>\n<li><a href=\"http:\/\/www.juntadeandalucia.es\/educacion\/portals\/delegate\/content\/ee393ca7-5e9a-4a33-9651-947b897aa681\/Resoluci%C3%B3n%20Bachibac%20Andalucia_curso%2019_20\" target=\"_blank\" rel=\"noopener noreferrer\">Resoluci\u00f3n de 11 de octubre de 2019<\/a>, de la Direcci\u00f3n General de Ordenaci\u00f3n y Evaluaci\u00f3n Educativa, por la que se concretan aspectos relativos a la prueba externa&nbsp;&nbsp;&nbsp;&nbsp; del&nbsp;&nbsp;&nbsp;&nbsp; programa&nbsp;&nbsp;&nbsp;&nbsp; de&nbsp;&nbsp;&nbsp;&nbsp; doble&nbsp;&nbsp;&nbsp;&nbsp; titulaci\u00f3n&nbsp;&nbsp;&nbsp;&nbsp; bachiller-baccalaur\u00e9at correspondiente al curso 2019\/2020 en la comunidad aut\u00f3noma de Andaluc\u00eda<\/li>\n<\/ul>\n<p><strong>CONVOCATORIA PICASSOMOB<\/strong><\/p>\n<ul>\n<li><a href=\"https:\/\/blogsaverroes.juntadeandalucia.es\/plurilinguismodelegacionjaen\/files\/2019\/04\/Convocatoria-PICASSOMOB-19_20.pdf\" target=\"_blank\" rel=\"noopener noreferrer\">Programa de movilidad para alumnado<\/a> con reprocidad curso 2019\/2020.<\/li>\n<\/ul>\n<p><strong>INTERCAMBIOS ESCOLARES<\/strong><\/p>\n<ul>\n<li><a href=\"http:\/\/www.juntadeandalucia.es\/educacion\/portals\/abaco-portlet\/content\/1962391d-0f71-413d-90ab-a81ef2f529b5\" target=\"_blank\" rel=\"noopener noreferrer\">Resoluci\u00f3n de la Direcci\u00f3n General de Ordenaci\u00f3n y Evaluaci\u00f3n Educativa de 27 de mayo de 2019 <\/a>por la que se convoca el programa de intercambios escolares de los institutos de ense\u00f1anza secundaria dependientes de la Junta de Andaluc\u00eda con centros educativos de pa\u00edses de habla alemana, china(mandar\u00edn), francesa, inglesa y portuguesa para el curso 2019\/2020.<\/li>\n<li><a href=\"https:\/\/blogsaverroes.juntadeandalucia.es\/plurilinguismodelegacionjaen\/files\/2019\/08\/Resoluci\u00f3n-intercambios-escolares-2019.pdf\" target=\"_blank\" rel=\"noopener noreferrer\">Resoluci\u00f3n de la Direcci\u00f3n General de Ordenaci\u00f3n y Evaluaci\u00f3n Educativa de 24 de julio de 2019<\/a>, por la que se concede el Programa de Intercambios Escolares de los Institutos deEnse\u00f1anza Secundaria dependientes de la Junta de Andaluc\u00eda con centros educativos de pa\u00edses de hablainglesa, francesa, portuguesa, china Imandar\u00ednl y alemana para el curso 2019\/20.<\/li>\n<\/ul>\n<p><strong>ESTANCIAS DE INMERSI\u00d3N LING\u00dc\u00cdSTICA PARA PROFESORADO<\/strong><\/p>\n<ul>\n<li><a href=\"https:\/\/juntadeandalucia.es\/eboja\/2019\/104\/BOJA19-104-00006-8067-01_00156413.pdf\" target=\"_blank\" rel=\"noopener noreferrer\">Resoluci\u00f3n de 24 de mayo de 2019<\/a>, de la Direcci\u00f3n General de Ordenaci\u00f3n y Evaluaci\u00f3n Educativa, por la que se convocan plazas para realizar estancias de inmersi\u00f3n ling\u00fc\u00edstica para el profesorado con destino en los Centros P\u00fablicos Biling\u00fces dependientes de la Consejer\u00eda de Educaci\u00f3n y Deporte de la Comunidad Aut\u00f3noma de Andaluc\u00eda para el a\u00f1o 2019.<\/li>\n<li><a href=\"https:\/\/blogsaverroes.juntadeandalucia.es\/plurilinguismodelegacionjaen\/files\/2019\/08\/Anexo-Admitidos-inmersi\u00f3n-ling\u00fc\u00edstica.pdf\">Anexo &#8211; Admitidos inmersi\u00f3n ling\u00fc\u00edstica (provisional)<\/a><\/li>\n<li><a href=\"https:\/\/blogsaverroes.juntadeandalucia.es\/plurilinguismodelegacionjaen\/files\/2019\/08\/Anexo-Excluidos-inmersi\u00f3n-ling\u00fc\u00edstica.pdf\">Anexo &#8211; Excluidos inmersi\u00f3n ling\u00fc\u00edstica(provisional)<\/a><\/li>\n<\/ul>\n<p><strong>ESTANCIAS PROFESIONALES COMO CENTRO DE ACOGIDA<\/strong><\/p>\n<ul>\n<li><a href=\"https:\/\/www.boe.es\/boe\/dias\/2019\/05\/20\/pdfs\/BOE-A-2019-7514.pdf\" target=\"_blank\" rel=\"noopener noreferrer\">Resoluci\u00f3n de 25 de abril de 2019<\/a>, de la Secretar\u00eda de Estado de Educaci\u00f3n y Formaci\u00f3n Profesional, por la que se convocan plazas para centros educativos de Educaci\u00f3n Infantil y Primaria, Ense\u00f1anza Secundaria, Formaci\u00f3n Profesional o de Ense\u00f1anzas de R\u00e9gimen Especial que deseen acoger a un docente extranjero para el curso 2019\/2020.<\/li>\n<\/ul>\n<p><strong>ESTANCIAS EN EL EXTRANJERO FP INICIAL Y ARTES PL\u00c1STICAS Y DISE\u00d1O<\/strong><\/p>\n<ul>\n<li><a href=\"https:\/\/juntadeandalucia.es\/eboja\/2019\/62\/BOJA19-062-00002-4548-01_00152921.pdf\" target=\"_blank\" rel=\"noopener noreferrer\"> Resoluci\u00f3n de 25 de marzo de 2019<\/a>, conjunta de la Direcci\u00f3n General de Formaci\u00f3n Profesional y de la Direcci\u00f3n General de Ordenaci\u00f3n y Evaluaci\u00f3n Educativa, por la que se efect\u00faa la convocatoria de estancias en otros pa\u00edses de la Uni\u00f3n Europea para el alumnado que cursa ense\u00f1anzas de formaci\u00f3n profesional inicial y de artes pl\u00e1sticas y dise\u00f1o en centros docentes de la Comunidad Aut\u00f3noma de Andaluc\u00eda, al amparo del programa \u00abFormaci\u00f3n en Empresas Europeas\u00bb para el curso escolar 2019\/20.<\/li>\n<\/ul>\n","protected":false},"excerpt":{"rendered":"<p>ENSE\u00d1ANZA BILING\u00dcE Instrucciones de 15 de mayo de 2019, de la Direcci\u00f3n General de Ordenaci\u00f3n y Evaluaci\u00f3n Educativa, sobre la organizaci\u00f3n y funcionamiento de la ense\u00f1anza biling\u00fce para el curso 2019\/2020. AUXILIARES DE CONVERSACI\u00d3N&#46;&#46;&#46;<\/p>\n","protected":false},"author":6890,"featured_media":0,"parent":0,"menu_order":0,"comment_status":"closed","ping_status":"closed","template":"","meta":{"ngg_post_thumbnail":0,"footnotes":"","_mc_calendar":[]},"aioseo_notices":[],"_links":{"self":[{"href":"https:\/\/blogsaverroes.juntadeandalucia.es\/plurilinguismodelegacionjaen\/wp-json\/wp\/v2\/pages\/3127"}],"collection":[{"href":"https:\/\/blogsaverroes.juntadeandalucia.es\/plurilinguismodelegacionjaen\/wp-json\/wp\/v2\/pages"}],"about":[{"href":"https:\/\/blogsaverroes.juntadeandalucia.es\/plurilinguismodelegacionjaen\/wp-json\/wp\/v2\/types\/page"}],"author":[{"embeddable":true,"href":"https:\/\/blogsaverroes.juntadeandalucia.es\/plurilinguismodelegacionjaen\/wp-json\/wp\/v2\/users\/6890"}],"replies":[{"embeddable":true,"href":"https:\/\/blogsaverroes.juntadeandalucia.es\/plurilinguismodelegacionjaen\/wp-json\/wp\/v2\/comments?post=3127"}],"version-history":[{"count":15,"href":"https:\/\/blogsaverroes.juntadeandalucia.es\/plurilinguismodelegacionjaen\/wp-json\/wp\/v2\/pages\/3127\/revisions"}],"predecessor-version":[{"id":3636,"href":"https:\/\/blogsaverroes.juntadeandalucia.es\/plurilinguismodelegacionjaen\/wp-json\/wp\/v2\/pages\/3127\/revisions\/3636"}],"wp:attachment":[{"href":"https:\/\/blogsaverroes.juntadeandalucia.es\/plurilinguismodelegacionjaen\/wp-json\/wp\/v2\/media?parent=3127"}],"curies":[{"name":"wp","href":"https:\/\/api.w.org\/{rel}","templated":true}]}}