{"id":3145,"date":"2019-04-09T07:48:22","date_gmt":"2019-04-09T07:48:22","guid":{"rendered":"https:\/\/blogsaverroes.juntadeandalucia.es\/plurilinguismodelegacionjaen\/?page_id=3145"},"modified":"2019-04-29T08:29:45","modified_gmt":"2019-04-29T08:29:45","slug":"cursos-de-verano","status":"publish","type":"page","link":"https:\/\/blogsaverroes.juntadeandalucia.es\/plurilinguismodelegacionjaen\/cursos-de-verano\/","title":{"rendered":"Cursos de verano"},"content":{"rendered":"<p><strong>CURSO 2018\/2019<\/strong><\/p>\n<p>Para obtener m\u00e1s detalles de los cursos, pulsa sobre el enlace.<\/p>\n<table>\n<tbody>\n<tr>\n<td><strong>ACTIVIDAD FORMATIVA<\/strong><\/td>\n<td><strong>LUGAR<\/strong><\/td>\n<td><strong>FECHA INSCRIPCI\u00d3N<\/strong><\/td>\n<\/tr>\n<tr>\n<td><a href=\"http:\/\/www.educacionyfp.gob.es\/servicios-al-ciudadano-mecd\/catalogo\/educacion\/estudiantes\/becas-ayudas\/para-estudiar\/idiomas\/inmersion-ingles-master-profesorado-maestros.html\" target=\"_blank\" rel=\"noopener\">Cursos de inmersi\u00f3n en lengua inglesa para titulados en m\u00e1ster en profesorado y maestros<\/a><\/td>\n<td>Santander,<br \/>\n&nbsp;La Coru\u00f1a,<br \/>\nCuenca,<br \/>\nValencia,<br \/>\nSevilla<br \/>\nPirineos (Huesca).<\/td>\n<td>15\/03\/2019 hasta el 03\/04\/2019<\/td>\n<\/tr>\n<tr>\n<td><a href=\"http:\/\/www.educacionyfp.gob.es\/servicios-al-ciudadano-mecd\/catalogo\/educacion\/estudiantes\/becas-ayudas\/para-estudiar\/idiomas\/inmersion-ingles-uimp.html\" target=\"_blank\" rel=\"noopener\">Cursos de inmersi\u00f3n en lengua inglesa organizados por la UIMP<\/a><\/td>\n<td>Santander,<br \/>\nMadrid,<br \/>\nLa Coru\u00f1a,<br \/>\nCuenca,<br \/>\nValencia,<br \/>\nSevilla,<br \/>\nGranada,<br \/>\nTenerife,<br \/>\nLa L\u00ednea de la Concepci\u00f3n,<br \/>\nBarcelona,<br \/>\nPirineos (Huesca)<br \/>\nCartagena.<\/td>\n<td>15\/03\/2019 hasta el 03\/04\/2019<\/td>\n<\/tr>\n<tr>\n<td><a href=\"http:\/\/www.educacionyfp.gob.es\/servicios-al-ciudadano-mecd\/catalogo\/educacion\/profesorado\/profesorado-no-universitario\/becas-ayudas\/formacion\/cursos-verano-profesorado.html\" target=\"_blank\" rel=\"noopener\">Proyectos colaborativos en contextos pluriling\u00fces<\/a><\/td>\n<td>Huesca<\/td>\n<td>09\/04\/2019 hasta el 09\/05\/2019<\/td>\n<\/tr>\n<\/tbody>\n<\/table>\n<p>&nbsp;<\/p>\n","protected":false},"excerpt":{"rendered":"<p>CURSO 2018\/2019 Para obtener m\u00e1s detalles de los cursos, pulsa sobre el enlace. ACTIVIDAD FORMATIVA LUGAR FECHA INSCRIPCI\u00d3N Cursos de inmersi\u00f3n en lengua inglesa para titulados en m\u00e1ster en profesorado y maestros Santander, &nbsp;La&#46;&#46;&#46;<\/p>\n","protected":false},"author":6890,"featured_media":0,"parent":0,"menu_order":0,"comment_status":"closed","ping_status":"closed","template":"","meta":{"ngg_post_thumbnail":0,"footnotes":"","_mc_calendar":[]},"aioseo_notices":[],"_links":{"self":[{"href":"https:\/\/blogsaverroes.juntadeandalucia.es\/plurilinguismodelegacionjaen\/wp-json\/wp\/v2\/pages\/3145"}],"collection":[{"href":"https:\/\/blogsaverroes.juntadeandalucia.es\/plurilinguismodelegacionjaen\/wp-json\/wp\/v2\/pages"}],"about":[{"href":"https:\/\/blogsaverroes.juntadeandalucia.es\/plurilinguismodelegacionjaen\/wp-json\/wp\/v2\/types\/page"}],"author":[{"embeddable":true,"href":"https:\/\/blogsaverroes.juntadeandalucia.es\/plurilinguismodelegacionjaen\/wp-json\/wp\/v2\/users\/6890"}],"replies":[{"embeddable":true,"href":"https:\/\/blogsaverroes.juntadeandalucia.es\/plurilinguismodelegacionjaen\/wp-json\/wp\/v2\/comments?post=3145"}],"version-history":[{"count":5,"href":"https:\/\/blogsaverroes.juntadeandalucia.es\/plurilinguismodelegacionjaen\/wp-json\/wp\/v2\/pages\/3145\/revisions"}],"predecessor-version":[{"id":3170,"href":"https:\/\/blogsaverroes.juntadeandalucia.es\/plurilinguismodelegacionjaen\/wp-json\/wp\/v2\/pages\/3145\/revisions\/3170"}],"wp:attachment":[{"href":"https:\/\/blogsaverroes.juntadeandalucia.es\/plurilinguismodelegacionjaen\/wp-json\/wp\/v2\/media?parent=3145"}],"curies":[{"name":"wp","href":"https:\/\/api.w.org\/{rel}","templated":true}]}}