{"id":3595,"date":"2019-11-21T11:52:36","date_gmt":"2019-11-21T11:52:36","guid":{"rendered":"https:\/\/blogsaverroes.juntadeandalucia.es\/plurilinguismodelegacionjaen\/?page_id=3595"},"modified":"2025-06-17T06:33:21","modified_gmt":"2025-06-17T06:33:21","slug":"blogs-proyectos-erasmus","status":"publish","type":"page","link":"https:\/\/blogsaverroes.juntadeandalucia.es\/plurilinguismodelegacionjaen\/blogs-proyectos-erasmus\/","title":{"rendered":"Actuaciones de proyectos Erasmus+"},"content":{"rendered":"<table style=\"width: 766px\">\n<tbody>\n<tr>\n<td style=\"width: 57.3906px\"><a href=\"https:\/\/explaerasmus.blogspot.com\" target=\"_blank\" rel=\"noopener noreferrer\"><img loading=\"lazy\" decoding=\"async\" class=\"alignnone wp-image-3009 size-medium\" src=\"https:\/\/blogsaverroes.juntadeandalucia.es\/plurilinguismodelegacionjaen\/files\/2019\/02\/button-298x300.png\" alt=\"\" width=\"298\" height=\"300\" srcset=\"https:\/\/blogsaverroes.juntadeandalucia.es\/plurilinguismodelegacionjaen\/files\/2019\/02\/button-298x300.png 298w, https:\/\/blogsaverroes.juntadeandalucia.es\/plurilinguismodelegacionjaen\/files\/2019\/02\/button-150x150.png 150w, https:\/\/blogsaverroes.juntadeandalucia.es\/plurilinguismodelegacionjaen\/files\/2019\/02\/button-100x100.png 100w, https:\/\/blogsaverroes.juntadeandalucia.es\/plurilinguismodelegacionjaen\/files\/2019\/02\/button-24x24.png 24w, https:\/\/blogsaverroes.juntadeandalucia.es\/plurilinguismodelegacionjaen\/files\/2019\/02\/button-36x36.png 36w, https:\/\/blogsaverroes.juntadeandalucia.es\/plurilinguismodelegacionjaen\/files\/2019\/02\/button-48x48.png 48w, https:\/\/blogsaverroes.juntadeandalucia.es\/plurilinguismodelegacionjaen\/files\/2019\/02\/button-50x50.png 50w, https:\/\/blogsaverroes.juntadeandalucia.es\/plurilinguismodelegacionjaen\/files\/2019\/02\/button.png 524w\" sizes=\"(max-width: 298px) 100vw, 298px\" \/><\/a><\/td>\n<td style=\"width: 692.609px\">C.E.I.P. Sebasti\u00e1n de C\u00f3rdoba (\u00dabeda)<\/td>\n<\/tr>\n<tr>\n<td style=\"width: 57.3906px\"><a href=\"https:\/\/erasmusmendoza.wordpress.com\/\" target=\"_blank\" rel=\"noopener noreferrer\"><img loading=\"lazy\" decoding=\"async\" class=\"alignnone wp-image-3009 size-medium\" src=\"https:\/\/blogsaverroes.juntadeandalucia.es\/plurilinguismodelegacionjaen\/files\/2019\/02\/button-298x300.png\" alt=\"\" width=\"298\" height=\"300\" srcset=\"https:\/\/blogsaverroes.juntadeandalucia.es\/plurilinguismodelegacionjaen\/files\/2019\/02\/button-298x300.png 298w, https:\/\/blogsaverroes.juntadeandalucia.es\/plurilinguismodelegacionjaen\/files\/2019\/02\/button-150x150.png 150w, https:\/\/blogsaverroes.juntadeandalucia.es\/plurilinguismodelegacionjaen\/files\/2019\/02\/button-100x100.png 100w, https:\/\/blogsaverroes.juntadeandalucia.es\/plurilinguismodelegacionjaen\/files\/2019\/02\/button-24x24.png 24w, https:\/\/blogsaverroes.juntadeandalucia.es\/plurilinguismodelegacionjaen\/files\/2019\/02\/button-36x36.png 36w, https:\/\/blogsaverroes.juntadeandalucia.es\/plurilinguismodelegacionjaen\/files\/2019\/02\/button-48x48.png 48w, https:\/\/blogsaverroes.juntadeandalucia.es\/plurilinguismodelegacionjaen\/files\/2019\/02\/button-50x50.png 50w, https:\/\/blogsaverroes.juntadeandalucia.es\/plurilinguismodelegacionjaen\/files\/2019\/02\/button.png 524w\" sizes=\"(max-width: 298px) 100vw, 298px\" \/><\/a><\/td>\n<td style=\"width: 692.609px\">I.E.S. Antonio de Mendoza (Alcal\u00e1 la Real)<\/td>\n<\/tr>\n<tr>\n<td style=\"width: 57.3906px\"><a href=\"http:\/\/atelierforsteam2.colegiopedropoveda.org\/\" target=\"_blank\" rel=\"noopener noreferrer\"><img loading=\"lazy\" decoding=\"async\" class=\"alignnone wp-image-3009 size-medium\" src=\"https:\/\/blogsaverroes.juntadeandalucia.es\/plurilinguismodelegacionjaen\/files\/2019\/02\/button-298x300.png\" alt=\"\" width=\"298\" height=\"300\" srcset=\"https:\/\/blogsaverroes.juntadeandalucia.es\/plurilinguismodelegacionjaen\/files\/2019\/02\/button-298x300.png 298w, https:\/\/blogsaverroes.juntadeandalucia.es\/plurilinguismodelegacionjaen\/files\/2019\/02\/button-150x150.png 150w, https:\/\/blogsaverroes.juntadeandalucia.es\/plurilinguismodelegacionjaen\/files\/2019\/02\/button-100x100.png 100w, https:\/\/blogsaverroes.juntadeandalucia.es\/plurilinguismodelegacionjaen\/files\/2019\/02\/button-24x24.png 24w, https:\/\/blogsaverroes.juntadeandalucia.es\/plurilinguismodelegacionjaen\/files\/2019\/02\/button-36x36.png 36w, https:\/\/blogsaverroes.juntadeandalucia.es\/plurilinguismodelegacionjaen\/files\/2019\/02\/button-48x48.png 48w, https:\/\/blogsaverroes.juntadeandalucia.es\/plurilinguismodelegacionjaen\/files\/2019\/02\/button-50x50.png 50w, https:\/\/blogsaverroes.juntadeandalucia.es\/plurilinguismodelegacionjaen\/files\/2019\/02\/button.png 524w\" sizes=\"(max-width: 298px) 100vw, 298px\" \/><\/a><\/td>\n<td style=\"width: 692.609px\">C.D.P. Pedro Poveda (Ja\u00e9n)<\/td>\n<\/tr>\n<tr>\n<td style=\"width: 57.3906px\"><a href=\"https:\/\/erasmusplusmaths.wixsite.com\/erasmusplusmaths\/chanllenges\"><img loading=\"lazy\" decoding=\"async\" class=\"alignnone size-medium wp-image-3009\" src=\"https:\/\/blogsaverroes.juntadeandalucia.es\/plurilinguismodelegacionjaen\/files\/2019\/02\/button-298x300.png\" alt=\"\" width=\"298\" height=\"300\" srcset=\"https:\/\/blogsaverroes.juntadeandalucia.es\/plurilinguismodelegacionjaen\/files\/2019\/02\/button-298x300.png 298w, https:\/\/blogsaverroes.juntadeandalucia.es\/plurilinguismodelegacionjaen\/files\/2019\/02\/button-150x150.png 150w, https:\/\/blogsaverroes.juntadeandalucia.es\/plurilinguismodelegacionjaen\/files\/2019\/02\/button-100x100.png 100w, https:\/\/blogsaverroes.juntadeandalucia.es\/plurilinguismodelegacionjaen\/files\/2019\/02\/button-24x24.png 24w, https:\/\/blogsaverroes.juntadeandalucia.es\/plurilinguismodelegacionjaen\/files\/2019\/02\/button-36x36.png 36w, https:\/\/blogsaverroes.juntadeandalucia.es\/plurilinguismodelegacionjaen\/files\/2019\/02\/button-48x48.png 48w, https:\/\/blogsaverroes.juntadeandalucia.es\/plurilinguismodelegacionjaen\/files\/2019\/02\/button-50x50.png 50w, https:\/\/blogsaverroes.juntadeandalucia.es\/plurilinguismodelegacionjaen\/files\/2019\/02\/button.png 524w\" sizes=\"(max-width: 298px) 100vw, 298px\" \/><\/a><\/td>\n<td style=\"width: 692.609px\">I.E.S. Alfonso XI (Alcal\u00e1 la Real) Proyecto Erasmus+ KA229: Maths routes around Europe.<\/td>\n<\/tr>\n<tr>\n<td style=\"width: 57.3906px\"><a href=\"https:\/\/twinspace.etwinning.net\/132704\/home\"><img loading=\"lazy\" decoding=\"async\" class=\"alignnone size-medium wp-image-3009\" src=\"https:\/\/blogsaverroes.juntadeandalucia.es\/plurilinguismodelegacionjaen\/files\/2019\/02\/button-298x300.png\" alt=\"\" width=\"298\" height=\"300\" srcset=\"https:\/\/blogsaverroes.juntadeandalucia.es\/plurilinguismodelegacionjaen\/files\/2019\/02\/button-298x300.png 298w, https:\/\/blogsaverroes.juntadeandalucia.es\/plurilinguismodelegacionjaen\/files\/2019\/02\/button-150x150.png 150w, https:\/\/blogsaverroes.juntadeandalucia.es\/plurilinguismodelegacionjaen\/files\/2019\/02\/button-100x100.png 100w, https:\/\/blogsaverroes.juntadeandalucia.es\/plurilinguismodelegacionjaen\/files\/2019\/02\/button-24x24.png 24w, https:\/\/blogsaverroes.juntadeandalucia.es\/plurilinguismodelegacionjaen\/files\/2019\/02\/button-36x36.png 36w, https:\/\/blogsaverroes.juntadeandalucia.es\/plurilinguismodelegacionjaen\/files\/2019\/02\/button-48x48.png 48w, https:\/\/blogsaverroes.juntadeandalucia.es\/plurilinguismodelegacionjaen\/files\/2019\/02\/button-50x50.png 50w, https:\/\/blogsaverroes.juntadeandalucia.es\/plurilinguismodelegacionjaen\/files\/2019\/02\/button.png 524w\" sizes=\"(max-width: 298px) 100vw, 298px\" \/><\/a><\/td>\n<td style=\"width: 692.609px\">I.E.S. Alfonso XI (Alcal\u00e1 la Real) Proyecto Erasmus+ KA101: New methodologies for XXI century.<\/td>\n<\/tr>\n<tr>\n<td style=\"width: 57.3906px\"><a href=\"https:\/\/padlet.com\/ieslapandera\/etf07sz3u6vba8wk\"><img loading=\"lazy\" decoding=\"async\" class=\"alignnone size-medium wp-image-3009\" src=\"https:\/\/blogsaverroes.juntadeandalucia.es\/plurilinguismodelegacionjaen\/files\/2019\/02\/button-298x300.png\" alt=\"\" width=\"298\" height=\"300\" srcset=\"https:\/\/blogsaverroes.juntadeandalucia.es\/plurilinguismodelegacionjaen\/files\/2019\/02\/button-298x300.png 298w, https:\/\/blogsaverroes.juntadeandalucia.es\/plurilinguismodelegacionjaen\/files\/2019\/02\/button-150x150.png 150w, https:\/\/blogsaverroes.juntadeandalucia.es\/plurilinguismodelegacionjaen\/files\/2019\/02\/button-100x100.png 100w, https:\/\/blogsaverroes.juntadeandalucia.es\/plurilinguismodelegacionjaen\/files\/2019\/02\/button-24x24.png 24w, https:\/\/blogsaverroes.juntadeandalucia.es\/plurilinguismodelegacionjaen\/files\/2019\/02\/button-36x36.png 36w, https:\/\/blogsaverroes.juntadeandalucia.es\/plurilinguismodelegacionjaen\/files\/2019\/02\/button-48x48.png 48w, https:\/\/blogsaverroes.juntadeandalucia.es\/plurilinguismodelegacionjaen\/files\/2019\/02\/button-50x50.png 50w, https:\/\/blogsaverroes.juntadeandalucia.es\/plurilinguismodelegacionjaen\/files\/2019\/02\/button.png 524w\" sizes=\"(max-width: 298px) 100vw, 298px\" \/><\/a><\/td>\n<td style=\"width: 692.609px\">I.E.S. La Pandera (Los Villares).<\/td>\n<\/tr>\n<tr>\n<td style=\"width: 57.3906px\"><a href=\"https:\/\/sites.google.com\/colegiosanvicente.org\/eco-friendly-challenge\/home\" target=\"_blank\" rel=\"noopener noreferrer\"><img loading=\"lazy\" decoding=\"async\" class=\"alignnone size-medium wp-image-3009\" src=\"https:\/\/blogsaverroes.juntadeandalucia.es\/plurilinguismodelegacionjaen\/files\/2019\/02\/button-298x300.png\" alt=\"\" width=\"298\" height=\"300\" srcset=\"https:\/\/blogsaverroes.juntadeandalucia.es\/plurilinguismodelegacionjaen\/files\/2019\/02\/button-298x300.png 298w, https:\/\/blogsaverroes.juntadeandalucia.es\/plurilinguismodelegacionjaen\/files\/2019\/02\/button-150x150.png 150w, https:\/\/blogsaverroes.juntadeandalucia.es\/plurilinguismodelegacionjaen\/files\/2019\/02\/button-100x100.png 100w, https:\/\/blogsaverroes.juntadeandalucia.es\/plurilinguismodelegacionjaen\/files\/2019\/02\/button-24x24.png 24w, https:\/\/blogsaverroes.juntadeandalucia.es\/plurilinguismodelegacionjaen\/files\/2019\/02\/button-36x36.png 36w, https:\/\/blogsaverroes.juntadeandalucia.es\/plurilinguismodelegacionjaen\/files\/2019\/02\/button-48x48.png 48w, https:\/\/blogsaverroes.juntadeandalucia.es\/plurilinguismodelegacionjaen\/files\/2019\/02\/button-50x50.png 50w, https:\/\/blogsaverroes.juntadeandalucia.es\/plurilinguismodelegacionjaen\/files\/2019\/02\/button.png 524w\" sizes=\"(max-width: 298px) 100vw, 298px\" \/><\/a><\/td>\n<td style=\"width: 692.609px\">C.D.P. San Vicente de Pa\u00fal (Ja\u00e9n)<\/td>\n<\/tr>\n<tr>\n<td style=\"width: 57.3906px\"><a href=\"https:\/\/youtu.be\/eYDuc22Su28\" target=\"_blank\" rel=\"noopener noreferrer\"><img loading=\"lazy\" decoding=\"async\" class=\"alignnone wp-image-3009 size-medium\" src=\"https:\/\/blogsaverroes.juntadeandalucia.es\/plurilinguismodelegacionjaen\/files\/2019\/02\/button-298x300.png\" alt=\"\" width=\"298\" height=\"300\" srcset=\"https:\/\/blogsaverroes.juntadeandalucia.es\/plurilinguismodelegacionjaen\/files\/2019\/02\/button-298x300.png 298w, https:\/\/blogsaverroes.juntadeandalucia.es\/plurilinguismodelegacionjaen\/files\/2019\/02\/button-150x150.png 150w, https:\/\/blogsaverroes.juntadeandalucia.es\/plurilinguismodelegacionjaen\/files\/2019\/02\/button-100x100.png 100w, https:\/\/blogsaverroes.juntadeandalucia.es\/plurilinguismodelegacionjaen\/files\/2019\/02\/button-24x24.png 24w, https:\/\/blogsaverroes.juntadeandalucia.es\/plurilinguismodelegacionjaen\/files\/2019\/02\/button-36x36.png 36w, https:\/\/blogsaverroes.juntadeandalucia.es\/plurilinguismodelegacionjaen\/files\/2019\/02\/button-48x48.png 48w, https:\/\/blogsaverroes.juntadeandalucia.es\/plurilinguismodelegacionjaen\/files\/2019\/02\/button-50x50.png 50w, https:\/\/blogsaverroes.juntadeandalucia.es\/plurilinguismodelegacionjaen\/files\/2019\/02\/button.png 524w\" sizes=\"(max-width: 298px) 100vw, 298px\" \/><\/a><\/td>\n<td style=\"width: 692.609px\">C.E.I.P. Alcal\u00e1 Venceslada (Ja\u00e9n)<\/td>\n<\/tr>\n<tr>\n<td style=\"width: 57.3906px\"><a href=\"https:\/\/drive.google.com\/file\/d\/1UB55M3RElK0P_riaL5O88WeCT8DQPzKW\/view?usp=drivesdk\" target=\"_blank\" rel=\"noopener\"><img loading=\"lazy\" decoding=\"async\" class=\"alignnone wp-image-3009 size-medium\" src=\"https:\/\/blogsaverroes.juntadeandalucia.es\/plurilinguismodelegacionjaen\/files\/2019\/02\/button-298x300.png\" alt=\"\" width=\"298\" height=\"300\" srcset=\"https:\/\/blogsaverroes.juntadeandalucia.es\/plurilinguismodelegacionjaen\/files\/2019\/02\/button-298x300.png 298w, https:\/\/blogsaverroes.juntadeandalucia.es\/plurilinguismodelegacionjaen\/files\/2019\/02\/button-150x150.png 150w, https:\/\/blogsaverroes.juntadeandalucia.es\/plurilinguismodelegacionjaen\/files\/2019\/02\/button-100x100.png 100w, https:\/\/blogsaverroes.juntadeandalucia.es\/plurilinguismodelegacionjaen\/files\/2019\/02\/button-24x24.png 24w, https:\/\/blogsaverroes.juntadeandalucia.es\/plurilinguismodelegacionjaen\/files\/2019\/02\/button-36x36.png 36w, https:\/\/blogsaverroes.juntadeandalucia.es\/plurilinguismodelegacionjaen\/files\/2019\/02\/button-48x48.png 48w, https:\/\/blogsaverroes.juntadeandalucia.es\/plurilinguismodelegacionjaen\/files\/2019\/02\/button-50x50.png 50w, https:\/\/blogsaverroes.juntadeandalucia.es\/plurilinguismodelegacionjaen\/files\/2019\/02\/button.png 524w\" sizes=\"(max-width: 298px) 100vw, 298px\" \/><\/a><\/td>\n<td style=\"width: 692.609px\">&nbsp;I.E.S. Santa Engracia (Linares)<\/td>\n<\/tr>\n<\/tbody>\n<\/table>\n<p>&nbsp;<\/p>\n","protected":false},"excerpt":{"rendered":"<p>C.E.I.P. Sebasti\u00e1n de C\u00f3rdoba (\u00dabeda) I.E.S. Antonio de Mendoza (Alcal\u00e1 la Real) C.D.P. Pedro Poveda (Ja\u00e9n) I.E.S. Alfonso XI (Alcal\u00e1 la Real) Proyecto Erasmus+ KA229: Maths routes around Europe. I.E.S. Alfonso XI (Alcal\u00e1 la&#46;&#46;&#46;<\/p>\n","protected":false},"author":6890,"featured_media":0,"parent":0,"menu_order":0,"comment_status":"closed","ping_status":"closed","template":"","meta":{"ngg_post_thumbnail":0,"footnotes":"","_mc_calendar":[]},"aioseo_notices":[],"_links":{"self":[{"href":"https:\/\/blogsaverroes.juntadeandalucia.es\/plurilinguismodelegacionjaen\/wp-json\/wp\/v2\/pages\/3595"}],"collection":[{"href":"https:\/\/blogsaverroes.juntadeandalucia.es\/plurilinguismodelegacionjaen\/wp-json\/wp\/v2\/pages"}],"about":[{"href":"https:\/\/blogsaverroes.juntadeandalucia.es\/plurilinguismodelegacionjaen\/wp-json\/wp\/v2\/types\/page"}],"author":[{"embeddable":true,"href":"https:\/\/blogsaverroes.juntadeandalucia.es\/plurilinguismodelegacionjaen\/wp-json\/wp\/v2\/users\/6890"}],"replies":[{"embeddable":true,"href":"https:\/\/blogsaverroes.juntadeandalucia.es\/plurilinguismodelegacionjaen\/wp-json\/wp\/v2\/comments?post=3595"}],"version-history":[{"count":15,"href":"https:\/\/blogsaverroes.juntadeandalucia.es\/plurilinguismodelegacionjaen\/wp-json\/wp\/v2\/pages\/3595\/revisions"}],"predecessor-version":[{"id":6193,"href":"https:\/\/blogsaverroes.juntadeandalucia.es\/plurilinguismodelegacionjaen\/wp-json\/wp\/v2\/pages\/3595\/revisions\/6193"}],"wp:attachment":[{"href":"https:\/\/blogsaverroes.juntadeandalucia.es\/plurilinguismodelegacionjaen\/wp-json\/wp\/v2\/media?parent=3595"}],"curies":[{"name":"wp","href":"https:\/\/api.w.org\/{rel}","templated":true}]}}