{"id":3625,"date":"2019-12-11T07:31:00","date_gmt":"2019-12-11T07:31:00","guid":{"rendered":"https:\/\/blogsaverroes.juntadeandalucia.es\/plurilinguismodelegacionjaen\/?page_id=3625"},"modified":"2019-12-11T07:31:00","modified_gmt":"2019-12-11T07:31:00","slug":"pale-2018-2019","status":"publish","type":"page","link":"https:\/\/blogsaverroes.juntadeandalucia.es\/plurilinguismodelegacionjaen\/pale-2018-2019\/","title":{"rendered":"PALE 2018\/2019"},"content":{"rendered":"<p style=\"text-align: center\"><strong>CENTROS SELECCIONADOS PARA EL PROGRAMA DE ACOMPA\u00d1AMIENTO EN LENGUA EXTRANJERA (PALE) 2018\/2019<\/strong><\/p>\n<table>\n<tbody>\n<tr>\n<td><strong>C\u00d3DIGO<\/strong><\/td>\n<td><strong>DENOMINACI\u00d3N<\/strong><\/td>\n<td><strong>LOCALIDAD<\/strong><\/td>\n<td><strong>N\u00daMERO DE GRUPOS <\/strong><\/td>\n<\/tr>\n<tr>\n<td>&nbsp;23003211<\/td>\n<td>C.E.I.P.\u00bbSan Gabriel\u00bb<\/td>\n<td>&nbsp;Aldeahermosa<\/td>\n<td>3<\/td>\n<\/tr>\n<tr>\n<td>23000362<\/td>\n<td>C.E.I.P. \u00abSan Miguel\u00bb<\/td>\n<td>Aldeaquemada<\/td>\n<td>1<\/td>\n<\/tr>\n<tr>\n<td>23004941<\/td>\n<td>C.E.I.P.\u00bbFrancisco Estepa Llaurens\u00bb<\/td>\n<td>And\u00fajar<\/td>\n<td>3<\/td>\n<\/tr>\n<tr>\n<td>23009501<\/td>\n<td>C.P.R.<\/td>\n<td>Arquillos<\/td>\n<td>4<\/td>\n<\/tr>\n<tr>\n<td>23001172<\/td>\n<td>C.E.I.P. \u00abNuestra Se\u00f1ora de los Remedios\u00bb<\/td>\n<td>Canena<\/td>\n<td>3<\/td>\n<\/tr>\n<tr>\n<td>23001548<\/td>\n<td>C.E.I.P.\u00bbVirgen de la Fuensanta\u00bb<\/td>\n<td>Fuensanta de Martos<\/td>\n<td>3<\/td>\n<\/tr>\n<tr>\n<td>23001652<\/td>\n<td>C.E.I.P. \u00abSan Sebasti\u00e1n\u00bb<\/td>\n<td>Higuera de Calatraba<\/td>\n<td>3<\/td>\n<\/tr>\n<tr>\n<td>23001603<\/td>\n<td>C.E.I.P. \u00abReal Mentesa\u00bb<\/td>\n<td>La Guardia de Ja\u00e9n<\/td>\n<td>2<\/td>\n<\/tr>\n<tr>\n<td>23002553<\/td>\n<td>C.E.I.P. \u00abNuestra Se\u00f1ora de los Dolores\u00bb<\/td>\n<td>Larva<\/td>\n<td>3<\/td>\n<\/tr>\n<tr>\n<td>23003260<\/td>\n<td>C.E.I.P.&nbsp; \u00abNtra. Sra. de Bel\u00e9n\u00bb<\/td>\n<td>Noalejo<\/td>\n<td>3<\/td>\n<\/tr>\n<tr>\n<td>23003478<\/td>\n<td>C.E.I.P. \u00abSantiago Ap\u00f3stol\u00bb<\/td>\n<td>Santiago de Calatrava<\/td>\n<td>1<\/td>\n<\/tr>\n<tr>\n<td>23003673<\/td>\n<td>C.E.I.P. \u00abNtra Sra. De los Remedios\u00bb<\/td>\n<td>Santo Tom\u00e9<\/td>\n<td>3<\/td>\n<\/tr>\n<tr>\n<td>23004057<\/td>\n<td>C.E.I.P.\u00bbAznait\u00edn\u00bb<\/td>\n<td>Torres<\/td>\n<td>3<\/td>\n<\/tr>\n<tr>\n<td>23002784<\/td>\n<td>C.E.I.P. Tetuan<\/td>\n<td>Linares<\/td>\n<td>3<\/td>\n<\/tr>\n<tr>\n<td>23003466<\/td>\n<td>C.E.I.P. Carlos III<\/td>\n<td>Santa Elena<\/td>\n<td>2<\/td>\n<\/tr>\n<\/tbody>\n<\/table>\n<p>Se puede consultar en los siguientes enlaces:<\/p>\n<ul>\n<li><strong><a href=\"http:\/\/www.juntadeandalucia.es\/educacion\/portals\/abaco-portlet\/content\/bda84743-3b76-475b-bfe0-ec1be3fad451\" target=\"_blank\" rel=\"noopener noreferrer\">RESOLUCI\u00d3N de 11 de junio de 2018<\/a><\/strong> de la Direcci\u00f3n General de Innovaci\u00f3n y Formaci\u00f3n del Profesorado por la que se hace p\u00fablica la relaci\u00f3n de centros Seleccionados para el Programa de Acompa\u00f1amiento en Lengua Extranjera del Curso 2018\/19.<\/li>\n<li>RESOLUCI\u00d3N de 14 de septiembre de 2018 de la Direcci\u00f3n General de Innovaci\u00f3n y Formaci\u00f3n del profesorado por la que se ampl\u00eda la concesi\u00f3n del Programa de Acompa\u00f1amiento en Lengua Extranjera para el curso 2018\/2019.<\/li>\n<li><a href=\"http:\/\/www.juntadeandalucia.es\/educacion\/portals\/abaco-portlet\/content\/96e80272-e9a8-4834-af3e-052a00fd9ba5\" target=\"_blank\" rel=\"noopener noreferrer\"><strong>RESOLUCI\u00d3N de la Direcci\u00f3n General de Innovaci\u00f3n y Formaci\u00f3n del profesorado de 18 de septiembre de 2018<\/strong><\/a> por la que se corrige la de 14 de septiembre de 2018 por la que se ampl\u00eda la concesi\u00f3n del Programa de Acompa\u00f1amiento en Lengua Extranjera para el curso 2018\/2019.<\/li>\n<\/ul>\n","protected":false},"excerpt":{"rendered":"<p>CENTROS SELECCIONADOS PARA EL PROGRAMA DE ACOMPA\u00d1AMIENTO EN LENGUA EXTRANJERA (PALE) 2018\/2019 C\u00d3DIGO DENOMINACI\u00d3N LOCALIDAD N\u00daMERO DE GRUPOS &nbsp;23003211 C.E.I.P.\u00bbSan Gabriel\u00bb &nbsp;Aldeahermosa 3 23000362 C.E.I.P. \u00abSan Miguel\u00bb Aldeaquemada 1 23004941 C.E.I.P.\u00bbFrancisco Estepa Llaurens\u00bb And\u00fajar&#46;&#46;&#46;<\/p>\n","protected":false},"author":6890,"featured_media":0,"parent":0,"menu_order":0,"comment_status":"closed","ping_status":"closed","template":"","meta":{"ngg_post_thumbnail":0,"footnotes":"","_mc_calendar":[]},"aioseo_notices":[],"_links":{"self":[{"href":"https:\/\/blogsaverroes.juntadeandalucia.es\/plurilinguismodelegacionjaen\/wp-json\/wp\/v2\/pages\/3625"}],"collection":[{"href":"https:\/\/blogsaverroes.juntadeandalucia.es\/plurilinguismodelegacionjaen\/wp-json\/wp\/v2\/pages"}],"about":[{"href":"https:\/\/blogsaverroes.juntadeandalucia.es\/plurilinguismodelegacionjaen\/wp-json\/wp\/v2\/types\/page"}],"author":[{"embeddable":true,"href":"https:\/\/blogsaverroes.juntadeandalucia.es\/plurilinguismodelegacionjaen\/wp-json\/wp\/v2\/users\/6890"}],"replies":[{"embeddable":true,"href":"https:\/\/blogsaverroes.juntadeandalucia.es\/plurilinguismodelegacionjaen\/wp-json\/wp\/v2\/comments?post=3625"}],"version-history":[{"count":1,"href":"https:\/\/blogsaverroes.juntadeandalucia.es\/plurilinguismodelegacionjaen\/wp-json\/wp\/v2\/pages\/3625\/revisions"}],"predecessor-version":[{"id":3626,"href":"https:\/\/blogsaverroes.juntadeandalucia.es\/plurilinguismodelegacionjaen\/wp-json\/wp\/v2\/pages\/3625\/revisions\/3626"}],"wp:attachment":[{"href":"https:\/\/blogsaverroes.juntadeandalucia.es\/plurilinguismodelegacionjaen\/wp-json\/wp\/v2\/media?parent=3625"}],"curies":[{"name":"wp","href":"https:\/\/api.w.org\/{rel}","templated":true}]}}