{"id":3631,"date":"2019-12-11T07:56:39","date_gmt":"2019-12-11T07:56:39","guid":{"rendered":"https:\/\/blogsaverroes.juntadeandalucia.es\/plurilinguismodelegacionjaen\/?page_id=3631"},"modified":"2019-12-11T07:56:39","modified_gmt":"2019-12-11T07:56:39","slug":"pale-2019-2020","status":"publish","type":"page","link":"https:\/\/blogsaverroes.juntadeandalucia.es\/plurilinguismodelegacionjaen\/pale-2019-2020\/","title":{"rendered":"PALE 2019\/2020"},"content":{"rendered":"<p style=\"text-align: center\"><strong>CENTROS SELECCIONADOS PARA EL PROGRAMA DE ACOMPA\u00d1AMIENTO EN LENGUA EXTRANJERA (PALE) 2019\/2020<\/strong><\/p>\n<table>\n<tbody>\n<tr style=\"height: 22px\">\n<td style=\"text-align: center;height: 22px\"><strong>C\u00d3DIGO<\/strong><\/td>\n<td style=\"text-align: center;height: 22px\"><strong>DENOMINACI\u00d3N<\/strong><\/td>\n<td style=\"text-align: center;height: 22px\"><strong>LOCALIDAD<\/strong><\/td>\n<td style=\"text-align: center;height: 22px\"><strong>N\u00daMERO DE GRUPOS <\/strong><\/td>\n<\/tr>\n<tr style=\"height: 22px\">\n<td style=\"height: 22px\">23601281<\/td>\n<td style=\"height: 22px\">CPR SANTA MAR\u00cdA DE LA PE\u00d1A<\/td>\n<td style=\"height: 22px\">ORCERA<\/td>\n<td style=\"height: 22px\">1<\/td>\n<\/tr>\n<tr style=\"height: 22px\">\n<td style=\"height: 22px\">23601138<\/td>\n<td style=\"height: 22px\">CPR ALTO GUADALQUIVIR<\/td>\n<td style=\"height: 22px\">COTO R\u00cdOS<\/td>\n<td style=\"height: 22px\">1<\/td>\n<\/tr>\n<tr style=\"height: 22px\">\n<td style=\"height: 22px\">23009158<\/td>\n<td style=\"height: 22px\">CPR ALTO SEGURA<\/td>\n<td style=\"height: 22px\">SANTIAGO-PONTONES<\/td>\n<td style=\"height: 22px\">1<\/td>\n<\/tr>\n<tr style=\"height: 22px\">\n<td style=\"height: 22px\">23000982<\/td>\n<td style=\"height: 22px\">CEIP V\u00cdCTOR GARC\u00cdA HOZ<\/td>\n<td style=\"height: 22px\">BEAS DE SEGURA<\/td>\n<td style=\"height: 22px\">1<\/td>\n<\/tr>\n<tr style=\"height: 22px\">\n<td style=\"height: 22px\">23002784<\/td>\n<td style=\"height: 22px\">CEIP TETU\u00c1N<\/td>\n<td style=\"height: 22px\">LINARES<\/td>\n<td style=\"height: 22px\">1<\/td>\n<\/tr>\n<tr style=\"height: 22px\">\n<td style=\"height: 22px\">23004941<\/td>\n<td style=\"height: 22px\">CEIP FRANCISCO ESTEPA LLAURENS<\/td>\n<td style=\"height: 22px\">AND\u00daJAR<\/td>\n<td style=\"height: 22px\">1<\/td>\n<\/tr>\n<tr style=\"height: 22px\">\n<td style=\"height: 22px\">23002191<\/td>\n<td style=\"height: 22px\">CEIP MART\u00cdN NOGUERA<\/td>\n<td style=\"height: 22px\">JA\u00c9N<\/td>\n<td style=\"height: 22px\">1<\/td>\n<\/tr>\n<tr style=\"height: 22px\">\n<td style=\"height: 22px\">23003090<\/td>\n<td style=\"height: 22px\">CEIP SAN AMADOR<\/td>\n<td style=\"height: 22px\">MARTOS<\/td>\n<td style=\"height: 22px\">1<\/td>\n<\/tr>\n<tr style=\"height: 22px\">\n<td style=\"height: 22px\">23601126<\/td>\n<td style=\"height: 22px\">CPR COLLAO<\/td>\n<td style=\"height: 22px\">TORRES DE ALB\u00c1NCHEZ<\/td>\n<td style=\"height: 22px\">1<\/td>\n<\/tr>\n<tr style=\"height: 22px\">\n<td style=\"height: 22px\">23001603<\/td>\n<td style=\"height: 22px\">CEIP REAL MENTESA<\/td>\n<td style=\"height: 22px\">LA GUARDIA DE JA\u00c9N<\/td>\n<td style=\"height: 22px\">1<\/td>\n<\/tr>\n<tr style=\"height: 22px\">\n<td style=\"height: 22px\">23003478<\/td>\n<td style=\"height: 22px\">CEIP SANTIAGO AP\u00d3STOL<\/td>\n<td style=\"height: 22px\">SANTIAGO DE CALATRAVA<\/td>\n<td style=\"height: 22px\">1<\/td>\n<\/tr>\n<tr style=\"height: 22px\">\n<td style=\"height: 22px\">23001652<\/td>\n<td style=\"height: 22px\">CEIP SAN SEBASTI\u00c1N<\/td>\n<td style=\"height: 22px\">HIGUERA DE CALATRAVA<\/td>\n<td style=\"height: 22px\">1<\/td>\n<\/tr>\n<tr style=\"height: 22px\">\n<td style=\"height: 22px\">23004057<\/td>\n<td style=\"height: 22px\">CEIP AZNAIT\u00cdN<\/td>\n<td style=\"height: 22px\">TORRES DE ALB\u00c1NCHEZ<\/td>\n<td style=\"height: 22px\">1<\/td>\n<\/tr>\n<tr style=\"height: 22px\">\n<td style=\"height: 22px\">23003673<\/td>\n<td style=\"height: 22px\">CEIP NTRA. SRA. DE LOS REMEDIOS<\/td>\n<td style=\"height: 22px\">SANTO TOM\u00c9<\/td>\n<td style=\"height: 22px\">1<\/td>\n<\/tr>\n<tr style=\"height: 22px\">\n<td style=\"height: 22px\">23003211<\/td>\n<td style=\"height: 22px\">CEIP SAN GABRIEL<\/td>\n<td style=\"height: 22px\">ALDEAHERMOSA<\/td>\n<td style=\"height: 22px\">1<\/td>\n<\/tr>\n<tr style=\"height: 22px\">\n<td style=\"height: 22px\">23000349<\/td>\n<td style=\"height: 22px\">CEIP SAN MIGUEL<\/td>\n<td style=\"height: 22px\">NOGUERONES<\/td>\n<td style=\"height: 22px\">1<\/td>\n<\/tr>\n<tr style=\"height: 22px\">\n<td style=\"height: 22px\">23001299<\/td>\n<td style=\"height: 22px\">CEIP NAVAS DE TOLOSA<\/td>\n<td style=\"height: 22px\">NAVAS DE TOLOSA<\/td>\n<td style=\"height: 22px\">1<\/td>\n<\/tr>\n<tr style=\"height: 22px\">\n<td style=\"height: 22px\">23003302<\/td>\n<td style=\"height: 22px\">CEIP NUESTRA SRA. DE LAS NIEVES<\/td>\n<td style=\"height: 22px\">PEGALAJAR<\/td>\n<td style=\"height: 22px\">1<\/td>\n<\/tr>\n<tr style=\"height: 22px\">\n<td style=\"height: 22px\">23005487<\/td>\n<td style=\"height: 22px\">CEIP SAN MIGUEL<\/td>\n<td style=\"height: 22px\">TORREDELCAMPO<\/td>\n<td style=\"height: 22px\">1<\/td>\n<\/tr>\n<tr style=\"height: 22px\">\n<td style=\"height: 22px\">23005463<\/td>\n<td style=\"height: 22px\">CEIP TUCCI<\/td>\n<td style=\"height: 22px\">MARTOS<\/td>\n<td style=\"height: 22px\">1<\/td>\n<\/tr>\n<\/tbody>\n<\/table>\n<p>Se puede consultar en el siguiente enlace:<\/p>\n<ul>\n<li><a href=\"https:\/\/blogsaverroes.juntadeandalucia.es\/plurilinguismodelegacionjaen\/files\/2019\/12\/Resoluci\u00f3n_PALE_Ja\u00e9n_2019F.pdf\" target=\"_blank\" rel=\"noopener noreferrer\">Resoluci\u00f3n de 27 de noviembre de 2019<\/a>, de la direcci\u00f3n general de atenci\u00f3n a la Diversidad, Participaci\u00f3n y Convivencia Escolar, por la que se aprueba la relaci\u00f3n de centros participantes en el programa de acompa\u00f1amiento escolar en lengua extranjera (PALE) durante el curso 2019\/2020.<\/li>\n<\/ul>\n","protected":false},"excerpt":{"rendered":"<p>CENTROS SELECCIONADOS PARA EL PROGRAMA DE ACOMPA\u00d1AMIENTO EN LENGUA EXTRANJERA (PALE) 2019\/2020 C\u00d3DIGO DENOMINACI\u00d3N LOCALIDAD N\u00daMERO DE GRUPOS 23601281 CPR SANTA MAR\u00cdA DE LA PE\u00d1A ORCERA 1 23601138 CPR ALTO GUADALQUIVIR COTO R\u00cdOS 1&#46;&#46;&#46;<\/p>\n","protected":false},"author":6890,"featured_media":0,"parent":0,"menu_order":0,"comment_status":"closed","ping_status":"closed","template":"","meta":{"ngg_post_thumbnail":0,"footnotes":"","_mc_calendar":[]},"aioseo_notices":[],"_links":{"self":[{"href":"https:\/\/blogsaverroes.juntadeandalucia.es\/plurilinguismodelegacionjaen\/wp-json\/wp\/v2\/pages\/3631"}],"collection":[{"href":"https:\/\/blogsaverroes.juntadeandalucia.es\/plurilinguismodelegacionjaen\/wp-json\/wp\/v2\/pages"}],"about":[{"href":"https:\/\/blogsaverroes.juntadeandalucia.es\/plurilinguismodelegacionjaen\/wp-json\/wp\/v2\/types\/page"}],"author":[{"embeddable":true,"href":"https:\/\/blogsaverroes.juntadeandalucia.es\/plurilinguismodelegacionjaen\/wp-json\/wp\/v2\/users\/6890"}],"replies":[{"embeddable":true,"href":"https:\/\/blogsaverroes.juntadeandalucia.es\/plurilinguismodelegacionjaen\/wp-json\/wp\/v2\/comments?post=3631"}],"version-history":[{"count":1,"href":"https:\/\/blogsaverroes.juntadeandalucia.es\/plurilinguismodelegacionjaen\/wp-json\/wp\/v2\/pages\/3631\/revisions"}],"predecessor-version":[{"id":3633,"href":"https:\/\/blogsaverroes.juntadeandalucia.es\/plurilinguismodelegacionjaen\/wp-json\/wp\/v2\/pages\/3631\/revisions\/3633"}],"wp:attachment":[{"href":"https:\/\/blogsaverroes.juntadeandalucia.es\/plurilinguismodelegacionjaen\/wp-json\/wp\/v2\/media?parent=3631"}],"curies":[{"name":"wp","href":"https:\/\/api.w.org\/{rel}","templated":true}]}}