{"id":3687,"date":"2020-01-20T08:03:14","date_gmt":"2020-01-20T08:03:14","guid":{"rendered":"https:\/\/blogsaverroes.juntadeandalucia.es\/plurilinguismodelegacionjaen\/?page_id=3687"},"modified":"2023-09-05T10:44:11","modified_gmt":"2023-09-05T10:44:11","slug":"tramites-a-la-llegada-a-espana","status":"publish","type":"page","link":"https:\/\/blogsaverroes.juntadeandalucia.es\/plurilinguismodelegacionjaen\/tramites-a-la-llegada-a-espana\/","title":{"rendered":"Tr\u00e1mites a la llegada a Espa\u00f1a"},"content":{"rendered":"<p><strong>TR\u00c1MITES A LA LLEGADA A ESPA\u00d1A<\/strong><\/p>\n<p>Los auxiliares de conversaci\u00f3n necesitan hacer dos tr\u00e1mites a su llegada a Espa\u00f1a:<\/p>\n<ul>\n<li><strong>Obtener el NIE\/TIE<\/strong> en las Oficinas de Extranjer\u00eda y Comisar\u00edas de Polic\u00eda de las localidades donde colaboren (en un plazo de 30 d\u00edas desde su llegada a Espa\u00f1a).<\/li>\n<li><strong><a href=\"https:\/\/administracion.gob.es\/pagFront\/espanaAdmon\/directorioOrganigramas\/listarOficinas.htm?idUnidOrganica=130082&amp;origenUO=gobiernoEstado&amp;volver=volverFicha&amp;cIdUdOrganica=EA0040228\" target=\"_blank\" rel=\"noopener noreferrer\">Contactar&nbsp; con Oficina en Ja\u00e9n<\/a><\/strong><\/li>\n<\/ul>\n<p>Estos tr\u00e1mites ser\u00e1n diferentes para lo comunitarios y los no comunitarios. En los siguientes enlaces encontrar\u00e1s unas instrucciones para realizarlo.<\/p>\n<p>&nbsp;&nbsp;&nbsp;&nbsp;&nbsp;&nbsp;&nbsp;&nbsp;&nbsp; -Instucciones-tr\u00e1mites-extranjer\u00eda-<a href=\"https:\/\/blogsaverroes.juntadeandalucia.es\/plurilinguismodelegacionjaen\/files\/2021\/09\/Auxiliares-conversaci\u00f3n-guia-arrastrado-2.pdf\"><strong>Comunitarios<\/strong><\/a><\/p>\n<p>&nbsp;&nbsp;&nbsp;&nbsp;&nbsp;&nbsp;&nbsp;&nbsp;&nbsp; &#8211; Instucciones-tr\u00e1mites-extranjer\u00eda-<a href=\"https:\/\/blogsaverroes.juntadeandalucia.es\/plurilinguismodelegacionjaen\/files\/2021\/09\/Auxiliares-conversaci\u00f3n-guia-arrastrado.pdf\"><strong>NOComunitarios<\/strong><\/a><\/p>\n<p>&nbsp; &nbsp; &nbsp; &nbsp; &nbsp; &#8211; Instrucciones tramites extranjer\u00eda auxiliares <strong>Reino Unido ya residentes en Espa\u00f1a<\/strong>:<\/p>\n<ul style=\"list-style-type: circle\">\n<li>Si, a pesar de residir en Espa\u00f1a, <a href=\"https:\/\/blogsaverroes.juntadeandalucia.es\/plurilinguismodelegacionjaen\/files\/2021\/09\/Auxiliares-conversaci\u00f3n-guia-arrastrado-3.pdf\"><strong>no tienen certificado de registro<\/strong><\/a> de Ciudadano de la UE con anterioridad.<\/li>\n<li>Si resid\u00edan en Espa\u00f1a y <a href=\"https:\/\/blogsaverroes.juntadeandalucia.es\/plurilinguismodelegacionjaen\/files\/2021\/09\/Auxiliares-conversaci\u00f3n-guia-arrastrado-4.pdf\"><strong>ya ten\u00edan certificado de registro<\/strong><\/a> de Ciudadano de la UE con anterioridad.<\/li>\n<\/ul>\n<p>&nbsp;&nbsp;&nbsp;&nbsp;&nbsp;&nbsp;&nbsp;&nbsp;&nbsp; <a href=\"https:\/\/blogsaverroes.juntadeandalucia.es\/plurilinguismodelegacionjaen\/files\/2021\/09\/Carta-a-oficina-de-extranjeria-21.22F.pdf\">&#8211; Carta para presentar en la oficina de extranjer\u00eda 21\/22<\/a><\/p>\n<ul>\n<li><strong>Apertura de cuentas bancarias<\/strong>. Carta que deber\u00e1n llevar al banco. <a href=\"https:\/\/blogsaverroes.juntadeandalucia.es\/plurilinguismodelegacionjaen\/files\/2021\/09\/Carta-a-banco-21.22F.pdf\">Carta a banco 2021\/2022<\/a><\/li>\n<\/ul>\n","protected":false},"excerpt":{"rendered":"<p>TR\u00c1MITES A LA LLEGADA A ESPA\u00d1A Los auxiliares de conversaci\u00f3n necesitan hacer dos tr\u00e1mites a su llegada a Espa\u00f1a: Obtener el NIE\/TIE en las Oficinas de Extranjer\u00eda y Comisar\u00edas de Polic\u00eda de las localidades&#46;&#46;&#46;<\/p>\n","protected":false},"author":6890,"featured_media":0,"parent":0,"menu_order":0,"comment_status":"closed","ping_status":"closed","template":"","meta":{"ngg_post_thumbnail":0,"footnotes":"","_mc_calendar":[]},"aioseo_notices":[],"_links":{"self":[{"href":"https:\/\/blogsaverroes.juntadeandalucia.es\/plurilinguismodelegacionjaen\/wp-json\/wp\/v2\/pages\/3687"}],"collection":[{"href":"https:\/\/blogsaverroes.juntadeandalucia.es\/plurilinguismodelegacionjaen\/wp-json\/wp\/v2\/pages"}],"about":[{"href":"https:\/\/blogsaverroes.juntadeandalucia.es\/plurilinguismodelegacionjaen\/wp-json\/wp\/v2\/types\/page"}],"author":[{"embeddable":true,"href":"https:\/\/blogsaverroes.juntadeandalucia.es\/plurilinguismodelegacionjaen\/wp-json\/wp\/v2\/users\/6890"}],"replies":[{"embeddable":true,"href":"https:\/\/blogsaverroes.juntadeandalucia.es\/plurilinguismodelegacionjaen\/wp-json\/wp\/v2\/comments?post=3687"}],"version-history":[{"count":15,"href":"https:\/\/blogsaverroes.juntadeandalucia.es\/plurilinguismodelegacionjaen\/wp-json\/wp\/v2\/pages\/3687\/revisions"}],"predecessor-version":[{"id":5270,"href":"https:\/\/blogsaverroes.juntadeandalucia.es\/plurilinguismodelegacionjaen\/wp-json\/wp\/v2\/pages\/3687\/revisions\/5270"}],"wp:attachment":[{"href":"https:\/\/blogsaverroes.juntadeandalucia.es\/plurilinguismodelegacionjaen\/wp-json\/wp\/v2\/media?parent=3687"}],"curies":[{"name":"wp","href":"https:\/\/api.w.org\/{rel}","templated":true}]}}