{"id":3689,"date":"2020-01-20T08:04:02","date_gmt":"2020-01-20T08:04:02","guid":{"rendered":"https:\/\/blogsaverroes.juntadeandalucia.es\/plurilinguismodelegacionjaen\/?page_id=3689"},"modified":"2020-01-20T09:25:41","modified_gmt":"2020-01-20T09:25:41","slug":"nuevas-solicitudes","status":"publish","type":"page","link":"https:\/\/blogsaverroes.juntadeandalucia.es\/plurilinguismodelegacionjaen\/nuevas-solicitudes\/","title":{"rendered":"Nuevas solicitudes"},"content":{"rendered":"<p><strong>SOLICITUD NUEVOS AUXILIARES DE CONVERSACI\u00d3N<\/strong><\/p>\n<p><strong>P\u00e1gina del MEFP con toda la informaci\u00f3n<\/strong>: <a href=\"http:\/\/www.educacionyfp.gob.es\/servicios-al-ciudadano\/catalogo\/profesorado\/convocatorias-para-extranjeros\/auxiliares-extranjeros.html\" target=\"_blank\" rel=\"noopener noreferrer\">http:\/\/www.educacionyfp.gob.es\/servicios-al-ciudadano\/catalogo\/profesorado\/convocatorias-para-extranjeros\/auxiliares-extranjeros.html<\/a><\/p>\n<p><strong>Plazo de solicitud<\/strong>: Desde el 30 de enero de 2020 hasta el 15 de abril de 2020.<\/p>\n<p>Pa\u00edses partitipantes y direcciones de contacto: <a href=\"https:\/\/blogsaverroes.juntadeandalucia.es\/plurilinguismodelegacionjaen\/files\/2020\/01\/paises-participantes-contacto-2020-21.pdf\" target=\"_blank\" rel=\"noopener noreferrer\">paises-participantes-contacto-2020-21<\/a><\/p>\n<p><strong>Detalles sobre el programa y las Comunidades Aut\u00f3nomas de destino<\/strong>:<\/p>\n<ul>\n<li><a href=\"https:\/\/blogsaverroes.juntadeandalucia.es\/plurilinguismodelegacionjaen\/files\/2020\/01\/condiciones-programa.pdf\" target=\"_blank\" rel=\"noopener noreferrer\">Condiciones de estancia en el programa<\/a><\/li>\n<li><a href=\"https:\/\/blogsaverroes.juntadeandalucia.es\/plurilinguismodelegacionjaen\/files\/2020\/01\/regiones-elegibles-seg\u00fan-candidatos.pdf\" target=\"_blank\" rel=\"noopener noreferrer\">Elecci\u00f3n de la Comunidad Aut\u00f3noma<\/a> de acuerdo con la nacionalidad de los candidatos. A tener en cuenta las resaltadas en verde oscuro.<\/li>\n<\/ul>\n<p><strong>Plazos y procedimiento seg\u00fan la nacionalidad de los candidatos<\/strong>:<\/p>\n<ul>\n<li>Los candidatos de Alemania, Austria, B\u00e9lgica (franc\u00e9s), Federaci\u00f3n de Rusia, Francia, Irlanda, Italia, Malta, Reino Unido y Suiza deben solicitar su participaci\u00f3n en el programa a trav\u00e9s del organismo correspondiente de su pa\u00eds de origen, en el plazo y forma marcado por el mismo.<\/li>\n<li>Los candidatos de Australia, B\u00e9lgica (ingl\u00e9s), Bulgaria, Brasil, Canad\u00e1, China, Estados Unidos, Filipinas, Finlandia, Hungr\u00eda, India, Luxemburgo, Marruecos, Noruega, Nueva Zelanda, Pa\u00edses Bajos, Pa\u00edses de Ocean\u00eda (Fiyi, Islas Salom\u00f3n, Tonga y Vanuatu), Polonia, Portugal, Singapur, Suecia y T\u00fanez deben solicitar su participaci\u00f3n a trav\u00e9s de la aplicaci\u00f3n Profex (se abre en ventana nueva del 30 de enero al 15 de abril de 2020).<a href=\"https:\/\/blogsaverroes.juntadeandalucia.es\/plurilinguismodelegacionjaen\/files\/2020\/01\/manual-alta-profex-cv.pdf\" target=\"_blank\" rel=\"noopener noreferrer\">Manual de alta en PROFEX<\/a>.<\/li>\n<li><a href=\"https:\/\/blogsaverroes.juntadeandalucia.es\/plurilinguismodelegacionjaen\/files\/2020\/01\/manual-solicitud-aacc-ext-nuevos.pdf\" target=\"_blank\" rel=\"noopener noreferrer\">Manual de nueva solicitud<\/a>.<\/li>\n<\/ul>\n","protected":false},"excerpt":{"rendered":"<p>SOLICITUD NUEVOS AUXILIARES DE CONVERSACI\u00d3N P\u00e1gina del MEFP con toda la informaci\u00f3n: http:\/\/www.educacionyfp.gob.es\/servicios-al-ciudadano\/catalogo\/profesorado\/convocatorias-para-extranjeros\/auxiliares-extranjeros.html Plazo de solicitud: Desde el 30 de enero de 2020 hasta el 15 de abril de 2020. Pa\u00edses partitipantes y direcciones&#46;&#46;&#46;<\/p>\n","protected":false},"author":6890,"featured_media":0,"parent":0,"menu_order":0,"comment_status":"closed","ping_status":"closed","template":"","meta":{"ngg_post_thumbnail":0,"footnotes":"","_mc_calendar":[]},"aioseo_notices":[],"_links":{"self":[{"href":"https:\/\/blogsaverroes.juntadeandalucia.es\/plurilinguismodelegacionjaen\/wp-json\/wp\/v2\/pages\/3689"}],"collection":[{"href":"https:\/\/blogsaverroes.juntadeandalucia.es\/plurilinguismodelegacionjaen\/wp-json\/wp\/v2\/pages"}],"about":[{"href":"https:\/\/blogsaverroes.juntadeandalucia.es\/plurilinguismodelegacionjaen\/wp-json\/wp\/v2\/types\/page"}],"author":[{"embeddable":true,"href":"https:\/\/blogsaverroes.juntadeandalucia.es\/plurilinguismodelegacionjaen\/wp-json\/wp\/v2\/users\/6890"}],"replies":[{"embeddable":true,"href":"https:\/\/blogsaverroes.juntadeandalucia.es\/plurilinguismodelegacionjaen\/wp-json\/wp\/v2\/comments?post=3689"}],"version-history":[{"count":2,"href":"https:\/\/blogsaverroes.juntadeandalucia.es\/plurilinguismodelegacionjaen\/wp-json\/wp\/v2\/pages\/3689\/revisions"}],"predecessor-version":[{"id":3702,"href":"https:\/\/blogsaverroes.juntadeandalucia.es\/plurilinguismodelegacionjaen\/wp-json\/wp\/v2\/pages\/3689\/revisions\/3702"}],"wp:attachment":[{"href":"https:\/\/blogsaverroes.juntadeandalucia.es\/plurilinguismodelegacionjaen\/wp-json\/wp\/v2\/media?parent=3689"}],"curies":[{"name":"wp","href":"https:\/\/api.w.org\/{rel}","templated":true}]}}