{"id":3692,"date":"2020-01-20T08:05:11","date_gmt":"2020-01-20T08:05:11","guid":{"rendered":"https:\/\/blogsaverroes.juntadeandalucia.es\/plurilinguismodelegacionjaen\/?page_id=3692"},"modified":"2024-02-19T07:51:06","modified_gmt":"2024-02-19T07:51:06","slug":"auxiliares-renovadores","status":"publish","type":"page","link":"https:\/\/blogsaverroes.juntadeandalucia.es\/plurilinguismodelegacionjaen\/auxiliares-renovadores\/","title":{"rendered":"Auxiliares renovadores"},"content":{"rendered":"<p style=\"text-align: center\">&nbsp;<strong>PROCEDIMIENTO DE RENOVACI\u00d3N DE AUXILIARES DE CONVERSACI\u00d3N PARA EL CURSO 2024-2025.<\/strong><\/p>\n<ul>\n<li><a href=\"https:\/\/www.educacionyfp.gob.es\/servicios-al-ciudadano\/catalogo\/general\/99\/998188\/ficha\/998188-2024.html#ds3\" target=\"_blank\" rel=\"noopener noreferrer\">Enlace al MEFP<\/a><\/li>\n<li>Informaci\u00f3n Renovaci\u00f3n Auxiliares en Andaluc\u00eda<strong> (No podr\u00e1n renovar aquellos\/as auxiliares que no pertenezcan al cupo del MEFP)<\/strong><\/li>\n<li><a href=\"https:\/\/portals.ced.junta-andalucia.es\/educacion\/portals\/web\/plurilinguismo\" target=\"_blank\" rel=\"noopener noreferrer\">Enlace Portal de Pluriling\u00fcismo Andaluc\u00eda<\/a><\/li>\n<li><a href=\"https:\/\/drive.google.com\/file\/d\/1y-Sp88SuR1pYhz7VsY0cjGOSS73k1GFh\/view?usp=sharing\" target=\"_blank\" rel=\"noopener noreferrer\">Infograf\u00eda Auxiliares Andaluc\u00eda<\/a><\/li>\n<\/ul>\n<p>Plazo desde el 12 de febrero al 5 de abril de 223<\/p>\n","protected":false},"excerpt":{"rendered":"<p>&nbsp;PROCEDIMIENTO DE RENOVACI\u00d3N DE AUXILIARES DE CONVERSACI\u00d3N PARA EL CURSO 2024-2025. Enlace al MEFP Informaci\u00f3n Renovaci\u00f3n Auxiliares en Andaluc\u00eda (No podr\u00e1n renovar aquellos\/as auxiliares que no pertenezcan al cupo del MEFP) Enlace Portal de&#46;&#46;&#46;<\/p>\n","protected":false},"author":6890,"featured_media":0,"parent":0,"menu_order":0,"comment_status":"closed","ping_status":"closed","template":"","meta":{"ngg_post_thumbnail":0,"footnotes":"","_mc_calendar":[]},"aioseo_notices":[],"_links":{"self":[{"href":"https:\/\/blogsaverroes.juntadeandalucia.es\/plurilinguismodelegacionjaen\/wp-json\/wp\/v2\/pages\/3692"}],"collection":[{"href":"https:\/\/blogsaverroes.juntadeandalucia.es\/plurilinguismodelegacionjaen\/wp-json\/wp\/v2\/pages"}],"about":[{"href":"https:\/\/blogsaverroes.juntadeandalucia.es\/plurilinguismodelegacionjaen\/wp-json\/wp\/v2\/types\/page"}],"author":[{"embeddable":true,"href":"https:\/\/blogsaverroes.juntadeandalucia.es\/plurilinguismodelegacionjaen\/wp-json\/wp\/v2\/users\/6890"}],"replies":[{"embeddable":true,"href":"https:\/\/blogsaverroes.juntadeandalucia.es\/plurilinguismodelegacionjaen\/wp-json\/wp\/v2\/comments?post=3692"}],"version-history":[{"count":20,"href":"https:\/\/blogsaverroes.juntadeandalucia.es\/plurilinguismodelegacionjaen\/wp-json\/wp\/v2\/pages\/3692\/revisions"}],"predecessor-version":[{"id":5591,"href":"https:\/\/blogsaverroes.juntadeandalucia.es\/plurilinguismodelegacionjaen\/wp-json\/wp\/v2\/pages\/3692\/revisions\/5591"}],"wp:attachment":[{"href":"https:\/\/blogsaverroes.juntadeandalucia.es\/plurilinguismodelegacionjaen\/wp-json\/wp\/v2\/media?parent=3692"}],"curies":[{"name":"wp","href":"https:\/\/api.w.org\/{rel}","templated":true}]}}