{"id":3779,"date":"2020-03-09T06:36:17","date_gmt":"2020-03-09T06:36:17","guid":{"rendered":"https:\/\/blogsaverroes.juntadeandalucia.es\/plurilinguismodelegacionjaen\/?page_id=3779"},"modified":"2020-10-03T15:16:52","modified_gmt":"2020-10-03T15:16:52","slug":"curso-2020-2021","status":"publish","type":"page","link":"https:\/\/blogsaverroes.juntadeandalucia.es\/plurilinguismodelegacionjaen\/curso-2020-2021\/","title":{"rendered":"Curso 2020\/2021"},"content":{"rendered":"<p><strong>ENSE\u00d1ANZA BILING\u00dcE<\/strong><\/p>\n<p><a href=\"https:\/\/www.juntadeandalucia.es\/educacion\/portals\/delegate\/content\/7c424436-43b4-4bb9-b63c-bbc09ebd0ee2\/Instrucci%C3%B3n%207\/2020%20de%208%20de%20junio\" target=\"_blank\" rel=\"noopener noreferrer\">Instrucci\u00f3n 7\/2020 de 8 de junio<\/a>, de la Direcci\u00f3n General de Ordenaci\u00f3n y Evaluaci\u00f3n Educativa, sobre la Organizaci\u00f3n y Funcionamiento de la Ense\u00f1anza biling\u00fce en los centros docentes andaluces para el curso 2020\/2021.<\/p>\n<p><strong>AUXILIARES DE CONVERSACI\u00d3N<\/strong><\/p>\n<p><a href=\"https:\/\/www.juntadeandalucia.es\/educacion\/portals\/delegate\/content\/330ae0c1-0ca3-43d3-88f4-53acfaf7ae84\/Instrucciones%20auxiliares%202021\" target=\"_blank\" rel=\"noopener noreferrer\">Instrucci\u00f3n 15\/2020 de 6 julio<\/a>, de la Direcci\u00f3n General de Ordenaci\u00f3n y Evaluaci\u00f3n Educativa, sobre auxiliares de conversaci\u00f3n para el curso escolar 2020\/2021.<\/p>\n<p><a href=\"https:\/\/blogsaverroes.juntadeandalucia.es\/plurilinguismodelegacionjaen\/files\/2020\/10\/Comunicado22septiembre2020AuxiliaresConversacion.pdf\">COMUNICACI\u00d3N de 22 de septiembre<\/a> de 2020 de la Direcci\u00f3n General y Evaluaci\u00f3n Educativa, sobre la ejecuci\u00f3n del Programa de Auxiliares de Conversaci\u00f3n durante el curso 2020\/2021.<\/p>\n<p><strong>AULA CONFUCIO<\/strong><\/p>\n<p><a href=\"https:\/\/www.juntadeandalucia.es\/educacion\/portals\/delegate\/content\/d1542477-1acb-4053-b5cb-9ebc816b9e0b\/Instrucciones%20Aulas%20Confucio%202020-2021\" target=\"_blank\" rel=\"noopener noreferrer\">Instrucci\u00f3n 6\/2020, de 3 de junio<\/a>, de la Direcci\u00f3n General de Ordenaci\u00f3n y Evaluaci\u00f3n Educativa, para el desarrollo del programa de Aulas Confucio de ense\u00f1anza de la lengua, el arte y la cultura chinas en centros docentes p\u00fablicos andaluces de educaci\u00f3n primaria y secundaria para el curso 2020\/2021.<\/p>\n<p><strong>BACHILLERATO INTERNACIONAL<\/strong><\/p>\n<p><a href=\"https:\/\/www.juntadeandalucia.es\/educacion\/portals\/delegate\/content\/8fd15c9e-7707-4871-b9b1-f6e8e2dbd84e\/Resoluci%C3%B3n_06_marzo%20BI%202020_21\" target=\"_blank\" rel=\"noopener noreferrer\">Resoluci\u00f3n de 06 de marzo de 2020<\/a>, conjunta de la Direcci\u00f3n General de Ordenaci\u00f3n y Evaluaci\u00f3n Educativa y de la Direcci\u00f3n General de Planificaci\u00f3n y Centros, por la que se dictan instrucciones para regular la compatibilidad de las ense\u00f1anzas de Bachillerato y el Programadel Diploma del Bachillerato Internacional en centros docentes de titularidad p\u00fablica en Andaluc\u00eda para el curso 2020\/2021.<\/p>\n","protected":false},"excerpt":{"rendered":"<p>ENSE\u00d1ANZA BILING\u00dcE Instrucci\u00f3n 7\/2020 de 8 de junio, de la Direcci\u00f3n General de Ordenaci\u00f3n y Evaluaci\u00f3n Educativa, sobre la Organizaci\u00f3n y Funcionamiento de la Ense\u00f1anza biling\u00fce en los centros docentes andaluces para el curso&#46;&#46;&#46;<\/p>\n","protected":false},"author":6890,"featured_media":0,"parent":0,"menu_order":0,"comment_status":"closed","ping_status":"closed","template":"","meta":{"ngg_post_thumbnail":0,"footnotes":"","_mc_calendar":[]},"aioseo_notices":[],"_links":{"self":[{"href":"https:\/\/blogsaverroes.juntadeandalucia.es\/plurilinguismodelegacionjaen\/wp-json\/wp\/v2\/pages\/3779"}],"collection":[{"href":"https:\/\/blogsaverroes.juntadeandalucia.es\/plurilinguismodelegacionjaen\/wp-json\/wp\/v2\/pages"}],"about":[{"href":"https:\/\/blogsaverroes.juntadeandalucia.es\/plurilinguismodelegacionjaen\/wp-json\/wp\/v2\/types\/page"}],"author":[{"embeddable":true,"href":"https:\/\/blogsaverroes.juntadeandalucia.es\/plurilinguismodelegacionjaen\/wp-json\/wp\/v2\/users\/6890"}],"replies":[{"embeddable":true,"href":"https:\/\/blogsaverroes.juntadeandalucia.es\/plurilinguismodelegacionjaen\/wp-json\/wp\/v2\/comments?post=3779"}],"version-history":[{"count":8,"href":"https:\/\/blogsaverroes.juntadeandalucia.es\/plurilinguismodelegacionjaen\/wp-json\/wp\/v2\/pages\/3779\/revisions"}],"predecessor-version":[{"id":4057,"href":"https:\/\/blogsaverroes.juntadeandalucia.es\/plurilinguismodelegacionjaen\/wp-json\/wp\/v2\/pages\/3779\/revisions\/4057"}],"wp:attachment":[{"href":"https:\/\/blogsaverroes.juntadeandalucia.es\/plurilinguismodelegacionjaen\/wp-json\/wp\/v2\/media?parent=3779"}],"curies":[{"name":"wp","href":"https:\/\/api.w.org\/{rel}","templated":true}]}}