{"id":4043,"date":"2020-09-29T18:43:39","date_gmt":"2020-09-29T18:43:39","guid":{"rendered":"https:\/\/blogsaverroes.juntadeandalucia.es\/plurilinguismodelegacionjaen\/?page_id=4043"},"modified":"2020-09-29T18:43:39","modified_gmt":"2020-09-29T18:43:39","slug":"tramites-auxiliar-conversacion-ministerio","status":"publish","type":"page","link":"https:\/\/blogsaverroes.juntadeandalucia.es\/plurilinguismodelegacionjaen\/tramites-auxiliar-conversacion-ministerio\/","title":{"rendered":"Tr\u00e1mites Auxiliar Conversaci\u00f3n Ministerio"},"content":{"rendered":"<p>La siguiente presentaci\u00f3n recoge las instrucciones a seguir por un centro educativo con un\/ una auxiliar de conversaci\u00f3n del cupo Ministerio de Educaci\u00f3n y Formaci\u00f3n Profesional (MEFP).<a href=\"https:\/\/blogsaverroes.juntadeandalucia.es\/plurilinguismodelegacionjaen\/files\/2020\/09\/Tramites-AACC-MEFP-20-21.pdf\"><img loading=\"lazy\" decoding=\"async\" class=\"alignnone wp-image-4037 size-medium\" src=\"https:\/\/blogsaverroes.juntadeandalucia.es\/plurilinguismodelegacionjaen\/files\/2020\/09\/Tramites-AACC-MEFP-20-21-300x169.png\" alt=\"\" width=\"300\" height=\"169\" srcset=\"https:\/\/blogsaverroes.juntadeandalucia.es\/plurilinguismodelegacionjaen\/files\/2020\/09\/Tramites-AACC-MEFP-20-21-300x169.png 300w, https:\/\/blogsaverroes.juntadeandalucia.es\/plurilinguismodelegacionjaen\/files\/2020\/09\/Tramites-AACC-MEFP-20-21-1024x576.png 1024w, https:\/\/blogsaverroes.juntadeandalucia.es\/plurilinguismodelegacionjaen\/files\/2020\/09\/Tramites-AACC-MEFP-20-21-768x432.png 768w, https:\/\/blogsaverroes.juntadeandalucia.es\/plurilinguismodelegacionjaen\/files\/2020\/09\/Tramites-AACC-MEFP-20-21-1536x864.png 1536w, https:\/\/blogsaverroes.juntadeandalucia.es\/plurilinguismodelegacionjaen\/files\/2020\/09\/Tramites-AACC-MEFP-20-21-24x14.png 24w, https:\/\/blogsaverroes.juntadeandalucia.es\/plurilinguismodelegacionjaen\/files\/2020\/09\/Tramites-AACC-MEFP-20-21-36x20.png 36w, https:\/\/blogsaverroes.juntadeandalucia.es\/plurilinguismodelegacionjaen\/files\/2020\/09\/Tramites-AACC-MEFP-20-21-48x27.png 48w, https:\/\/blogsaverroes.juntadeandalucia.es\/plurilinguismodelegacionjaen\/files\/2020\/09\/Tramites-AACC-MEFP-20-21.png 1600w\" sizes=\"(max-width: 300px) 100vw, 300px\" \/><\/a><\/p>\n","protected":false},"excerpt":{"rendered":"<p>La siguiente presentaci\u00f3n recoge las instrucciones a seguir por un centro educativo con un\/ una auxiliar de conversaci\u00f3n del cupo Ministerio de Educaci\u00f3n y Formaci\u00f3n Profesional (MEFP).<\/p>\n","protected":false},"author":6890,"featured_media":0,"parent":0,"menu_order":0,"comment_status":"closed","ping_status":"closed","template":"","meta":{"ngg_post_thumbnail":0,"footnotes":"","_mc_calendar":[]},"aioseo_notices":[],"_links":{"self":[{"href":"https:\/\/blogsaverroes.juntadeandalucia.es\/plurilinguismodelegacionjaen\/wp-json\/wp\/v2\/pages\/4043"}],"collection":[{"href":"https:\/\/blogsaverroes.juntadeandalucia.es\/plurilinguismodelegacionjaen\/wp-json\/wp\/v2\/pages"}],"about":[{"href":"https:\/\/blogsaverroes.juntadeandalucia.es\/plurilinguismodelegacionjaen\/wp-json\/wp\/v2\/types\/page"}],"author":[{"embeddable":true,"href":"https:\/\/blogsaverroes.juntadeandalucia.es\/plurilinguismodelegacionjaen\/wp-json\/wp\/v2\/users\/6890"}],"replies":[{"embeddable":true,"href":"https:\/\/blogsaverroes.juntadeandalucia.es\/plurilinguismodelegacionjaen\/wp-json\/wp\/v2\/comments?post=4043"}],"version-history":[{"count":1,"href":"https:\/\/blogsaverroes.juntadeandalucia.es\/plurilinguismodelegacionjaen\/wp-json\/wp\/v2\/pages\/4043\/revisions"}],"predecessor-version":[{"id":4044,"href":"https:\/\/blogsaverroes.juntadeandalucia.es\/plurilinguismodelegacionjaen\/wp-json\/wp\/v2\/pages\/4043\/revisions\/4044"}],"wp:attachment":[{"href":"https:\/\/blogsaverroes.juntadeandalucia.es\/plurilinguismodelegacionjaen\/wp-json\/wp\/v2\/media?parent=4043"}],"curies":[{"name":"wp","href":"https:\/\/api.w.org\/{rel}","templated":true}]}}