{"id":4077,"date":"2020-11-23T18:03:16","date_gmt":"2020-11-23T18:03:16","guid":{"rendered":"https:\/\/blogsaverroes.juntadeandalucia.es\/plurilinguismodelegacionjaen\/?page_id=4077"},"modified":"2021-03-24T08:48:10","modified_gmt":"2021-03-24T08:48:10","slug":"pale-2020-2021","status":"publish","type":"page","link":"https:\/\/blogsaverroes.juntadeandalucia.es\/plurilinguismodelegacionjaen\/pale-2020-2021\/","title":{"rendered":"PALE 2020\/2021"},"content":{"rendered":"<p style=\"text-align: center\">CENTROS SELECCIONADOS PARA EL PROGRAMA DE ACOMPA\u00d1AMIENTO EN LA LENGUA EXTRANJERA (PALE) 2020\/2021<\/p>\n<table style=\"border-collapse: collapse;width: 100%;height: 216px\">\n<tbody>\n<tr style=\"height: 24px\">\n<td style=\"width: 19.370860927152318%;text-align: center;height: 24px\"><strong>C\u00d3DIGO<\/strong><\/td>\n<td style=\"width: 30.629139072847682%;text-align: center;height: 24px\"><strong>DENOMACI\u00d3N<\/strong><\/td>\n<td style=\"width: 25%;text-align: center;height: 24px\"><strong>LOCALIDAD<\/strong><\/td>\n<td style=\"width: 25%;text-align: center;height: 24px\"><strong>N\u00daMEROS DE GRUPOS<\/strong><\/td>\n<\/tr>\n<tr style=\"height: 24px\">\n<td style=\"width: 19.370860927152318%;height: 24px;text-align: center\">23000982<\/td>\n<td style=\"width: 30.629139072847682%;height: 24px;text-align: center\">CEPR V\u00cdCTOR GARC\u00cdA HOZ<\/td>\n<td style=\"width: 25%;height: 24px;text-align: center\">BEAS DE SEGURA<\/td>\n<td style=\"width: 25%;height: 24px;text-align: center\">2<\/td>\n<\/tr>\n<tr style=\"height: 24px\">\n<td style=\"width: 19.370860927152318%;height: 24px;text-align: center\">23001299<\/td>\n<td style=\"width: 30.629139072847682%;height: 24px;text-align: center\">CEIP NAVAS DE TOLOSA<\/td>\n<td style=\"width: 25%;height: 24px;text-align: center\">NAVAS DE TOLOSA<\/td>\n<td style=\"width: 25%;height: 24px;text-align: center\">1<\/td>\n<\/tr>\n<tr style=\"height: 24px\">\n<td style=\"width: 19.370860927152318%;height: 24px;text-align: center\">23001603<\/td>\n<td style=\"width: 30.629139072847682%;height: 24px;text-align: center\">CEIP REAL MENTESA<\/td>\n<td style=\"width: 25%;height: 24px;text-align: center\">LA GUARDIA DE JA\u00c9N<\/td>\n<td style=\"width: 25%;height: 24px;text-align: center\">3<\/td>\n<\/tr>\n<tr style=\"height: 24px\">\n<td style=\"width: 19.370860927152318%;height: 24px;text-align: center\">23002784<\/td>\n<td style=\"width: 30.629139072847682%;height: 24px;text-align: center\">CEIP TETU\u00c1N<\/td>\n<td style=\"width: 25%;height: 24px;text-align: center\">LINARES<\/td>\n<td style=\"width: 25%;height: 24px;text-align: center\">2<\/td>\n<\/tr>\n<tr style=\"height: 24px\">\n<td style=\"width: 19.370860927152318%;height: 24px;text-align: center\">23003478<\/td>\n<td style=\"width: 30.629139072847682%;height: 24px;text-align: center\">CEIP SANTIAGO AP\u00d3STOL<\/td>\n<td style=\"width: 25%;height: 24px;text-align: center\">SANTIAGO DE CALATRAVA<\/td>\n<td style=\"width: 25%;height: 24px;text-align: center\">2<\/td>\n<\/tr>\n<tr style=\"height: 24px\">\n<td style=\"width: 19.370860927152318%;height: 24px;text-align: center\">23004057<\/td>\n<td style=\"width: 30.629139072847682%;height: 24px;text-align: center\">CEIP AZNAIT\u00cdN<\/td>\n<td style=\"width: 25%;height: 24px;text-align: center\">TORRES<\/td>\n<td style=\"width: 25%;height: 24px;text-align: center\">1<\/td>\n<\/tr>\n<tr style=\"height: 24px\">\n<td style=\"width: 19.370860927152318%;height: 24px;text-align: center\">23005487<\/td>\n<td style=\"width: 30.629139072847682%;height: 24px;text-align: center\">CEIP SAN MIGUEL<\/td>\n<td style=\"width: 25%;height: 24px;text-align: center\">TORREDELCAMPO<\/td>\n<td style=\"width: 25%;height: 24px;text-align: center\">2<\/td>\n<\/tr>\n<tr style=\"height: 24px\">\n<td style=\"width: 19.370860927152318%;height: 24px;text-align: center\">23601281<\/td>\n<td style=\"width: 30.629139072847682%;height: 24px;text-align: center\">CPR STA. M\u00aa DE LA PE\u00d1A<\/td>\n<td style=\"width: 25%;height: 24px;text-align: center\">ORCERA, BENATAE, SEGURA<\/td>\n<td style=\"width: 25%;height: 24px;text-align: center\">3<\/td>\n<\/tr>\n<\/tbody>\n<\/table>\n<p>Se puede consultar en el siguiente enlace:<\/p>\n<p><a href=\"https:\/\/blogsaverroes.juntadeandalucia.es\/plurilinguismodelegacionjaen\/files\/2020\/11\/Resoluci\u00f3n_PALE_Ja\u00e9n_2020F.pdf\">Resoluci\u00f3n de 19 de noviembre de 2020,<\/a> de la Direcci\u00f3n General de Atenci\u00f3n a la Diversidad, Participaci\u00f3n y Convivencia escolar, por la que se aprueba la relaci\u00f3n de centros participantes en el programa de acompa\u00f1amiento escolar en lengua extranjera (PALE) durante el curso 2020\/2021.<\/p>\n<p><a href=\"https:\/\/blogsaverroes.juntadeandalucia.es\/plurilinguismodelegacionjaen\/files\/2021\/03\/Anexo-I-Centros-autorizados-en-la-provincia-de-Ja\u00e9n.pdf\">RESOLUCI\u00d3N DE 22 DE MARZO DE 2021<\/a>,&nbsp; de la Direcci\u00f3n General de Atenci\u00f3n a la Diversidad, Participaci\u00f3n y Convivencia escolar, por la que&nbsp; se aprueba&nbsp; la relacion de centros participantes en el programa de acompa\u00f1amiento escolar en lengua extranjera (PALE) durante el curso 20\/21.<\/p>\n","protected":false},"excerpt":{"rendered":"<p>CENTROS SELECCIONADOS PARA EL PROGRAMA DE ACOMPA\u00d1AMIENTO EN LA LENGUA EXTRANJERA (PALE) 2020\/2021 C\u00d3DIGO DENOMACI\u00d3N LOCALIDAD N\u00daMEROS DE GRUPOS 23000982 CEPR V\u00cdCTOR GARC\u00cdA HOZ BEAS DE SEGURA 2 23001299 CEIP NAVAS DE TOLOSA NAVAS&#46;&#46;&#46;<\/p>\n","protected":false},"author":6890,"featured_media":0,"parent":0,"menu_order":0,"comment_status":"closed","ping_status":"closed","template":"","meta":{"ngg_post_thumbnail":0,"footnotes":"","_mc_calendar":[]},"aioseo_notices":[],"_links":{"self":[{"href":"https:\/\/blogsaverroes.juntadeandalucia.es\/plurilinguismodelegacionjaen\/wp-json\/wp\/v2\/pages\/4077"}],"collection":[{"href":"https:\/\/blogsaverroes.juntadeandalucia.es\/plurilinguismodelegacionjaen\/wp-json\/wp\/v2\/pages"}],"about":[{"href":"https:\/\/blogsaverroes.juntadeandalucia.es\/plurilinguismodelegacionjaen\/wp-json\/wp\/v2\/types\/page"}],"author":[{"embeddable":true,"href":"https:\/\/blogsaverroes.juntadeandalucia.es\/plurilinguismodelegacionjaen\/wp-json\/wp\/v2\/users\/6890"}],"replies":[{"embeddable":true,"href":"https:\/\/blogsaverroes.juntadeandalucia.es\/plurilinguismodelegacionjaen\/wp-json\/wp\/v2\/comments?post=4077"}],"version-history":[{"count":5,"href":"https:\/\/blogsaverroes.juntadeandalucia.es\/plurilinguismodelegacionjaen\/wp-json\/wp\/v2\/pages\/4077\/revisions"}],"predecessor-version":[{"id":4145,"href":"https:\/\/blogsaverroes.juntadeandalucia.es\/plurilinguismodelegacionjaen\/wp-json\/wp\/v2\/pages\/4077\/revisions\/4145"}],"wp:attachment":[{"href":"https:\/\/blogsaverroes.juntadeandalucia.es\/plurilinguismodelegacionjaen\/wp-json\/wp\/v2\/media?parent=4077"}],"curies":[{"name":"wp","href":"https:\/\/api.w.org\/{rel}","templated":true}]}}