{"id":4274,"date":"2021-07-14T06:19:12","date_gmt":"2021-07-14T06:19:12","guid":{"rendered":"https:\/\/blogsaverroes.juntadeandalucia.es\/plurilinguismodelegacionjaen\/?page_id=4274"},"modified":"2021-09-08T15:11:29","modified_gmt":"2021-09-08T15:11:29","slug":"curso-2021-2022","status":"publish","type":"page","link":"https:\/\/blogsaverroes.juntadeandalucia.es\/plurilinguismodelegacionjaen\/curso-2021-2022\/","title":{"rendered":"Curso 2021\/2022"},"content":{"rendered":"<p><strong>AULA CONFUCIO<\/strong><\/p>\n<p><a href=\"https:\/\/blogsaverroes.juntadeandalucia.es\/plurilinguismodelegacionjaen\/files\/2021\/07\/INSTRUCCI\u00d3N-10_2021-DE-14-DE-JUNIO-PARA-EL-DESARROLLO-DEL-PROGRAMA-DE-AULAS-CONFUCIO-_21_22F.pdf\"><strong>Instrucci\u00f3n 10\/2021 de 14 de junio<\/strong><\/a>, de la Direcci\u00f3n General de Ordenaci\u00f3n y Evaluaci\u00f3n Educativa, para el desarrollo del programa de Aulas Confucio de ense\u00f1anza de la lengua, el arte y la cultura chinas en centros docentes p\u00fablicos andaluces de educaci\u00f3n primaria y secundaria para el curso 2021\/2022.<\/p>\n<p><strong>BACHILLERATO INTERNACIONAL<\/strong><\/p>\n<p><a href=\"https:\/\/blogsaverroes.juntadeandalucia.es\/plurilinguismodelegacionjaen\/files\/2021\/07\/INSTRUCCI\u00d3N-10_2021-DE-14-DE-JUNIO-PARA-EL-DESARROLLO-DEL-PROGRAMA-DE-AULAS-CONFUCIO-_21_22F.pdf\"><strong>Resoluci\u00f3n de 29 de enero de 2021<\/strong><\/a>,&nbsp;conjunta de la Direcci\u00f3n General de Ordenaci\u00f3n y Evaluaci\u00f3n Educativa y de la Direcci\u00f3n General de Planificaci\u00f3n y Centros, por la que se dictan instrucciones para regular la compatibilidad de las ense\u00f1anzas de Bachillerato y el Programa del Diploma del Bachillerato Internacional en centros docentes de titularidad p\u00fablica en Andaluc\u00eda para el curso 2021\/2022.<\/p>\n<p><strong>ENSE\u00d1ANZA BILING\u00dcE<\/strong><\/p>\n<p><a href=\"https:\/\/blogsaverroes.juntadeandalucia.es\/plurilinguismodelegacionjaen\/files\/2021\/07\/Instrucci\u00f3n-12_2021-ense\u00f1anza-biling\u00fceF.pdf\"><strong>Instrucci\u00f3n 12\/2021, de 15 de julio<\/strong><\/a>, de la Direcci\u00f3n General de Ordenaci\u00f3n y Evaluaci\u00f3n Educativa, sobre la Organizaci\u00f3n y Funcionamiento de la Ense\u00f1anza Biling\u00fce eb los centros andaluces para el curso 2021\/2022. (<a href=\"https:\/\/blogsaverroes.juntadeandalucia.es\/plurilinguismodelegacionjaen\/files\/2021\/07\/Instrucci\u00f3n-12\uf0222021.pdf\">presentaci\u00f3n<\/a>).<\/p>\n<p><strong>AUXILIARES DE CONVERSACI\u00d3N<\/strong><\/p>\n<p><a href=\"https:\/\/blogsaverroes.juntadeandalucia.es\/plurilinguismodelegacionjaen\/files\/2021\/09\/Instrucciones-de-Auxiliares-de-Conversaci\u00f3n-Curso-2021_2022F.pdf\"><strong>Intrucci\u00f3n 15\/2021<\/strong><\/a>, de 7 de septiembre, de la Direcci\u00f3n General de Ordenaci\u00f3n Educativa, sobre auxiliares de conversaci\u00f3n para el curso escolar 2021\/2022.<\/p>\n<p>&nbsp;<\/p>\n","protected":false},"excerpt":{"rendered":"<p>AULA CONFUCIO Instrucci\u00f3n 10\/2021 de 14 de junio, de la Direcci\u00f3n General de Ordenaci\u00f3n y Evaluaci\u00f3n Educativa, para el desarrollo del programa de Aulas Confucio de ense\u00f1anza de la lengua, el arte y la&#46;&#46;&#46;<\/p>\n","protected":false},"author":6890,"featured_media":0,"parent":0,"menu_order":0,"comment_status":"closed","ping_status":"closed","template":"","meta":{"ngg_post_thumbnail":0,"footnotes":"","_mc_calendar":[]},"aioseo_notices":[],"_links":{"self":[{"href":"https:\/\/blogsaverroes.juntadeandalucia.es\/plurilinguismodelegacionjaen\/wp-json\/wp\/v2\/pages\/4274"}],"collection":[{"href":"https:\/\/blogsaverroes.juntadeandalucia.es\/plurilinguismodelegacionjaen\/wp-json\/wp\/v2\/pages"}],"about":[{"href":"https:\/\/blogsaverroes.juntadeandalucia.es\/plurilinguismodelegacionjaen\/wp-json\/wp\/v2\/types\/page"}],"author":[{"embeddable":true,"href":"https:\/\/blogsaverroes.juntadeandalucia.es\/plurilinguismodelegacionjaen\/wp-json\/wp\/v2\/users\/6890"}],"replies":[{"embeddable":true,"href":"https:\/\/blogsaverroes.juntadeandalucia.es\/plurilinguismodelegacionjaen\/wp-json\/wp\/v2\/comments?post=4274"}],"version-history":[{"count":5,"href":"https:\/\/blogsaverroes.juntadeandalucia.es\/plurilinguismodelegacionjaen\/wp-json\/wp\/v2\/pages\/4274\/revisions"}],"predecessor-version":[{"id":4313,"href":"https:\/\/blogsaverroes.juntadeandalucia.es\/plurilinguismodelegacionjaen\/wp-json\/wp\/v2\/pages\/4274\/revisions\/4313"}],"wp:attachment":[{"href":"https:\/\/blogsaverroes.juntadeandalucia.es\/plurilinguismodelegacionjaen\/wp-json\/wp\/v2\/media?parent=4274"}],"curies":[{"name":"wp","href":"https:\/\/api.w.org\/{rel}","templated":true}]}}