{"id":4288,"date":"2021-07-20T11:38:24","date_gmt":"2021-07-20T11:38:24","guid":{"rendered":"https:\/\/blogsaverroes.juntadeandalucia.es\/plurilinguismodelegacionjaen\/?page_id=4288"},"modified":"2023-10-10T06:39:18","modified_gmt":"2023-10-10T06:39:18","slug":"centros-de-titularidad-privada-bilingues","status":"publish","type":"page","link":"https:\/\/blogsaverroes.juntadeandalucia.es\/plurilinguismodelegacionjaen\/centros-de-titularidad-privada-bilingues\/","title":{"rendered":"Cronograma de actuaciones Centros de Titularidad PRIVADA"},"content":{"rendered":"<p style=\"text-align: center\"><span style=\"color: #000000\"><span style=\"font-family: Source Sans Pro, sans-serif\"><span style=\"font-size: small\"><b>CENTROS DE TITULARIDAD PRIVADA BILING\u00dcES<\/b><\/span><\/span><\/span><\/p>\n<p align=\"center\"><span style=\"color: #000000\"><span style=\"font-family: Source Sans Pro, sans-serif\"><span style=\"font-size: small\"><b>CRONOGRAMA DE ACTUACIONES RELACIONADAS CON LA ENSE\u00d1ANZA BILING\u00dcE<\/b><\/span><\/span><\/span><\/p>\n<p align=\"center\"><span style=\"color: #000000\"><span style=\"font-family: Source Sans Pro, sans-serif\"><span style=\"font-size: small\"><b>CURSO 2023\/2024<\/b><\/span><\/span><\/span><\/p>\n<table width=\"803\" cellspacing=\"0\" cellpadding=\"5\">\n<colgroup>\n<col width=\"296\">\n<col width=\"297\">\n<col width=\"178\"> <\/colgroup>\n<tbody>\n<tr valign=\"top\">\n<td bgcolor=\"#e6e6e6\" width=\"296\">\n<p class=\"western\"><span style=\"color: #000000\"><span style=\"font-family: Noto Sans HK Light, sans-serif\"><span style=\"font-size: small\"><b>ACTUACI\u00d3N<\/b><\/span><\/span><\/span><\/p>\n<\/td>\n<td bgcolor=\"#e6e6e6\" width=\"297\">\n<p class=\"western\"><span style=\"color: #000000\"><span style=\"font-family: Noto Sans HK Light, sans-serif\"><span style=\"font-size: small\"><b>PROCEDIMIENTO<\/b><\/span><\/span><\/span><\/p>\n<\/td>\n<td bgcolor=\"#e6e6e6\" width=\"178\">\n<p class=\"western\"><span style=\"color: #000000\"><span style=\"font-family: Noto Sans HK Light, sans-serif\"><span style=\"font-size: small\"><b>FECHA L\u00cdMITE<\/b><\/span><\/span><\/span><\/p>\n<\/td>\n<\/tr>\n<tr valign=\"top\">\n<td width=\"296\">\n<p class=\"western\"><span style=\"font-family: Noto Sans HK Light, sans-serif\"><span style=\"font-size: small\">Autorizaci\u00f3n de nuevas incorporaciones de profesorado<\/span><\/span><\/p>\n<\/td>\n<td width=\"297\">\n<p class=\"western\"><span style=\"font-family: Noto Sans HK Light, sans-serif\"><span style=\"font-size: small\"><b>CDP <\/b><b>concertados<\/b><b>: <\/b>Solicitud de docencia biling\u00fce a trav\u00e9s de S\u00e9neca<\/span><\/span><\/p>\n<p class=\"western\"><span style=\"font-family: Noto Sans HK Light, sans-serif\"><span style=\"font-size: small\"><b>Centros privados:<\/b> Solicitud al Servicio de Ordenaci\u00f3n Educativa de la DT<\/span><\/span><\/p>\n<\/td>\n<td width=\"178\">\n<p class=\"western\"><span style=\"color: #000000\"><span style=\"font-family: Noto Sans HK Light, sans-serif\"><span style=\"font-size: small\">Antes del 10 de septiembre de 2023<\/span><\/span><\/span><\/p>\n<\/td>\n<\/tr>\n<tr valign=\"top\">\n<td width=\"296\">\n<p class=\"western\"><span style=\"font-family: Noto Sans HK Light, sans-serif\"><span style=\"font-size: small\"><span style=\"color: #000000\">C<\/span><span style=\"color: #000000\">omprobaci\u00f3n de la atribuci\u00f3n docente del profesorado nuevo que se incorpora a la ense\u00f1anza biling\u00fce <\/span><\/span><\/span><\/p>\n<\/td>\n<td width=\"297\">\n<p class=\"western\"><span style=\"font-family: Noto Sans HK Light, sans-serif\"><span style=\"font-size: small\"><span style=\"color: #000000\"><b>CDP concertados: <\/b><\/span><span style=\"color: #000000\">C<\/span><span style=\"color: #000000\">omunicaci\u00f3n al Servicio de Ordenaci\u00f3n Educativa de la Delegaci\u00f3n Territorial de la relaci\u00f3n de profesorado de nueva incorporaci\u00f3n <\/span><\/span><\/span><\/p>\n<\/td>\n<td width=\"178\">\n<p class=\"western\"><span style=\"color: #000000\"><span style=\"font-family: Noto Sans HK Light, sans-serif\"><span style=\"font-size: small\">Antes del comienzo del curso escolar<\/span><\/span><\/span><\/p>\n<\/td>\n<\/tr>\n<tr valign=\"top\">\n<td width=\"296\">\n<p class=\"western\"><span style=\"color: #000000\"><span style=\"font-family: Noto Sans HK Light, sans-serif\"><span style=\"font-size: small\"><b>Grabaci\u00f3n de datos de la ense\u00f1anza biling\u00fce <\/b>en S\u00e9neca<\/span><\/span><\/span><\/p>\n<\/td>\n<td width=\"297\">\n<p class=\"western\"><span style=\"color: #000000\"><span style=\"font-family: Noto Sans HK Light, sans-serif\"><span style=\"font-size: small\">Grabaci\u00f3n en S\u00e9neca<\/span><\/span><\/span><\/p>\n<\/td>\n<td width=\"178\">\n<p class=\"western\"><span style=\"font-family: Noto Sans HK Light, sans-serif\"><span style=\"font-size: small\"><b><span style=\"color: #000000\">Del 1 al 30 de octubre de 202<\/span><span style=\"color: #000000\">3<\/span><\/b><\/span><\/span><\/p>\n<\/td>\n<\/tr>\n<tr valign=\"top\">\n<td width=\"296\">\n<p class=\"western\"><span style=\"color: #000000\"><span style=\"font-family: Noto Sans HK Light, sans-serif\"><span style=\"font-size: small\">Implementaci\u00f3n del PEL<\/span><\/span><\/span><\/p>\n<\/td>\n<td width=\"297\">\n<p class=\"western\"><span style=\"color: #000000\"><span style=\"font-family: Noto Sans HK Light, sans-serif\"><span style=\"font-size: small\">Cumplimentaci\u00f3n del cuestionario en S\u00e9neca<\/span><\/span><\/span><\/p>\n<\/td>\n<td width=\"178\">\n<p class=\"western\"><span style=\"font-family: Noto Sans HK Light, sans-serif\"><span style=\"font-size: small\"><span style=\"color: #000000\">Del 1 al 30 de octubre de 202<\/span><span style=\"color: #000000\">3<\/span><\/span><\/span><\/p>\n<\/td>\n<\/tr>\n<tr valign=\"top\">\n<td width=\"296\">\n<p class=\"western\"><span style=\"font-family: Noto Sans HK Light, sans-serif\"><span style=\"font-size: small\"><span style=\"color: #000000\"><b>A<\/b><\/span><span style=\"color: #000000\"><b>utorizaci\u00f3n de nuevos centros <\/b><\/span><span style=\"color: #000000\"><b>biling\u00fces <\/b><\/span><span style=\"color: #000000\"><b>y de nuevas etapas educativas <\/b><\/span><span style=\"color: #000000\">incluidas en la oferta del centro para el <\/span><span style=\"color: #000000\">curso 202<\/span><span style=\"color: #000000\">3<\/span><span style=\"color: #000000\">-2<\/span><span style=\"color: #000000\">4<\/span> <\/span><\/span><\/p>\n<\/td>\n<td width=\"297\">\n<p class=\"western\"><span style=\"color: #000000\"><span style=\"font-family: Noto Sans HK Light, sans-serif\"><span style=\"font-size: small\">Solicitud del centro al Servicio de Ordenaci\u00f3n Educativa de la DT<\/span><\/span><\/span><\/p>\n<\/td>\n<td width=\"178\">\n<p class=\"western\"><span style=\"font-family: Noto Sans HK Light, sans-serif\"><span style=\"font-size: small\"><b><span style=\"color: #000000\">Con anterioridad al inicio del proceso de escolarizaci\u00f3n <\/span><span style=\"color: #000000\"><sup>(1)<\/sup><\/span><\/b><\/span><\/span><\/p>\n<\/td>\n<\/tr>\n<tr valign=\"top\">\n<td width=\"296\">\n<p class=\"western\"><span style=\"color: #000000\"><span style=\"font-family: Noto Sans HK Light, sans-serif\"><span style=\"font-size: small\">Implementaci\u00f3n del PEL<\/span><\/span><\/span><\/p>\n<\/td>\n<td width=\"297\">\n<p class=\"western\"><span style=\"color: #000000\"><span style=\"font-family: Noto Sans HK Light, sans-serif\"><span style=\"font-size: small\">Cumplimentaci\u00f3n del cuestionario en S\u00e9neca<\/span><\/span><\/span><\/p>\n<\/td>\n<td width=\"178\">\n<p class=\"western\"><span style=\"font-family: Noto Sans HK Light, sans-serif\"><span style=\"font-size: small\"><span style=\"color: #000000\">Del 1<\/span><span style=\"color: #000000\">5<\/span><span style=\"color: #000000\"> al 30 de <\/span><span style=\"color: #000000\">junio<\/span><span style=\"color: #000000\"> de 202<\/span><span style=\"color: #000000\">4<\/span><\/span><\/span><\/p>\n<\/td>\n<\/tr>\n<tr valign=\"top\">\n<td width=\"296\">\n<p class=\"western\"><span style=\"color: #000000\"><span style=\"font-family: Noto Sans HK Light, sans-serif\"><span style=\"font-size: small\"><b>Correcci\u00f3n de incidencias en los datos de la ense\u00f1anza biling\u00fce <\/b>grabados en S\u00e9neca<\/span><\/span><\/span><\/p>\n<\/td>\n<td width=\"297\">\n<p class=\"western\"><span style=\"color: #000000\"><span style=\"font-family: Noto Sans HK Light, sans-serif\"><span style=\"font-size: small\">Grabaci\u00f3n en S\u00e9neca<\/span><\/span><\/span><\/p>\n<\/td>\n<td width=\"178\">\n<p class=\"western\"><span style=\"color: #000000\"><span style=\"font-family: Noto Sans HK Light, sans-serif\"><span style=\"font-size: small\"><b>Del 15 al 30 de junio de 2024<\/b><\/span><\/span><\/span><\/p>\n<\/td>\n<\/tr>\n<tr valign=\"top\">\n<td width=\"296\">\n<p class=\"western\"><span style=\"color: #000000\"><span style=\"font-family: Noto Sans HK Light, sans-serif\"><span style=\"font-size: small\">Memoria final de la ense\u00f1anza biling\u00fce, curso 2023-24<\/span><\/span><\/span><\/p>\n<\/td>\n<td width=\"297\">\n<p class=\"western\"><span style=\"color: #000000\"><span style=\"font-family: Noto Sans HK Light, sans-serif\"><span style=\"font-size: small\">Cumplimentaci\u00f3n del cuestionario en S\u00e9neca<\/span><\/span><\/span><\/p>\n<\/td>\n<td width=\"178\">\n<p class=\"western\"><span style=\"color: #000000\"><span style=\"font-family: Noto Sans HK Light, sans-serif\"><span style=\"font-size: small\">Del 1 al 30 de junio de 2024<\/span><\/span><\/span><\/p>\n<\/td>\n<\/tr>\n<\/tbody>\n<\/table>\n<ol>\n<li>\n<p align=\"justify\"><span style=\"color: #000000\"><span style=\"font-family: Source Sans Pro, sans-serif\"><span style=\"font-size: small\"><b>Aunque la Orden de 29 de junio de 2011 y la Instrucci\u00f3n 21\/2022 de 21 de julio no establece un plazo concreto, las solicitudes deben dirigirse a la DT con la suficiente antelaci\u00f3n que permita su gesti\u00f3n y resoluci\u00f3n con anterioridad al inicio del per\u00edodo de escolarizaci\u00f3n. <\/b><\/span><\/span><\/span><\/p>\n<\/li>\n<\/ol>\n","protected":false},"excerpt":{"rendered":"<p>CENTROS DE TITULARIDAD PRIVADA BILING\u00dcES CRONOGRAMA DE ACTUACIONES RELACIONADAS CON LA ENSE\u00d1ANZA BILING\u00dcE CURSO 2023\/2024 ACTUACI\u00d3N PROCEDIMIENTO FECHA L\u00cdMITE Autorizaci\u00f3n de nuevas incorporaciones de profesorado CDP concertados: Solicitud de docencia biling\u00fce a trav\u00e9s de&#46;&#46;&#46;<\/p>\n","protected":false},"author":6890,"featured_media":0,"parent":0,"menu_order":0,"comment_status":"closed","ping_status":"closed","template":"","meta":{"ngg_post_thumbnail":0,"footnotes":"","_mc_calendar":[]},"aioseo_notices":[],"_links":{"self":[{"href":"https:\/\/blogsaverroes.juntadeandalucia.es\/plurilinguismodelegacionjaen\/wp-json\/wp\/v2\/pages\/4288"}],"collection":[{"href":"https:\/\/blogsaverroes.juntadeandalucia.es\/plurilinguismodelegacionjaen\/wp-json\/wp\/v2\/pages"}],"about":[{"href":"https:\/\/blogsaverroes.juntadeandalucia.es\/plurilinguismodelegacionjaen\/wp-json\/wp\/v2\/types\/page"}],"author":[{"embeddable":true,"href":"https:\/\/blogsaverroes.juntadeandalucia.es\/plurilinguismodelegacionjaen\/wp-json\/wp\/v2\/users\/6890"}],"replies":[{"embeddable":true,"href":"https:\/\/blogsaverroes.juntadeandalucia.es\/plurilinguismodelegacionjaen\/wp-json\/wp\/v2\/comments?post=4288"}],"version-history":[{"count":7,"href":"https:\/\/blogsaverroes.juntadeandalucia.es\/plurilinguismodelegacionjaen\/wp-json\/wp\/v2\/pages\/4288\/revisions"}],"predecessor-version":[{"id":5344,"href":"https:\/\/blogsaverroes.juntadeandalucia.es\/plurilinguismodelegacionjaen\/wp-json\/wp\/v2\/pages\/4288\/revisions\/5344"}],"wp:attachment":[{"href":"https:\/\/blogsaverroes.juntadeandalucia.es\/plurilinguismodelegacionjaen\/wp-json\/wp\/v2\/media?parent=4288"}],"curies":[{"name":"wp","href":"https:\/\/api.w.org\/{rel}","templated":true}]}}