{"id":4410,"date":"2021-12-02T08:01:13","date_gmt":"2021-12-02T08:01:13","guid":{"rendered":"https:\/\/blogsaverroes.juntadeandalucia.es\/plurilinguismodelegacionjaen\/?page_id=4410"},"modified":"2021-12-02T08:01:13","modified_gmt":"2021-12-02T08:01:13","slug":"pale-2021-2022","status":"publish","type":"page","link":"https:\/\/blogsaverroes.juntadeandalucia.es\/plurilinguismodelegacionjaen\/pale-2021-2022\/","title":{"rendered":"PALE 2021\/2022"},"content":{"rendered":"<p style=\"text-align: center\">CENTROS SELECCIONADOS PARA EL PROGRAMA DE ACOMPA\u00d1AMIENTO EN LENGUA EXTRANJERA (PALE) 21\/22<\/p>\n<table style=\"border-collapse: collapse;width: 100%;height: 528px\">\n<tbody>\n<tr style=\"height: 24px\">\n<td style=\"width: 25%;text-align: center;height: 24px\">C\u00f3digo<\/td>\n<td style=\"width: 33.4399%;text-align: center;height: 24px\">Denominaci\u00f3n&nbsp;<\/td>\n<td style=\"width: 22.0588%;text-align: center;height: 24px\">Localidad<\/td>\n<td style=\"width: 19.5013%;text-align: center;height: 24px\">N\u00ba de grupos<\/td>\n<\/tr>\n<tr style=\"height: 24px\">\n<td style=\"width: 25%;height: 24px;text-align: center\">23000283<\/td>\n<td style=\"width: 33.4399%;height: 24px;text-align: center\">CEIP Virgen del Carmen<\/td>\n<td style=\"width: 22.0588%;height: 24px;text-align: center\">Alcaudete<\/td>\n<td style=\"width: 19.5013%;height: 24px;text-align: center\">2<\/td>\n<\/tr>\n<tr style=\"height: 24px\">\n<td style=\"width: 25%;height: 24px;text-align: center\">23001275<\/td>\n<td style=\"width: 33.4399%;height: 24px;text-align: center\">CEIP Palacios Rubio<\/td>\n<td style=\"width: 22.0588%;height: 24px;text-align: center\">La Carolina<\/td>\n<td style=\"width: 19.5013%;height: 24px;text-align: center\">3<\/td>\n<\/tr>\n<tr style=\"height: 24px\">\n<td style=\"width: 25%;height: 24px;text-align: center\">23001299<\/td>\n<td style=\"width: 33.4399%;height: 24px;text-align: center\">CEIP Navas de Tolosa<\/td>\n<td style=\"width: 22.0588%;height: 24px;text-align: center\">Navas de Tolosa<\/td>\n<td style=\"width: 19.5013%;height: 24px;text-align: center\">1<\/td>\n<\/tr>\n<tr style=\"height: 24px\">\n<td style=\"width: 25%;height: 24px;text-align: center\">23001329<\/td>\n<td style=\"width: 33.4399%;height: 24px;text-align: center\">CEIP Rom\u00e1n Crespo Hoyo<\/td>\n<td style=\"width: 22.0588%;height: 24px;text-align: center\">Castellar<\/td>\n<td style=\"width: 19.5013%;height: 24px;text-align: center\">3<\/td>\n<\/tr>\n<tr style=\"height: 24px\">\n<td style=\"width: 25%;height: 24px;text-align: center\">23001433<\/td>\n<td style=\"width: 33.4399%;height: 24px;text-align: center\">CEIP Santa Mar\u00eda de Nazaret<\/td>\n<td style=\"width: 22.0588%;height: 24px;text-align: center\">Chiclana de Seguridad<\/td>\n<td style=\"width: 19.5013%;height: 24px;text-align: center\">1<\/td>\n<\/tr>\n<tr style=\"height: 24px\">\n<td style=\"width: 25%;height: 24px;text-align: center\">23001603<\/td>\n<td style=\"width: 33.4399%;height: 24px;text-align: center\">CEIP Real Mentesa<\/td>\n<td style=\"width: 22.0588%;height: 24px;text-align: center\">La Guardia de Ja\u00e9n<\/td>\n<td style=\"width: 19.5013%;height: 24px;text-align: center\">3<\/td>\n<\/tr>\n<tr style=\"height: 24px\">\n<td style=\"width: 25%;height: 24px;text-align: center\">23002191<\/td>\n<td style=\"width: 33.4399%;height: 24px;text-align: center\">CEIP Mart\u00edn Noguera<\/td>\n<td style=\"width: 22.0588%;height: 24px;text-align: center\">Ja\u00e9n<\/td>\n<td style=\"width: 19.5013%;height: 24px;text-align: center\">1<\/td>\n<\/tr>\n<tr style=\"height: 24px\">\n<td style=\"width: 25%;height: 24px;text-align: center\">23002553<\/td>\n<td style=\"width: 33.4399%;height: 24px;text-align: center\">CEIP Ntra. Sra. de los Dolores<\/td>\n<td style=\"width: 22.0588%;height: 24px;text-align: center\">Larva<\/td>\n<td style=\"width: 19.5013%;height: 24px;text-align: center\">1<\/td>\n<\/tr>\n<tr style=\"height: 24px\">\n<td style=\"width: 25%;height: 24px;text-align: center\">23002784<\/td>\n<td style=\"width: 33.4399%;height: 24px;text-align: center\">CEIP Tetu\u00e1n<\/td>\n<td style=\"width: 22.0588%;height: 24px;text-align: center\">Linares<\/td>\n<td style=\"width: 19.5013%;height: 24px;text-align: center\">2<\/td>\n<\/tr>\n<tr style=\"height: 24px\">\n<td style=\"width: 25%;height: 24px;text-align: center\">23003090<\/td>\n<td style=\"width: 33.4399%;height: 24px;text-align: center\">CEIP San Amador<\/td>\n<td style=\"width: 22.0588%;height: 24px;text-align: center\">Martos<\/td>\n<td style=\"width: 19.5013%;height: 24px;text-align: center\">1<\/td>\n<\/tr>\n<tr style=\"height: 24px\">\n<td style=\"width: 25%;height: 24px;text-align: center\">23003260<\/td>\n<td style=\"width: 33.4399%;height: 24px;text-align: center\">CEIP Ntra. Sra. de Bel\u00e9n<\/td>\n<td style=\"width: 22.0588%;height: 24px;text-align: center\">Noalejo<\/td>\n<td style=\"width: 19.5013%;height: 24px;text-align: center\">2<\/td>\n<\/tr>\n<tr style=\"height: 24px\">\n<td style=\"width: 25%;height: 24px;text-align: center\">23003284<\/td>\n<td style=\"width: 33.4399%;height: 24px;text-align: center\">CEIP Ntra. Sra. de la Encarnaci\u00f3n<\/td>\n<td style=\"width: 22.0588%;height: 24px;text-align: center\">Peal de Becerro<\/td>\n<td style=\"width: 19.5013%;height: 24px;text-align: center\">2<\/td>\n<\/tr>\n<tr style=\"height: 24px\">\n<td style=\"width: 25%;height: 24px;text-align: center\">23003478<\/td>\n<td style=\"width: 33.4399%;height: 24px;text-align: center\">CEIP Santiago Ap\u00f3stol<\/td>\n<td style=\"width: 22.0588%;height: 24px;text-align: center\">Santiago de Calatrava<\/td>\n<td style=\"width: 19.5013%;height: 24px;text-align: center\">2<\/td>\n<\/tr>\n<tr style=\"height: 24px\">\n<td style=\"width: 25%;height: 24px;text-align: center\">23004057<\/td>\n<td style=\"width: 33.4399%;height: 24px;text-align: center\">CEIP Aznait\u00edn<\/td>\n<td style=\"width: 22.0588%;height: 24px;text-align: center\">Torres<\/td>\n<td style=\"width: 19.5013%;height: 24px;text-align: center\">1<\/td>\n<\/tr>\n<tr style=\"height: 24px\">\n<td style=\"width: 25%;height: 24px;text-align: center\">23005487<\/td>\n<td style=\"width: 33.4399%;height: 24px;text-align: center\">CEIP San Miguel<\/td>\n<td style=\"width: 22.0588%;height: 24px;text-align: center\">Torredelcampo<\/td>\n<td style=\"width: 19.5013%;height: 24px;text-align: center\">2<\/td>\n<\/tr>\n<tr style=\"height: 24px\">\n<td style=\"width: 25%;height: 24px;text-align: center\">23601102<\/td>\n<td style=\"width: 33.4399%;height: 24px;text-align: center\">CPR Sierra Sur<\/td>\n<td style=\"width: 22.0588%;height: 24px;text-align: center\">Santa Ana<\/td>\n<td style=\"width: 19.5013%;height: 24px;text-align: center\">2<\/td>\n<\/tr>\n<tr style=\"height: 24px\">\n<td style=\"width: 25%;height: 24px;text-align: center\">23601126<\/td>\n<td style=\"width: 33.4399%;height: 24px;text-align: center\">CPR El Collao<\/td>\n<td style=\"width: 22.0588%;height: 24px;text-align: center\">Torres de Alb\u00e1nchez<\/td>\n<td style=\"width: 19.5013%;height: 24px;text-align: center\">4<\/td>\n<\/tr>\n<tr style=\"height: 24px\">\n<td style=\"width: 25%;height: 24px;text-align: center\">23601138<\/td>\n<td style=\"width: 33.4399%;height: 24px;text-align: center\">CPR Alto Guadalquivir<\/td>\n<td style=\"width: 22.0588%;height: 24px;text-align: center\">Coto R\u00edos<\/td>\n<td style=\"width: 19.5013%;height: 24px;text-align: center\">2<\/td>\n<\/tr>\n<tr style=\"height: 24px\">\n<td style=\"width: 25%;height: 24px;text-align: center\">23601199<\/td>\n<td style=\"width: 33.4399%;height: 24px;text-align: center\">CPR La Vega<\/td>\n<td style=\"width: 22.0588%;height: 24px;text-align: center\">Solana de Torralba<\/td>\n<td style=\"width: 19.5013%;height: 24px;text-align: center\">1<\/td>\n<\/tr>\n<tr style=\"height: 24px\">\n<td style=\"width: 25%;height: 24px;text-align: center\">23601281<\/td>\n<td style=\"width: 33.4399%;height: 24px;text-align: center\">CPR Santa Mar\u00eda de la Pe\u00f1a<\/td>\n<td style=\"width: 22.0588%;height: 24px;text-align: center\">Orcera<\/td>\n<td style=\"width: 19.5013%;height: 24px;text-align: center\">3<\/td>\n<\/tr>\n<tr style=\"height: 24px\">\n<td style=\"width: 25%;height: 24px;text-align: center\">23601333<\/td>\n<td style=\"width: 33.4399%;height: 24px;text-align: center\">CEIP Ntra. Sra. de la Asunci\u00f3n<\/td>\n<td style=\"width: 22.0588%;height: 24px;text-align: center\">Hornos<\/td>\n<td style=\"width: 19.5013%;height: 24px;text-align: center\">1<\/td>\n<\/tr>\n<\/tbody>\n<\/table>\n<p>Se puede consultar ene l siguiente enlace:<\/p>\n<p><a href=\"https:\/\/blogsaverroes.juntadeandalucia.es\/plurilinguismodelegacionjaen\/files\/2021\/12\/2021-11-30-JA\u00c9N-PALE-2021_2022F.pdf\">Resoluci\u00f3n de 30 de noviembre de 2021<\/a>, de la Direcci\u00f3n General de Atenci\u00f3n a la Diversidad, Participaci\u00f3n y Convivencia escolar, por la que se aprueba la relaci\u00f3n de centros participantes en el Programa de Acompa\u00f1amiento Escolar en Lengua Extranjera (PALE) durante el curso 2021\/2022 para la Delegaci\u00f3n Territorial de Ja\u00e9n.<\/p>\n","protected":false},"excerpt":{"rendered":"<p>CENTROS SELECCIONADOS PARA EL PROGRAMA DE ACOMPA\u00d1AMIENTO EN LENGUA EXTRANJERA (PALE) 21\/22 C\u00f3digo Denominaci\u00f3n&nbsp; Localidad N\u00ba de grupos 23000283 CEIP Virgen del Carmen Alcaudete 2 23001275 CEIP Palacios Rubio La Carolina 3 23001299 CEIP&#46;&#46;&#46;<\/p>\n","protected":false},"author":6890,"featured_media":0,"parent":0,"menu_order":0,"comment_status":"closed","ping_status":"closed","template":"","meta":{"ngg_post_thumbnail":0,"footnotes":"","_mc_calendar":[]},"aioseo_notices":[],"_links":{"self":[{"href":"https:\/\/blogsaverroes.juntadeandalucia.es\/plurilinguismodelegacionjaen\/wp-json\/wp\/v2\/pages\/4410"}],"collection":[{"href":"https:\/\/blogsaverroes.juntadeandalucia.es\/plurilinguismodelegacionjaen\/wp-json\/wp\/v2\/pages"}],"about":[{"href":"https:\/\/blogsaverroes.juntadeandalucia.es\/plurilinguismodelegacionjaen\/wp-json\/wp\/v2\/types\/page"}],"author":[{"embeddable":true,"href":"https:\/\/blogsaverroes.juntadeandalucia.es\/plurilinguismodelegacionjaen\/wp-json\/wp\/v2\/users\/6890"}],"replies":[{"embeddable":true,"href":"https:\/\/blogsaverroes.juntadeandalucia.es\/plurilinguismodelegacionjaen\/wp-json\/wp\/v2\/comments?post=4410"}],"version-history":[{"count":1,"href":"https:\/\/blogsaverroes.juntadeandalucia.es\/plurilinguismodelegacionjaen\/wp-json\/wp\/v2\/pages\/4410\/revisions"}],"predecessor-version":[{"id":4412,"href":"https:\/\/blogsaverroes.juntadeandalucia.es\/plurilinguismodelegacionjaen\/wp-json\/wp\/v2\/pages\/4410\/revisions\/4412"}],"wp:attachment":[{"href":"https:\/\/blogsaverroes.juntadeandalucia.es\/plurilinguismodelegacionjaen\/wp-json\/wp\/v2\/media?parent=4410"}],"curies":[{"name":"wp","href":"https:\/\/api.w.org\/{rel}","templated":true}]}}