{"id":4898,"date":"2023-01-20T10:41:45","date_gmt":"2023-01-20T10:41:45","guid":{"rendered":"https:\/\/blogsaverroes.juntadeandalucia.es\/plurilinguismodelegacionjaen\/?page_id=4898"},"modified":"2023-05-09T10:35:29","modified_gmt":"2023-05-09T10:35:29","slug":"etwinning-3","status":"publish","type":"page","link":"https:\/\/blogsaverroes.juntadeandalucia.es\/plurilinguismodelegacionjaen\/etwinning-3\/","title":{"rendered":"eTwinning 22\/23"},"content":{"rendered":"<p><a href=\"https:\/\/blogsaverroes.juntadeandalucia.es\/plurilinguismodelegacionjaen\/files\/2023\/01\/etwinning.jpg\"><img loading=\"lazy\" decoding=\"async\" class=\"size-full wp-image-4895 aligncenter\" src=\"https:\/\/blogsaverroes.juntadeandalucia.es\/plurilinguismodelegacionjaen\/files\/2023\/01\/etwinning.jpg\" alt=\"\" width=\"300\" height=\"168\"><\/a><\/p>\n<ul>\n<li><strong>Centros andaluces que han resultado acreditados con el sello eTwinning School para los a\u00f1os 2023 y 2024. (Provincia de Ja\u00e9n)<\/strong><\/li>\n<\/ul>\n<p>IES J\u00e1ndula (And\u00fajar)<\/p>\n<p>Colegio Salesiano Sto. Domingo Savio (\u00dabeda)<\/p>\n<p>&nbsp;<\/p>\n<ul>\n<li><strong>Premio Europeo eTwinning 2023: Innovaci\u00f3n y Educaci\u00f3n,<\/strong><\/li>\n<\/ul>\n<p>La docente andaluza, Mercedes Casuso Quesada del IES J\u00e1ndula de And\u00fajar, Ja\u00e9n, con el proyecto <i>Myth&#8217;arts: myths in art and literature<\/i>, ganador de Premio Nacional y Europeo en 2021<\/p>\n<p>&nbsp;<\/p>\n<ul>\n<li><strong>Centros de la provincia de Ja\u00e9n que han conseguido Sellos de Calidad Nacional eTwinning 2022<\/strong><\/li>\n<\/ul>\n<p>En esta convocatoria han obtenido Sello de Calidad Nacional 164 docentes andaluces.<\/p>\n<p>En el siguiente enlace encontrar\u00e9is m\u00e1s informaci\u00f3n: <a class=\"moz-txt-link-freetext\" href=\"https:\/\/etwinning.es\/es\/materiales-de-ayuda\/ayuda-etwinning\/como-solicitar-el-sello-de-calidad-nacional\/\" target=\"_blank\" rel=\"noopener noreferrer\">https:\/\/etwinning.es\/es\/materiales-de-ayuda\/ayuda-etwinning\/como-solicitar-el-sello-de-calidad-nacional\/<\/a><\/p>\n<table style=\"border-collapse: collapse;width: 100%;height: 384px\">\n<tbody>\n<tr style=\"height: 24px\">\n<td style=\"width: 52.5149%;height: 24px;text-align: center\"><strong>Proyecto<\/strong><\/td>\n<td style=\"width: 31.2873%;height: 24px;text-align: center\"><strong>Centro<\/strong><\/td>\n<td style=\"width: 16.1977%;height: 24px;text-align: center\"><strong>Localidad<\/strong><\/td>\n<\/tr>\n<tr style=\"height: 72px\">\n<td style=\"width: 52.5149%;height: 72px;text-align: center\"><strong>Flipped Classroom strategy to fight against school absenteeism improving students motivation and performance<\/strong><\/td>\n<td style=\"width: 31.2873%;height: 72px;text-align: center\">I.E.S. Los Cerros<\/td>\n<td style=\"width: 16.1977%;height: 72px;text-align: center\">\u00dabeda<\/td>\n<\/tr>\n<tr style=\"height: 24px\">\n<td style=\"width: 52.5149%;height: 24px;text-align: center\"><strong>Youth and Values<\/strong><\/td>\n<td style=\"width: 31.2873%;height: 24px;text-align: center\">C.D.P.&nbsp; Santo Domingo Savio<\/td>\n<td style=\"width: 16.1977%;height: 24px;text-align: center\">\u00dabeda<\/td>\n<\/tr>\n<tr style=\"height: 24px\">\n<td style=\"width: 52.5149%;height: 24px;text-align: center\"><strong>Play and health<\/strong><\/td>\n<td style=\"width: 31.2873%;height: 24px;text-align: center\">I.E.S. Alhajar<\/td>\n<td style=\"width: 16.1977%;height: 24px;text-align: center\">Pegalajar<\/td>\n<\/tr>\n<tr style=\"height: 24px\">\n<td style=\"width: 52.5149%;height: 24px;text-align: center\"><strong>Compartiendo Culturas, Hacemos Amigos (3 proyectos)<\/strong><\/td>\n<td style=\"width: 31.2873%;height: 24px;text-align: center\">C.D.P. La Presentaci\u00f3n de Nuestra Se\u00f1ora<\/td>\n<td style=\"width: 16.1977%;height: 24px;text-align: center\">Linares<\/td>\n<\/tr>\n<tr style=\"height: 24px\">\n<td style=\"width: 52.5149%;height: 24px;text-align: center\"><strong>Let&#8217;s play with \u039f\u1f30\u03b4\u03af\u03c0\u03bf\u03c5\u03c2<\/strong><\/td>\n<td style=\"width: 31.2873%;height: 24px;text-align: center\">I.E.S. J\u00e1ndula<\/td>\n<td style=\"width: 16.1977%;height: 24px;text-align: center\">And\u00fajar<\/td>\n<\/tr>\n<tr style=\"height: 24px\">\n<td style=\"width: 52.5149%;height: 24px;text-align: center\"><strong>FAMA VOLAT, Fake news from classical world to nowadays<\/strong><\/td>\n<td style=\"width: 31.2873%;height: 24px;text-align: center\">I.E.S. J\u00e1ndula<\/td>\n<td style=\"width: 16.1977%;height: 24px;text-align: center\">And\u00fajar<\/td>\n<\/tr>\n<tr style=\"height: 24px\">\n<td style=\"width: 52.5149%;height: 24px;text-align: center\"><strong>Compartiendo Culturas, Hacemos Amigos<\/strong><\/td>\n<td style=\"width: 31.2873%;height: 24px;text-align: center\">C.E.I.P. San Juan de la Cruz<\/td>\n<td style=\"width: 16.1977%;height: 24px;text-align: center\">Baeza<\/td>\n<\/tr>\n<tr style=\"height: 24px\">\n<td style=\"width: 52.5149%;height: 24px;text-align: center\"><strong>Our heritage, our treasure.<\/strong><\/td>\n<td style=\"width: 31.2873%;height: 24px;text-align: center\">I.E.S. San Juan Bosco<\/td>\n<td style=\"width: 16.1977%;height: 24px;text-align: center\">Ja\u00e9n<\/td>\n<\/tr>\n<tr style=\"height: 24px\">\n<td style=\"width: 52.5149%;height: 24px;text-align: center\"><strong>e-English<\/strong><\/td>\n<td style=\"width: 31.2873%;height: 24px;text-align: center\">C.E.I.P. Palacios Rubio<\/td>\n<td style=\"width: 16.1977%;height: 24px;text-align: center\">La Carolina<\/td>\n<\/tr>\n<tr style=\"height: 24px\">\n<td style=\"width: 52.5149%;height: 24px;text-align: center\"><strong>B.B.C: Building Bridges Creatively<\/strong><\/td>\n<td style=\"width: 31.2873%;height: 24px;text-align: center\">C.D.P.&nbsp; Santo Domingo Savio<\/td>\n<td style=\"width: 16.1977%;height: 24px;text-align: center\">\u00dabeda<\/td>\n<\/tr>\n<tr style=\"height: 48px\">\n<td style=\"width: 52.5149%;height: 48px;text-align: center\"><strong>Sport and Sustainability<\/strong><\/td>\n<td style=\"width: 31.2873%;height: 48px;text-align: center\">C.D.P. Madre del Divino Pastor<\/td>\n<td style=\"width: 16.1977%;height: 48px;text-align: center\">And\u00fajar<\/td>\n<\/tr>\n<tr style=\"height: 24px\">\n<td style=\"width: 52.5149%;height: 24px;text-align: center\"><strong>Ojo con la informaci\u00f3n \/ Attention \u00e0 l&#8217;info<\/strong><\/td>\n<td style=\"width: 31.2873%;height: 24px;text-align: center\">I.E.S. San Juan Bosco<\/td>\n<td style=\"width: 16.1977%;height: 24px;text-align: center\">Ja\u00e9n<\/td>\n<\/tr>\n<tr>\n<td style=\"width: 52.5149%;text-align: center\"><strong>Smart Detectives<\/strong><\/td>\n<td style=\"width: 31.2873%;text-align: center\">I.E.S. San Juan Bosco<\/td>\n<td style=\"width: 16.1977%;text-align: center\">Ja\u00e9n<\/td>\n<\/tr>\n<tr>\n<td style=\"width: 52.5149%;text-align: center\"><strong>Ponte en acci\u00f3n, cuida tu salud.. se feliz &#8211; Take action, take care of your health .. be happy<\/strong><\/td>\n<td style=\"width: 31.2873%;text-align: center\">I.E.S. Las Fuentezuelas<\/td>\n<td style=\"width: 16.1977%;text-align: center\">Ja\u00e9n<\/td>\n<\/tr>\n<tr>\n<td style=\"width: 52.5149%;text-align: center\"><strong>ERASMUS+ A lab in my pocket: application of the scientific method and experimentation with smartphones sensors<\/strong><\/td>\n<td style=\"width: 31.2873%;text-align: center\">C.D.P.&nbsp; Santo Domingo Savio<\/td>\n<td style=\"width: 16.1977%;text-align: center\">\u00dabeda<\/td>\n<\/tr>\n<\/tbody>\n<\/table>\n<p>17 Centros<\/p>\n<p>&nbsp;<\/p>\n","protected":false},"excerpt":{"rendered":"<p>Centros andaluces que han resultado acreditados con el sello eTwinning School para los a\u00f1os 2023 y 2024. (Provincia de Ja\u00e9n) IES J\u00e1ndula (And\u00fajar) Colegio Salesiano Sto. Domingo Savio (\u00dabeda) &nbsp; Premio Europeo eTwinning 2023:&#46;&#46;&#46;<\/p>\n","protected":false},"author":6890,"featured_media":0,"parent":0,"menu_order":0,"comment_status":"closed","ping_status":"closed","template":"","meta":{"ngg_post_thumbnail":0,"footnotes":"","_mc_calendar":[]},"aioseo_notices":[],"_links":{"self":[{"href":"https:\/\/blogsaverroes.juntadeandalucia.es\/plurilinguismodelegacionjaen\/wp-json\/wp\/v2\/pages\/4898"}],"collection":[{"href":"https:\/\/blogsaverroes.juntadeandalucia.es\/plurilinguismodelegacionjaen\/wp-json\/wp\/v2\/pages"}],"about":[{"href":"https:\/\/blogsaverroes.juntadeandalucia.es\/plurilinguismodelegacionjaen\/wp-json\/wp\/v2\/types\/page"}],"author":[{"embeddable":true,"href":"https:\/\/blogsaverroes.juntadeandalucia.es\/plurilinguismodelegacionjaen\/wp-json\/wp\/v2\/users\/6890"}],"replies":[{"embeddable":true,"href":"https:\/\/blogsaverroes.juntadeandalucia.es\/plurilinguismodelegacionjaen\/wp-json\/wp\/v2\/comments?post=4898"}],"version-history":[{"count":11,"href":"https:\/\/blogsaverroes.juntadeandalucia.es\/plurilinguismodelegacionjaen\/wp-json\/wp\/v2\/pages\/4898\/revisions"}],"predecessor-version":[{"id":5171,"href":"https:\/\/blogsaverroes.juntadeandalucia.es\/plurilinguismodelegacionjaen\/wp-json\/wp\/v2\/pages\/4898\/revisions\/5171"}],"wp:attachment":[{"href":"https:\/\/blogsaverroes.juntadeandalucia.es\/plurilinguismodelegacionjaen\/wp-json\/wp\/v2\/media?parent=4898"}],"curies":[{"name":"wp","href":"https:\/\/api.w.org\/{rel}","templated":true}]}}