{"id":4996,"date":"2023-02-20T12:39:37","date_gmt":"2023-02-20T12:39:37","guid":{"rendered":"https:\/\/blogsaverroes.juntadeandalucia.es\/plurilinguismodelegacionjaen\/?page_id=4996"},"modified":"2024-03-15T07:57:25","modified_gmt":"2024-03-15T07:57:25","slug":"bachillerato-internacional","status":"publish","type":"page","link":"https:\/\/blogsaverroes.juntadeandalucia.es\/plurilinguismodelegacionjaen\/bachillerato-internacional\/","title":{"rendered":"Bachillerato Internacional"},"content":{"rendered":"<p><strong>CENTROS AUTORIZADOS A IMPARTIR BACHILLERATO INTERNACIONAL<\/strong><\/p>\n<table style=\"width: 63.7889%\">\n<tbody>\n<tr style=\"background-color: #c4c4c4;height: 22px\">\n<td style=\"text-align: center;height: 22px;width: 15.2%\"><strong>C\u00d3DIGO<\/strong><\/td>\n<td style=\"text-align: center;height: 22px;width: 30%\"><strong>DENOMINACI\u00d3N<\/strong><\/td>\n<td style=\"text-align: center;height: 22px;width: 21.8%\"><strong>LOCALIDAD<\/strong><\/td>\n<td style=\"text-align: center;height: 22px;width: 30.8%\"><strong>DESDE EL CURSO<br \/>\n<\/strong><\/td>\n<\/tr>\n<tr style=\"height: 22.8px\">\n<td style=\"height: 22.8px;width: 15.2%;text-align: center\">23004264<\/td>\n<td style=\"height: 22.8px;width: 30%;text-align: center\">I.E.S. Los Cerros<\/td>\n<td style=\"height: 22.8px;width: 21.8%;text-align: center\">\u00dabeda<\/td>\n<td style=\"height: 22.8px;width: 30.8%;text-align: center\">2020\/2021<\/td>\n<\/tr>\n<\/tbody>\n<\/table>\n<div style=\"width: 1280px;\" class=\"wp-video\"><!--[if lt IE 9]><script>document.createElement('video');<\/script><![endif]-->\n<video class=\"wp-video-shortcode\" id=\"video-4996-1\" width=\"1280\" height=\"720\" preload=\"metadata\" controls=\"controls\"><source type=\"video\/mp4\" src=\"https:\/\/blogsaverroes.juntadeandalucia.es\/plurilinguismodelegacionjaen\/files\/2024\/03\/Video-IB-Cerros-2021-2022.mp4?_=1\" \/><a href=\"https:\/\/blogsaverroes.juntadeandalucia.es\/plurilinguismodelegacionjaen\/files\/2024\/03\/Video-IB-Cerros-2021-2022.mp4\">https:\/\/blogsaverroes.juntadeandalucia.es\/plurilinguismodelegacionjaen\/files\/2024\/03\/Video-IB-Cerros-2021-2022.mp4<\/a><\/video><\/div>\n<ul>\n<li><a href=\"https:\/\/blogsaverroes.juntadeandalucia.es\/plurilinguismodelegacionjaen\/files\/2024\/03\/RESOLUCI\u00d3N-BI-2024_25F.pdf\" target=\"_blank\" rel=\"noopener noreferrer\">Resoluci\u00f3n Bachillerato Internacional 2024_25<\/a><\/li>\n<li><a href=\"https:\/\/drive.google.com\/file\/d\/1r7FnFBcoVtfJPdvLFvz8TQFn_fwpWAio\/view?usp=sharing\" target=\"_blank\" rel=\"noopener noreferrer\">\u00bfQuieres Estudiar Bachillerato Internacional? Presentaci\u00f3n Marzo 2023<\/a><\/li>\n<\/ul>\n","protected":false},"excerpt":{"rendered":"<p>CENTROS AUTORIZADOS A IMPARTIR BACHILLERATO INTERNACIONAL C\u00d3DIGO DENOMINACI\u00d3N LOCALIDAD DESDE EL CURSO 23004264 I.E.S. Los Cerros \u00dabeda 2020\/2021 Resoluci\u00f3n Bachillerato Internacional 2024_25 \u00bfQuieres Estudiar Bachillerato Internacional? Presentaci\u00f3n Marzo 2023<\/p>\n","protected":false},"author":6890,"featured_media":0,"parent":0,"menu_order":0,"comment_status":"closed","ping_status":"closed","template":"","meta":{"ngg_post_thumbnail":0,"footnotes":"","_mc_calendar":[]},"aioseo_notices":[],"_links":{"self":[{"href":"https:\/\/blogsaverroes.juntadeandalucia.es\/plurilinguismodelegacionjaen\/wp-json\/wp\/v2\/pages\/4996"}],"collection":[{"href":"https:\/\/blogsaverroes.juntadeandalucia.es\/plurilinguismodelegacionjaen\/wp-json\/wp\/v2\/pages"}],"about":[{"href":"https:\/\/blogsaverroes.juntadeandalucia.es\/plurilinguismodelegacionjaen\/wp-json\/wp\/v2\/types\/page"}],"author":[{"embeddable":true,"href":"https:\/\/blogsaverroes.juntadeandalucia.es\/plurilinguismodelegacionjaen\/wp-json\/wp\/v2\/users\/6890"}],"replies":[{"embeddable":true,"href":"https:\/\/blogsaverroes.juntadeandalucia.es\/plurilinguismodelegacionjaen\/wp-json\/wp\/v2\/comments?post=4996"}],"version-history":[{"count":9,"href":"https:\/\/blogsaverroes.juntadeandalucia.es\/plurilinguismodelegacionjaen\/wp-json\/wp\/v2\/pages\/4996\/revisions"}],"predecessor-version":[{"id":5695,"href":"https:\/\/blogsaverroes.juntadeandalucia.es\/plurilinguismodelegacionjaen\/wp-json\/wp\/v2\/pages\/4996\/revisions\/5695"}],"wp:attachment":[{"href":"https:\/\/blogsaverroes.juntadeandalucia.es\/plurilinguismodelegacionjaen\/wp-json\/wp\/v2\/media?parent=4996"}],"curies":[{"name":"wp","href":"https:\/\/api.w.org\/{rel}","templated":true}]}}