{"id":5018,"date":"2023-02-23T12:05:45","date_gmt":"2023-02-23T12:05:45","guid":{"rendered":"https:\/\/blogsaverroes.juntadeandalucia.es\/plurilinguismodelegacionjaen\/?page_id=5018"},"modified":"2024-05-02T06:12:01","modified_gmt":"2024-05-02T06:12:01","slug":"cronologia-actuacion-centros-bilingues","status":"publish","type":"page","link":"https:\/\/blogsaverroes.juntadeandalucia.es\/plurilinguismodelegacionjaen\/cronologia-actuacion-centros-bilingues\/","title":{"rendered":"Reuni\u00f3n Coordinaciones biling\u00fces. Abril 2024"},"content":{"rendered":"<p>Os coloco las presentaciones que se trataron el la Reuni\u00f3n con las Coordinaciones biling\u00fces el 24 (CEP Ja\u00e9n) y 25 (CEP \u00dabeda) de abril de 2024<\/p>\n<p><a href=\"https:\/\/view.genial.ly\/660bb0deee41cf0014b9c2cf\/presentation-reunion-coordinaciones-bilingues\" target=\"_blank\" rel=\"noopener\">Presentaci\u00f3n Responsable Provincial<\/a> (Luis)<\/p>\n<p><a href=\"https:\/\/www.canva.com\/design\/DAGAoL_c5w8\/view?utm_content=DAGAoL_c5w8&amp;utm_campaign=designshare&amp;utm_medium=link2&amp;utm_source=sharebutton\" target=\"_blank\" rel=\"noopener\">Presentaci\u00f3n Buenas Pr\u00e1cticas Biling\u00fces (Vera)<\/a><\/p>\n<p><a href=\"https:\/\/blogsaverroes.juntadeandalucia.es\/plurilinguismodelegacionjaen\/files\/2024\/05\/Itinerario-formativo-Pedro-CEP-Jaen.pdf\" target=\"_blank\" rel=\"noopener\">Itinerario-formativo (Pedro, CEP-Ja\u00e9n)<\/a><\/p>\n","protected":false},"excerpt":{"rendered":"<p>Os coloco las presentaciones que se trataron el la Reuni\u00f3n con las Coordinaciones biling\u00fces el 24 (CEP Ja\u00e9n) y 25 (CEP \u00dabeda) de abril de 2024 Presentaci\u00f3n Responsable Provincial (Luis) Presentaci\u00f3n Buenas Pr\u00e1cticas Biling\u00fces&#46;&#46;&#46;<\/p>\n","protected":false},"author":6890,"featured_media":0,"parent":0,"menu_order":0,"comment_status":"closed","ping_status":"closed","template":"","meta":{"ngg_post_thumbnail":0,"footnotes":"","_mc_calendar":[]},"aioseo_notices":[],"_links":{"self":[{"href":"https:\/\/blogsaverroes.juntadeandalucia.es\/plurilinguismodelegacionjaen\/wp-json\/wp\/v2\/pages\/5018"}],"collection":[{"href":"https:\/\/blogsaverroes.juntadeandalucia.es\/plurilinguismodelegacionjaen\/wp-json\/wp\/v2\/pages"}],"about":[{"href":"https:\/\/blogsaverroes.juntadeandalucia.es\/plurilinguismodelegacionjaen\/wp-json\/wp\/v2\/types\/page"}],"author":[{"embeddable":true,"href":"https:\/\/blogsaverroes.juntadeandalucia.es\/plurilinguismodelegacionjaen\/wp-json\/wp\/v2\/users\/6890"}],"replies":[{"embeddable":true,"href":"https:\/\/blogsaverroes.juntadeandalucia.es\/plurilinguismodelegacionjaen\/wp-json\/wp\/v2\/comments?post=5018"}],"version-history":[{"count":10,"href":"https:\/\/blogsaverroes.juntadeandalucia.es\/plurilinguismodelegacionjaen\/wp-json\/wp\/v2\/pages\/5018\/revisions"}],"predecessor-version":[{"id":5744,"href":"https:\/\/blogsaverroes.juntadeandalucia.es\/plurilinguismodelegacionjaen\/wp-json\/wp\/v2\/pages\/5018\/revisions\/5744"}],"wp:attachment":[{"href":"https:\/\/blogsaverroes.juntadeandalucia.es\/plurilinguismodelegacionjaen\/wp-json\/wp\/v2\/media?parent=5018"}],"curies":[{"name":"wp","href":"https:\/\/api.w.org\/{rel}","templated":true}]}}