{"id":5232,"date":"2023-06-26T10:29:10","date_gmt":"2023-06-26T10:29:10","guid":{"rendered":"https:\/\/blogsaverroes.juntadeandalucia.es\/plurilinguismodelegacionjaen\/?page_id=5232"},"modified":"2025-07-04T07:31:22","modified_gmt":"2025-07-04T07:31:22","slug":"intercambios-escolares","status":"publish","type":"page","link":"https:\/\/blogsaverroes.juntadeandalucia.es\/plurilinguismodelegacionjaen\/intercambios-escolares\/","title":{"rendered":"Intercambios Escolares 2025\/26"},"content":{"rendered":"<div class=\"separacionCapas\">Convocatoria dirigida a alumnado que cursa 3\u00ba, 4\u00ba y 1\u00ba de Bachillerato en centros de titularidad p\u00fablica.<\/div>\n<div>\n<p>Se trata de intercambios con pa\u00edses en los que sea lengua oficial o cooficial la alemana, china (mandar\u00edn), francesa, inglesa y portuguesa, siempre y cuando \u00e9sta sea ense\u00f1ada en el IES solicitante.<\/p>\n<\/div>\n<div id=\"aui_3_2_0_1121\" class=\"contenido_detalle\">\n<h3 class=\"tituloCaja\">\u00daltima convocatoria (curso 2025\/26)<\/h3>\n<div align=\"justify\">\n<p><b>A partir de hoy, y durante 15 d\u00edas h\u00e1biles<\/b>, se encuentra abierto el plazo de solicitud en el&nbsp;<b>programa de intercambios escolares<\/b><\/p>\n<p>Tal y como contempla la citada resoluci\u00f3n en su art\u00edculo 6,1.&nbsp;<i>\u00abLas solicitudes y la documentaci\u00f3n complementaria ser\u00e1n remitidas por el Director o Directora del Instituto de Ense\u00f1anza Secundaria al Ilmo. Sr. Delegado o a la Ilma. Sra. Delegada Territorial de Educaci\u00f3n, Deporte, Igualdad, Pol\u00edticas Sociales y Conciliaci\u00f3n y se presentar\u00e1n en el Registro General de la Delegaci\u00f3n Territorial a la que pertenece el centro, o se enviar\u00e1 por cualquiera de las v\u00edas expuestas en el art\u00edculo 16 de la Ley 39\/2015, de 1 de octubre, del Procedimiento Administrativo Com\u00fan de las Administraciones P\u00fablicas. Igualmente se podr\u00e1n remitir por Ventanilla Electr\u00f3nica al Servicio de Ordenaci\u00f3n Educativa de la respectiva Delegaci\u00f3n Territorial.\u00bb<\/i><\/p>\n<p>Plazo de solicitudes: <strong>15 d\u00edas h\u00e1biles desde 22 de mayo de 2025 hasta el 11 de junio de 2025.<\/strong><\/p>\n<p>Plazo de realizaci\u00f3n:&nbsp; los Intercambios se podr\u00e1n desarrollar entre&nbsp;<strong>1-octubre de 2025 y 31-mayo de 2026<\/strong>.<\/p>\n<div align=\"justify\">\n<p>En caso de que desde el centro que dirige desee formular solicitud, rogamos la atenta lectura de toda la informaci\u00f3n contenida en la citada <a href=\"https:\/\/www.juntadeandalucia.es\/educacion\/portales\/documents\/270701\/1971599\/Resolucio%C2%BFn%20de%20convocatoria%20de%20Intercambios%20Escolares%202025-2026.pdf\/87cf95d2-68bf-efd2-89fd-e20535097579?version=1.0\" target=\"_blank\" rel=\"noopener\">Resoluci\u00f3n<\/a>.<\/p>\n<\/div>\n<p style=\"text-align: left\" align=\"justify\">Asimismo, podr\u00e1n trasladas dudas y\/o consultas a esta direcci\u00f3n de correo electr\u00f3nico: <b><a class=\"m_-8799094126877106945m_5587232845312314117gmail-moz-txt-link-abbreviated\" href=\"mailto:plurilinguismo.dpgr.ced@juntadeandalucia.es\" target=\"_blank\" rel=\"noopener noreferrer\">plurilinguismo.dpja.ced@juntadeandalucia.es<\/a><\/b><\/p>\n<p align=\"justify\"><a href=\"https:\/\/www.juntadeandalucia.es\/educacion\/portals\/delegate\/content\/178f285e-52eb-4548-8c4b-ce9129c64ef3\/Resoluci%C3%B3n%20de%20concesi%C3%B3n%20de%20intercambios\" target=\"_blank\" rel=\"noopener\"><img loading=\"lazy\" decoding=\"async\" class=\"wp-image-5177 aligncenter\" src=\"https:\/\/blogsaverroes.juntadeandalucia.es\/plurilinguismodelegacionjaen\/files\/2023\/05\/1525425867835IntercambioIdiomaESTANDAR.jpg\" alt=\"\" width=\"341\" height=\"201\" srcset=\"https:\/\/blogsaverroes.juntadeandalucia.es\/plurilinguismodelegacionjaen\/files\/2023\/05\/1525425867835IntercambioIdiomaESTANDAR.jpg 930w, https:\/\/blogsaverroes.juntadeandalucia.es\/plurilinguismodelegacionjaen\/files\/2023\/05\/1525425867835IntercambioIdiomaESTANDAR-300x177.jpg 300w, https:\/\/blogsaverroes.juntadeandalucia.es\/plurilinguismodelegacionjaen\/files\/2023\/05\/1525425867835IntercambioIdiomaESTANDAR-768x453.jpg 768w\" sizes=\"(max-width: 341px) 100vw, 341px\" \/><\/a><\/p>\n<p align=\"justify\">&nbsp;<\/p>\n<p align=\"justify\"><a href=\"https:\/\/www.juntadeandalucia.es\/educacion\/portals\/delegate\/content\/178f285e-52eb-4548-8c4b-ce9129c64ef3\/Resoluci%C3%B3n%20de%20concesi%C3%B3n%20de%20intercambios\" target=\"_blank\" rel=\"noopener\">RESOLUCI\u00d3N 2024\/25<\/a><\/p>\n<p align=\"justify\"><a href=\"https:\/\/blogsaverroes.juntadeandalucia.es\/plurilinguismodelegacionjaen\/files\/2025\/07\/Concesion-Intercambios-escolares-2025-OKF.pdf\" target=\"_blank\" rel=\"noopener\">Centros seleccionados para los Intercambios escolares 2025\/26<\/a><\/p>\n<\/div>\n<\/div>\n","protected":false},"excerpt":{"rendered":"<p>Convocatoria dirigida a alumnado que cursa 3\u00ba, 4\u00ba y 1\u00ba de Bachillerato en centros de titularidad p\u00fablica. Se trata de intercambios con pa\u00edses en los que sea lengua oficial o cooficial la alemana, china&#46;&#46;&#46;<\/p>\n","protected":false},"author":6890,"featured_media":0,"parent":0,"menu_order":0,"comment_status":"closed","ping_status":"closed","template":"","meta":{"ngg_post_thumbnail":0,"footnotes":"","_mc_calendar":[]},"aioseo_notices":[],"_links":{"self":[{"href":"https:\/\/blogsaverroes.juntadeandalucia.es\/plurilinguismodelegacionjaen\/wp-json\/wp\/v2\/pages\/5232"}],"collection":[{"href":"https:\/\/blogsaverroes.juntadeandalucia.es\/plurilinguismodelegacionjaen\/wp-json\/wp\/v2\/pages"}],"about":[{"href":"https:\/\/blogsaverroes.juntadeandalucia.es\/plurilinguismodelegacionjaen\/wp-json\/wp\/v2\/types\/page"}],"author":[{"embeddable":true,"href":"https:\/\/blogsaverroes.juntadeandalucia.es\/plurilinguismodelegacionjaen\/wp-json\/wp\/v2\/users\/6890"}],"replies":[{"embeddable":true,"href":"https:\/\/blogsaverroes.juntadeandalucia.es\/plurilinguismodelegacionjaen\/wp-json\/wp\/v2\/comments?post=5232"}],"version-history":[{"count":13,"href":"https:\/\/blogsaverroes.juntadeandalucia.es\/plurilinguismodelegacionjaen\/wp-json\/wp\/v2\/pages\/5232\/revisions"}],"predecessor-version":[{"id":6216,"href":"https:\/\/blogsaverroes.juntadeandalucia.es\/plurilinguismodelegacionjaen\/wp-json\/wp\/v2\/pages\/5232\/revisions\/6216"}],"wp:attachment":[{"href":"https:\/\/blogsaverroes.juntadeandalucia.es\/plurilinguismodelegacionjaen\/wp-json\/wp\/v2\/media?parent=5232"}],"curies":[{"name":"wp","href":"https:\/\/api.w.org\/{rel}","templated":true}]}}