{"id":5283,"date":"2023-09-06T07:55:24","date_gmt":"2023-09-06T07:55:24","guid":{"rendered":"https:\/\/blogsaverroes.juntadeandalucia.es\/plurilinguismodelegacionjaen\/?page_id=5283"},"modified":"2023-11-28T17:22:04","modified_gmt":"2023-11-28T17:22:04","slug":"curso-2023-2024","status":"publish","type":"page","link":"https:\/\/blogsaverroes.juntadeandalucia.es\/plurilinguismodelegacionjaen\/curso-2023-2024\/","title":{"rendered":"Curso 2023\/2024"},"content":{"rendered":"<p><strong>AULA CONFUCIO<\/strong><\/p>\n<p>&nbsp;<\/p>\n<p><strong>ENSE\u00d1ANZA BILING\u00dcE<\/strong><\/p>\n<p><a title=\"Pulse para visualizar el documento:&nbsp;Instrucciones de 28 de noviembre de 2023, de la Direcci\u00f3n General de Tecnolog\u00edas Avanzadas y Transformaci\u00f3n Educativa, sobre la organizaci\u00f3n y funcionamiento de la ense\u00f1anza biling\u00fce en los centros andaluces.\" href=\"https:\/\/www.juntadeandalucia.es\/educacion\/portals\/delegate\/content\/dc017f86-2b91-4d6b-b5cd-11925fa428ab\/Instrucciones%20de%2028%20de%20noviembre%20de%202023,%20de%20la%20Direcci%C3%B3n%20General%20de%20Tecnolog%C3%ADas%20Avanzadas%20y%20Transformaci%C3%B3n%20Educativa,%20sobre%20la%20organizaci%C3%B3n%20y%20funcionamiento%20de%20la%20ense%C3%B1anza%20biling%C3%BCe%20en%20los%20centros%20andaluces.\" target=\"_blank\" rel=\"noopener noreferrer\">Instrucciones de 28 de noviembre de 2023, de la Direcci\u00f3n General de Tecnolog\u00edas Avanzadas y&nbsp; transformaci\u00f3n Educativa, sobre la organizaci\u00f3n y funcionamiento de la ense\u00f1anza biling\u00fce en los centros andaluces.<\/a><\/p>\n<p><strong>AUXILIARES DE CONVERSACI\u00d3N<\/strong><\/p>\n<p><a href=\"https:\/\/blogsaverroes.juntadeandalucia.es\/plurilinguismodelegacionjaen\/files\/2023\/09\/Instrucciones-de-29-de-agosto-sobre-Auxiliares-de-Conversaci\u00f3n-Curso-2023-2024-F.pdf\" target=\"_blank\" rel=\"noopener noreferrer\">Instrucciones de 29 de agosto sobre Auxiliares de Conversaci\u00f3n. Curso 2023-2024<\/a>, de la Direcci\u00f3n General de Tecnolog\u00edas Avanzadas y Transformaci\u00f3n Educativa, sobre auxiliares de conversaci\u00f3n para el curso escolar 2023\/2024.<\/p>\n<p><a title=\"Instrucci\u00f3n de 27 de octubre de 2023, de la Direcci\u00f3n General de Tecnolog\u00edas Avanzadas y Transformaci\u00f3n Educativa, complementarias a la Instrucci\u00f3n del 29 de agosto de 2023 sobre Auxiliares de Conversaci\u00f3n para el Curso Escolar 2023\/2024\" href=\"https:\/\/www.juntadeandalucia.es\/educacion\/portals\/web\/inspeccion-educativa\/normativa-d\/-\/contenidos\/detalle\/instruccion-de-27-de-octubre-de-2023-de-la-direccion-general-de-tecnologias-avanzadas-y-transformacion-educativa-1flvd0th4y9bc\" target=\"_blank\" rel=\"noopener noreferrer\">Instrucci\u00f3n de 27 de octubre de 2023, de la Direcci\u00f3n General de Tecnolog\u00edas Avanzadas y Transformaci\u00f3n Educativa, complementarias a la Instrucci\u00f3n del 29 de agosto de 2023 sobre Auxiliares de Conversaci\u00f3n para el Curso Escolar 2023\/2024 <\/a><\/p>\n","protected":false},"excerpt":{"rendered":"<p>AULA CONFUCIO &nbsp; ENSE\u00d1ANZA BILING\u00dcE Instrucciones de 28 de noviembre de 2023, de la Direcci\u00f3n General de Tecnolog\u00edas Avanzadas y&nbsp; transformaci\u00f3n Educativa, sobre la organizaci\u00f3n y funcionamiento de la ense\u00f1anza biling\u00fce en los centros&#46;&#46;&#46;<\/p>\n","protected":false},"author":6890,"featured_media":0,"parent":0,"menu_order":0,"comment_status":"closed","ping_status":"closed","template":"","meta":{"ngg_post_thumbnail":0,"footnotes":"","_mc_calendar":[]},"aioseo_notices":[],"_links":{"self":[{"href":"https:\/\/blogsaverroes.juntadeandalucia.es\/plurilinguismodelegacionjaen\/wp-json\/wp\/v2\/pages\/5283"}],"collection":[{"href":"https:\/\/blogsaverroes.juntadeandalucia.es\/plurilinguismodelegacionjaen\/wp-json\/wp\/v2\/pages"}],"about":[{"href":"https:\/\/blogsaverroes.juntadeandalucia.es\/plurilinguismodelegacionjaen\/wp-json\/wp\/v2\/types\/page"}],"author":[{"embeddable":true,"href":"https:\/\/blogsaverroes.juntadeandalucia.es\/plurilinguismodelegacionjaen\/wp-json\/wp\/v2\/users\/6890"}],"replies":[{"embeddable":true,"href":"https:\/\/blogsaverroes.juntadeandalucia.es\/plurilinguismodelegacionjaen\/wp-json\/wp\/v2\/comments?post=5283"}],"version-history":[{"count":6,"href":"https:\/\/blogsaverroes.juntadeandalucia.es\/plurilinguismodelegacionjaen\/wp-json\/wp\/v2\/pages\/5283\/revisions"}],"predecessor-version":[{"id":5432,"href":"https:\/\/blogsaverroes.juntadeandalucia.es\/plurilinguismodelegacionjaen\/wp-json\/wp\/v2\/pages\/5283\/revisions\/5432"}],"wp:attachment":[{"href":"https:\/\/blogsaverroes.juntadeandalucia.es\/plurilinguismodelegacionjaen\/wp-json\/wp\/v2\/media?parent=5283"}],"curies":[{"name":"wp","href":"https:\/\/api.w.org\/{rel}","templated":true}]}}