{"id":5301,"date":"2023-09-14T07:26:36","date_gmt":"2023-09-14T07:26:36","guid":{"rendered":"https:\/\/blogsaverroes.juntadeandalucia.es\/plurilinguismodelegacionjaen\/?page_id=5301"},"modified":"2023-09-19T10:20:42","modified_gmt":"2023-09-19T10:20:42","slug":"dia-europeo-de-las-lenguas","status":"publish","type":"page","link":"https:\/\/blogsaverroes.juntadeandalucia.es\/plurilinguismodelegacionjaen\/dia-europeo-de-las-lenguas\/","title":{"rendered":"D\u00eda Europeo de las Lenguas"},"content":{"rendered":"<h4><a href=\"https:\/\/blogsaverroes.juntadeandalucia.es\/plurilinguismodelegacionjaen\/files\/2023\/09\/descarga-1.jpg\"><img loading=\"lazy\" decoding=\"async\" class=\"size-full wp-image-5304 aligncenter\" src=\"https:\/\/blogsaverroes.juntadeandalucia.es\/plurilinguismodelegacionjaen\/files\/2023\/09\/descarga-1.jpg\" alt=\"\" width=\"420\" height=\"120\" srcset=\"https:\/\/blogsaverroes.juntadeandalucia.es\/plurilinguismodelegacionjaen\/files\/2023\/09\/descarga-1.jpg 420w, https:\/\/blogsaverroes.juntadeandalucia.es\/plurilinguismodelegacionjaen\/files\/2023\/09\/descarga-1-300x86.jpg 300w\" sizes=\"(max-width: 420px) 100vw, 420px\" \/><\/a><\/h4>\n<p class=\"white\" style=\"text-align: justify\">Los 46 estados miembros del Consejo de Europa animan a m\u00e1s de 700 millones de europeos a aprender otras lenguas a cualquier edad, dentro y fuera de la escuela.&nbsp; Convencidos de que la diversidad ling\u00fc\u00edstica es una herramienta clave para lograr una mayor comprensi\u00f3n intercultural y un elemento clave en la rica herencia cultural de nuestro continente, el Consejo de Europa promueve el pluriling\u00fcismo en toda Europa.&nbsp;<br \/>\nPor iniciativa del&nbsp;Consejo de Europa&nbsp;en Estrasburgo, el D\u00eda Europeo de las Lenguas se viene celebrando, desde 2001, el&nbsp;26 de septiembre&nbsp;de cada a\u00f1o.<\/p>\n<p><a href=\"https:\/\/edl.ecml.at\/Home\/tabid\/1455\/language\/es-ES\/Default.aspx\" target=\"_blank\" rel=\"noopener noreferrer\">Web oficial<\/a><\/p>\n<p><a href=\"https:\/\/view.genial.ly\/6315e3b6cd56390018dc61ab\/interactive-content-dia-europeo-de-la-lenguas-2022\" target=\"_blank\" rel=\"noopener noreferrer\">Web Actividades de Ja\u00e9n y su provincia<\/a><\/p>\n","protected":false},"excerpt":{"rendered":"<p>Los 46 estados miembros del Consejo de Europa animan a m\u00e1s de 700 millones de europeos a aprender otras lenguas a cualquier edad, dentro y fuera de la escuela.&nbsp; Convencidos de que la diversidad&#46;&#46;&#46;<\/p>\n","protected":false},"author":6890,"featured_media":0,"parent":0,"menu_order":0,"comment_status":"closed","ping_status":"closed","template":"","meta":{"ngg_post_thumbnail":0,"footnotes":"","_mc_calendar":[]},"aioseo_notices":[],"_links":{"self":[{"href":"https:\/\/blogsaverroes.juntadeandalucia.es\/plurilinguismodelegacionjaen\/wp-json\/wp\/v2\/pages\/5301"}],"collection":[{"href":"https:\/\/blogsaverroes.juntadeandalucia.es\/plurilinguismodelegacionjaen\/wp-json\/wp\/v2\/pages"}],"about":[{"href":"https:\/\/blogsaverroes.juntadeandalucia.es\/plurilinguismodelegacionjaen\/wp-json\/wp\/v2\/types\/page"}],"author":[{"embeddable":true,"href":"https:\/\/blogsaverroes.juntadeandalucia.es\/plurilinguismodelegacionjaen\/wp-json\/wp\/v2\/users\/6890"}],"replies":[{"embeddable":true,"href":"https:\/\/blogsaverroes.juntadeandalucia.es\/plurilinguismodelegacionjaen\/wp-json\/wp\/v2\/comments?post=5301"}],"version-history":[{"count":5,"href":"https:\/\/blogsaverroes.juntadeandalucia.es\/plurilinguismodelegacionjaen\/wp-json\/wp\/v2\/pages\/5301\/revisions"}],"predecessor-version":[{"id":5317,"href":"https:\/\/blogsaverroes.juntadeandalucia.es\/plurilinguismodelegacionjaen\/wp-json\/wp\/v2\/pages\/5301\/revisions\/5317"}],"wp:attachment":[{"href":"https:\/\/blogsaverroes.juntadeandalucia.es\/plurilinguismodelegacionjaen\/wp-json\/wp\/v2\/media?parent=5301"}],"curies":[{"name":"wp","href":"https:\/\/api.w.org\/{rel}","templated":true}]}}