{"id":5345,"date":"2023-10-10T06:41:52","date_gmt":"2023-10-10T06:41:52","guid":{"rendered":"https:\/\/blogsaverroes.juntadeandalucia.es\/plurilinguismodelegacionjaen\/?page_id=5345"},"modified":"2024-09-18T10:43:32","modified_gmt":"2024-09-18T10:43:32","slug":"cronograma-de-actuaciones-relacionadas-con-auxiliares-de-conversacion-curso-2023-2024","status":"publish","type":"page","link":"https:\/\/blogsaverroes.juntadeandalucia.es\/plurilinguismodelegacionjaen\/cronograma-de-actuaciones-relacionadas-con-auxiliares-de-conversacion-curso-2023-2024\/","title":{"rendered":"CRONOGRAMA DE ACTUACIONES RELACIONADAS CON  ASISTENTES LING\u00dc\u00cdSTICOS CURSO 2024-2025"},"content":{"rendered":"<p align=\"center\"><span style=\"font-family: NewsGotT\"><span style=\"font-size: small\"><u><b>DESDE EL PERFIL DE DIRECCI\u00d3N<\/b><\/u><\/span><\/span><\/p>\n<table width=\"689\" cellspacing=\"0\" cellpadding=\"1\">\n<tbody>\n<tr valign=\"top\">\n<td width=\"206\">\n<p align=\"center\"><span style=\"font-family: NewsGotT\"><span style=\"font-size: small\"><b>TEMPORALIZACI\u00d3N \u2013 FECHA L\u00cdMITE<\/b><\/span><\/span><\/p>\n<\/td>\n<td width=\"207\">\n<p align=\"center\"><span style=\"font-family: NewsGotT\"><span style=\"font-size: small\"><b>ACTUACI\u00d3N<\/b><\/span><\/span><\/p>\n<\/td>\n<td width=\"268\">\n<p align=\"center\"><span style=\"font-family: NewsGotT\"><span style=\"font-size: small\"><b>PROCEDIMIENTO<\/b><\/span><\/span><\/p>\n<\/td>\n<\/tr>\n<tr>\n<td width=\"206\">\n<p align=\"center\"><span style=\"font-family: NewsGotT\"><span style=\"font-size: small\">CON ANTERIORI<\/span><\/span><span style=\"font-family: NewsGotT\"><span style=\"font-size: small\">DAD A LA INCORPORACI\u00d3N<\/span><\/span><\/p>\n<\/td>\n<td width=\"207\">\n<p align=\"center\"><span style=\"font-family: NewsGotT\"><span style=\"font-size: small\">Obtenci\u00f3n informaci\u00f3n actualizada datos asistentes asignadas\/os<\/span><\/span><\/p>\n<\/td>\n<td width=\"268\">\n<p align=\"center\"><span style=\"font-family: NewsGotT\"><span style=\"font-size: small\">Consulta en S\u00e9neca: Personal\/ Auxiliares de conversaci\u00f3n\/ Adjudicaci\u00f3n provisional\/ Carga Adjudicaci\u00f3n provisional <\/span><\/span><\/p>\n<\/td>\n<\/tr>\n<tr>\n<td width=\"206\">\n<p align=\"center\"><span style=\"font-family: NewsGotT\"><span style=\"font-size: small\">COMIENZOS DE CURSO<\/span><\/span><\/p>\n<\/td>\n<td width=\"207\">\n<p align=\"center\"><span style=\"font-family: NewsGotT\"><span style=\"font-size: small\">Informaci\u00f3n al p\u00fablico general de la cofinanciaci\u00f3n por el programa operativo FSE + de Andaluc\u00eda 2021-27 de la medida de asistentes ling\u00fc\u00edsticos<\/span><\/span><\/p>\n<\/td>\n<td width=\"268\">\n<p align=\"center\"><span style=\"font-family: NewsGotT\"><span style=\"font-size: small\">Difusi\u00f3n a trav\u00e9s de los carteles vigentes de la operaci\u00f3n y constancia material en actas de claustros, consejo escolar, folletos informativos o p\u00e1gina web, entre otros.<\/span><\/span><\/p>\n<\/td>\n<\/tr>\n<tr>\n<td width=\"206\">\n<p align=\"center\"><span style=\"font-family: NewsGotT\"><span style=\"font-size: small\">EL D\u00cdA DE LA INCORPORACI\u00d3N &lt; 11 DE OCTUBRE DE 2024<\/span><\/span><\/p>\n<\/td>\n<td width=\"207\">\n<p align=\"center\"><span style=\"font-family: NewsGotT\"><span style=\"font-size: small\">Confirmaci\u00f3n incorporaci\u00f3n \/ no incorporaci\u00f3n <\/span><\/span><\/p>\n<\/td>\n<td width=\"268\">\n<p align=\"center\"><span style=\"font-family: Source Sans Pro, sans-serif\"><span style=\"font-size: small\"><span style=\"font-family: NewsGotT\">Confirmaci\u00f3n en S\u00e9neca: Personal\/ Incorporaciones<\/span><\/span><\/span><\/p>\n<\/td>\n<\/tr>\n<tr>\n<td width=\"206\">\n<p align=\"center\"><span style=\"font-family: NewsGotT\"><span style=\"font-size: small\">1\u00ba QUINCENA DE ESTANCIA<\/span><\/span><\/p>\n<\/td>\n<td width=\"207\">\n<p align=\"center\"><span style=\"font-family: NewsGotT\"><span style=\"font-size: small\">Declaraci\u00f3n Toma de conocimiento <\/span><\/span><\/p>\n<\/td>\n<td width=\"268\">\n<p align=\"center\"><span style=\"font-family: Source Sans Pro, sans-serif\"><span style=\"font-size: small\"><span style=\"font-family: NewsGotT\">Cumplimentaci\u00f3n, firma digital y registro en S\u00e9neca Anexo VIII: Auxiliares de conversaci\u00f3n\/ Auxiliares de conversaci\u00f3n del centro\/ (Seleccionar auxiliar de conversaci\u00f3n) Anexos adjuntos<\/span><\/span><\/span><\/p>\n<\/td>\n<\/tr>\n<tr>\n<td width=\"206\">\n<p align=\"center\">1\u00ba QUINCENA DE ESTANCIA<\/p>\n<\/td>\n<td width=\"207\">\n<p align=\"center\"><span style=\"font-family: NewsGotT\"><span style=\"font-size: small\">Concreci\u00f3n dedicaci\u00f3n semanal <\/span><\/span><\/p>\n<p align=\"center\"><span style=\"font-family: NewsGotT\"><span style=\"font-size: small\">(Anexo I)<\/span><\/span><\/p>\n<\/td>\n<td width=\"268\">\n<p align=\"center\"><span style=\"font-family: NewsGotT\"><span style=\"font-size: small\">Cumplimentaci\u00f3n, firma digital y registro en S\u00e9neca Anexo 1: Auxiliares de conversaci\u00f3n\/ Auxiliares de conversaci\u00f3n del centro\/ (Seleccionar auxiliar de conversaci\u00f3n) Anexos adjuntos<\/span><\/span><\/p>\n<\/td>\n<\/tr>\n<tr>\n<td width=\"206\">\n<p align=\"center\"><span style=\"font-family: NewsGotT\"><span style=\"font-size: small\">1\u00ba QUINCENA DE ESTANCIA<\/span><\/span><\/p>\n<\/td>\n<td width=\"207\">\n<p align=\"center\"><span style=\"font-family: NewsGotT\"><span style=\"font-size: small\">Planificaci\u00f3n anual <\/span><\/span><\/p>\n<\/td>\n<td width=\"268\">\n<p align=\"center\"><span style=\"font-family: NewsGotT\"><span style=\"font-size: small\">Registro en S\u00e9neca de la planificaci\u00f3n anual de la dedicaci\u00f3n semanal: Auxiliares de conversaci\u00f3n\/ Auxiliares de conversaci\u00f3n del centro\/ (Seleccionar auxiliar de conversaci\u00f3n) Horario regular<\/span><\/span><\/p>\n<\/td>\n<\/tr>\n<tr>\n<td width=\"206\">\n<p align=\"center\"><span style=\"font-family: NewsGotT\"><span style=\"font-size: small\">1 DE OCTUBRE \u2013 31 DE MAYO<\/span><\/span><\/p>\n<\/td>\n<td width=\"207\">\n<p align=\"center\"><span style=\"font-family: NewsGotT\"><span style=\"font-size: small\">Control asistencia\/ ausencia del centro<\/span><\/span><\/p>\n<\/td>\n<td width=\"268\">\n<p align=\"center\"><span style=\"font-family: NewsGotT\"><span style=\"font-size: small\">Firma del\/ la auxiliar de conversaci\u00f3n en documento espec\u00edfico para el registro de la asistencia diaria al centro<\/span><\/span><\/p>\n<\/td>\n<\/tr>\n<tr>\n<td width=\"206\">\n<p align=\"center\"><span style=\"font-family: NewsGotT\"><span style=\"font-size: small\">FINALES DE MES <\/span><\/span><\/p>\n<\/td>\n<td width=\"207\">\n<p align=\"center\"><span style=\"font-family: NewsGotT\"><span style=\"font-size: small\">Abono subvenci\u00f3n mensual ( NO A LAS\/LOS AUXILIARES DEL CUPO DEL MINISTERIO )<\/span><\/span><\/p>\n<\/td>\n<td width=\"268\">\n<p align=\"center\"><span style=\"font-family: NewsGotT\"><span style=\"font-size: small\">Transferencia bancaria a mes vencido ( y horas recuperadas, si estuvieran pendientes ) de la subvenci\u00f3n mensual \u00edntegra (800\u20ac). Cumplimentaci\u00f3n, firma digital y registro en S\u00e9neca del Anexo IV correspondiente: Auxiliares de conversaci\u00f3n\/ Auxiliares de conversaci\u00f3n del centro\/ (Seleccionar auxiliar de conversaci\u00f3n) Anexos adjuntos<\/span><\/span><\/p>\n<\/td>\n<\/tr>\n<tr>\n<td width=\"206\">\n<p align=\"center\"><span style=\"font-family: NewsGotT\"><span style=\"font-size: small\">FINAL ESTANCIA &lt; 15 D\u00cdAS <\/span><\/span><\/p>\n<\/td>\n<td width=\"207\">\n<p align=\"center\"><span style=\"font-family: NewsGotT\"><span style=\"font-size: small\">Justificaci\u00f3n abono subvenci\u00f3n <\/span><\/span><\/p>\n<\/td>\n<td width=\"268\">\n<p align=\"center\"><span style=\"font-family: NewsGotT\"><span style=\"font-size: small\">Cumplimentaci\u00f3n, firma digital y registro en S\u00e9neca de los Anexos II, III y, en su caso, del certificado sustitutivo de la no disposici\u00f3n de los Anexos II y V: Auxiliares de conversaci\u00f3n\/ Auxiliares de conversaci\u00f3n del centro\/ (Seleccionar auxiliar de conversaci\u00f3n) Anexos adjuntos<\/span><\/span><\/p>\n<\/td>\n<\/tr>\n<tr>\n<td width=\"206\">\n<p align=\"center\"><span style=\"font-family: NewsGotT\"><span style=\"font-size: small\">1 \u2013 30 DE JUNIO<\/span><\/span><\/p>\n<\/td>\n<td width=\"207\">\n<p align=\"center\"><span style=\"font-family: NewsGotT\"><span style=\"font-size: small\">Certificaci\u00f3n FSE (S\u00d3LO AUXILIARES CUPO FSE) <\/span><\/span><\/p>\n<\/td>\n<td width=\"268\">\n<p align=\"center\"><span style=\"font-family: NewsGotT\"><span style=\"font-size: small\">Emisi\u00f3n y firma digital certificaci\u00f3n FSE: Documentos que se pueden pedir\/ Personal del centro\/ Fondo Social Europeo\/ Certificaci\u00f3n F.S.E.<\/span><\/span><\/p>\n<p align=\"center\">&nbsp;<\/p>\n<\/td>\n<\/tr>\n<\/tbody>\n<\/table>\n","protected":false},"excerpt":{"rendered":"<p>DESDE EL PERFIL DE DIRECCI\u00d3N TEMPORALIZACI\u00d3N \u2013 FECHA L\u00cdMITE ACTUACI\u00d3N PROCEDIMIENTO CON ANTERIORIDAD A LA INCORPORACI\u00d3N Obtenci\u00f3n informaci\u00f3n actualizada datos asistentes asignadas\/os Consulta en S\u00e9neca: Personal\/ Auxiliares de conversaci\u00f3n\/ Adjudicaci\u00f3n provisional\/ Carga Adjudicaci\u00f3n provisional&#46;&#46;&#46;<\/p>\n","protected":false},"author":6890,"featured_media":0,"parent":0,"menu_order":0,"comment_status":"closed","ping_status":"closed","template":"","meta":{"ngg_post_thumbnail":0,"footnotes":"","_mc_calendar":[]},"aioseo_notices":[],"_links":{"self":[{"href":"https:\/\/blogsaverroes.juntadeandalucia.es\/plurilinguismodelegacionjaen\/wp-json\/wp\/v2\/pages\/5345"}],"collection":[{"href":"https:\/\/blogsaverroes.juntadeandalucia.es\/plurilinguismodelegacionjaen\/wp-json\/wp\/v2\/pages"}],"about":[{"href":"https:\/\/blogsaverroes.juntadeandalucia.es\/plurilinguismodelegacionjaen\/wp-json\/wp\/v2\/types\/page"}],"author":[{"embeddable":true,"href":"https:\/\/blogsaverroes.juntadeandalucia.es\/plurilinguismodelegacionjaen\/wp-json\/wp\/v2\/users\/6890"}],"replies":[{"embeddable":true,"href":"https:\/\/blogsaverroes.juntadeandalucia.es\/plurilinguismodelegacionjaen\/wp-json\/wp\/v2\/comments?post=5345"}],"version-history":[{"count":9,"href":"https:\/\/blogsaverroes.juntadeandalucia.es\/plurilinguismodelegacionjaen\/wp-json\/wp\/v2\/pages\/5345\/revisions"}],"predecessor-version":[{"id":5851,"href":"https:\/\/blogsaverroes.juntadeandalucia.es\/plurilinguismodelegacionjaen\/wp-json\/wp\/v2\/pages\/5345\/revisions\/5851"}],"wp:attachment":[{"href":"https:\/\/blogsaverroes.juntadeandalucia.es\/plurilinguismodelegacionjaen\/wp-json\/wp\/v2\/media?parent=5345"}],"curies":[{"name":"wp","href":"https:\/\/api.w.org\/{rel}","templated":true}]}}