{"id":5348,"date":"2023-10-10T06:59:49","date_gmt":"2023-10-10T06:59:49","guid":{"rendered":"https:\/\/blogsaverroes.juntadeandalucia.es\/plurilinguismodelegacionjaen\/?page_id=5348"},"modified":"2024-10-08T05:49:56","modified_gmt":"2024-10-08T05:49:56","slug":"jornada-de-acogida-auxiliares-de-conversacion-2023-24","status":"publish","type":"page","link":"https:\/\/blogsaverroes.juntadeandalucia.es\/plurilinguismodelegacionjaen\/jornada-de-acogida-auxiliares-de-conversacion-2023-24\/","title":{"rendered":"Jornada de Acogida Auxiliares de conversaci\u00f3n 2024\/25"},"content":{"rendered":"<p>Tras la celebraci\u00f3n el 7 de octubre de 2024 de la Jornada de Acogida Auxiliares de conversaci\u00f3n, los materiales utilizados est\u00e1n disponibles a continuaci\u00f3n:<\/p>\n<ul>\n<li><a href=\"https:\/\/drive.google.com\/file\/d\/1cbNiqQTMaSwRK9Ihuvc8HRcjYTx4Wehn\/view\" target=\"_blank\" rel=\"noopener\">Jornada de Acogida y Formaci\u00f3n<\/a><\/li>\n<li><a href=\"https:\/\/docs.google.com\/presentation\/d\/15LxMHbjBsJE3A_b5of4Dm-huvL6cyEb0\/edit?usp=sharing&amp;ouid=118403949143981809797&amp;rtpof=true&amp;sd=true\" target=\"_blank\" rel=\"noopener\">Tr\u00e1mites en la oficina de Extranjer\u00eda<\/a><\/li>\n<\/ul>\n","protected":false},"excerpt":{"rendered":"<p>Tras la celebraci\u00f3n el 7 de octubre de 2024 de la Jornada de Acogida Auxiliares de conversaci\u00f3n, los materiales utilizados est\u00e1n disponibles a continuaci\u00f3n: Jornada de Acogida y Formaci\u00f3n Tr\u00e1mites en la oficina de&#46;&#46;&#46;<\/p>\n","protected":false},"author":6890,"featured_media":0,"parent":0,"menu_order":0,"comment_status":"closed","ping_status":"closed","template":"","meta":{"ngg_post_thumbnail":0,"footnotes":"","_mc_calendar":[]},"aioseo_notices":[],"_links":{"self":[{"href":"https:\/\/blogsaverroes.juntadeandalucia.es\/plurilinguismodelegacionjaen\/wp-json\/wp\/v2\/pages\/5348"}],"collection":[{"href":"https:\/\/blogsaverroes.juntadeandalucia.es\/plurilinguismodelegacionjaen\/wp-json\/wp\/v2\/pages"}],"about":[{"href":"https:\/\/blogsaverroes.juntadeandalucia.es\/plurilinguismodelegacionjaen\/wp-json\/wp\/v2\/types\/page"}],"author":[{"embeddable":true,"href":"https:\/\/blogsaverroes.juntadeandalucia.es\/plurilinguismodelegacionjaen\/wp-json\/wp\/v2\/users\/6890"}],"replies":[{"embeddable":true,"href":"https:\/\/blogsaverroes.juntadeandalucia.es\/plurilinguismodelegacionjaen\/wp-json\/wp\/v2\/comments?post=5348"}],"version-history":[{"count":8,"href":"https:\/\/blogsaverroes.juntadeandalucia.es\/plurilinguismodelegacionjaen\/wp-json\/wp\/v2\/pages\/5348\/revisions"}],"predecessor-version":[{"id":5867,"href":"https:\/\/blogsaverroes.juntadeandalucia.es\/plurilinguismodelegacionjaen\/wp-json\/wp\/v2\/pages\/5348\/revisions\/5867"}],"wp:attachment":[{"href":"https:\/\/blogsaverroes.juntadeandalucia.es\/plurilinguismodelegacionjaen\/wp-json\/wp\/v2\/media?parent=5348"}],"curies":[{"name":"wp","href":"https:\/\/api.w.org\/{rel}","templated":true}]}}