{"id":5378,"date":"2023-11-08T10:55:17","date_gmt":"2023-11-08T10:55:17","guid":{"rendered":"https:\/\/blogsaverroes.juntadeandalucia.es\/plurilinguismodelegacionjaen\/?page_id=5378"},"modified":"2023-11-15T07:22:13","modified_gmt":"2023-11-15T07:22:13","slug":"recursos-educativos-para-auxiliares-de-conversacion","status":"publish","type":"page","link":"https:\/\/blogsaverroes.juntadeandalucia.es\/plurilinguismodelegacionjaen\/recursos-educativos-para-auxiliares-de-conversacion\/","title":{"rendered":"Recursos educativos para Auxiliares de Conversaci\u00f3n"},"content":{"rendered":"<p>En los siguientes enlaces podr\u00e1n encontrar materiales, recursos y experiencias que ser\u00e1n muy \u00fatiles para los primeros d\u00edas en el centro educativo o para sacar ideas que desarrollar en el aula:<\/p>\n<ul>\n<li><a href=\"https:\/\/www.educa.jccm.es\/es\/sistema-educativo\/idiomas-programas-europeos\/auxiliares-conversacion\/programa-auxiliares-conversacion-extranjeros-espana-2023-20\/recursos-educativos-auxiliares-conversacion.ficheros\/743570-Activities%20for%20Language%20Assistants.pdf\" target=\"_blank\" rel=\"noopener noreferrer\">Activities for Language Assistants<\/a><\/li>\n<li><a href=\"https:\/\/www.educa.jccm.es\/es\/sistema-educativo\/idiomas-programas-europeos\/auxiliares-conversacion\/programa-auxiliares-conversacion-extranjeros-espana-2023-20\/recursos-educativos-auxiliares-conversacion.ficheros\/743571-Experiencias%20de%20Auxiliares.pdf\" target=\"_blank\" rel=\"noopener noreferrer\">Experiencias de Auxiliares<\/a><\/li>\n<li><a href=\"https:\/\/www.educa.jccm.es\/es\/sistema-educativo\/idiomas-programas-europeos\/auxiliares-conversacion\/programa-auxiliares-conversacion-extranjeros-espana-2023-20\/recursos-educativos-auxiliares-conversacion.ficheros\/743572-Propuesta%20de%20Actividades%20para%20auxiliares%20en%20espa%C3%B1ol.pdf\" target=\"_blank\" rel=\"noopener noreferrer\">Propuesta de Actividades para auxiliares en espa\u00f1ol<\/a><\/li>\n<li><a href=\"https:\/\/www.educa.jccm.es\/es\/sistema-educativo\/idiomas-programas-europeos\/auxiliares-conversacion\/programa-auxiliares-conversacion-extranjeros-espana-2023-20\/recursos-educativos-auxiliares-conversacion.ficheros\/743573-Science%20Activities.pdf\" target=\"_blank\" rel=\"noopener noreferrer\">Science Activities<\/a><\/li>\n<li><a href=\"https:\/\/blogsaverroes.juntadeandalucia.es\/plurilinguismodelegacionjaen\/files\/2023\/11\/Recursos-para-auxiliares-2023-2024.pdf\" target=\"_blank\" rel=\"noopener noreferrer\">Recursos TIC<\/a><\/li>\n<li><a href=\"https:\/\/edea.juntadeandalucia.es\/bancorecursos\/items\/56b84b87-f098-4d04-9e55-009e5db6b24a\/1\/?attachment.uuid=29bff856-c2c1-4795-a314-856db01305dd\" target=\"_blank\" rel=\"noopener noreferrer\">Auxiliares de conversaci\u00f3n: Actividades para la docencia telem\u00e1tica&nbsp;<\/a> (Alem\u00e1n, Franc\u00e9s, Ingl\u00e9s y Portugu\u00e9s)<\/li>\n<li>Aulas Confucio <a href=\"https:\/\/edea.juntadeandalucia.es\/bancorecursos\/items\/02b908cc-e2b9-4cf6-90ae-0896e81169e4\/1\/?attachment.uuid=1e98d5ce-b3f8-4c53-aca3-40d0158e62a8\" target=\"_blank\" rel=\"noopener noreferrer\">Actividades para la docencia telem\u00e1tica&nbsp;<\/a><\/li>\n<\/ul>\n<p>&nbsp;<\/p>\n","protected":false},"excerpt":{"rendered":"<p>En los siguientes enlaces podr\u00e1n encontrar materiales, recursos y experiencias que ser\u00e1n muy \u00fatiles para los primeros d\u00edas en el centro educativo o para sacar ideas que desarrollar en el aula: Activities for Language&#46;&#46;&#46;<\/p>\n","protected":false},"author":6890,"featured_media":0,"parent":0,"menu_order":0,"comment_status":"closed","ping_status":"closed","template":"","meta":{"ngg_post_thumbnail":0,"footnotes":"","_mc_calendar":[]},"aioseo_notices":[],"_links":{"self":[{"href":"https:\/\/blogsaverroes.juntadeandalucia.es\/plurilinguismodelegacionjaen\/wp-json\/wp\/v2\/pages\/5378"}],"collection":[{"href":"https:\/\/blogsaverroes.juntadeandalucia.es\/plurilinguismodelegacionjaen\/wp-json\/wp\/v2\/pages"}],"about":[{"href":"https:\/\/blogsaverroes.juntadeandalucia.es\/plurilinguismodelegacionjaen\/wp-json\/wp\/v2\/types\/page"}],"author":[{"embeddable":true,"href":"https:\/\/blogsaverroes.juntadeandalucia.es\/plurilinguismodelegacionjaen\/wp-json\/wp\/v2\/users\/6890"}],"replies":[{"embeddable":true,"href":"https:\/\/blogsaverroes.juntadeandalucia.es\/plurilinguismodelegacionjaen\/wp-json\/wp\/v2\/comments?post=5378"}],"version-history":[{"count":5,"href":"https:\/\/blogsaverroes.juntadeandalucia.es\/plurilinguismodelegacionjaen\/wp-json\/wp\/v2\/pages\/5378\/revisions"}],"predecessor-version":[{"id":5400,"href":"https:\/\/blogsaverroes.juntadeandalucia.es\/plurilinguismodelegacionjaen\/wp-json\/wp\/v2\/pages\/5378\/revisions\/5400"}],"wp:attachment":[{"href":"https:\/\/blogsaverroes.juntadeandalucia.es\/plurilinguismodelegacionjaen\/wp-json\/wp\/v2\/media?parent=5378"}],"curies":[{"name":"wp","href":"https:\/\/api.w.org\/{rel}","templated":true}]}}