{"id":5394,"date":"2023-11-14T10:39:03","date_gmt":"2023-11-14T10:39:03","guid":{"rendered":"https:\/\/blogsaverroes.juntadeandalucia.es\/plurilinguismodelegacionjaen\/?page_id=5394"},"modified":"2024-05-09T12:00:57","modified_gmt":"2024-05-09T12:00:57","slug":"procedimiento-de-solicitud-de-autorizacion-para-movilidades-erasmus","status":"publish","type":"page","link":"https:\/\/blogsaverroes.juntadeandalucia.es\/plurilinguismodelegacionjaen\/procedimiento-de-solicitud-de-autorizacion-para-movilidades-erasmus\/","title":{"rendered":"Procedimiento de solicitud de autorizaci\u00f3n para movilidades Erasmus+"},"content":{"rendered":"<p class=\"post-title entry-title\"><strong>Procedimiento de solicitud de autorizaci\u00f3n para movilidades de profesorado en el marco de los proyectos Erasmus+ en centros de Educaci\u00f3n Escolar, Educaci\u00f3n de Adultos, Formaci\u00f3n Profesional de Grado Medio y Grado Superior.<\/strong><\/p>\n<div class=\"entry themeform\">\n<div class=\"entry-inner\">\n<p>La&nbsp;<a title=\"Circular de 11 de junio de 2021\" href=\"https:\/\/blogsaverroes.juntadeandalucia.es\/plurilinguismoalmeria\/files\/2021\/11\/circular_11062011_DGPyGRRHH_permisosylicencias.pdf\" target=\"_blank\" rel=\"noopener noreferrer\">Circular de 11 de junio de 2021<\/a>&nbsp;de la Direcci\u00f3n General del Profesorado y Gesti\u00f3n de Recursos Humanos sobre permisos, licencias y reducciones de jornada del personal docente del \u00e1mbito de gesti\u00f3n de la Consejer\u00eda de Educaci\u00f3n y Deporte de la Junta de Andaluc\u00eda presenta una modificaci\u00f3n en la solicitud de los siguientes permisos:<\/p>\n<ol>\n<li>Por razones de movilidad dentro de una de las acciones clave en el Programa Erasmus+.<\/li>\n<li>Por formaci\u00f3n del profesorado que, por su especificidad, requiera autorizaci\u00f3n de la Direcci\u00f3n General de Formaci\u00f3n del Profesorado e Innovaci\u00f3n Educativa.<\/li>\n<\/ol>\n<p>El procedimiento para solicitar alguno de estos permisos ser\u00eda el siguiente:<\/p>\n<p><strong>a) Movilidades Erasmus+ y Formaci\u00f3n del Profesorado<br \/>\n<\/strong><\/p>\n<ol>\n<li>Se enviar\u00e1 el modelo de solicitud del permiso \u2013&nbsp;<a title=\"Permisos y licencias\" href=\"https:\/\/blogsaverroes.juntadeandalucia.es\/plurilinguismoalmeria\/files\/2021\/11\/anexo_I_permisosylicencias.pdf\" target=\"_blank\" rel=\"noopener noreferrer\">Anexo I<\/a> ( en \u00abOtros\u00bb poner en n\u00ba de proyecto Erasmus)\u2013 junto con la documentaci\u00f3n justificativa que acredite esta solicitud a S.O.E. (Pluriling\u00fcismo).<\/li>\n<li>Tramitaci\u00f3n, resoluci\u00f3n y notificaci\u00f3n del permiso desde el Servicio de Gesti\u00f3n de RRHH.<\/li>\n<\/ol>\n<p>Se recuerda que la solicitud de estos permisos tendr\u00e1 que realizarse<strong>&nbsp;<span style=\"color: #ff0000\">con una antelaci\u00f3n m\u00ednima de un mes<\/span>,<\/strong>&nbsp;debido a la complejidad de los procedimientos.<\/p>\n<p><a href=\"https:\/\/blogsaverroes.juntadeandalucia.es\/plurilinguismodelegacionjaen\/files\/2024\/05\/Modelo-informe-de-DIRECCION-1.doc\">Modelo informe de DIRECCI\u00d3N<\/a> (para adjuntar al Anexo I)<\/p>\n<p><a href=\"https:\/\/portals.ced.junta-andalucia.es\/educacion\/portals\/delegate\/content\/19169456-b3c2-45e9-827f-933ae186acee\/Anexo%20I\" target=\"_blank\" rel=\"noopener noreferrer\">Anexo I: Permisos, licencias, reducciones de jornada y vacaciones<\/a><\/p>\n<hr>\n<p><strong>Alumnado de Formaci\u00f3n Profesional que va a realizar el m\u00f3dulo de FCT en pa\u00edses de la Uni\u00f3n Europea.<\/strong><\/p>\n<p>La&nbsp;<a href=\"https:\/\/juntadeandalucia.es\/boja\/2011\/206\/1\" target=\"_blank\" rel=\"noopener noreferrer\">Orden de 28 de septiembre de 2011<\/a>, por la que se regulan los&nbsp;<strong>m\u00f3dulos profesionales de formaci\u00f3n en centros de trabajo<\/strong>&nbsp;y de proyecto para el alumnado matriculado en centros docentes de la Comunidad Aut\u00f3noma de Andaluc\u00eda, dispone que se requerir\u00e1 autorizaci\u00f3n de la Delegaci\u00f3n Provincial de la Consejer\u00eda en varios casos, entre ellos:<\/p>\n<p><em>e) Realizaci\u00f3n total o parcial del m\u00f3dulo profesional de formaci\u00f3n en centros de trabajo en otros pa\u00edses de la Uni\u00f3n Europea,&nbsp;<strong>siempre que no se encuadre dentro de un Proyecto Europeo&nbsp;<\/strong>promovido por la Consejer\u00eda con competencias en materia de educaci\u00f3n y&nbsp;<strong>aprobado en el marco del Programa de Aprendizaje Permanente&nbsp;<\/strong>o al amparo del Programa de Formaci\u00f3n en Empresas Europeas.<\/em><\/p>\n<p>El&nbsp;<strong>Programa de Aprendizaje Permanente<\/strong>&nbsp;(PAP) era el nombre del programa implementado por la Uni\u00f3n Europea para apoyar las competencias y empleabilidad del alumnado y fomentar su movilidad. Este programa, vigente de 2007 a 2013, fue sustituido el 1 de enero de 2014 por el&nbsp;<strong>Programa Erasmus+,<\/strong>&nbsp;que integra y aglutina los programas hasta entonces incluidos en el PAP.<\/p>\n<p>Por lo tanto, en estos casos la&nbsp;<strong>Inspecci\u00f3n Educativa<\/strong>&nbsp;entiende que NO es preceptiva la autorizaci\u00f3n en el marco de la citada&nbsp;<a href=\"https:\/\/juntadeandalucia.es\/boja\/2011\/206\/1\" target=\"_blank\" rel=\"noopener noreferrer\">Orden de 28 de septiembre de 2011<\/a>, aunque es aconsejable consultar con ella en caso de duda.&nbsp;<\/p>\n<\/div>\n<\/div>\n","protected":false},"excerpt":{"rendered":"<p>Procedimiento de solicitud de autorizaci\u00f3n para movilidades de profesorado en el marco de los proyectos Erasmus+ en centros de Educaci\u00f3n Escolar, Educaci\u00f3n de Adultos, Formaci\u00f3n Profesional de Grado Medio y Grado Superior. La&nbsp;Circular de&#46;&#46;&#46;<\/p>\n","protected":false},"author":6890,"featured_media":0,"parent":0,"menu_order":0,"comment_status":"closed","ping_status":"closed","template":"","meta":{"ngg_post_thumbnail":0,"footnotes":"","_mc_calendar":[]},"aioseo_notices":[],"_links":{"self":[{"href":"https:\/\/blogsaverroes.juntadeandalucia.es\/plurilinguismodelegacionjaen\/wp-json\/wp\/v2\/pages\/5394"}],"collection":[{"href":"https:\/\/blogsaverroes.juntadeandalucia.es\/plurilinguismodelegacionjaen\/wp-json\/wp\/v2\/pages"}],"about":[{"href":"https:\/\/blogsaverroes.juntadeandalucia.es\/plurilinguismodelegacionjaen\/wp-json\/wp\/v2\/types\/page"}],"author":[{"embeddable":true,"href":"https:\/\/blogsaverroes.juntadeandalucia.es\/plurilinguismodelegacionjaen\/wp-json\/wp\/v2\/users\/6890"}],"replies":[{"embeddable":true,"href":"https:\/\/blogsaverroes.juntadeandalucia.es\/plurilinguismodelegacionjaen\/wp-json\/wp\/v2\/comments?post=5394"}],"version-history":[{"count":9,"href":"https:\/\/blogsaverroes.juntadeandalucia.es\/plurilinguismodelegacionjaen\/wp-json\/wp\/v2\/pages\/5394\/revisions"}],"predecessor-version":[{"id":5756,"href":"https:\/\/blogsaverroes.juntadeandalucia.es\/plurilinguismodelegacionjaen\/wp-json\/wp\/v2\/pages\/5394\/revisions\/5756"}],"wp:attachment":[{"href":"https:\/\/blogsaverroes.juntadeandalucia.es\/plurilinguismodelegacionjaen\/wp-json\/wp\/v2\/media?parent=5394"}],"curies":[{"name":"wp","href":"https:\/\/api.w.org\/{rel}","templated":true}]}}