{"id":5424,"date":"2023-11-27T07:58:28","date_gmt":"2023-11-27T07:58:28","guid":{"rendered":"https:\/\/blogsaverroes.juntadeandalucia.es\/plurilinguismodelegacionjaen\/?page_id=5424"},"modified":"2023-11-27T07:58:28","modified_gmt":"2023-11-27T07:58:28","slug":"aceptacion-de-destino","status":"publish","type":"page","link":"https:\/\/blogsaverroes.juntadeandalucia.es\/plurilinguismodelegacionjaen\/aceptacion-de-destino\/","title":{"rendered":"Aceptaci\u00f3n de Destino"},"content":{"rendered":"<p>Este documento deber\u00e1 remitirlo el\/la auxiliar de conversaci\u00f3n antes de su llegada a Espa\u00f1a v\u00eda correo ordinario a:<\/p>\n<p>Programa de Auxiliares de Conversaci\u00f3n<br \/>\nServicio de Programas Educativos Internacionales<br \/>\nDirecci\u00f3n General de Tecnolog\u00edas Avanzadas y Transformaci\u00f3n Educativa<br \/>\nConsejer\u00eda de Desarrollo Educativo y Formaci\u00f3n Profesional<br \/>\nJunta de Andaluc\u00eda<br \/>\nAvda.\/Juan Antonio Vizarr\u00f3n s\/n, Edif. Torretriana<br \/>\nIsla de la Cartuja<br \/>\n41092 Sevilla<\/p>\n<p>Documento: <a href=\"https:\/\/blogsaverroes.juntadeandalucia.es\/plurilinguismodelegacionjaen\/files\/2023\/11\/Aceptaci\u00f3n-plaza-1-centro-23-24-Rellenar.pdf\">Aceptaci\u00f3n plaza 1 centro 23-24<\/a><\/p>\n<p><strong>Muy Importante: El documento debe ser original, no fotocopiado<\/strong><\/p>\n","protected":false},"excerpt":{"rendered":"<p>Este documento deber\u00e1 remitirlo el\/la auxiliar de conversaci\u00f3n antes de su llegada a Espa\u00f1a v\u00eda correo ordinario a: Programa de Auxiliares de Conversaci\u00f3n Servicio de Programas Educativos Internacionales Direcci\u00f3n General de Tecnolog\u00edas Avanzadas y&#46;&#46;&#46;<\/p>\n","protected":false},"author":6890,"featured_media":0,"parent":0,"menu_order":0,"comment_status":"closed","ping_status":"closed","template":"","meta":{"ngg_post_thumbnail":0,"footnotes":"","_mc_calendar":[]},"aioseo_notices":[],"_links":{"self":[{"href":"https:\/\/blogsaverroes.juntadeandalucia.es\/plurilinguismodelegacionjaen\/wp-json\/wp\/v2\/pages\/5424"}],"collection":[{"href":"https:\/\/blogsaverroes.juntadeandalucia.es\/plurilinguismodelegacionjaen\/wp-json\/wp\/v2\/pages"}],"about":[{"href":"https:\/\/blogsaverroes.juntadeandalucia.es\/plurilinguismodelegacionjaen\/wp-json\/wp\/v2\/types\/page"}],"author":[{"embeddable":true,"href":"https:\/\/blogsaverroes.juntadeandalucia.es\/plurilinguismodelegacionjaen\/wp-json\/wp\/v2\/users\/6890"}],"replies":[{"embeddable":true,"href":"https:\/\/blogsaverroes.juntadeandalucia.es\/plurilinguismodelegacionjaen\/wp-json\/wp\/v2\/comments?post=5424"}],"version-history":[{"count":3,"href":"https:\/\/blogsaverroes.juntadeandalucia.es\/plurilinguismodelegacionjaen\/wp-json\/wp\/v2\/pages\/5424\/revisions"}],"predecessor-version":[{"id":5428,"href":"https:\/\/blogsaverroes.juntadeandalucia.es\/plurilinguismodelegacionjaen\/wp-json\/wp\/v2\/pages\/5424\/revisions\/5428"}],"wp:attachment":[{"href":"https:\/\/blogsaverroes.juntadeandalucia.es\/plurilinguismodelegacionjaen\/wp-json\/wp\/v2\/media?parent=5424"}],"curies":[{"name":"wp","href":"https:\/\/api.w.org\/{rel}","templated":true}]}}