{"id":5689,"date":"2024-03-14T08:38:57","date_gmt":"2024-03-14T08:38:57","guid":{"rendered":"https:\/\/blogsaverroes.juntadeandalucia.es\/plurilinguismodelegacionjaen\/?page_id=5689"},"modified":"2026-04-15T10:14:09","modified_gmt":"2026-04-15T10:14:09","slug":"programa-intensivo-de-inmersion-linguistica-en-ingles-en-espana","status":"publish","type":"page","link":"https:\/\/blogsaverroes.juntadeandalucia.es\/plurilinguismodelegacionjaen\/programa-intensivo-de-inmersion-linguistica-en-ingles-en-espana\/","title":{"rendered":"Programa intensivo de inmersi\u00f3n ling\u00fc\u00edstica en ingl\u00e9s en Espa\u00f1a"},"content":{"rendered":"<p><strong>Convocatoria 2026.<\/strong><\/p>\n<p>Ayudas destinadas a alumnado de sexto curso de Educaci\u00f3n Primaria y segundo curso de ESO para el desarrollo de un programa de inmersi\u00f3n ling\u00fc\u00edstica en lengua inglesa en Espa\u00f1a.<\/p>\n<p><a href=\"https:\/\/www.educacionfpydeportes.gob.es\/servicios-al-ciudadano\/catalogo\/general\/99\/998217\/ficha\/998217-2026.html\" target=\"_blank\" rel=\"noopener\">Informaci\u00f3n e inscripci\u00f3n<\/a><\/p>\n<p><strong>Convocatoria 2024.<br \/>\n<\/strong><\/p>\n<p>Los beneficiarios asistir\u00e1n a un curso organizado por empresas contratadas por este Ministerio, debiendo abonar una parte del coste.<\/p>\n<p>Plazo de presentaci\u00f3n de solicitudes: Desde el 10 de febrero de 2024 a las 00:00 hasta el 21 de marzo de 2024 a las 15:00.<\/p>\n<p><a href=\"https:\/\/boe.es\/boe\/dias\/2025\/04\/02\/pdfs\/BOE-B-2025-12096.pdf\" target=\"_blank\" rel=\"noopener\">Convocatoria<\/a><\/p>\n<p><a href=\"https:\/\/www.educacionyfp.gob.es\/servicios-al-ciudadano\/catalogo\/general\/99\/998697\/ficha\/998697-2024.html\" target=\"_blank\" rel=\"noopener noreferrer\">Acceso a la Tramitaci\u00f3n Electr\u00f3nica<\/a><\/p>\n<p><a href=\"https:\/\/blogsaverroes.juntadeandalucia.es\/plurilinguismodelegacionjaen\/files\/2024\/03\/descarga-6.jpg\"><img loading=\"lazy\" decoding=\"async\" class=\"size-medium wp-image-5691 aligncenter\" src=\"https:\/\/blogsaverroes.juntadeandalucia.es\/plurilinguismodelegacionjaen\/files\/2024\/03\/descarga-6-300x117.jpg\" alt=\"\" width=\"300\" height=\"117\" srcset=\"https:\/\/blogsaverroes.juntadeandalucia.es\/plurilinguismodelegacionjaen\/files\/2024\/03\/descarga-6-300x117.jpg 300w, https:\/\/blogsaverroes.juntadeandalucia.es\/plurilinguismodelegacionjaen\/files\/2024\/03\/descarga-6.jpg 360w\" sizes=\"(max-width: 300px) 100vw, 300px\" \/><\/a><strong>Convocatoria curso 2025\/26 (MINISTERIO DE EDUCACI\u00d3N, FORMACI\u00d3N PROFESIONAL Y DEPORTES)<\/strong><\/p>\n<p>Ayudas destinadas a alumnado de sexto curso de Educaci\u00f3n Primaria y segundo curso de ESO para el desarrollo de un programa de inmersi\u00f3n ling\u00fc\u00edstica en lengua inglesa en Espa\u00f1a.<\/p>\n<p><a href=\"https:\/\/boe.es\/boe\/dias\/2025\/04\/02\/pdfs\/BOE-B-2025-12096.pdf\" target=\"_blank\" rel=\"noopener\">M\u00e1s informaci\u00f3n<\/a><\/p>\n<p><a href=\"https:\/\/www.educacionfpydeportes.gob.es\/servicios-al-ciudadano\/catalogo\/general\/99\/998217\/ficha.html\" target=\"_blank\" rel=\"noopener\">Enlace a la tramitaci\u00f3n<\/a><\/p>\n","protected":false},"excerpt":{"rendered":"<p>Convocatoria 2026. Ayudas destinadas a alumnado de sexto curso de Educaci\u00f3n Primaria y segundo curso de ESO para el desarrollo de un programa de inmersi\u00f3n ling\u00fc\u00edstica en lengua inglesa en Espa\u00f1a. Informaci\u00f3n e inscripci\u00f3n&#46;&#46;&#46;<\/p>\n","protected":false},"author":6890,"featured_media":0,"parent":0,"menu_order":0,"comment_status":"closed","ping_status":"closed","template":"","meta":{"ngg_post_thumbnail":0,"footnotes":"","_mc_calendar":[]},"aioseo_notices":[],"_links":{"self":[{"href":"https:\/\/blogsaverroes.juntadeandalucia.es\/plurilinguismodelegacionjaen\/wp-json\/wp\/v2\/pages\/5689"}],"collection":[{"href":"https:\/\/blogsaverroes.juntadeandalucia.es\/plurilinguismodelegacionjaen\/wp-json\/wp\/v2\/pages"}],"about":[{"href":"https:\/\/blogsaverroes.juntadeandalucia.es\/plurilinguismodelegacionjaen\/wp-json\/wp\/v2\/types\/page"}],"author":[{"embeddable":true,"href":"https:\/\/blogsaverroes.juntadeandalucia.es\/plurilinguismodelegacionjaen\/wp-json\/wp\/v2\/users\/6890"}],"replies":[{"embeddable":true,"href":"https:\/\/blogsaverroes.juntadeandalucia.es\/plurilinguismodelegacionjaen\/wp-json\/wp\/v2\/comments?post=5689"}],"version-history":[{"count":8,"href":"https:\/\/blogsaverroes.juntadeandalucia.es\/plurilinguismodelegacionjaen\/wp-json\/wp\/v2\/pages\/5689\/revisions"}],"predecessor-version":[{"id":6466,"href":"https:\/\/blogsaverroes.juntadeandalucia.es\/plurilinguismodelegacionjaen\/wp-json\/wp\/v2\/pages\/5689\/revisions\/6466"}],"wp:attachment":[{"href":"https:\/\/blogsaverroes.juntadeandalucia.es\/plurilinguismodelegacionjaen\/wp-json\/wp\/v2\/media?parent=5689"}],"curies":[{"name":"wp","href":"https:\/\/api.w.org\/{rel}","templated":true}]}}