{"id":5796,"date":"2024-06-14T10:16:55","date_gmt":"2024-06-14T10:16:55","guid":{"rendered":"https:\/\/blogsaverroes.juntadeandalucia.es\/plurilinguismodelegacionjaen\/?page_id=5796"},"modified":"2024-06-14T10:18:40","modified_gmt":"2024-06-14T10:18:40","slug":"curso-2023-24","status":"publish","type":"page","link":"https:\/\/blogsaverroes.juntadeandalucia.es\/plurilinguismodelegacionjaen\/curso-2023-24\/","title":{"rendered":"Curso 2023\/24"},"content":{"rendered":"<ul>\n<li><a href=\"https:\/\/www.juntadeandalucia.es\/educacion\/secretariavirtual\/consultaCEP\/?C_EDIACTFOR=259918FP497\" target=\"_blank\" rel=\"noopener\">ACREDITACI\u00d3N ERASMUS EN EL \u00c1MBITO DE LA FORMACI\u00d3N PROFESIONAL (259918FP497)&nbsp;<\/a><\/li>\n<\/ul>\n<p>PLAZO DE INSCRIPCI\u00d3N: hasta el 25 de junio de 2024 a las 10:00 horas.<\/p>\n<ul>\n<li><a href=\"https:\/\/www.juntadeandalucia.es\/educacion\/secretariavirtual\/consultaCEP\/actividad\/242116GE084\/\" target=\"_blank\" rel=\"noopener\">Actividad regional: ENSE\u00d1ANZA BILING\u00dcE EN FORMACI\u00d3N PROFESIONAL ( 242116GE084.)<\/a><\/li>\n<li><a href=\"https:\/\/www.juntadeandalucia.es\/educacion\/secretariavirtual\/consultaCEP\/actividad\/249921KPI439\/\" target=\"_blank\" rel=\"noopener\">Jornada de formaci\u00f3n Trinity: Making Connections across the curriculum (249921KPI439)<\/a><\/li>\n<li><a href=\"https:\/\/www.juntadeandalucia.es\/educacion\/secretariavirtual\/consultaCEP\/actividad\/242319GE054\/\" target=\"_blank\" rel=\"noopener\">C<\/a><a href=\"https:\/\/www.juntadeandalucia.es\/educacion\/secretariavirtual\/consultaCEP\/actividad\/242319GE054\/\" target=\"_blank\" rel=\"noopener\">urso Metodolog\u00eda e innovaci\u00f3n en Escuelas Oficiales de Idiomas (242319GE054.)<\/a><\/li>\n<li><a href=\"https:\/\/t.co\/9ELmqaEVut\" target=\"_blank\" rel=\"noopener\">Formaci\u00f3n metodol\u00f3gica para la docencia en el Programa Bachibac. Nivel inicial (244128LIN081)<\/a><\/li>\n<li>Curso a Distancia: Pratiques d\u2019enseignement innovantes soutenues par l\u2019utilisation des tice dans la classe de langue (24K9911AV158).<\/li>\n<li><a href=\"https:\/\/blogsaverroes.juntadeandalucia.es\/plurilinguismodelegacionjaen\/files\/2024\/02\/programa_tca_sevilla_draft_web.pdf\" target=\"_blank\" rel=\"noopener\">\u00abActividad de Formaci\u00f3n y Cooperaci\u00f3n (TCA) \u2013 Civic participation and EU values. Make Europe shine!\u00bb<\/a><\/li>\n<li><a href=\"https:\/\/www.google.com\/url?q=https:\/\/www.juntadeandalucia.es\/educacion\/secretariavirtual\/consultaCEP\/actividad\/249920KPI371\/&amp;sa=D&amp;source=calendar&amp;ust=1705748276834903&amp;usg=AOvVaw2AvaBHYoUxoqqtvaiV-bl_\" target=\"_blank\" rel=\"noopener\">JORNADA DE FORMACI\u00d3N TRINITY: SOFT SKILL IN THE ENGLISH LANGUAGE CLASSROOM\u00bb (249920KPI371)<\/a><\/li>\n<li><a href=\"https:\/\/www.juntadeandalucia.es\/educacion\/secretariavirtual\/consultaCEP\/actividad\/249918KPI461\/\" target=\"_blank\" rel=\"noopener\">Formaci\u00f3n: Gesti\u00f3n administrativa y econ\u00f3mica de proyectos Erasmus (249918KPI461)<\/a><\/li>\n<li><a href=\"https:\/\/www.juntadeandalucia.es\/educacion\/secretariavirtual\/consultaCEP\/actividad\/249920KPI442\/\" target=\"_blank\" rel=\"noopener\">Liderazgo efectivo para el \u00e9xito de la ense\u00f1anza biling\u00fce (249920KPI442)<\/a><\/li>\n<li><a href=\"https:\/\/www.juntadeandalucia.es\/educacion\/secretariavirtual\/consultaCEP\/actividad\/249921KPI441\/\" target=\"_blank\" rel=\"noopener\">Jornada de formaci\u00f3n Cambridge: CLIL METHODOLOGY AND PRACTICE (249921KPI441)<\/a><\/li>\n<li><a href=\"https:\/\/www.juntadeandalucia.es\/educacion\/secretariavirtual\/consultaCEP\/actividad\/24K9926AV155\/\" target=\"_blank\" rel=\"noopener\">CURSO PARA EL PROFESORADO \u00c1REA NO LING\u00dc\u00cdSTICA (ANL) EN FRANC\u00c9S (24K9926AV155)<\/a><\/li>\n<li><a href=\"https:\/\/www.juntadeandalucia.es\/educacion\/secretariavirtual\/consultaCEP\/actividad\/24K9926AV156\/\" target=\"_blank\" rel=\"noopener\">CURSO PARA EL PROFESORADO \u00c1REA NO LING\u00dc\u00cdSTICA (ANL) EN INGL\u00c9S (24K9926AV156)<\/a><\/li>\n<li><a href=\"https:\/\/www.juntadeandalucia.es\/educacion\/secretariavirtual\/consultaCEP\/actividad\/249918PI303\/\" target=\"_blank\" rel=\"noopener\">CURSO: \u00abELABORACI\u00d3N DE PROYECTOS DE CALIDAD ERASMUS+ 2024\u00bb (249918PI303)<\/a><\/li>\n<li><a href=\"https:\/\/www.juntadeandalucia.es\/educacion\/secretariavirtual\/consultaCEP\/actividad\/242318GE064\/\" target=\"_blank\" rel=\"noopener\">Curso: Atenci\u00f3n a la diversidad en alumnado adulto en EEOOII (242318GE064)<\/a><\/li>\n<li><a href=\"https:\/\/sepie.erasmusplus.gob.es\/comunica\/2023\/jornada_informativa_escolar_2024\/\" target=\"_blank\" rel=\"noopener\">Jornada informativa Erasmus+ 2024<\/a><\/li>\n<li><a href=\"https:\/\/t.co\/9QpY7ea2Bo\" target=\"_blank\" rel=\"noopener\">Jornada anual de difusi\u00f3n Erasmus+<\/a><\/li>\n<li><a href=\"https:\/\/www.juntadeandalucia.es\/educacion\/secretariavirtual\/consultaCEP\/actividad\/239918KPI008\/\" target=\"_blank\" rel=\"noopener\">FORMACI\u00d3N INICIAL PARA NUEVOS CENTROS BILING\u00dcES (239918KPI008.)<\/a><\/li>\n<li><a href=\"https:\/\/www.juntadeandalucia.es\/educacion\/secretariavirtual\/consultaCEP\/actividad\/242319KPI001\/\" target=\"_blank\" rel=\"noopener\">Convocado Curso \u00abEL AUXILIAR DE CONVERSACI\u00d3N EN EL AULA BILING\u00dcE (242319KPI001)<\/a><\/li>\n<li><a href=\"http:\/\/sepie.es\/comunicacion\/jornadas\/index.html#3_octubrea,3_octubreb\" target=\"_blank\" rel=\"noopener\">J<\/a><a href=\"http:\/\/sepie.es\/comunicacion\/jornadas\/index.html#3_octubrea,3_octubreb\" target=\"_blank\" rel=\"noopener\">ornada informativa para solicitar la Acreditaci\u00f3n Erasmus (KA120)<\/a><\/li>\n<li><a href=\"https:\/\/www.juntadeandalucia.es\/educacion\/secretariavirtual\/consultaCEP\/actividad\/242318GE012\/\" target=\"_blank\" rel=\"noopener\">Actividad formativa: \u201cUNA ENSE\u00d1ANZA STEM RELEVANTE PARA EL ALUMNADO Y LA SOCIEDAD, (242318GE012)<\/a><\/li>\n<\/ul>\n","protected":false},"excerpt":{"rendered":"<p>ACREDITACI\u00d3N ERASMUS EN EL \u00c1MBITO DE LA FORMACI\u00d3N PROFESIONAL (259918FP497)&nbsp; PLAZO DE INSCRIPCI\u00d3N: hasta el 25 de junio de 2024 a las 10:00 horas. Actividad regional: ENSE\u00d1ANZA BILING\u00dcE EN FORMACI\u00d3N PROFESIONAL ( 242116GE084.) Jornada&#46;&#46;&#46;<\/p>\n","protected":false},"author":6890,"featured_media":0,"parent":0,"menu_order":0,"comment_status":"closed","ping_status":"closed","template":"","meta":{"ngg_post_thumbnail":0,"footnotes":"","_mc_calendar":[]},"aioseo_notices":[],"_links":{"self":[{"href":"https:\/\/blogsaverroes.juntadeandalucia.es\/plurilinguismodelegacionjaen\/wp-json\/wp\/v2\/pages\/5796"}],"collection":[{"href":"https:\/\/blogsaverroes.juntadeandalucia.es\/plurilinguismodelegacionjaen\/wp-json\/wp\/v2\/pages"}],"about":[{"href":"https:\/\/blogsaverroes.juntadeandalucia.es\/plurilinguismodelegacionjaen\/wp-json\/wp\/v2\/types\/page"}],"author":[{"embeddable":true,"href":"https:\/\/blogsaverroes.juntadeandalucia.es\/plurilinguismodelegacionjaen\/wp-json\/wp\/v2\/users\/6890"}],"replies":[{"embeddable":true,"href":"https:\/\/blogsaverroes.juntadeandalucia.es\/plurilinguismodelegacionjaen\/wp-json\/wp\/v2\/comments?post=5796"}],"version-history":[{"count":2,"href":"https:\/\/blogsaverroes.juntadeandalucia.es\/plurilinguismodelegacionjaen\/wp-json\/wp\/v2\/pages\/5796\/revisions"}],"predecessor-version":[{"id":5800,"href":"https:\/\/blogsaverroes.juntadeandalucia.es\/plurilinguismodelegacionjaen\/wp-json\/wp\/v2\/pages\/5796\/revisions\/5800"}],"wp:attachment":[{"href":"https:\/\/blogsaverroes.juntadeandalucia.es\/plurilinguismodelegacionjaen\/wp-json\/wp\/v2\/media?parent=5796"}],"curies":[{"name":"wp","href":"https:\/\/api.w.org\/{rel}","templated":true}]}}