{"id":5801,"date":"2024-06-14T10:19:28","date_gmt":"2024-06-14T10:19:28","guid":{"rendered":"https:\/\/blogsaverroes.juntadeandalucia.es\/plurilinguismodelegacionjaen\/?page_id=5801"},"modified":"2025-09-12T08:15:54","modified_gmt":"2025-09-12T08:15:54","slug":"curso-2024-25","status":"publish","type":"page","link":"https:\/\/blogsaverroes.juntadeandalucia.es\/plurilinguismodelegacionjaen\/curso-2024-25\/","title":{"rendered":"Curso 2024\/25"},"content":{"rendered":"<ul>\n<li><b>Actividades de formaci\u00f3n y cooperaci\u00f3n Erasmus+<\/b>&nbsp;(<b>TCA<\/b>, por sus siglas en ingl\u00e9s:&nbsp;<b><i>Training and Cooperation Activities<\/i><\/b>):&nbsp;<b><a class=\"moz-txt-link-freetext\" href=\"https:\/\/sepie.es\/tca.html\" target=\"_blank\" rel=\"noopener noreferrer\">https:\/\/sepie.es\/tca.html&nbsp;<\/a><\/b><\/li>\n<\/ul>\n<p><strong><a href=\"http:\/\/secure-web.cisco.com\/1KydIMkZJjZlswrj_emToJd93eE1CYqwXuypTa1Qh-1OLvOwwhWDDs_TrUeSVzX_N0Ic9H3lbYdhOkuMqim73dwMbBmL2jYkCM9yBzrr-7e30gNLISQY18SdVUp950kDPZTaGtldf1GmcA_3H-IdYiwglKrGD80ar2iMo8mhmbyy9G2MC7-dlKD2nRgje_voN\/http%3A%2F%2Fsepie.es%2Ftca.html\" target=\"_blank\" rel=\"noopener\">M\u00e1s Informaci\u00f3n<\/a><\/strong><\/p>\n<table style=\"border-collapse: collapse;width: 100%\">\n<tbody>\n<tr>\n<td style=\"width: 33.8643%\"><a href=\"https:\/\/blogsaverroes.juntadeandalucia.es\/plurilinguismodelegacionjaen\/files\/2025\/06\/TCA.jpg\"><img loading=\"lazy\" decoding=\"async\" class=\"alignnone size-medium wp-image-6177\" src=\"https:\/\/blogsaverroes.juntadeandalucia.es\/plurilinguismodelegacionjaen\/files\/2025\/06\/TCA-300x300.jpg\" alt=\"\" width=\"300\" height=\"300\" srcset=\"https:\/\/blogsaverroes.juntadeandalucia.es\/plurilinguismodelegacionjaen\/files\/2025\/06\/TCA-300x300.jpg 300w, https:\/\/blogsaverroes.juntadeandalucia.es\/plurilinguismodelegacionjaen\/files\/2025\/06\/TCA-150x150.jpg 150w, https:\/\/blogsaverroes.juntadeandalucia.es\/plurilinguismodelegacionjaen\/files\/2025\/06\/TCA-80x80.jpg 80w, https:\/\/blogsaverroes.juntadeandalucia.es\/plurilinguismodelegacionjaen\/files\/2025\/06\/TCA-320x320.jpg 320w, https:\/\/blogsaverroes.juntadeandalucia.es\/plurilinguismodelegacionjaen\/files\/2025\/06\/TCA.jpg 433w\" sizes=\"(max-width: 300px) 100vw, 300px\" \/><\/a><\/td>\n<td style=\"width: 66.1357%\"><strong>TCA: Participation in democratic life in early childhood education<\/strong><\/p>\n<p>Este seminario de Educaci\u00f3n Escolar est\u00e1 dirigido a directores de&nbsp;centros de preescolar, docentes, especialistas y coordinadores de proyectos que trabajan en&nbsp;centros de educaci\u00f3n infantil y primer ciclo de educaci\u00f3n primaria.<\/p>\n<p>Se llevar\u00e1 a cabo del 8 al 10 de octubre de 2025 en Tallin (Estonia).<\/p>\n<p>Solicitudes hasta el 5 de junio de 2025.<\/p>\n<p>&nbsp;<\/td>\n<\/tr>\n<tr>\n<td style=\"width: 33.8643%\"><a href=\"https:\/\/blogsaverroes.juntadeandalucia.es\/plurilinguismodelegacionjaen\/files\/2025\/06\/TCA1.jpg\"><img loading=\"lazy\" decoding=\"async\" class=\"alignnone size-medium wp-image-6178\" src=\"https:\/\/blogsaverroes.juntadeandalucia.es\/plurilinguismodelegacionjaen\/files\/2025\/06\/TCA1-300x300.jpg\" alt=\"\" width=\"300\" height=\"300\" srcset=\"https:\/\/blogsaverroes.juntadeandalucia.es\/plurilinguismodelegacionjaen\/files\/2025\/06\/TCA1-300x300.jpg 300w, https:\/\/blogsaverroes.juntadeandalucia.es\/plurilinguismodelegacionjaen\/files\/2025\/06\/TCA1-150x150.jpg 150w, https:\/\/blogsaverroes.juntadeandalucia.es\/plurilinguismodelegacionjaen\/files\/2025\/06\/TCA1-80x80.jpg 80w, https:\/\/blogsaverroes.juntadeandalucia.es\/plurilinguismodelegacionjaen\/files\/2025\/06\/TCA1-320x320.jpg 320w, https:\/\/blogsaverroes.juntadeandalucia.es\/plurilinguismodelegacionjaen\/files\/2025\/06\/TCA1.jpg 431w\" sizes=\"(max-width: 300px) 100vw, 300px\" \/><\/a><\/td>\n<td style=\"width: 66.1357%\"><strong>TCA: Civic Engagement, European Values, Inclusion, and Newcomers<\/strong><\/p>\n<p>Esta TCA intersectorial invita a la participaci\u00f3n de beneficiarios del programa Erasmus+, especialmente a los reci\u00e9n llegados, de los sectores de Educaci\u00f3n Escolar y de Educaci\u00f3n de Personas Adultas.<\/p>\n<p>Del 16 al 19 de septiembre en Cagliari (Italia).<\/p>\n<p>Solicitudes hasta el 9 de junio de 2025.<\/p>\n<p>&nbsp;<\/td>\n<\/tr>\n<tr>\n<td style=\"width: 33.8643%\"><a href=\"https:\/\/blogsaverroes.juntadeandalucia.es\/plurilinguismodelegacionjaen\/files\/2025\/06\/TCA2.jpg\"><img loading=\"lazy\" decoding=\"async\" class=\"alignnone size-medium wp-image-6179\" src=\"https:\/\/blogsaverroes.juntadeandalucia.es\/plurilinguismodelegacionjaen\/files\/2025\/06\/TCA2-300x300.jpg\" alt=\"\" width=\"300\" height=\"300\" srcset=\"https:\/\/blogsaverroes.juntadeandalucia.es\/plurilinguismodelegacionjaen\/files\/2025\/06\/TCA2-300x300.jpg 300w, https:\/\/blogsaverroes.juntadeandalucia.es\/plurilinguismodelegacionjaen\/files\/2025\/06\/TCA2-150x150.jpg 150w, https:\/\/blogsaverroes.juntadeandalucia.es\/plurilinguismodelegacionjaen\/files\/2025\/06\/TCA2-80x80.jpg 80w, https:\/\/blogsaverroes.juntadeandalucia.es\/plurilinguismodelegacionjaen\/files\/2025\/06\/TCA2-320x320.jpg 320w, https:\/\/blogsaverroes.juntadeandalucia.es\/plurilinguismodelegacionjaen\/files\/2025\/06\/TCA2.jpg 425w\" sizes=\"(max-width: 300px) 100vw, 300px\" \/><\/a><\/td>\n<td style=\"width: 66.1357%\"><strong>TCA: Impact measurement and sustainability in career counselling<\/strong><\/p>\n<p>Actividad dirigida a orientadores de centros educativos de todos los sectores educativos (educaci\u00f3n escolar, formaci\u00f3n profesional, educaci\u00f3n superior y educaci\u00f3n de personas adultas), centrada en la profesionalizaci\u00f3n de los servicios de orientaci\u00f3n mediante el seguimiento y la evaluaci\u00f3n de los mismos, bas\u00e1ndose en la medici\u00f3n del impacto y la calidad.<\/p>\n<p>Del 13 al 15 de octubre en Bratislava (Eslovaquia).<\/p>\n<p>Solicitudes hasta el 9 de junio de 2025.<\/p>\n<p>&nbsp;<\/td>\n<\/tr>\n<\/tbody>\n<\/table>\n<p>&nbsp;<\/p>\n<ul>\n<li><a href=\"https:\/\/etwinning.es\/seminario-bilateral-online-espana-portugal-fortaleciendo-los-valores-europeos\/\" target=\"_blank\" rel=\"noopener\">Seminario bilateral online &nbsp;Espa\u00f1a-Portugal<\/a><\/li>\n<li><a href=\"https:\/\/www.juntadeandalucia.es\/educacion\/secretariavirtual\/consultaCEP\/actividad\/251408RE005\/\" target=\"_blank\" rel=\"noopener\">(251408RE005) Curso: 20 a\u00f1os de e-Twinning&nbsp;<\/a><\/li>\n<\/ul>\n<p>&nbsp;&nbsp;&nbsp;&nbsp;&nbsp;&nbsp;&nbsp;&nbsp;&nbsp;&nbsp;&nbsp;&nbsp;&nbsp;&nbsp;&nbsp;&nbsp;&nbsp;&nbsp;&nbsp;&nbsp;&nbsp;&nbsp;&nbsp;&nbsp;&nbsp;&nbsp;&nbsp;&nbsp;&nbsp;&nbsp;&nbsp;&nbsp;&nbsp;&nbsp;&nbsp;&nbsp;&nbsp;&nbsp;&nbsp;&nbsp;&nbsp;&nbsp;&nbsp;&nbsp;&nbsp;&nbsp;&nbsp;&nbsp;&nbsp;&nbsp;&nbsp;&nbsp;&nbsp;&nbsp;<strong> Fecha inscripci\u00f3n<\/strong>: Hasta el 21\/04\/2025<\/p>\n<ul>\n<li><a href=\"https:\/\/www.juntadeandalucia.es\/educacion\/secretariavirtual\/consultaCEP\/actividad\/259921KPI439\/\" target=\"_blank\" rel=\"noopener\"> (259921KPI439) JORNADAS TRINITY: MAKING CONNECTIONS ACROSS THE CURRICULUM<\/a>&nbsp;<\/li>\n<\/ul>\n<p><strong>&nbsp;&nbsp;&nbsp;&nbsp;&nbsp;&nbsp;&nbsp;&nbsp;&nbsp;&nbsp;&nbsp; Fecha inscripci\u00f3n:<\/strong> Del 26 de marzo de 2025&nbsp; al 7 de abril de 2025 a las 10:00, ambos inclusive.<\/p>\n<ul>\n<li><a href=\"https:\/\/www.juntadeandalucia.es\/educacion\/secretariavirtual\/consultaCEP\/actividad\/252318GE069\/\" target=\"_blank\" rel=\"noopener\">(252318GE069) JORNADAS PROVINCIALES EOI 2025<\/a><\/li>\n<\/ul>\n<p>&nbsp;&nbsp;&nbsp;&nbsp;&nbsp;&nbsp;&nbsp;&nbsp;&nbsp;&nbsp;&nbsp;&nbsp;&nbsp;&nbsp;&nbsp;&nbsp;&nbsp;&nbsp;&nbsp;&nbsp;&nbsp;&nbsp;&nbsp;&nbsp;&nbsp;&nbsp;&nbsp;&nbsp;&nbsp;&nbsp;&nbsp;&nbsp;&nbsp;&nbsp;&nbsp;&nbsp;&nbsp;&nbsp;&nbsp;&nbsp;&nbsp;&nbsp;&nbsp;&nbsp;&nbsp;&nbsp;&nbsp;&nbsp;&nbsp;&nbsp;&nbsp;&nbsp;<strong> &nbsp;&nbsp;&nbsp; Fecha inscripci\u00f3n:<\/strong> hasta el 19 de marzo de 2025<\/p>\n<ul>\n<li><a href=\"https:\/\/www.juntadeandalucia.es\/educacion\/secretariavirtual\/consultaCEP\/actividad\/259920QPI442\/\" target=\"_blank\" rel=\"noopener\"><span id=\"gmail-docs-internal-guid-74edd22b-7fff-2cd8-c736-939378ddf939\">(259920QPI442 ) LIDERAZGO EFECTIVO PARA EL \u00c9XITO DE LA ENSE\u00d1ANZA BILING\u00dcE<\/span><\/a><\/li>\n<\/ul>\n<p><strong>&nbsp;&nbsp;&nbsp;&nbsp;&nbsp;&nbsp;&nbsp;&nbsp;&nbsp;&nbsp;&nbsp;&nbsp;&nbsp;&nbsp;&nbsp;&nbsp;&nbsp;&nbsp;&nbsp;&nbsp;&nbsp;&nbsp;&nbsp;&nbsp;&nbsp;&nbsp;&nbsp;&nbsp;&nbsp;&nbsp;&nbsp;&nbsp;&nbsp;&nbsp;&nbsp;&nbsp;&nbsp;&nbsp;&nbsp;&nbsp;&nbsp;&nbsp;&nbsp;&nbsp;&nbsp;&nbsp;&nbsp;&nbsp;&nbsp;&nbsp;&nbsp;&nbsp;&nbsp;&nbsp;&nbsp;&nbsp; Fecha inscripci\u00f3n:<\/strong> hasta 13\/03\/2025<\/p>\n<ul>\n<li><a href=\"https:\/\/www.juntadeandalucia.es\/educacion\/secretariavirtual\/consultaCEP\/actividad\/25K9906AV128\/\" target=\"_blank\" rel=\"noopener\">(25K9906AV128) \u201cINNOVATIVE TEACHING PRACTICES SUPPORTED BY THE FOCUSED USE OF ICT TOOLS IN THE LANGUAGE CLASSROOM\u201d<\/a><\/li>\n<\/ul>\n<p><strong>&nbsp;&nbsp;&nbsp;&nbsp;&nbsp;&nbsp;&nbsp;&nbsp;&nbsp;&nbsp;&nbsp;&nbsp;&nbsp;&nbsp;&nbsp;&nbsp;&nbsp;&nbsp;&nbsp;&nbsp;&nbsp;&nbsp;&nbsp;&nbsp;&nbsp;&nbsp;&nbsp;&nbsp;&nbsp;&nbsp;&nbsp;&nbsp;&nbsp;&nbsp;&nbsp;&nbsp;&nbsp;&nbsp;&nbsp;&nbsp;&nbsp;&nbsp;&nbsp;&nbsp;&nbsp;&nbsp;&nbsp;&nbsp;&nbsp;&nbsp;&nbsp;&nbsp;&nbsp;&nbsp;&nbsp;&nbsp; Fecha inscripci\u00f3n:<\/strong> 20\/01\/2025 hasta 04\/02\/2025<\/p>\n<ul>\n<li><a href=\"https:\/\/www.juntadeandalucia.es\/educacion\/secretariavirtual\/consultaCEP\/actividad\/259918KEO436\/\" target=\"_blank\" rel=\"noopener\">(259918KEO436) DISE\u00d1O Y ELABORACI\u00d3N DE PRUEBAS DE CERTIFICACI\u00d3N DE LENGUAS. ESTANDARIZACI\u00d3N DE NIVELES DEL MCERL.<\/a><\/li>\n<\/ul>\n<p><b>&nbsp;&nbsp;&nbsp;&nbsp;&nbsp;&nbsp;&nbsp;&nbsp;&nbsp;&nbsp;&nbsp;&nbsp;&nbsp;&nbsp;&nbsp;&nbsp;&nbsp;&nbsp;&nbsp;&nbsp;&nbsp;&nbsp;&nbsp;&nbsp;&nbsp;&nbsp;&nbsp;&nbsp;&nbsp;&nbsp;&nbsp;&nbsp;&nbsp;&nbsp;&nbsp;&nbsp;&nbsp;&nbsp;&nbsp;&nbsp;&nbsp;&nbsp;&nbsp;&nbsp;&nbsp;&nbsp;&nbsp;&nbsp;&nbsp;&nbsp;&nbsp;&nbsp;&nbsp;&nbsp; Fecha inscripci\u00f3n:<\/b> 16\/01\/2025 hasta 28\/01\/2025<\/p>\n<ul>\n<li><a href=\"https:\/\/www.juntadeandalucia.es\/educacion\/secretariavirtual\/consultaCEP\/actividad\/25K9926AV156\/\" target=\"_blank\" rel=\"noopener\">(25K9926AV156) CURSO PARA PROFESORADO DE \u00c1REA NO LING\u00dc\u00cdSTICA EN INGL\u00c9S<\/a><\/li>\n<\/ul>\n<p><b>&nbsp;&nbsp;&nbsp;&nbsp;&nbsp;&nbsp;&nbsp;&nbsp;&nbsp;&nbsp;&nbsp;&nbsp;&nbsp;&nbsp;&nbsp;&nbsp;&nbsp;&nbsp;&nbsp;&nbsp;&nbsp;&nbsp;&nbsp;&nbsp;&nbsp;&nbsp;&nbsp;&nbsp;&nbsp;&nbsp;&nbsp;&nbsp;&nbsp;&nbsp;&nbsp;&nbsp;&nbsp;&nbsp;&nbsp;&nbsp;&nbsp;&nbsp;&nbsp;&nbsp;&nbsp;&nbsp;&nbsp;&nbsp;&nbsp;&nbsp;&nbsp;&nbsp;&nbsp;&nbsp;&nbsp;&nbsp;&nbsp;&nbsp; Inscripciones:<\/b> 13\/01\/2025 hasta 22\/01\/2025<\/p>\n<ul>\n<li><a href=\"https:\/\/www.juntadeandalucia.es\/educacion\/secretariavirtual\/consultaCEP\/actividad\/259920KPI442\/\" target=\"_blank\" rel=\"noopener\">(259920KPI442) LIDERAZGO EFECTIVO PARA EL \u00c9XITO DE LA ENSE\u00d1ANZA BILING\u00dcE<\/a><\/li>\n<\/ul>\n<p style=\"text-align: center\"><strong><u>Inscripciones:<\/u> Hasta el 15 de enero de 2025<\/strong><\/p>\n<ul>\n<li><a href=\"https:\/\/www.juntadeandalucia.es\/educacion\/secretariavirtual\/consultaCEP\/actividad\/259922IN007\/\" target=\"_blank\" rel=\"noopener\">(259922IN007) FORMACI\u00d3N EN DEBATE ACAD\u00c9MICO: JURADOS. CURSO 24-25<\/a> (Tambi\u00e9n para debates biling\u00fces)<\/li>\n<\/ul>\n<p style=\"text-align: center\"><strong><u>Inscripciones:<\/u> Hasta el 14 de enero de 2025<br \/>\n<\/strong><\/p>\n<ul>\n<li><a href=\"https:\/\/www.juntadeandalucia.es\/educacion\/secretariavirtual\/consultaCEP\/actividad\/259921KPI441\/\" target=\"_blank\" rel=\"noopener\">(259921KPI441) JORNADA DE FORMACI\u00d3N CAMBRIDGE: CLIL METHODOLOGY AND PRACTICE<\/a><\/li>\n<\/ul>\n<p style=\"text-align: center\"><strong><u>Inscripciones:<\/u> Hasta el 8 de enero de 2025 a las 10:00<\/strong><\/p>\n<ul>\n<li><a href=\"https:\/\/www.juntadeandalucia.es\/educacion\/portales\/web\/programas-educativos-internacionales\/w\/solo-enlace.-curso-de-frances-en-linea-para-docentes-anl-convocatoria-2025-duplicar-1?redirect=\/educacion\/portales\/web\/programas-educativos-internacionales\" target=\"_blank\" rel=\"noopener\">Curso de franc\u00e9s en l\u00ednea para docentes ANL<\/a><\/li>\n<\/ul>\n<p style=\"text-align: center\"><u><strong>Inscripciones:<\/strong><\/u> <strong>Antes del 17 de diciembre de 2024<\/strong>,&nbsp;<\/p>\n<ul>\n<li><a href=\"https:\/\/portals.ced.junta-andalucia.es\/educacion\/portals\/web\/cep-ubeda\/cursos\" target=\"_blank\" rel=\"noopener\">(259920KPI546) PROYECTOS ERASMUS+ NO ACREDITADOS 2025 (SECTOR ESCOLAR Y ADULTOS) P\u00e1g 4<\/a><b> <\/b><\/li>\n<\/ul>\n<p style=\"text-align: center\"><b>Fecha inscripci\u00f3n:<\/b>&nbsp;28\/11\/2024 hasta 13\/12\/2024<\/p>\n<ul>\n<li><a href=\"https:\/\/goo.su\/C6lt\" target=\"_blank\" rel=\"noopener\">(259918KPI461).<\/a><a href=\"https:\/\/goo.su\/C6lt\" target=\"_blank\" rel=\"noopener\">\u00abGESTI\u00d3N ADMINISTRATIVA Y ECON\u00d3MICA DE PROYECTOS ERASMUS+\u00bb,&nbsp;<\/a><\/li>\n<\/ul>\n<p style=\"text-align: center\"><b>Fecha inscripci\u00f3n:<\/b>&nbsp;21\/10\/2024 hasta 31\/10\/2024<\/p>\n<ul>\n<li>(259930EO001) <a href=\"https:\/\/www.juntadeandalucia.es\/educacion\/secretariavirtual\/consultaCEP\/actividad\/259930EO001\/\" target=\"_blank\" rel=\"noopener\">FORMACI\u00d3N PARA EL PROFESORADO ENCARGADO DE IMPARTIR LA MATERIA OPTATIVA \u00bbCERTIFICACI\u00d3N PARA EL NIVEL INTERMEDIO B2\u00bb (BACHILLERATO BILING\u00dcE Y PLURILING\u00dcE)<\/a><\/li>\n<\/ul>\n<p><b>&nbsp;&nbsp;&nbsp;&nbsp;&nbsp;&nbsp;&nbsp;&nbsp;&nbsp;&nbsp;&nbsp;&nbsp;&nbsp;&nbsp;&nbsp;&nbsp;&nbsp;&nbsp;&nbsp;&nbsp;&nbsp;&nbsp;&nbsp;&nbsp;&nbsp;&nbsp;&nbsp;&nbsp;&nbsp;&nbsp;&nbsp;&nbsp;&nbsp;&nbsp;&nbsp;&nbsp;&nbsp;&nbsp;&nbsp;&nbsp;&nbsp;&nbsp;&nbsp;&nbsp;&nbsp;&nbsp; Fecha inscripci\u00f3n:<\/b>&nbsp;08\/10\/2024 hasta 14\/10\/2024<\/p>\n<ul>\n<li><a href=\"https:\/\/www.eoicadiz.com\/giele-2024-eoi-cadiz\/\" target=\"_blank\" rel=\"noopener\">VI Jornada del Grupo de Inter\u00e9s en Evaluaci\u00f3n de Lenguas en Espa\u00f1a (GIELE)<\/a><\/li>\n<\/ul>\n","protected":false},"excerpt":{"rendered":"<p>Actividades de formaci\u00f3n y cooperaci\u00f3n Erasmus+&nbsp;(TCA, por sus siglas en ingl\u00e9s:&nbsp;Training and Cooperation Activities):&nbsp;https:\/\/sepie.es\/tca.html&nbsp; M\u00e1s Informaci\u00f3n TCA: Participation in democratic life in early childhood education Este seminario de Educaci\u00f3n Escolar est\u00e1 dirigido a directores&#46;&#46;&#46;<\/p>\n","protected":false},"author":6890,"featured_media":0,"parent":0,"menu_order":0,"comment_status":"closed","ping_status":"closed","template":"","meta":{"ngg_post_thumbnail":0,"footnotes":"","_mc_calendar":[]},"aioseo_notices":[],"_links":{"self":[{"href":"https:\/\/blogsaverroes.juntadeandalucia.es\/plurilinguismodelegacionjaen\/wp-json\/wp\/v2\/pages\/5801"}],"collection":[{"href":"https:\/\/blogsaverroes.juntadeandalucia.es\/plurilinguismodelegacionjaen\/wp-json\/wp\/v2\/pages"}],"about":[{"href":"https:\/\/blogsaverroes.juntadeandalucia.es\/plurilinguismodelegacionjaen\/wp-json\/wp\/v2\/types\/page"}],"author":[{"embeddable":true,"href":"https:\/\/blogsaverroes.juntadeandalucia.es\/plurilinguismodelegacionjaen\/wp-json\/wp\/v2\/users\/6890"}],"replies":[{"embeddable":true,"href":"https:\/\/blogsaverroes.juntadeandalucia.es\/plurilinguismodelegacionjaen\/wp-json\/wp\/v2\/comments?post=5801"}],"version-history":[{"count":29,"href":"https:\/\/blogsaverroes.juntadeandalucia.es\/plurilinguismodelegacionjaen\/wp-json\/wp\/v2\/pages\/5801\/revisions"}],"predecessor-version":[{"id":6246,"href":"https:\/\/blogsaverroes.juntadeandalucia.es\/plurilinguismodelegacionjaen\/wp-json\/wp\/v2\/pages\/5801\/revisions\/6246"}],"wp:attachment":[{"href":"https:\/\/blogsaverroes.juntadeandalucia.es\/plurilinguismodelegacionjaen\/wp-json\/wp\/v2\/media?parent=5801"}],"curies":[{"name":"wp","href":"https:\/\/api.w.org\/{rel}","templated":true}]}}