{"id":5823,"date":"2024-08-30T08:23:48","date_gmt":"2024-08-30T08:23:48","guid":{"rendered":"https:\/\/blogsaverroes.juntadeandalucia.es\/plurilinguismodelegacionjaen\/?page_id=5823"},"modified":"2024-10-16T06:12:38","modified_gmt":"2024-10-16T06:12:38","slug":"curso-2024-25-2","status":"publish","type":"page","link":"https:\/\/blogsaverroes.juntadeandalucia.es\/plurilinguismodelegacionjaen\/curso-2024-25-2\/","title":{"rendered":"Curso 2024\/2025"},"content":{"rendered":"<div class=\"entry-content cf\">\n<p><strong>AULA CONFUCIO<\/strong><\/p>\n<p><a href=\"https:\/\/portales.ced.junta-andalucia.es\/educacion\/portales\/documents\/270701\/1161936\/Instrucci%C3%B3n%20Aulas%20Confucio%202024-25(F).pdf\/e67e48e6-8da1-04c9-ee01-5f7043884d9d?version=1.0\" target=\"_blank\" rel=\"noopener\">Instrucci\u00f3n para el desarrollo del Programa. Curso 2024\/25<\/a><\/p>\n<p><strong>ENSE\u00d1ANZA BILING\u00dcE<\/strong><\/p>\n<p><a title=\"Pulse para visualizar el documento:&nbsp;Instrucciones de 28 de noviembre de 2023, de la Direcci\u00f3n General de Tecnolog\u00edas Avanzadas y Transformaci\u00f3n Educativa, sobre la organizaci\u00f3n y funcionamiento de la ense\u00f1anza biling\u00fce en los centros andaluces.\" href=\"https:\/\/www.juntadeandalucia.es\/educacion\/portals\/delegate\/content\/dc017f86-2b91-4d6b-b5cd-11925fa428ab\/Instrucciones%20de%2028%20de%20noviembre%20de%202023,%20de%20la%20Direcci%C3%B3n%20General%20de%20Tecnolog%C3%ADas%20Avanzadas%20y%20Transformaci%C3%B3n%20Educativa,%20sobre%20la%20organizaci%C3%B3n%20y%20funcionamiento%20de%20la%20ense%C3%B1anza%20biling%C3%BCe%20en%20los%20centros%20andaluces.\" target=\"_blank\" rel=\"noopener noreferrer\">Instrucciones de 28 de noviembre de 2023, de la Direcci\u00f3n General de Tecnolog\u00edas Avanzadas y&nbsp; transformaci\u00f3n Educativa, sobre la organizaci\u00f3n y funcionamiento de la ense\u00f1anza biling\u00fce en los centros andaluces.<\/a><\/p>\n<p><strong>AUXILIARES DE CONVERSACI\u00d3N<\/strong><\/p>\n<p><a href=\"https:\/\/www.juntadeandalucia.es\/educacion\/portals\/delegate\/content\/0dc29ae3-11df-4742-8aad-7b79cfcc0f9d\/Instrucciones%20de%2026%20de%20julio%20de%202024,%20de%20la%20Direcci%C3%B3n%20General%20de%20Tecnolog%C3%ADas%20Avanzadas%20y%20Transformaci%C3%B3n%20Educativa,%20sobre%20Auxiliares%20de%20Conversaci%C3%B3n\/Asistentes%20Ling%C3%BC%C3%ADsticos%20para%20el%20curso%20escolar%202024\/2025\" target=\"_blank\" rel=\"noopener\">Instrucciones de 26 de julio de 2024 sobre Auxiliares de Conversaci\u00f3n. Curso 2024-2025<\/a>, de la Direcci\u00f3n General de Tecnolog\u00edas Avanzadas y Transformaci\u00f3n Educativa, sobre auxiliares de conversaci\u00f3n\/asistentes ling\u00fc\u00edsticos para el curso escolar 2024\/2025.<\/p>\n<\/div>\n","protected":false},"excerpt":{"rendered":"<p>AULA CONFUCIO Instrucci\u00f3n para el desarrollo del Programa. Curso 2024\/25 ENSE\u00d1ANZA BILING\u00dcE Instrucciones de 28 de noviembre de 2023, de la Direcci\u00f3n General de Tecnolog\u00edas Avanzadas y&nbsp; transformaci\u00f3n Educativa, sobre la organizaci\u00f3n y funcionamiento&#46;&#46;&#46;<\/p>\n","protected":false},"author":6890,"featured_media":0,"parent":0,"menu_order":0,"comment_status":"closed","ping_status":"closed","template":"","meta":{"ngg_post_thumbnail":0,"footnotes":"","_mc_calendar":[]},"aioseo_notices":[],"_links":{"self":[{"href":"https:\/\/blogsaverroes.juntadeandalucia.es\/plurilinguismodelegacionjaen\/wp-json\/wp\/v2\/pages\/5823"}],"collection":[{"href":"https:\/\/blogsaverroes.juntadeandalucia.es\/plurilinguismodelegacionjaen\/wp-json\/wp\/v2\/pages"}],"about":[{"href":"https:\/\/blogsaverroes.juntadeandalucia.es\/plurilinguismodelegacionjaen\/wp-json\/wp\/v2\/types\/page"}],"author":[{"embeddable":true,"href":"https:\/\/blogsaverroes.juntadeandalucia.es\/plurilinguismodelegacionjaen\/wp-json\/wp\/v2\/users\/6890"}],"replies":[{"embeddable":true,"href":"https:\/\/blogsaverroes.juntadeandalucia.es\/plurilinguismodelegacionjaen\/wp-json\/wp\/v2\/comments?post=5823"}],"version-history":[{"count":3,"href":"https:\/\/blogsaverroes.juntadeandalucia.es\/plurilinguismodelegacionjaen\/wp-json\/wp\/v2\/pages\/5823\/revisions"}],"predecessor-version":[{"id":5891,"href":"https:\/\/blogsaverroes.juntadeandalucia.es\/plurilinguismodelegacionjaen\/wp-json\/wp\/v2\/pages\/5823\/revisions\/5891"}],"wp:attachment":[{"href":"https:\/\/blogsaverroes.juntadeandalucia.es\/plurilinguismodelegacionjaen\/wp-json\/wp\/v2\/media?parent=5823"}],"curies":[{"name":"wp","href":"https:\/\/api.w.org\/{rel}","templated":true}]}}