{"id":6116,"date":"2025-05-02T12:09:47","date_gmt":"2025-05-02T12:09:47","guid":{"rendered":"https:\/\/blogsaverroes.juntadeandalucia.es\/plurilinguismodelegacionjaen\/?page_id=6116"},"modified":"2025-05-02T12:09:47","modified_gmt":"2025-05-02T12:09:47","slug":"presentaciones-de-la-reunion-intermedia-con-las-coordinaciones-bilingues-abril-2025","status":"publish","type":"page","link":"https:\/\/blogsaverroes.juntadeandalucia.es\/plurilinguismodelegacionjaen\/presentaciones-de-la-reunion-intermedia-con-las-coordinaciones-bilingues-abril-2025\/","title":{"rendered":"Presentaciones de la Reuni\u00f3n intermedia con las coordinaciones biling\u00fces. Abril 2025"},"content":{"rendered":"<ul>\n<li><a href=\"https:\/\/drive.google.com\/file\/d\/1i7JulAaYqcWHb4S88i1JBxdLhewSVgNr\/view?usp=sharing\" target=\"_blank\" rel=\"noopener\">Presentaci\u00f3n Responsable provincial<\/a><\/li>\n<li><a href=\"https:\/\/drive.google.com\/file\/d\/1dImYXMQh0XKszdcwvg-JYChPhg10gn6B\/view?usp=sharing\" target=\"_blank\" rel=\"noopener\">Presentaci\u00f3n BBPP C.E.I.P. Diecinueve de Julio.<\/a><\/li>\n<li><a href=\"https:\/\/drive.google.com\/file\/d\/15qVwQuZol1gs6EgD56zlMroa7a5Us92R\/view?usp=sharing\" target=\"_blank\" rel=\"noopener\">Presentaci\u00f3n BBPP I.E.S. Sierra de la Grana<\/a><\/li>\n<\/ul>\n","protected":false},"excerpt":{"rendered":"<p>Presentaci\u00f3n Responsable provincial Presentaci\u00f3n BBPP C.E.I.P. Diecinueve de Julio. Presentaci\u00f3n BBPP I.E.S. Sierra de la Grana<\/p>\n","protected":false},"author":6890,"featured_media":0,"parent":0,"menu_order":0,"comment_status":"closed","ping_status":"closed","template":"","meta":{"ngg_post_thumbnail":0,"footnotes":"","_mc_calendar":[]},"aioseo_notices":[],"_links":{"self":[{"href":"https:\/\/blogsaverroes.juntadeandalucia.es\/plurilinguismodelegacionjaen\/wp-json\/wp\/v2\/pages\/6116"}],"collection":[{"href":"https:\/\/blogsaverroes.juntadeandalucia.es\/plurilinguismodelegacionjaen\/wp-json\/wp\/v2\/pages"}],"about":[{"href":"https:\/\/blogsaverroes.juntadeandalucia.es\/plurilinguismodelegacionjaen\/wp-json\/wp\/v2\/types\/page"}],"author":[{"embeddable":true,"href":"https:\/\/blogsaverroes.juntadeandalucia.es\/plurilinguismodelegacionjaen\/wp-json\/wp\/v2\/users\/6890"}],"replies":[{"embeddable":true,"href":"https:\/\/blogsaverroes.juntadeandalucia.es\/plurilinguismodelegacionjaen\/wp-json\/wp\/v2\/comments?post=6116"}],"version-history":[{"count":1,"href":"https:\/\/blogsaverroes.juntadeandalucia.es\/plurilinguismodelegacionjaen\/wp-json\/wp\/v2\/pages\/6116\/revisions"}],"predecessor-version":[{"id":6117,"href":"https:\/\/blogsaverroes.juntadeandalucia.es\/plurilinguismodelegacionjaen\/wp-json\/wp\/v2\/pages\/6116\/revisions\/6117"}],"wp:attachment":[{"href":"https:\/\/blogsaverroes.juntadeandalucia.es\/plurilinguismodelegacionjaen\/wp-json\/wp\/v2\/media?parent=6116"}],"curies":[{"name":"wp","href":"https:\/\/api.w.org\/{rel}","templated":true}]}}