{"id":6161,"date":"2025-05-26T08:07:37","date_gmt":"2025-05-26T08:07:37","guid":{"rendered":"https:\/\/blogsaverroes.juntadeandalucia.es\/plurilinguismodelegacionjaen\/?page_id=6161"},"modified":"2025-05-26T08:08:38","modified_gmt":"2025-05-26T08:08:38","slug":"obtencion-b2-en-ies-con-bachillerato-bilingue-plurilingue","status":"publish","type":"page","link":"https:\/\/blogsaverroes.juntadeandalucia.es\/plurilinguismodelegacionjaen\/obtencion-b2-en-ies-con-bachillerato-bilingue-plurilingue\/","title":{"rendered":"Obtenci\u00f3n B2 en IES con Bachillerato biling\u00fce\/Pluriling\u00fce"},"content":{"rendered":"<p>Regulaci\u00f3n del procedimiento para la obtenci\u00f3n del certificado de Nivel Intermedio B2 de idiomas para el alumnado que cursa Bachillerato biling\u00fce y pluriling\u00fce y establecimiento de la colaboraci\u00f3n entre las Escuelas Oficiales de Idiomas y los Institutos de Educaci\u00f3n Secundaria durante el curso escolar 2025\/2026.<\/p>\n<p><a href=\"https:\/\/juntadeandalucia.es\/eboja\/2025\/98\/BOJA25-098-00012-7281-01_00320881.pdf\" target=\"_blank\" rel=\"noopener\">Resoluci\u00f3n<\/a><a href=\"https:\/\/juntadeandalucia.es\/eboja\/2025\/98\/BOJA25-098-00012-7281-01_00320881.pdf\" target=\"_blank\" rel=\"noopener\"> de 20 de mayo de 2025<\/a><\/p>\n<p>I.E.S. de la Provincia de Ja\u00e9n<\/p>\n<table style=\"border-collapse: collapse;width: 100%;height: 408px\">\n<tbody>\n<tr style=\"height: 24px\">\n<td style=\"width: 16.6667%;text-align: center;height: 24px\"><strong>Localidad<\/strong><\/td>\n<td style=\"width: 24.7615%;height: 24px;text-align: center\"><strong>IES<\/strong><\/td>\n<td style=\"width: 8.57193%;height: 24px;text-align: center\"><strong>C\u00f3d<\/strong><\/td>\n<td style=\"width: 16.6667%;height: 24px;text-align: center\"><strong>Idioma<\/strong><\/td>\n<td style=\"width: 16.6667%;height: 24px;text-align: center\"><strong>EOI Asignada<\/strong><\/td>\n<td style=\"width: 16.6667%;height: 24px;text-align: center\"><strong>C\u00f3d.<\/strong><\/td>\n<\/tr>\n<tr style=\"height: 24px\">\n<td style=\"width: 16.6667%;height: 24px;text-align: center\">Alcal\u00e1 la Real<\/td>\n<td style=\"width: 24.7615%;height: 24px;text-align: center\">IES Alfonso XI<\/td>\n<td style=\"width: 8.57193%;height: 24px;text-align: center\">23000106<\/td>\n<td style=\"width: 16.6667%;height: 24px;text-align: center\">Ingl\u00e9s<\/td>\n<td style=\"width: 16.6667%;height: 24px;text-align: center\">EOI Alcal\u00e1 la Real<\/td>\n<td style=\"width: 16.6667%;height: 24px;text-align: center\">23005219<\/td>\n<\/tr>\n<tr style=\"height: 24px\">\n<td style=\"width: 16.6667%;height: 24px;text-align: center\">And\u00fajar<\/td>\n<td style=\"width: 24.7615%;height: 24px;text-align: center\">IES Nuestra Se\u00f1ora de la Cabeza<\/td>\n<td style=\"width: 8.57193%;height: 24px;text-align: center\">23000556<\/td>\n<td style=\"width: 16.6667%;height: 24px;text-align: center\">Ingl\u00e9s<\/td>\n<td style=\"width: 16.6667%;height: 24px;text-align: center\">EOI And\u00fajar<\/td>\n<td style=\"width: 16.6667%;height: 24px;text-align: center\">23009638<\/td>\n<\/tr>\n<tr style=\"height: 24px\">\n<td style=\"width: 16.6667%;height: 24px;text-align: center\">And\u00fajar<\/td>\n<td style=\"width: 24.7615%;height: 24px;text-align: center\">IES J\u00e1ndula<\/td>\n<td style=\"width: 8.57193%;height: 24px;text-align: center\">23005694<\/td>\n<td style=\"width: 16.6667%;height: 24px;text-align: center\">Ingl\u00e9s<\/td>\n<td style=\"width: 16.6667%;height: 24px;text-align: center\">EOI And\u00fajar<\/td>\n<td style=\"width: 16.6667%;height: 24px;text-align: center\">23009638<\/td>\n<\/tr>\n<tr style=\"height: 24px\">\n<td style=\"width: 16.6667%;height: 24px;text-align: center\">Bail\u00e9n<\/td>\n<td style=\"width: 24.7615%;height: 24px;text-align: center\">IES Mar\u00eda Bellido<\/td>\n<td style=\"width: 8.57193%;height: 24px;text-align: center\">23700840<\/td>\n<td style=\"width: 16.6667%;height: 24px;text-align: center\">Ingl\u00e9s<\/td>\n<td style=\"width: 16.6667%;height: 24px;text-align: center\">EOI Carlota Remfry<\/td>\n<td style=\"width: 16.6667%;height: 24px;text-align: center\">23700372<\/td>\n<\/tr>\n<tr style=\"height: 24px\">\n<td style=\"width: 16.6667%;height: 24px;text-align: center\">Linares<\/td>\n<td style=\"width: 24.7615%;height: 24px;text-align: center\">IES Reyes de Espa\u00f1a<\/td>\n<td style=\"width: 8.57193%;height: 24px;text-align: center\">23002851<\/td>\n<td style=\"width: 16.6667%;height: 24px;text-align: center\">Ingl\u00e9s<\/td>\n<td style=\"width: 16.6667%;height: 24px;text-align: center\">EOI Carlota Remfry<\/td>\n<td style=\"width: 16.6667%;height: 24px;text-align: center\">23700372<\/td>\n<\/tr>\n<tr style=\"height: 24px\">\n<td style=\"width: 16.6667%;height: 24px;text-align: center\">Ja\u00e9n<\/td>\n<td style=\"width: 24.7615%;height: 24px;text-align: center\">IES Virgen del Carmen<\/td>\n<td style=\"width: 8.57193%;height: 24px;text-align: center\">23002401<\/td>\n<td style=\"width: 16.6667%;height: 24px;text-align: center\">Franc\u00e9s<\/td>\n<td style=\"width: 16.6667%;height: 24px;text-align: center\">EOI Xauen<\/td>\n<td style=\"width: 16.6667%;height: 24px;text-align: center\">23700141<\/td>\n<\/tr>\n<tr style=\"height: 24px\">\n<td style=\"width: 16.6667%;height: 24px;text-align: center\">Ja\u00e9n<\/td>\n<td style=\"width: 24.7615%;height: 24px;text-align: center\">IES Santa Catalina de Alejandr\u00eda<\/td>\n<td style=\"width: 8.57193%;height: 24px;text-align: center\">23002413<\/td>\n<td style=\"width: 16.6667%;height: 24px;text-align: center\">Ingl\u00e9s<\/td>\n<td style=\"width: 16.6667%;height: 24px;text-align: center\">EOI Xauen<\/td>\n<td style=\"width: 16.6667%;height: 24px;text-align: center\">23700141<\/td>\n<\/tr>\n<tr style=\"height: 24px\">\n<td style=\"width: 16.6667%;height: 24px;text-align: center\">Ja\u00e9n<\/td>\n<td style=\"width: 24.7615%;height: 24px;text-align: center\">IES Las Fuentezuelas<\/td>\n<td style=\"width: 8.57193%;height: 24px;text-align: center\">23002449<\/td>\n<td style=\"width: 16.6667%;height: 24px;text-align: center\">Ingl\u00e9s<\/td>\n<td style=\"width: 16.6667%;height: 24px;text-align: center\">EOI Xauen<\/td>\n<td style=\"width: 16.6667%;height: 24px;text-align: center\">23700141<\/td>\n<\/tr>\n<tr style=\"height: 24px\">\n<td style=\"width: 16.6667%;height: 24px;text-align: center\">Ja\u00e9n<\/td>\n<td style=\"width: 24.7615%;height: 24px;text-align: center\">IES Jabalcuz<\/td>\n<td style=\"width: 8.57193%;height: 24px;text-align: center\">23002474<\/td>\n<td style=\"width: 16.6667%;height: 24px;text-align: center\">Ingl\u00e9s<\/td>\n<td style=\"width: 16.6667%;height: 24px;text-align: center\">EOI Xauen<\/td>\n<td style=\"width: 16.6667%;height: 24px;text-align: center\">23700141<\/td>\n<\/tr>\n<tr style=\"height: 24px\">\n<td style=\"width: 16.6667%;height: 24px;text-align: center\">Ja\u00e9n<\/td>\n<td style=\"width: 24.7615%;height: 24px;text-align: center\">IES Auringis<\/td>\n<td style=\"width: 8.57193%;height: 24px;text-align: center\">23005062<\/td>\n<td style=\"width: 16.6667%;height: 24px;text-align: center\">Ingl\u00e9s<\/td>\n<td style=\"width: 16.6667%;height: 24px;text-align: center\">EOI Xauen<\/td>\n<td style=\"width: 16.6667%;height: 24px;text-align: center\">23700141<\/td>\n<\/tr>\n<tr style=\"height: 24px\">\n<td style=\"width: 16.6667%;height: 24px;text-align: center\">Ja\u00e9n<\/td>\n<td style=\"width: 24.7615%;height: 24px;text-align: center\">IES Fuente de la Pe\u00f1a<\/td>\n<td style=\"width: 8.57193%;height: 24px;text-align: center\">23005906<\/td>\n<td style=\"width: 16.6667%;height: 24px;text-align: center\">Ingl\u00e9s<\/td>\n<td style=\"width: 16.6667%;height: 24px;text-align: center\">EOI Xauen<\/td>\n<td style=\"width: 16.6667%;height: 24px;text-align: center\">23700141<\/td>\n<\/tr>\n<tr style=\"height: 24px\">\n<td style=\"width: 16.6667%;height: 24px;text-align: center\">Ja\u00e9n<\/td>\n<td style=\"width: 24.7615%;height: 24px;text-align: center\">IES El Valle<\/td>\n<td style=\"width: 8.57193%;height: 24px;text-align: center\">23700271<\/td>\n<td style=\"width: 16.6667%;height: 24px;text-align: center\">Ingl\u00e9s<\/td>\n<td style=\"width: 16.6667%;height: 24px;text-align: center\">EOI Xauen<\/td>\n<td style=\"width: 16.6667%;height: 24px;text-align: center\">23700141<\/td>\n<\/tr>\n<tr style=\"height: 24px\">\n<td style=\"width: 16.6667%;height: 24px;text-align: center\">Mancha Real<\/td>\n<td style=\"width: 24.7615%;height: 24px;text-align: center\">IES Sierra M\u00e1gina<\/td>\n<td style=\"width: 8.57193%;height: 24px;text-align: center\">23005153<\/td>\n<td style=\"width: 16.6667%;height: 24px;text-align: center\">Franc\u00e9s<\/td>\n<td style=\"width: 16.6667%;height: 24px;text-align: center\">EOI Xauen<\/td>\n<td style=\"width: 16.6667%;height: 24px;text-align: center\">23700141<\/td>\n<\/tr>\n<tr style=\"height: 24px\">\n<td style=\"width: 16.6667%;height: 24px;text-align: center\">Martos<\/td>\n<td style=\"width: 24.7615%;height: 24px;text-align: center\">IES San Felipe Neri<\/td>\n<td style=\"width: 8.57193%;height: 24px;text-align: center\">23003132<\/td>\n<td style=\"width: 16.6667%;height: 24px;text-align: center\">Ingl\u00e9s<\/td>\n<td style=\"width: 16.6667%;height: 24px;text-align: center\">EOI Xauen<\/td>\n<td style=\"width: 16.6667%;height: 24px;text-align: center\">23700141<\/td>\n<\/tr>\n<tr style=\"height: 24px\">\n<td style=\"width: 16.6667%;height: 24px;text-align: center\">Torredelcampo<\/td>\n<td style=\"width: 24.7615%;height: 24px;text-align: center\">IES Miguel S\u00e1nchez L\u00f3pez<\/td>\n<td style=\"width: 8.57193%;height: 24px;text-align: center\">23003934<\/td>\n<td style=\"width: 16.6667%;height: 24px;text-align: center\">Ingl\u00e9s<\/td>\n<td style=\"width: 16.6667%;height: 24px;text-align: center\">EOI Xauen<\/td>\n<td style=\"width: 16.6667%;height: 24px;text-align: center\">23700141<\/td>\n<\/tr>\n<tr style=\"height: 24px\">\n<td style=\"width: 16.6667%;height: 24px;text-align: center\">Peal de Becerro<\/td>\n<td style=\"width: 24.7615%;height: 24px;text-align: center\">IES Almicer\u00e1n<\/td>\n<td style=\"width: 8.57193%;height: 24px;text-align: center\">23700487<\/td>\n<td style=\"width: 16.6667%;height: 24px;text-align: center\">Ingl\u00e9s<\/td>\n<td style=\"width: 16.6667%;height: 24px;text-align: center\">EOI Villacarrillo<\/td>\n<td style=\"width: 16.6667%;height: 24px;text-align: center\">23003867<\/td>\n<\/tr>\n<tr>\n<td style=\"width: 16.6667%;text-align: center\">Vilches<\/td>\n<td style=\"width: 24.7615%;text-align: center\">IES Abula<\/td>\n<td style=\"width: 8.57193%;text-align: center\">23700359<\/td>\n<td style=\"width: 16.6667%;text-align: center\">Ingl\u00e9s<\/td>\n<td style=\"width: 16.6667%;text-align: center\">EOI Sierra Morena<\/td>\n<td style=\"width: 16.6667%;text-align: center\">23700232<\/td>\n<\/tr>\n<\/tbody>\n<\/table>\n<p>&nbsp;<\/p>\n","protected":false},"excerpt":{"rendered":"<p>Regulaci\u00f3n del procedimiento para la obtenci\u00f3n del certificado de Nivel Intermedio B2 de idiomas para el alumnado que cursa Bachillerato biling\u00fce y pluriling\u00fce y establecimiento de la colaboraci\u00f3n entre las Escuelas Oficiales de Idiomas&#46;&#46;&#46;<\/p>\n","protected":false},"author":6890,"featured_media":0,"parent":0,"menu_order":0,"comment_status":"closed","ping_status":"closed","template":"","meta":{"ngg_post_thumbnail":0,"footnotes":"","_mc_calendar":[]},"aioseo_notices":[],"_links":{"self":[{"href":"https:\/\/blogsaverroes.juntadeandalucia.es\/plurilinguismodelegacionjaen\/wp-json\/wp\/v2\/pages\/6161"}],"collection":[{"href":"https:\/\/blogsaverroes.juntadeandalucia.es\/plurilinguismodelegacionjaen\/wp-json\/wp\/v2\/pages"}],"about":[{"href":"https:\/\/blogsaverroes.juntadeandalucia.es\/plurilinguismodelegacionjaen\/wp-json\/wp\/v2\/types\/page"}],"author":[{"embeddable":true,"href":"https:\/\/blogsaverroes.juntadeandalucia.es\/plurilinguismodelegacionjaen\/wp-json\/wp\/v2\/users\/6890"}],"replies":[{"embeddable":true,"href":"https:\/\/blogsaverroes.juntadeandalucia.es\/plurilinguismodelegacionjaen\/wp-json\/wp\/v2\/comments?post=6161"}],"version-history":[{"count":2,"href":"https:\/\/blogsaverroes.juntadeandalucia.es\/plurilinguismodelegacionjaen\/wp-json\/wp\/v2\/pages\/6161\/revisions"}],"predecessor-version":[{"id":6164,"href":"https:\/\/blogsaverroes.juntadeandalucia.es\/plurilinguismodelegacionjaen\/wp-json\/wp\/v2\/pages\/6161\/revisions\/6164"}],"wp:attachment":[{"href":"https:\/\/blogsaverroes.juntadeandalucia.es\/plurilinguismodelegacionjaen\/wp-json\/wp\/v2\/media?parent=6161"}],"curies":[{"name":"wp","href":"https:\/\/api.w.org\/{rel}","templated":true}]}}