{"id":6243,"date":"2025-09-12T08:12:27","date_gmt":"2025-09-12T08:12:27","guid":{"rendered":"https:\/\/blogsaverroes.juntadeandalucia.es\/plurilinguismodelegacionjaen\/?page_id=6243"},"modified":"2026-03-24T12:01:44","modified_gmt":"2026-03-24T12:01:44","slug":"formacion-curso-2025-26","status":"publish","type":"page","link":"https:\/\/blogsaverroes.juntadeandalucia.es\/plurilinguismodelegacionjaen\/formacion-curso-2025-26\/","title":{"rendered":"Curso 2025\/26"},"content":{"rendered":"<ul>\n<li>Curso Provincial: <a href=\"https:\/\/secretariavirtual.juntadeandalucia.es\/secretariavirtual\/consultaCEP\/actividad\/269921KPI439\/?\" target=\"_blank\" rel=\"noopener\">JORNADA DE FORMACI\u00d3N TRINITY: MAKING CONNECTIONS ACROSS THE CURRICULUM (8269921KPI439)<\/a><\/li>\n<\/ul>\n<p><strong><u>Inscripciones:<\/u><\/strong> <strong> Hasta el 15 abril 2026<\/strong><\/p>\n<ul>\n<li>Curso Regional: <a href=\"https:\/\/secretariavirtual.juntadeandalucia.es\/secretariavirtual\/consultaCEP\/actividad\/269905PI491\/?\" target=\"_blank\" rel=\"noopener\">ACREDITACI\u00d3N ERASMUS COMO MOTOR DE LA INTERNACIONALIZACI\u00d3N (E. ESCOLAR Y E. PERMANENTE)\u00bb<\/a> \u2013 (269905PI491)<\/li>\n<\/ul>\n<p><strong><u>Inscripciones:<\/u><\/strong> <strong> Hasta el 14 abril 2026<\/strong><\/p>\n<ul>\n<li>Curso Regional: <a href=\"https:\/\/secretariavirtual.juntadeandalucia.es\/secretariavirtual\/consultaCEP\/actividad\/269915KPI593\/?\" target=\"_blank\" rel=\"noopener\">BBPP PARA EL FOMENTO DE LA ORALIDAD EN EL AULA BILING\u00dcE EN SECUNDARIA Y BACHILLERATO (269915KPI593)<\/a><\/li>\n<\/ul>\n<p><strong><u>Inscripciones:<\/u> Hasta el 18 marzo 2026<\/strong><\/p>\n<ul>\n<li>Curso Regional <a href=\"https:\/\/secretariavirtual.juntadeandalucia.es\/secretariavirtual\/consultaCEP\/actividad\/269902KPI591\/\" target=\"_blank\" rel=\"noopener\">\u00abATENCI\u00d3N A LA DIVERSIDAD EN EL AULA BILING\u00dcE\u00bb (269902KPI591)<\/a><\/li>\n<\/ul>\n<p><strong><u>Inscripciones:<\/u> Hasta el 18 marzo 2026<\/strong><\/p>\n<ul>\n<li>Curso: <a href=\"https:\/\/secretariavirtual.juntadeandalucia.es\/secretariavirtual\/consultaCEP\/actividad\/269903KPI592\/\" target=\"_blank\" rel=\"noopener\">BBPP para el fomento de la oralidad en el aula biling\u00fce en Primaria<\/a><\/li>\n<\/ul>\n<p><strong><u>Inscripciones:<\/u> Hasta el 17 marzo 2026<\/strong><\/p>\n<ul>\n<li>Curso: <a href=\"https:\/\/www.juntadeandalucia.es\/educacion\/secretariavirtual\/consultaCEP\/actividad\/264128LIN009\/\" target=\"_blank\" rel=\"noopener\">\u00abMetodolog\u00eda y evaluaci\u00f3n para la docencia en el Programa Bachibac\u00bb&nbsp;<\/a><\/li>\n<\/ul>\n<p><strong><u>Inscripciones:<\/u> Hasta el 10 febrero 2026<\/strong><\/p>\n<ul>\n<li>Curso a Distancia: <a href=\"https:\/\/secretariavirtual.juntadeandalucia.es\/secretariavirtual\/consultaCEP\/actividad\/26K9911AV158\/?\" target=\"_blank\" rel=\"noopener\">PRATIQUES D\u2019ENSEIGNEMENT INNOVANTES SOUTENUES PAR L\u2019UTILISATION DES TICE DANS LA CLASSE DE LANGUE.<\/a><\/li>\n<\/ul>\n<p><strong><u>Inscripciones:<\/u> Hasta el 04 febrero 2026<\/strong><\/p>\n<ul>\n<li>Curso a Distancia: <a href=\"https:\/\/secretariavirtual.juntadeandalucia.es\/secretariavirtual\/consultaCEP\/actividad\/269919KPI371\/\" target=\"_blank\" rel=\"noopener\">JORNADA DE FORMACI\u00d3N TRINITY: SOFT SKILLS IN THE ENGLISH LANGUAGE CLASSROOM.<\/a><\/li>\n<\/ul>\n<p><strong><u>Inscripciones:<\/u> Hasta el 04 febrero 2026<\/strong><\/p>\n<ul>\n<li><a href=\"https:\/\/secretariavirtual.juntadeandalucia.es\/secretariavirtual\/consultaCEP\/actividad\/269917KPI594\/\" target=\"_blank\" rel=\"noopener\">Curso semipresencial: Oportunidades que ofrece la plataforma eTwinning<\/a><\/li>\n<\/ul>\n<p><strong><u>Inscripciones:<\/u> Hasta el 27 enero 2026<\/strong><\/p>\n<ul>\n<li><a href=\"https:\/\/secretariavirtual.juntadeandalucia.es\/secretariavirtual\/consultaCEP\/actividad\/26K9926AV156\/\" target=\"_blank\" rel=\"noopener\">CURSO PARA PROFESORADO DE \u00c1REA NO LING\u00dc\u00cdSTICA EN INGL\u00c9S&nbsp;<\/a><\/li>\n<\/ul>\n<p><strong><u>Inscripciones:<\/u> Hasta el 21 enero 2026<\/strong><\/p>\n<ul>\n<li><a href=\"https:\/\/secretariavirtual.juntadeandalucia.es\/secretariavirtual\/consultaCEP\/actividad\/262318GE015\/\" target=\"_blank\" rel=\"noopener\">LEARNING SITUATIONS FOR THE BILINGUAL CLASSROOM FROM THE CLIL APPROACH.<\/a><\/li>\n<\/ul>\n<p><strong><u>Inscripciones:<\/u> Hasta el 09 enero 2026<\/strong><\/p>\n<ul>\n<li><a href=\"https:\/\/secretariavirtual.juntadeandalucia.es\/secretariavirtual\/consultaCEP\/actividad\/269903QPI442\/\" target=\"_blank\" rel=\"noopener\">LIDERAZGO EFECTIVO PARA EL \u00c9XITO DE LA ENSE\u00d1ANZA BILING\u00dcE<\/a><\/li>\n<\/ul>\n<p><strong><u>Inscripciones:<\/u> Hasta el 13 enero 2026<\/strong><\/p>\n<ul>\n<li><a href=\"https:\/\/forms.office.com\/Pages\/ResponsePage.aspx?id=XDYzSwZnbEK3BW68KdBQ8Vo8qh5MlBROkCeRgTsVdy1UNzYwWFE5Wk9ZVEdUT0dUTTVMSkNVVFJGRS4u\" target=\"_blank\" rel=\"noopener\">CURSO PARA PROFESORADO ANL FRANCES<\/a><\/li>\n<\/ul>\n<p><strong><u>Inscripciones:<\/u> Hasta el 18 diciembre 2025&nbsp;<\/strong><\/p>\n<ul>\n<li><a href=\"https:\/\/secretariavirtual.juntadeandalucia.es\/secretariavirtual\/consultaCEP\/actividad\/269921KPI441\/\" target=\"_blank\" rel=\"noopener\">JORNADA DE FORMACI\u00d3N CAMBRIDGE: CLIL METHODOLOGY AND PRACTICE<\/a><\/li>\n<\/ul>\n<p><strong><u>Inscripciones:<\/u> Hasta el 08 enero 2026<\/strong><\/p>\n<ul>\n<li><a href=\"https:\/\/secretariavirtual.juntadeandalucia.es\/secretariavirtual\/consultaCEP\/actividad\/269920KPI546\/\" target=\"_blank\" rel=\"noopener\">PROYECTOS ERASMUS+ NO ACREDITADOS 2026 (SECTOR ESCOLAR Y ADULTOS)<\/a><\/li>\n<\/ul>\n<p><strong><u>Inscripciones:<\/u> Hasta el 15 diciembre 2025&nbsp;<\/strong><\/p>\n<ul>\n<li><a href=\"https:\/\/secretariavirtual.juntadeandalucia.es\/secretariavirtual\/consultaCEP\/actividad\/262318GE009\/\" target=\"_blank\" rel=\"noopener\">JORNADAS DE DIFUSI\u00d3N ERASMUS+<\/a><\/li>\n<\/ul>\n<p><strong><u>Inscripciones:<\/u> Hasta el 04 noviembre de 2025&nbsp;<\/strong><\/p>\n<ul>\n<li><a href=\"https:\/\/secretariavirtual.juntadeandalucia.es\/secretariavirtual\/consultaCEP\/actividad\/269918KPI461\/\" target=\"_blank\" rel=\"noopener\">GESTI\u00d3N ADMINISTRATIVA Y ECON\u00d3MICA DE PROYECTOS ERASMUS+<\/a><u><\/u><\/li>\n<\/ul>\n<p><strong><u>Inscripciones:<\/u> Hasta el 30 de octubre de 2025<\/strong><\/p>\n<ul>\n<li><a href=\"https:\/\/www.juntadeandalucia.es\/educacion\/secretariavirtual\/consultaCEP\/actividad\/269908PI002\/\" target=\"_blank\" rel=\"noopener\">IV JORNADAS DE FORMACI\u00d3N AULAS CONFUCIO<\/a><u><\/u><u><\/u><\/li>\n<\/ul>\n<p><strong><u>Inscripciones:<\/u> Hasta el 24 de octubre de 2025<\/strong><\/p>\n<ul>\n<li><a href=\"https:\/\/www.juntadeandalucia.es\/educacion\/secretariavirtual\/consultaCEP\/actividad\/269919KPI442\/\" target=\"_blank\" rel=\"noopener\">LIDERAZGO EFECTIVO PARA EL \u00c9XITO DE LA ENSE\u00d1ANZA BILING\u00dcE&nbsp;<\/a><\/li>\n<\/ul>\n<p><strong><u>Inscripciones:<\/u> Hasta el 20 de octubre de 2025<\/strong><\/p>\n<ul>\n<li><a href=\"https:\/\/www.juntadeandalucia.es\/educacion\/secretariavirtual\/consultaCEP\/actividad\/269930EO001\/\" target=\"_blank\" rel=\"noopener\">FORMACI\u00d3N PARA EL PROFESORADO ENCARGADO DE IMPARTIR LA MATERIA OPTATIVA \u00bbCERTIFICACI\u00d3N PARA EL NIVEL INTERMEDIO B2\u00bb (BACHILLERATO BILING\u00dcE Y PLURILING\u00dcE).<\/a><\/li>\n<\/ul>\n<p><strong><u>Inscripciones:<\/u> Hasta el 13 de octubre de 2025<\/strong><\/p>\n<p style=\"padding-left: 120px\">&nbsp;<\/p>\n","protected":false},"excerpt":{"rendered":"<p>Curso Provincial: JORNADA DE FORMACI\u00d3N TRINITY: MAKING CONNECTIONS ACROSS THE CURRICULUM (8269921KPI439) Inscripciones: Hasta el 15 abril 2026 Curso Regional: ACREDITACI\u00d3N ERASMUS COMO MOTOR DE LA INTERNACIONALIZACI\u00d3N (E. ESCOLAR Y E. PERMANENTE)\u00bb \u2013 (269905PI491)&#46;&#46;&#46;<\/p>\n","protected":false},"author":6890,"featured_media":0,"parent":0,"menu_order":0,"comment_status":"closed","ping_status":"closed","template":"","meta":{"ngg_post_thumbnail":0,"footnotes":"","_mc_calendar":[]},"aioseo_notices":[],"_links":{"self":[{"href":"https:\/\/blogsaverroes.juntadeandalucia.es\/plurilinguismodelegacionjaen\/wp-json\/wp\/v2\/pages\/6243"}],"collection":[{"href":"https:\/\/blogsaverroes.juntadeandalucia.es\/plurilinguismodelegacionjaen\/wp-json\/wp\/v2\/pages"}],"about":[{"href":"https:\/\/blogsaverroes.juntadeandalucia.es\/plurilinguismodelegacionjaen\/wp-json\/wp\/v2\/types\/page"}],"author":[{"embeddable":true,"href":"https:\/\/blogsaverroes.juntadeandalucia.es\/plurilinguismodelegacionjaen\/wp-json\/wp\/v2\/users\/6890"}],"replies":[{"embeddable":true,"href":"https:\/\/blogsaverroes.juntadeandalucia.es\/plurilinguismodelegacionjaen\/wp-json\/wp\/v2\/comments?post=6243"}],"version-history":[{"count":25,"href":"https:\/\/blogsaverroes.juntadeandalucia.es\/plurilinguismodelegacionjaen\/wp-json\/wp\/v2\/pages\/6243\/revisions"}],"predecessor-version":[{"id":6450,"href":"https:\/\/blogsaverroes.juntadeandalucia.es\/plurilinguismodelegacionjaen\/wp-json\/wp\/v2\/pages\/6243\/revisions\/6450"}],"wp:attachment":[{"href":"https:\/\/blogsaverroes.juntadeandalucia.es\/plurilinguismodelegacionjaen\/wp-json\/wp\/v2\/media?parent=6243"}],"curies":[{"name":"wp","href":"https:\/\/api.w.org\/{rel}","templated":true}]}}