{"id":6283,"date":"2025-10-09T11:03:58","date_gmt":"2025-10-09T11:03:58","guid":{"rendered":"https:\/\/blogsaverroes.juntadeandalucia.es\/plurilinguismodelegacionjaen\/?page_id=6283"},"modified":"2025-10-09T11:03:58","modified_gmt":"2025-10-09T11:03:58","slug":"prex-2024-25","status":"publish","type":"page","link":"https:\/\/blogsaverroes.juntadeandalucia.es\/plurilinguismodelegacionjaen\/prex-2024-25\/","title":{"rendered":"PREX 2024\/25"},"content":{"rendered":"<p>CENTROS SELECCIONADOS PARA EL PROGRAMA DE ACOMPA\u00d1AMIENTO EN LENGUA EXTRANJERA (PREX) 2024\/25<\/p>\n<table border=\"0\" cellspacing=\"0\">\n<colgroup width=\"103\"><\/colgroup>\n<colgroup width=\"119\"><\/colgroup>\n<colgroup width=\"367\"><\/colgroup>\n<tbody>\n<tr>\n<td align=\"left\" height=\"24\" data-sheets-value=\"{ &quot;1&quot;: 2, &quot;2&quot;: &quot;23000015&quot;}\">23000015<\/td>\n<td align=\"left\" data-sheets-value=\"{ &quot;1&quot;: 2, &quot;2&quot;: &quot;C.E.I.P.&quot;}\">C.E.I.P.<\/td>\n<td align=\"left\" data-sheets-value=\"{ &quot;1&quot;: 2, &quot;2&quot;: &quot;Fernando Molina&quot;}\">Fernando Molina<\/td>\n<\/tr>\n<tr>\n<td align=\"left\" height=\"24\" data-sheets-value=\"{ &quot;1&quot;: 2, &quot;2&quot;: &quot;23000283&quot;}\">23000283<\/td>\n<td align=\"left\" data-sheets-value=\"{ &quot;1&quot;: 2, &quot;2&quot;: &quot;C.E.I.P.&quot;}\">C.E.I.P.<\/td>\n<td align=\"left\" data-sheets-value=\"{ &quot;1&quot;: 2, &quot;2&quot;: &quot;Virgen del Carmen&quot;}\">Virgen del Carmen<\/td>\n<\/tr>\n<tr>\n<td align=\"left\" height=\"24\" data-sheets-value=\"{ &quot;1&quot;: 2, &quot;2&quot;: &quot;23000453&quot;}\">23000453<\/td>\n<td align=\"left\" data-sheets-value=\"{ &quot;1&quot;: 2, &quot;2&quot;: &quot;C.E.I.P.&quot;}\">C.E.I.P.<\/td>\n<td align=\"left\" data-sheets-value=\"{ &quot;1&quot;: 2, &quot;2&quot;: &quot;Capit\u00e1n Cort\u00e9s&quot;}\">Capit\u00e1n Cort\u00e9s<\/td>\n<\/tr>\n<tr>\n<td align=\"left\" height=\"24\" data-sheets-value=\"{ &quot;1&quot;: 2, &quot;2&quot;: &quot;23000477&quot;}\">23000477<\/td>\n<td align=\"left\" data-sheets-value=\"{ &quot;1&quot;: 2, &quot;2&quot;: &quot;C.E.I.P.&quot;}\">C.E.I.P.<\/td>\n<td align=\"left\" data-sheets-value=\"{ &quot;1&quot;: 2, &quot;2&quot;: &quot;Isidoro Vilaplana&quot;}\">Isidoro Vilaplana<\/td>\n<\/tr>\n<tr>\n<td align=\"left\" height=\"24\" data-sheets-value=\"{ &quot;1&quot;: 2, &quot;2&quot;: &quot;23000945&quot;}\">23000945<\/td>\n<td align=\"left\" data-sheets-value=\"{ &quot;1&quot;: 2, &quot;2&quot;: &quot;C.E.I.P.&quot;}\">C.E.I.P.<\/td>\n<td align=\"left\" data-sheets-value=\"{ &quot;1&quot;: 2, &quot;2&quot;: &quot;Nuestro Padre Jes\u00fas del Llano&quot;}\">Nuestro Padre Jes\u00fas del Llano<\/td>\n<\/tr>\n<tr>\n<td align=\"left\" height=\"24\" data-sheets-value=\"{ &quot;1&quot;: 2, &quot;2&quot;: &quot;23000982&quot;}\">23000982<\/td>\n<td align=\"left\" data-sheets-value=\"{ &quot;1&quot;: 2, &quot;2&quot;: &quot;C.E.PR.&quot;}\">C.E.PR.<\/td>\n<td align=\"left\" data-sheets-value=\"{ &quot;1&quot;: 2, &quot;2&quot;: &quot;V\u00edctor Garc\u00eda Hoz&quot;}\">V\u00edctor Garc\u00eda Hoz<\/td>\n<\/tr>\n<tr>\n<td align=\"left\" height=\"24\" data-sheets-value=\"{ &quot;1&quot;: 2, &quot;2&quot;: &quot;23001019&quot;}\">23001019<\/td>\n<td align=\"left\" data-sheets-value=\"{ &quot;1&quot;: 2, &quot;2&quot;: &quot;R.E.&quot;}\">R.E.<\/td>\n<td align=\"left\" data-sheets-value=\"{ &quot;1&quot;: 2, &quot;2&quot;: &quot;Valpara\u00edso&quot;}\">Valpara\u00edso<\/td>\n<\/tr>\n<tr>\n<td align=\"left\" height=\"24\" data-sheets-value=\"{ &quot;1&quot;: 2, &quot;2&quot;: &quot;23001160&quot;}\">23001160<\/td>\n<td align=\"left\" data-sheets-value=\"{ &quot;1&quot;: 2, &quot;2&quot;: &quot;C.E.I.P.&quot;}\">C.E.I.P.<\/td>\n<td align=\"left\" data-sheets-value=\"{ &quot;1&quot;: 2, &quot;2&quot;: &quot;Virgen de la Cabeza&quot;}\">Virgen de la Cabeza<\/td>\n<\/tr>\n<tr>\n<td align=\"left\" height=\"24\">23001275<\/td>\n<td align=\"left\" data-sheets-value=\"{ &quot;1&quot;: 2, &quot;2&quot;: &quot;C.E.I.P.&quot;}\">C.E.I.P.<\/td>\n<td align=\"left\" data-sheets-value=\"{ &quot;1&quot;: 2, &quot;2&quot;: &quot;Palacios Rubio&quot;}\">Palacios Rubio<\/td>\n<\/tr>\n<tr>\n<td align=\"left\" height=\"24\" data-sheets-value=\"{ &quot;1&quot;: 2, &quot;2&quot;: &quot;23001299&quot;}\">23001299<\/td>\n<td align=\"left\" data-sheets-value=\"{ &quot;1&quot;: 2, &quot;2&quot;: &quot;C.E.I.P.&quot;}\">C.E.I.P.<\/td>\n<td align=\"left\" data-sheets-value=\"{ &quot;1&quot;: 2, &quot;2&quot;: &quot;Navas de Tolosa&quot;}\">Navas de Tolosa<\/td>\n<\/tr>\n<tr>\n<td align=\"left\" height=\"24\" data-sheets-value=\"{ &quot;1&quot;: 2, &quot;2&quot;: &quot;23001329&quot;}\">23001329<\/td>\n<td align=\"left\" data-sheets-value=\"{ &quot;1&quot;: 2, &quot;2&quot;: &quot;C.E.I.P.&quot;}\">C.E.I.P.<\/td>\n<td align=\"left\" data-sheets-value=\"{ &quot;1&quot;: 2, &quot;2&quot;: &quot;Rom\u00e1n Crespo Hoyo&quot;}\">Rom\u00e1n Crespo Hoyo<\/td>\n<\/tr>\n<tr>\n<td align=\"left\" height=\"24\" data-sheets-value=\"{ &quot;1&quot;: 2, &quot;2&quot;: &quot;23001433&quot;}\">23001433<\/td>\n<td align=\"left\" data-sheets-value=\"{ &quot;1&quot;: 2, &quot;2&quot;: &quot;C.E.I.P.&quot;}\">C.E.I.P.<\/td>\n<td align=\"left\" data-sheets-value=\"{ &quot;1&quot;: 2, &quot;2&quot;: &quot;Santa Mar\u00eda de Nazaret&quot;}\">Santa Mar\u00eda de Nazaret<\/td>\n<\/tr>\n<tr>\n<td align=\"left\" height=\"24\" data-sheets-value=\"{ &quot;1&quot;: 2, &quot;2&quot;: &quot;23001603&quot;}\">23001603<\/td>\n<td align=\"left\" data-sheets-value=\"{ &quot;1&quot;: 2, &quot;2&quot;: &quot;C.E.I.P.&quot;}\">C.E.I.P.<\/td>\n<td align=\"left\" data-sheets-value=\"{ &quot;1&quot;: 2, &quot;2&quot;: &quot;Real Mentesa&quot;}\">Real Mentesa<\/td>\n<\/tr>\n<tr>\n<td align=\"left\" height=\"24\" data-sheets-value=\"{ &quot;1&quot;: 2, &quot;2&quot;: &quot;23001652&quot;}\">23001652<\/td>\n<td align=\"left\" data-sheets-value=\"{ &quot;1&quot;: 2, &quot;2&quot;: &quot;C.E.I.P.&quot;}\">C.E.I.P.<\/td>\n<td align=\"left\" data-sheets-value=\"{ &quot;1&quot;: 2, &quot;2&quot;: &quot;San Sebasti\u00e1n&quot;}\">San Sebasti\u00e1n<\/td>\n<\/tr>\n<tr>\n<td align=\"left\" height=\"24\" data-sheets-value=\"{ &quot;1&quot;: 2, &quot;2&quot;: &quot;23001767&quot;}\">23001767<\/td>\n<td align=\"left\" data-sheets-value=\"{ &quot;1&quot;: 2, &quot;2&quot;: &quot;C.E.I.P.&quot;}\">C.E.I.P.<\/td>\n<td align=\"left\" data-sheets-value=\"{ &quot;1&quot;: 2, &quot;2&quot;: &quot;Alf\u00e9rez Segura&quot;}\">Alf\u00e9rez Segura<\/td>\n<\/tr>\n<tr>\n<td align=\"left\" height=\"24\" data-sheets-value=\"{ &quot;1&quot;: 2, &quot;2&quot;: &quot;23001809&quot;}\">23001809<\/td>\n<td align=\"left\" data-sheets-value=\"{ &quot;1&quot;: 2, &quot;2&quot;: &quot;C.E.I.P.&quot;}\">C.E.I.P.<\/td>\n<td align=\"left\" data-sheets-value=\"{ &quot;1&quot;: 2, &quot;2&quot;: &quot;Sto. Cristo de Vera Cruz&quot;}\">Sto. Cristo de Vera Cruz<\/td>\n<\/tr>\n<tr>\n<td align=\"left\" height=\"24\" data-sheets-value=\"{ &quot;1&quot;: 2, &quot;2&quot;: &quot;23002048&quot;}\">23002048<\/td>\n<td align=\"left\" data-sheets-value=\"{ &quot;1&quot;: 2, &quot;2&quot;: &quot;C.E.I.P.&quot;}\">C.E.I.P.<\/td>\n<td align=\"left\" data-sheets-value=\"{ &quot;1&quot;: 2, &quot;2&quot;: &quot;San Jos\u00e9 de Calasanz&quot;}\">San Jos\u00e9 de Calasanz<\/td>\n<\/tr>\n<tr>\n<td align=\"left\" height=\"24\" data-sheets-value=\"{ &quot;1&quot;: 2, &quot;2&quot;: &quot;23002127&quot;}\">23002127<\/td>\n<td align=\"left\" data-sheets-value=\"{ &quot;1&quot;: 2, &quot;2&quot;: &quot;C.E.I.P.&quot;}\">C.E.I.P.<\/td>\n<td align=\"left\" data-sheets-value=\"{ &quot;1&quot;: 2, &quot;2&quot;: &quot;Santa Capilla de San Andr\u00e9s&quot;}\">Santa Capilla de San Andr\u00e9s<\/td>\n<\/tr>\n<tr>\n<td align=\"left\" height=\"24\" data-sheets-value=\"{ &quot;1&quot;: 2, &quot;2&quot;: &quot;23002140&quot;}\">23002140<\/td>\n<td align=\"left\" data-sheets-value=\"{ &quot;1&quot;: 2, &quot;2&quot;: &quot;C.E.I.P.&quot;}\">C.E.I.P.<\/td>\n<td align=\"left\" data-sheets-value=\"{ &quot;1&quot;: 2, &quot;2&quot;: &quot;Santo Tom\u00e1s&quot;}\">Santo Tom\u00e1s<\/td>\n<\/tr>\n<tr>\n<td align=\"left\" height=\"24\" data-sheets-value=\"{ &quot;1&quot;: 2, &quot;2&quot;: &quot;23002553&quot;}\">23002553<\/td>\n<td align=\"left\" data-sheets-value=\"{ &quot;1&quot;: 2, &quot;2&quot;: &quot;C.E.I.P.&quot;}\">C.E.I.P.<\/td>\n<td align=\"left\" data-sheets-value=\"{ &quot;1&quot;: 2, &quot;2&quot;: &quot;Ntra. Sra. de los Dolores&quot;}\">Ntra. Sra. de los Dolores<\/td>\n<\/tr>\n<tr>\n<td align=\"left\" height=\"24\" data-sheets-value=\"{ &quot;1&quot;: 2, &quot;2&quot;: &quot;23002784&quot;}\">23002784<\/td>\n<td align=\"left\" data-sheets-value=\"{ &quot;1&quot;: 2, &quot;2&quot;: &quot;C.E.I.P.&quot;}\">C.E.I.P.<\/td>\n<td align=\"left\" data-sheets-value=\"{ &quot;1&quot;: 2, &quot;2&quot;: &quot;Tetu\u00e1n&quot;}\">Tetu\u00e1n<\/td>\n<\/tr>\n<tr>\n<td align=\"left\" height=\"24\" data-sheets-value=\"{ &quot;1&quot;: 2, &quot;2&quot;: &quot;23003090&quot;}\">23003090<\/td>\n<td align=\"left\" data-sheets-value=\"{ &quot;1&quot;: 2, &quot;2&quot;: &quot;C.E.I.P.&quot;}\">C.E.I.P.<\/td>\n<td align=\"left\" data-sheets-value=\"{ &quot;1&quot;: 2, &quot;2&quot;: &quot;San Amador&quot;}\">San Amador<\/td>\n<\/tr>\n<tr>\n<td align=\"left\" height=\"24\" data-sheets-value=\"{ &quot;1&quot;: 2, &quot;2&quot;: &quot;23003168&quot;}\">23003168<\/td>\n<td align=\"left\" data-sheets-value=\"{ &quot;1&quot;: 2, &quot;2&quot;: &quot;C.E.I.P.&quot;}\">C.E.I.P.<\/td>\n<td align=\"left\" data-sheets-value=\"{ &quot;1&quot;: 2, &quot;2&quot;: &quot;Fernando IV&quot;}\">Fernando IV<\/td>\n<\/tr>\n<tr>\n<td align=\"left\" height=\"24\" data-sheets-value=\"{ &quot;1&quot;: 2, &quot;2&quot;: &quot;23003211&quot;}\">23003211<\/td>\n<td align=\"left\" data-sheets-value=\"{ &quot;1&quot;: 2, &quot;2&quot;: &quot;C.E.I.P.&quot;}\">C.E.I.P.<\/td>\n<td align=\"left\" data-sheets-value=\"{ &quot;1&quot;: 2, &quot;2&quot;: &quot;San Gabriel&quot;}\">San Gabriel<\/td>\n<\/tr>\n<tr>\n<td align=\"left\" height=\"24\" data-sheets-value=\"{ &quot;1&quot;: 2, &quot;2&quot;: &quot;23003235&quot;}\">23003235<\/td>\n<td align=\"left\" data-sheets-value=\"{ &quot;1&quot;: 2, &quot;2&quot;: &quot;C.E.I.P.&quot;}\">C.E.I.P.<\/td>\n<td align=\"left\" data-sheets-value=\"{ &quot;1&quot;: 2, &quot;2&quot;: &quot;Padre Poveda&quot;}\">Padre Poveda<\/td>\n<\/tr>\n<tr>\n<td align=\"left\" height=\"24\" data-sheets-value=\"{ &quot;1&quot;: 2, &quot;2&quot;: &quot;23003260&quot;}\">23003260<\/td>\n<td align=\"left\" data-sheets-value=\"{ &quot;1&quot;: 2, &quot;2&quot;: &quot;C.E.I.P.&quot;}\">C.E.I.P.<\/td>\n<td align=\"left\" data-sheets-value=\"{ &quot;1&quot;: 2, &quot;2&quot;: &quot;Ntra. Sra. de Bel\u00e9n&quot;}\">Ntra. Sra. de Bel\u00e9n<\/td>\n<\/tr>\n<tr>\n<td align=\"left\" height=\"24\" data-sheets-value=\"{ &quot;1&quot;: 2, &quot;2&quot;: &quot;23003284&quot;}\">23003284<\/td>\n<td align=\"left\" data-sheets-value=\"{ &quot;1&quot;: 2, &quot;2&quot;: &quot;C.E.I.P.&quot;}\">C.E.I.P.<\/td>\n<td align=\"left\" data-sheets-value=\"{ &quot;1&quot;: 2, &quot;2&quot;: &quot;Ntra. Sra. de la Encarnaci\u00f3n&quot;}\">Ntra. Sra. de la Encarnaci\u00f3n<\/td>\n<\/tr>\n<tr>\n<td align=\"left\" height=\"24\" data-sheets-value=\"{ &quot;1&quot;: 2, &quot;2&quot;: &quot;23003429&quot;}\">23003429<\/td>\n<td align=\"left\" data-sheets-value=\"{ &quot;1&quot;: 2, &quot;2&quot;: &quot;C.E.I.P.&quot;}\">C.E.I.P.<\/td>\n<td align=\"left\" data-sheets-value=\"{ &quot;1&quot;: 2, &quot;2&quot;: &quot;Virgen del T\u00edscar&quot;}\">Virgen del T\u00edscar<\/td>\n<\/tr>\n<tr>\n<td align=\"left\" height=\"24\" data-sheets-value=\"{ &quot;1&quot;: 2, &quot;2&quot;: &quot;23003454&quot;}\">23003454<\/td>\n<td align=\"left\" data-sheets-value=\"{ &quot;1&quot;: 2, &quot;2&quot;: &quot;C.E.I.P.&quot;}\">C.E.I.P.<\/td>\n<td align=\"left\" data-sheets-value=\"{ &quot;1&quot;: 2, &quot;2&quot;: &quot;San Gin\u00e9s de la Jara&quot;}\">San Gin\u00e9s de la Jara<\/td>\n<\/tr>\n<tr>\n<td align=\"left\" height=\"24\" data-sheets-value=\"{ &quot;1&quot;: 2, &quot;2&quot;: &quot;23003466&quot;}\">23003466<\/td>\n<td align=\"left\" data-sheets-value=\"{ &quot;1&quot;: 2, &quot;2&quot;: &quot;C.E.I.P.&quot;}\">C.E.I.P.<\/td>\n<td align=\"left\" data-sheets-value=\"{ &quot;1&quot;: 2, &quot;2&quot;: &quot;Carlos III&quot;}\">Carlos III<\/td>\n<\/tr>\n<tr>\n<td align=\"left\" height=\"24\" data-sheets-value=\"{ &quot;1&quot;: 2, &quot;2&quot;: &quot;23003478&quot;}\">23003478<\/td>\n<td align=\"left\" data-sheets-value=\"{ &quot;1&quot;: 2, &quot;2&quot;: &quot;C.E.I.P.&quot;}\">C.E.I.P.<\/td>\n<td align=\"left\" data-sheets-value=\"{ &quot;1&quot;: 2, &quot;2&quot;: &quot;Santiago Ap\u00f3stol&quot;}\">Santiago Ap\u00f3stol<\/td>\n<\/tr>\n<tr>\n<td align=\"left\" height=\"24\" data-sheets-value=\"{ &quot;1&quot;: 2, &quot;2&quot;: &quot;23003673&quot;}\">23003673<\/td>\n<td align=\"left\" data-sheets-value=\"{ &quot;1&quot;: 2, &quot;2&quot;: &quot;C.E.I.P.&quot;}\">C.E.I.P.<\/td>\n<td align=\"left\" data-sheets-value=\"{ &quot;1&quot;: 2, &quot;2&quot;: &quot;Ntra. Sra. de los Remedios&quot;}\">Ntra. Sra. de los Remedios<\/td>\n<\/tr>\n<tr>\n<td align=\"left\" height=\"24\" data-sheets-value=\"{ &quot;1&quot;: 2, &quot;2&quot;: &quot;23004495&quot;}\">23004495<\/td>\n<td align=\"left\" data-sheets-value=\"{ &quot;1&quot;: 2, &quot;2&quot;: &quot;C.E.I.P.&quot;}\">C.E.I.P.<\/td>\n<td align=\"left\" data-sheets-value=\"{ &quot;1&quot;: 2, &quot;2&quot;: &quot;Ntra. Sra. del Rosario&quot;}\">Ntra. Sra. del Rosario<\/td>\n<\/tr>\n<tr>\n<td align=\"left\" height=\"24\" data-sheets-value=\"{ &quot;1&quot;: 2, &quot;2&quot;: &quot;23005098&quot;}\">23005098<\/td>\n<td align=\"left\" data-sheets-value=\"{ &quot;1&quot;: 2, &quot;2&quot;: &quot;R.E.&quot;}\">R.E.<\/td>\n<td align=\"left\" data-sheets-value=\"{ &quot;1&quot;: 2, &quot;2&quot;: &quot;Sime\u00f3n Oliver&quot;}\">Sime\u00f3n Oliver<\/td>\n<\/tr>\n<tr>\n<td align=\"left\" height=\"24\" data-sheets-value=\"{ &quot;1&quot;: 2, &quot;2&quot;: &quot;23005104&quot;}\">23005104<\/td>\n<td align=\"left\" data-sheets-value=\"{ &quot;1&quot;: 2, &quot;2&quot;: &quot;R.E.&quot;}\">R.E.<\/td>\n<td align=\"left\" data-sheets-value=\"{ &quot;1&quot;: 2, &quot;2&quot;: &quot;Juan Isaac Medina Gonz\u00e1lez&quot;}\">Juan Isaac Medina Gonz\u00e1lez<\/td>\n<\/tr>\n<tr>\n<td align=\"left\" height=\"24\" data-sheets-value=\"{ &quot;1&quot;: 2, &quot;2&quot;: &quot;23005128&quot;}\">23005128<\/td>\n<td align=\"left\" data-sheets-value=\"{ &quot;1&quot;: 2, &quot;2&quot;: &quot;C.E.I.P.&quot;}\">C.E.I.P.<\/td>\n<td align=\"left\" data-sheets-value=\"{ &quot;1&quot;: 2, &quot;2&quot;: &quot;Francisco V\u00edlchez&quot;}\">Francisco V\u00edlchez<\/td>\n<\/tr>\n<tr>\n<td align=\"left\" height=\"24\" data-sheets-value=\"{ &quot;1&quot;: 2, &quot;2&quot;: &quot;23005451&quot;}\">23005451<\/td>\n<td align=\"left\" data-sheets-value=\"{ &quot;1&quot;: 2, &quot;2&quot;: &quot;C.E.I.P.&quot;}\">C.E.I.P.<\/td>\n<td align=\"left\" data-sheets-value=\"{ &quot;1&quot;: 2, &quot;2&quot;: &quot;Doctor Fl\u00e9ming&quot;}\">Doctor Fl\u00e9ming<\/td>\n<\/tr>\n<tr>\n<td align=\"left\" height=\"24\" data-sheets-value=\"{ &quot;1&quot;: 2, &quot;2&quot;: &quot;23005487&quot;}\">23005487<\/td>\n<td align=\"left\" data-sheets-value=\"{ &quot;1&quot;: 2, &quot;2&quot;: &quot;C.E.I.P.&quot;}\">C.E.I.P.<\/td>\n<td align=\"left\" data-sheets-value=\"{ &quot;1&quot;: 2, &quot;2&quot;: &quot;San Miguel&quot;}\">San Miguel<\/td>\n<\/tr>\n<tr>\n<td align=\"left\" height=\"24\" data-sheets-value=\"{ &quot;1&quot;: 2, &quot;2&quot;: &quot;23005591&quot;}\">23005591<\/td>\n<td align=\"left\" data-sheets-value=\"{ &quot;1&quot;: 2, &quot;2&quot;: &quot;C.E.I.P.&quot;}\">C.E.I.P.<\/td>\n<td align=\"left\" data-sheets-value=\"{ &quot;1&quot;: 2, &quot;2&quot;: &quot;Pero Xil&quot;}\">Pero Xil<\/td>\n<\/tr>\n<tr>\n<td align=\"left\" height=\"24\" data-sheets-value=\"{ &quot;1&quot;: 2, &quot;2&quot;: &quot;23005943&quot;}\">23005943<\/td>\n<td align=\"left\" data-sheets-value=\"{ &quot;1&quot;: 2, &quot;2&quot;: &quot;C.E.I.P.&quot;}\">C.E.I.P.<\/td>\n<td align=\"left\" data-sheets-value=\"{ &quot;1&quot;: 2, &quot;2&quot;: &quot;Jos\u00e9 Luis Verdes&quot;}\">Jos\u00e9 Luis Verdes<\/td>\n<\/tr>\n<tr>\n<td align=\"left\" height=\"24\" data-sheets-value=\"{ &quot;1&quot;: 2, &quot;2&quot;: &quot;23005967&quot;}\">23005967<\/td>\n<td align=\"left\" data-sheets-value=\"{ &quot;1&quot;: 2, &quot;2&quot;: &quot;C.E.I.P.&quot;}\">C.E.I.P.<\/td>\n<td align=\"left\" data-sheets-value=\"{ &quot;1&quot;: 2, &quot;2&quot;: &quot;Miraelr\u00edo&quot;}\">Miraelr\u00edo<\/td>\n<\/tr>\n<tr>\n<td align=\"left\" height=\"24\" data-sheets-value=\"{ &quot;1&quot;: 2, &quot;2&quot;: &quot;23601114&quot;}\">23601114<\/td>\n<td align=\"left\" data-sheets-value=\"{ &quot;1&quot;: 2, &quot;2&quot;: &quot;C.P.R.&quot;}\">C.P.R.<\/td>\n<td align=\"left\" data-sheets-value=\"{ &quot;1&quot;: 2, &quot;2&quot;: &quot;Jos\u00e9 Garc\u00eda L\u00e1inez&quot;}\">Jos\u00e9 Garc\u00eda L\u00e1inez<\/td>\n<\/tr>\n<tr>\n<td align=\"left\" height=\"24\" data-sheets-value=\"{ &quot;1&quot;: 2, &quot;2&quot;: &quot;23601126&quot;}\">23601126<\/td>\n<td align=\"left\" data-sheets-value=\"{ &quot;1&quot;: 2, &quot;2&quot;: &quot;C.P.R.&quot;}\">C.P.R.<\/td>\n<td align=\"left\" data-sheets-value=\"{ &quot;1&quot;: 2, &quot;2&quot;: &quot;El Collao&quot;}\">El Collao<\/td>\n<\/tr>\n<tr>\n<td align=\"left\" height=\"24\" data-sheets-value=\"{ &quot;1&quot;: 2, &quot;2&quot;: &quot;23601138&quot;}\">23601138<\/td>\n<td align=\"left\" data-sheets-value=\"{ &quot;1&quot;: 2, &quot;2&quot;: &quot;C.P.R.&quot;}\">C.P.R.<\/td>\n<td align=\"left\" data-sheets-value=\"{ &quot;1&quot;: 2, &quot;2&quot;: &quot;Alto Guadalquivir&quot;}\">Alto Guadalquivir<\/td>\n<\/tr>\n<tr>\n<td align=\"left\" height=\"24\" data-sheets-value=\"{ &quot;1&quot;: 2, &quot;2&quot;: &quot;23601151&quot;}\">23601151<\/td>\n<td align=\"left\" data-sheets-value=\"{ &quot;1&quot;: 2, &quot;2&quot;: &quot;C.P.R.&quot;}\">C.P.R.<\/td>\n<td align=\"left\" data-sheets-value=\"{ &quot;1&quot;: 2, &quot;2&quot;: &quot;Guadalquivir&quot;}\">Guadalquivir<\/td>\n<\/tr>\n<tr>\n<td align=\"left\" height=\"24\" data-sheets-value=\"{ &quot;1&quot;: 2, &quot;2&quot;: &quot;23601199&quot;}\">23601199<\/td>\n<td align=\"left\" data-sheets-value=\"{ &quot;1&quot;: 2, &quot;2&quot;: &quot;C.P.R.&quot;}\">C.P.R.<\/td>\n<td align=\"left\" data-sheets-value=\"{ &quot;1&quot;: 2, &quot;2&quot;: &quot;La Vega&quot;}\">La Vega<\/td>\n<\/tr>\n<tr>\n<td align=\"left\" height=\"24\" data-sheets-value=\"{ &quot;1&quot;: 2, &quot;2&quot;: &quot;23601230&quot;}\">23601230<\/td>\n<td align=\"left\" data-sheets-value=\"{ &quot;1&quot;: 2, &quot;2&quot;: &quot;C.P.R.&quot;}\">C.P.R.<\/td>\n<td align=\"left\" data-sheets-value=\"{ &quot;1&quot;: 2, &quot;2&quot;: &quot;El Olivo&quot;}\">El Olivo<\/td>\n<\/tr>\n<tr>\n<td align=\"left\" height=\"24\" data-sheets-value=\"{ &quot;1&quot;: 2, &quot;2&quot;: &quot;23601281&quot;}\">23601281<\/td>\n<td align=\"left\" data-sheets-value=\"{ &quot;1&quot;: 2, &quot;2&quot;: &quot;C.P.R.&quot;}\">C.P.R.<\/td>\n<td align=\"left\" data-sheets-value=\"{ &quot;1&quot;: 2, &quot;2&quot;: &quot;Santa Mar\u00eda de la Pe\u00f1a&quot;}\">Santa Mar\u00eda de la Pe\u00f1a<\/td>\n<\/tr>\n<tr>\n<td align=\"left\" height=\"24\" data-sheets-value=\"{ &quot;1&quot;: 2, &quot;2&quot;: &quot;23601291&quot;}\">23601291<\/td>\n<td align=\"left\" data-sheets-value=\"{ &quot;1&quot;: 2, &quot;2&quot;: &quot;C.E.I.P.&quot;}\">C.E.I.P.<\/td>\n<td align=\"left\" data-sheets-value=\"{ &quot;1&quot;: 2, &quot;2&quot;: &quot;Sierra de Segura&quot;}\">Sierra de Segura<\/td>\n<\/tr>\n<tr>\n<td align=\"left\" height=\"24\" data-sheets-value=\"{ &quot;1&quot;: 2, &quot;2&quot;: &quot;23601333&quot;}\">23601333<\/td>\n<td align=\"left\" data-sheets-value=\"{ &quot;1&quot;: 2, &quot;2&quot;: &quot;C.E.I.P.&quot;}\">C.E.I.P.<\/td>\n<td align=\"left\" data-sheets-value=\"{ &quot;1&quot;: 2, &quot;2&quot;: &quot;Ntra. Sra. de la Asunci\u00f3n&quot;}\">Ntra. Sra. de la Asunci\u00f3n<\/td>\n<\/tr>\n<\/tbody>\n<\/table>\n<p>&nbsp;<\/p>\n","protected":false},"excerpt":{"rendered":"<p>CENTROS SELECCIONADOS PARA EL PROGRAMA DE ACOMPA\u00d1AMIENTO EN LENGUA EXTRANJERA (PREX) 2024\/25 23000015 C.E.I.P. Fernando Molina 23000283 C.E.I.P. Virgen del Carmen 23000453 C.E.I.P. Capit\u00e1n Cort\u00e9s 23000477 C.E.I.P. Isidoro Vilaplana 23000945 C.E.I.P. Nuestro Padre Jes\u00fas&#46;&#46;&#46;<\/p>\n","protected":false},"author":6890,"featured_media":0,"parent":0,"menu_order":0,"comment_status":"closed","ping_status":"closed","template":"","meta":{"ngg_post_thumbnail":0,"footnotes":"","_mc_calendar":[]},"aioseo_notices":[],"_links":{"self":[{"href":"https:\/\/blogsaverroes.juntadeandalucia.es\/plurilinguismodelegacionjaen\/wp-json\/wp\/v2\/pages\/6283"}],"collection":[{"href":"https:\/\/blogsaverroes.juntadeandalucia.es\/plurilinguismodelegacionjaen\/wp-json\/wp\/v2\/pages"}],"about":[{"href":"https:\/\/blogsaverroes.juntadeandalucia.es\/plurilinguismodelegacionjaen\/wp-json\/wp\/v2\/types\/page"}],"author":[{"embeddable":true,"href":"https:\/\/blogsaverroes.juntadeandalucia.es\/plurilinguismodelegacionjaen\/wp-json\/wp\/v2\/users\/6890"}],"replies":[{"embeddable":true,"href":"https:\/\/blogsaverroes.juntadeandalucia.es\/plurilinguismodelegacionjaen\/wp-json\/wp\/v2\/comments?post=6283"}],"version-history":[{"count":1,"href":"https:\/\/blogsaverroes.juntadeandalucia.es\/plurilinguismodelegacionjaen\/wp-json\/wp\/v2\/pages\/6283\/revisions"}],"predecessor-version":[{"id":6284,"href":"https:\/\/blogsaverroes.juntadeandalucia.es\/plurilinguismodelegacionjaen\/wp-json\/wp\/v2\/pages\/6283\/revisions\/6284"}],"wp:attachment":[{"href":"https:\/\/blogsaverroes.juntadeandalucia.es\/plurilinguismodelegacionjaen\/wp-json\/wp\/v2\/media?parent=6283"}],"curies":[{"name":"wp","href":"https:\/\/api.w.org\/{rel}","templated":true}]}}