{"id":6305,"date":"2025-10-31T08:04:52","date_gmt":"2025-10-31T08:04:52","guid":{"rendered":"https:\/\/blogsaverroes.juntadeandalucia.es\/plurilinguismodelegacionjaen\/?page_id=6305"},"modified":"2025-10-31T08:04:52","modified_gmt":"2025-10-31T08:04:52","slug":"curso-2025-26","status":"publish","type":"page","link":"https:\/\/blogsaverroes.juntadeandalucia.es\/plurilinguismodelegacionjaen\/curso-2025-26\/","title":{"rendered":"Curso 2025\/26"},"content":{"rendered":"<ul>\n<li style=\"list-style-type: none\">\n<ul>\n<li><a href=\"https:\/\/blogsaverroes.juntadeandalucia.es\/plurilinguismodelegacionjaen\/files\/2025\/10\/Presentacion_curso_2025_26_Coordinadores-Bilingues.pdf\" target=\"_blank\" rel=\"noopener\">Presentaci\u00f3n curso 2025\/26 Coordinadores Biling\u00fces<\/a><\/li>\n<li><a href=\"https:\/\/blogsaverroes.juntadeandalucia.es\/plurilinguismodelegacionjaen\/files\/2025\/10\/Itinerario-Formacion-2025_26.pdf\">Itinerario Formaci\u00f3n 2025\/26<\/a><\/li>\n<li><a href=\"https:\/\/blogsaverroes.juntadeandalucia.es\/plurilinguismodelegacionjaen\/files\/2025\/10\/ppt-memoria-necesidades-formativas.pdf\">Memoria necesidades formativas<\/a><\/li>\n<li><a href=\"https:\/\/blogsaverroes.juntadeandalucia.es\/plurilinguismodelegacionjaen\/files\/2025\/10\/cronograma-actuaciones-coordinaciones-bilingues.pdf\">Cronograma actuaciones coordinaciones biling\u00fces. Orientaciones<\/a><\/li>\n<li><a href=\"https:\/\/blogsaverroes.juntadeandalucia.es\/plurilinguismodelegacionjaen\/files\/2025\/10\/cumplimentar-programa-centros-bilingues.pdf\">Dudas con S\u00e9neca para cumplimentar programa centros biling\u00fces<\/a><\/li>\n<li><a href=\"https:\/\/www.canva.com\/design\/DAG2fYqpT3E\/a089SZ5fQoTq51x6zzgA2A\/view?utm_content=DAG2fYqpT3E&amp;utm_campaign=designshare&amp;utm_medium=link2&amp;utm_source=uniquelinks&amp;utlId=h9e6f73460e#1\" target=\"_blank\" rel=\"noopener\">Conociendo eTwinning<\/a><\/li>\n<\/ul>\n<\/li>\n<\/ul>\n<p>&nbsp;<\/p>\n<p>&nbsp;<\/p>\n","protected":false},"excerpt":{"rendered":"<p>Presentaci\u00f3n curso 2025\/26 Coordinadores Biling\u00fces Itinerario Formaci\u00f3n 2025\/26 Memoria necesidades formativas Cronograma actuaciones coordinaciones biling\u00fces. Orientaciones Dudas con S\u00e9neca para cumplimentar programa centros biling\u00fces Conociendo eTwinning &nbsp; &nbsp;<\/p>\n","protected":false},"author":6890,"featured_media":0,"parent":0,"menu_order":0,"comment_status":"closed","ping_status":"closed","template":"","meta":{"ngg_post_thumbnail":0,"footnotes":"","_mc_calendar":[]},"aioseo_notices":[],"_links":{"self":[{"href":"https:\/\/blogsaverroes.juntadeandalucia.es\/plurilinguismodelegacionjaen\/wp-json\/wp\/v2\/pages\/6305"}],"collection":[{"href":"https:\/\/blogsaverroes.juntadeandalucia.es\/plurilinguismodelegacionjaen\/wp-json\/wp\/v2\/pages"}],"about":[{"href":"https:\/\/blogsaverroes.juntadeandalucia.es\/plurilinguismodelegacionjaen\/wp-json\/wp\/v2\/types\/page"}],"author":[{"embeddable":true,"href":"https:\/\/blogsaverroes.juntadeandalucia.es\/plurilinguismodelegacionjaen\/wp-json\/wp\/v2\/users\/6890"}],"replies":[{"embeddable":true,"href":"https:\/\/blogsaverroes.juntadeandalucia.es\/plurilinguismodelegacionjaen\/wp-json\/wp\/v2\/comments?post=6305"}],"version-history":[{"count":1,"href":"https:\/\/blogsaverroes.juntadeandalucia.es\/plurilinguismodelegacionjaen\/wp-json\/wp\/v2\/pages\/6305\/revisions"}],"predecessor-version":[{"id":6311,"href":"https:\/\/blogsaverroes.juntadeandalucia.es\/plurilinguismodelegacionjaen\/wp-json\/wp\/v2\/pages\/6305\/revisions\/6311"}],"wp:attachment":[{"href":"https:\/\/blogsaverroes.juntadeandalucia.es\/plurilinguismodelegacionjaen\/wp-json\/wp\/v2\/media?parent=6305"}],"curies":[{"name":"wp","href":"https:\/\/api.w.org\/{rel}","templated":true}]}}