{"id":6478,"date":"2026-04-20T11:08:10","date_gmt":"2026-04-20T11:08:10","guid":{"rendered":"https:\/\/blogsaverroes.juntadeandalucia.es\/plurilinguismodelegacionjaen\/?page_id=6478"},"modified":"2026-04-20T11:08:10","modified_gmt":"2026-04-20T11:08:10","slug":"programa-jose-saramago","status":"publish","type":"page","link":"https:\/\/blogsaverroes.juntadeandalucia.es\/plurilinguismodelegacionjaen\/programa-jose-saramago\/","title":{"rendered":"Programa Jos\u00e9 Saramago"},"content":{"rendered":"<p><a class=\"documento-entry__datos--titulo\" title=\"Ver documento Instrucciones de 15 de abril de 2026 sobre el desarrollo de la ense\u00f1anza del portugu\u00e9s como lengua extranjera en centros p\u00fablicos andaluces de Educaci\u00f3n Primaria, Secundaria y Bachillerato\" href=\"https:\/\/portales.ced.junta-andalucia.es\/educacion\/portales\/documents\/270701\/3799802\/260415_INSTRUCCIONES_SARAMAGO(F).pdf\/c24cca90-dc6d-a318-5a90-22fa2eec97f4?version=1.1\" target=\"_blank\" rel=\"noopener\">Instrucciones de 15 de abril de 2026 sobre el desarrollo de la ense\u00f1anza del portugu\u00e9s como lengua extranjera en centros p\u00fablicos andaluces de Educaci\u00f3n Primaria, Secundaria y Bachillerato <\/a><\/p>\n","protected":false},"excerpt":{"rendered":"<p>Instrucciones de 15 de abril de 2026 sobre el desarrollo de la ense\u00f1anza del portugu\u00e9s como lengua extranjera en centros p\u00fablicos andaluces de Educaci\u00f3n Primaria, Secundaria y Bachillerato<\/p>\n","protected":false},"author":6890,"featured_media":6479,"parent":0,"menu_order":0,"comment_status":"closed","ping_status":"closed","template":"","meta":{"ngg_post_thumbnail":0,"footnotes":"","_mc_calendar":[]},"aioseo_notices":[],"_links":{"self":[{"href":"https:\/\/blogsaverroes.juntadeandalucia.es\/plurilinguismodelegacionjaen\/wp-json\/wp\/v2\/pages\/6478"}],"collection":[{"href":"https:\/\/blogsaverroes.juntadeandalucia.es\/plurilinguismodelegacionjaen\/wp-json\/wp\/v2\/pages"}],"about":[{"href":"https:\/\/blogsaverroes.juntadeandalucia.es\/plurilinguismodelegacionjaen\/wp-json\/wp\/v2\/types\/page"}],"author":[{"embeddable":true,"href":"https:\/\/blogsaverroes.juntadeandalucia.es\/plurilinguismodelegacionjaen\/wp-json\/wp\/v2\/users\/6890"}],"replies":[{"embeddable":true,"href":"https:\/\/blogsaverroes.juntadeandalucia.es\/plurilinguismodelegacionjaen\/wp-json\/wp\/v2\/comments?post=6478"}],"version-history":[{"count":1,"href":"https:\/\/blogsaverroes.juntadeandalucia.es\/plurilinguismodelegacionjaen\/wp-json\/wp\/v2\/pages\/6478\/revisions"}],"predecessor-version":[{"id":6480,"href":"https:\/\/blogsaverroes.juntadeandalucia.es\/plurilinguismodelegacionjaen\/wp-json\/wp\/v2\/pages\/6478\/revisions\/6480"}],"wp:featuredmedia":[{"embeddable":true,"href":"https:\/\/blogsaverroes.juntadeandalucia.es\/plurilinguismodelegacionjaen\/wp-json\/wp\/v2\/media\/6479"}],"wp:attachment":[{"href":"https:\/\/blogsaverroes.juntadeandalucia.es\/plurilinguismodelegacionjaen\/wp-json\/wp\/v2\/media?parent=6478"}],"curies":[{"name":"wp","href":"https:\/\/api.w.org\/{rel}","templated":true}]}}