{"id":11688,"date":"2025-03-19T09:09:54","date_gmt":"2025-03-19T08:09:54","guid":{"rendered":"https:\/\/blogsaverroes.juntadeandalucia.es\/plurilinguismodelegacionmalaga\/?page_id=11688"},"modified":"2025-03-19T09:13:35","modified_gmt":"2025-03-19T08:13:35","slug":"visita-del-consul-de-alemania-i-e-s-jorge-guillen","status":"publish","type":"page","link":"https:\/\/blogsaverroes.juntadeandalucia.es\/plurilinguismodelegacionmalaga\/visita-del-consul-de-alemania-i-e-s-jorge-guillen\/","title":{"rendered":"Visita del C\u00f3nsul de Alemania &#8211; I.E.S. Jorge Guill\u00e9n"},"content":{"rendered":"<p class=\"western\" align=\"justify\"><span style=\"font-family: verdana, geneva, sans-serif;font-size: 12pt\">Nuestro centro escolar, el I.E.S. Jorge Guill\u00e9n de Torrox recibi\u00f3 el pasado mi\u00e9rcoles 19 de febrero la visita del c\u00f3nsul de Alemania en M\u00e1laga, el Ilmo Sr. Franko Martin Stritt, quien ven\u00eda acompa\u00f1ado de su secretaria y otra trabajadora diplom\u00e1tica del consulado. El motivo de esta visita era, adem\u00e1s de conocer de primera mano nuestro centro, seguir trabajando conjuntamente por y para el idioma alem\u00e1n. Al ser nuestro centro biling\u00fce de alem\u00e1n organizamos diferentes actividades a lo largo del curso para dar a conocer la historia, cultura, patrimonio y, por su puesto su idioma.<\/span><\/p>\n<p class=\"western\" align=\"justify\"><span style=\"font-family: Arial, serif\"><span style=\"font-size: large\"><img loading=\"lazy\" decoding=\"async\" class=\"wp-image-11691 aligncenter\" src=\"https:\/\/blogsaverroes.juntadeandalucia.es\/plurilinguismodelegacionmalaga\/files\/2025\/03\/cosnul2-300x224.jpg\" alt=\"\" width=\"479\" height=\"358\" srcset=\"https:\/\/blogsaverroes.juntadeandalucia.es\/plurilinguismodelegacionmalaga\/files\/2025\/03\/cosnul2-300x224.jpg 300w, https:\/\/blogsaverroes.juntadeandalucia.es\/plurilinguismodelegacionmalaga\/files\/2025\/03\/cosnul2-1024x766.jpg 1024w, https:\/\/blogsaverroes.juntadeandalucia.es\/plurilinguismodelegacionmalaga\/files\/2025\/03\/cosnul2-768x575.jpg 768w, https:\/\/blogsaverroes.juntadeandalucia.es\/plurilinguismodelegacionmalaga\/files\/2025\/03\/cosnul2-1536x1149.jpg 1536w, https:\/\/blogsaverroes.juntadeandalucia.es\/plurilinguismodelegacionmalaga\/files\/2025\/03\/cosnul2.jpg 1600w\" sizes=\"(max-width: 479px) 100vw, 479px\" \/><\/span><\/span><\/p>\n<p class=\"western\" align=\"justify\"><span style=\"font-family: verdana, geneva, sans-serif;font-size: 12pt\">Son ya muchos a\u00f1os en los que el Consulado nos ha aportado material y ayuda econ\u00f3mica para la realizaci\u00f3n de estas actividades. Los c\u00f3nsules anteriores nos han visitado durante la realizaci\u00f3n de estas actividades, como son el Intercambio Ling\u00fc\u00edstico en Mollina, d<span style=\"color: #000000\"><span lang=\"es-ES\">\u00f3nde<\/span><\/span> durante 3 d\u00edas 250 alumnos y alumnas de 2.\u00ba ESO pertenecientes a los centros biling\u00fces de Andaluc\u00eda, participan en diferentes juegos y actividades organizados por los centros participantes; el intercambio ling\u00fc\u00edstico con Recklinghausen se realiza en 3.\u00ba ESO. Su duraci\u00f3n es de 10 d\u00edas y participan unos 25 alumnos y alumnas; la visita cultural a Viena es otra oportunidad para conocer en directo la cultura y el patrimonio de esta bella capital de Europa durante una semana, en las que podemos asistir a un musical, \u00f3pera y visitar sus museos, palacios e incluso el edificio de la ONU.<\/span><\/p>\n<p class=\"western\" align=\"justify\"><span style=\"font-family: verdana, geneva, sans-serif;font-size: 12pt\">No podemos olvidarnos de otras actividades menores como son la celebraci\u00f3n de Sankt Martin, que es una procesi\u00f3n donde el alumnado, profesorado y familias, tanto del instituto, como de los colegios biling\u00fces de la localidad, portan farolillos dise\u00f1ados por ellos mismos detr\u00e1s de un caballo blanco montado por un alumno o alumna, quien simboliza a este santo alem\u00e1n.<\/span><\/p>\n<p class=\"western\" align=\"justify\"><span style=\"font-family: verdana, geneva, sans-serif;font-size: 12pt\">Los huevos de pascua, el mercadillo navide\u00f1o, los regalos de Sankt Nikolaus, cuentacuentos, obras de cine, de teatro o el puesto de Bratwurst durante la semana cultural de nuestro centro son otras actividades que realizamos para que nuestro alumnado est\u00e9 motivado a lo largo del curso en el aprendizaje de esta lengua.<\/span><\/p>\n<p class=\"western\" align=\"justify\"><span style=\"font-family: verdana, geneva, sans-serif;font-size: 12pt\">Nuestro alumnado de 2.\u00ba ESO represent\u00f3 una peque\u00f1a obra de teatro, titulada \u201cdas Wasser des Lebens\u201d para darle la bienvenida al C\u00f3nsul y sus acompa\u00f1antes, siendo del agrado de ellos y quedando sorprendidos de la buena actuaci\u00f3n del grupo.<img loading=\"lazy\" decoding=\"async\" class=\" wp-image-11690 alignright\" src=\"https:\/\/blogsaverroes.juntadeandalucia.es\/plurilinguismodelegacionmalaga\/files\/2025\/03\/consul3-300x224.jpg\" alt=\"\" width=\"477\" height=\"356\" srcset=\"https:\/\/blogsaverroes.juntadeandalucia.es\/plurilinguismodelegacionmalaga\/files\/2025\/03\/consul3-300x224.jpg 300w, https:\/\/blogsaverroes.juntadeandalucia.es\/plurilinguismodelegacionmalaga\/files\/2025\/03\/consul3-1024x766.jpg 1024w, https:\/\/blogsaverroes.juntadeandalucia.es\/plurilinguismodelegacionmalaga\/files\/2025\/03\/consul3-768x575.jpg 768w, https:\/\/blogsaverroes.juntadeandalucia.es\/plurilinguismodelegacionmalaga\/files\/2025\/03\/consul3-1536x1149.jpg 1536w, https:\/\/blogsaverroes.juntadeandalucia.es\/plurilinguismodelegacionmalaga\/files\/2025\/03\/consul3.jpg 1600w\" sizes=\"(max-width: 477px) 100vw, 477px\" \/><\/span><\/p>\n<p class=\"western\" align=\"justify\"><span style=\"font-size: 12pt;font-family: verdana, geneva, sans-serif\">Una vez finalizada la representaci<span style=\"color: #000000\"><span lang=\"es-ES\">\u00f3n teatral, el Sr. C\u00f3nsul se reuni\u00f3 con la Directora, Ana Mar\u00eda Mercado Carmona, y con el equipo profesores de alem\u00e1n. El Sr. C\u00f3nsul inform\u00f3, entre otras cosas, de la pr\u00f3xima puesta en marcha de la FP Dual en M\u00e1laga en el \u00e1mbito hotelero, titulo que estar\u00e1 reconocido por la c\u00e1mara de comercio de Alemania, y que representar\u00e1 una importante salida profesional para nuestros alumnos biling\u00fces.<\/span><\/span><\/span><\/p>\n<p class=\"western\" align=\"justify\"><span style=\"font-family: verdana, geneva, sans-serif;font-size: 12pt\">El profesorado de la secci\u00f3n biling\u00fce de alem\u00e1n del I.E.S. Jorge Guill\u00e9n de Torrox seguir\u00e1 trabajando para dar una mejor salida acad\u00e9mica y profesional a nuestro alumnado, para ello queremos seguir contando con la presencia, ayuda y colaboraci\u00f3n del Consulado de Alemania en M\u00e1laga y, prueba de esta buena relaci\u00f3n es su agradable visita y propuestas variadas de trabajar en el futuro con un fin com\u00fan: la ense\u00f1anza del idioma alem\u00e1n para hacerlos mejores ciudadanos.<\/span><\/p>\n","protected":false},"excerpt":{"rendered":"<p>Nuestro centro escolar, el I.E.S. Jorge Guill\u00e9n de Torrox recibi\u00f3 el pasado mi\u00e9rcoles 19 de febrero la visita del c\u00f3nsul de Alemania en M\u00e1laga, el Ilmo Sr. Franko Martin Stritt, quien ven\u00eda acompa\u00f1ado de&#46;&#46;&#46;<\/p>\n","protected":false},"author":8062,"featured_media":11689,"parent":0,"menu_order":0,"comment_status":"closed","ping_status":"closed","template":"","meta":{"ngg_post_thumbnail":0,"footnotes":""},"aioseo_notices":[],"_links":{"self":[{"href":"https:\/\/blogsaverroes.juntadeandalucia.es\/plurilinguismodelegacionmalaga\/wp-json\/wp\/v2\/pages\/11688"}],"collection":[{"href":"https:\/\/blogsaverroes.juntadeandalucia.es\/plurilinguismodelegacionmalaga\/wp-json\/wp\/v2\/pages"}],"about":[{"href":"https:\/\/blogsaverroes.juntadeandalucia.es\/plurilinguismodelegacionmalaga\/wp-json\/wp\/v2\/types\/page"}],"author":[{"embeddable":true,"href":"https:\/\/blogsaverroes.juntadeandalucia.es\/plurilinguismodelegacionmalaga\/wp-json\/wp\/v2\/users\/8062"}],"replies":[{"embeddable":true,"href":"https:\/\/blogsaverroes.juntadeandalucia.es\/plurilinguismodelegacionmalaga\/wp-json\/wp\/v2\/comments?post=11688"}],"version-history":[{"count":1,"href":"https:\/\/blogsaverroes.juntadeandalucia.es\/plurilinguismodelegacionmalaga\/wp-json\/wp\/v2\/pages\/11688\/revisions"}],"predecessor-version":[{"id":11692,"href":"https:\/\/blogsaverroes.juntadeandalucia.es\/plurilinguismodelegacionmalaga\/wp-json\/wp\/v2\/pages\/11688\/revisions\/11692"}],"wp:featuredmedia":[{"embeddable":true,"href":"https:\/\/blogsaverroes.juntadeandalucia.es\/plurilinguismodelegacionmalaga\/wp-json\/wp\/v2\/media\/11689"}],"wp:attachment":[{"href":"https:\/\/blogsaverroes.juntadeandalucia.es\/plurilinguismodelegacionmalaga\/wp-json\/wp\/v2\/media?parent=11688"}],"curies":[{"name":"wp","href":"https:\/\/api.w.org\/{rel}","templated":true}]}}