{"id":273,"date":"2018-10-19T08:42:25","date_gmt":"2018-10-19T07:42:25","guid":{"rendered":"http:\/\/www.educacionenmalaga.es\/bilinguismo\/"},"modified":"2024-03-25T11:15:01","modified_gmt":"2024-03-25T10:15:01","slug":"contacto-2","status":"publish","type":"page","link":"https:\/\/blogsaverroes.juntadeandalucia.es\/plurilinguismodelegacionmalaga\/contacto-2\/","title":{"rendered":"CONTACTA"},"content":{"rendered":"<address><span style=\"color: #339966\"><img loading=\"lazy\" decoding=\"async\" class=\"size-full wp-image-10549 alignright\" src=\"https:\/\/blogsaverroes.juntadeandalucia.es\/plurilinguismodelegacionmalaga\/files\/2023\/09\/Captura-2.png\" alt=\"\" width=\"147\" height=\"148\" srcset=\"https:\/\/blogsaverroes.juntadeandalucia.es\/plurilinguismodelegacionmalaga\/files\/2023\/09\/Captura-2.png 147w, https:\/\/blogsaverroes.juntadeandalucia.es\/plurilinguismodelegacionmalaga\/files\/2023\/09\/Captura-2-80x80.png 80w\" sizes=\"(max-width: 147px) 100vw, 147px\" \/><\/span><\/address>\n<address><em><span style=\"color: #339966\">Responsable <\/span><span style=\"color: #339966\">provincial de Pluriling\u00fcismo:<\/span>&nbsp; Raquel P\u00e9rez Villard\u00f3n<\/em><\/address>\n<address><em><span style=\"color: #339966\">Correo Pluriling\u00fcismo:<\/span>&nbsp; plurilinguismo.dpma.ced@juntadeandalucia.es<\/em><\/address>\n<address><em><span style=\"color: #339966\">Correo Auxiliares de conversaci\u00f3n:<\/span> auxiliares.dpma.ced@juntadeandalucia.es<\/em><\/address>\n<address><em><span style=\"color: #339966\">Tel\u00e9fono<\/span>: &nbsp;951038436 <\/em>(938436)&nbsp;<\/address>\n<address><em><span style=\"color: #339966\">Twitter: <\/span>@plurimalaga<\/em><\/address>\n<address><span style=\"color: #339966\">Instagram: <\/span>pluri_malaga<\/address>\n<address>&nbsp;<\/address>\n<address><strong>PARTICIPA EN EL BLOG<\/strong><\/address>\n<p style=\"text-align: left\">Si desea compartir sus buenas pr\u00e1cticas en el blog,&nbsp;env\u00ede sus sugerencias a la&nbsp;siguiente direcci\u00f3n: plurilinguismo.dpma.ced@juntadeandalucia.es<\/p>\n<p style=\"text-align: left\">&nbsp;<\/p>\n","protected":false},"excerpt":{"rendered":"<p>Responsable provincial de Pluriling\u00fcismo:&nbsp; Raquel P\u00e9rez Villard\u00f3n Correo Pluriling\u00fcismo:&nbsp; plurilinguismo.dpma.ced@juntadeandalucia.es Correo Auxiliares de conversaci\u00f3n: auxiliares.dpma.ced@juntadeandalucia.es Tel\u00e9fono: &nbsp;951038436 (938436)&nbsp; Twitter: @plurimalaga Instagram: pluri_malaga &nbsp; PARTICIPA EN EL BLOG Si desea compartir sus buenas pr\u00e1cticas en&#46;&#46;&#46;<\/p>\n","protected":false},"author":1124,"featured_media":0,"parent":0,"menu_order":1,"comment_status":"open","ping_status":"open","template":"","meta":{"ngg_post_thumbnail":0,"footnotes":""},"aioseo_notices":[],"_links":{"self":[{"href":"https:\/\/blogsaverroes.juntadeandalucia.es\/plurilinguismodelegacionmalaga\/wp-json\/wp\/v2\/pages\/273"}],"collection":[{"href":"https:\/\/blogsaverroes.juntadeandalucia.es\/plurilinguismodelegacionmalaga\/wp-json\/wp\/v2\/pages"}],"about":[{"href":"https:\/\/blogsaverroes.juntadeandalucia.es\/plurilinguismodelegacionmalaga\/wp-json\/wp\/v2\/types\/page"}],"author":[{"embeddable":true,"href":"https:\/\/blogsaverroes.juntadeandalucia.es\/plurilinguismodelegacionmalaga\/wp-json\/wp\/v2\/users\/1124"}],"replies":[{"embeddable":true,"href":"https:\/\/blogsaverroes.juntadeandalucia.es\/plurilinguismodelegacionmalaga\/wp-json\/wp\/v2\/comments?post=273"}],"version-history":[{"count":10,"href":"https:\/\/blogsaverroes.juntadeandalucia.es\/plurilinguismodelegacionmalaga\/wp-json\/wp\/v2\/pages\/273\/revisions"}],"predecessor-version":[{"id":10913,"href":"https:\/\/blogsaverroes.juntadeandalucia.es\/plurilinguismodelegacionmalaga\/wp-json\/wp\/v2\/pages\/273\/revisions\/10913"}],"wp:attachment":[{"href":"https:\/\/blogsaverroes.juntadeandalucia.es\/plurilinguismodelegacionmalaga\/wp-json\/wp\/v2\/media?parent=273"}],"curies":[{"name":"wp","href":"https:\/\/api.w.org\/{rel}","templated":true}]}}