{"id":3959,"date":"2013-05-27T10:54:45","date_gmt":"2013-05-27T09:54:45","guid":{"rendered":"http:\/\/www.educacionenmalaga.es\/bilinguismo\/?page_id=3959"},"modified":"2013-05-27T10:54:45","modified_gmt":"2013-05-27T09:54:45","slug":"buenas-practicas-en-malaga","status":"publish","type":"page","link":"https:\/\/blogsaverroes.juntadeandalucia.es\/plurilinguismodelegacionmalaga\/buenas-practicas-en-malaga\/","title":{"rendered":"Buenas pr\u00e1cticas"},"content":{"rendered":"<p style=\"text-align: justify\">Si desea compartir sus experiencias o buenas pr\u00e1cticas puede enviar un correo electr\u00f3nico a plurilinguismo.dpma.ced@juntadeandalucia.es, con objeto de que sean difundidas en nuestro blog.<br \/>\nEl centro que env\u00ede sus pr\u00e1cticas debe disponer de los permisos de utilizaci\u00f3n de im\u00e1genes de menores, as\u00ed como de los derechos de autor, en su caso.<\/p>\n","protected":false},"excerpt":{"rendered":"<p>Si desea compartir sus experiencias o buenas pr\u00e1cticas puede enviar un correo electr\u00f3nico a plurilinguismo.dpma.ced@juntadeandalucia.es, con objeto de que sean difundidas en nuestro blog. El centro que env\u00ede sus pr\u00e1cticas debe disponer de los&#46;&#46;&#46;<\/p>\n","protected":false},"author":1124,"featured_media":0,"parent":0,"menu_order":0,"comment_status":"open","ping_status":"open","template":"","meta":{"ngg_post_thumbnail":0,"footnotes":""},"aioseo_notices":[],"_links":{"self":[{"href":"https:\/\/blogsaverroes.juntadeandalucia.es\/plurilinguismodelegacionmalaga\/wp-json\/wp\/v2\/pages\/3959"}],"collection":[{"href":"https:\/\/blogsaverroes.juntadeandalucia.es\/plurilinguismodelegacionmalaga\/wp-json\/wp\/v2\/pages"}],"about":[{"href":"https:\/\/blogsaverroes.juntadeandalucia.es\/plurilinguismodelegacionmalaga\/wp-json\/wp\/v2\/types\/page"}],"author":[{"embeddable":true,"href":"https:\/\/blogsaverroes.juntadeandalucia.es\/plurilinguismodelegacionmalaga\/wp-json\/wp\/v2\/users\/1124"}],"replies":[{"embeddable":true,"href":"https:\/\/blogsaverroes.juntadeandalucia.es\/plurilinguismodelegacionmalaga\/wp-json\/wp\/v2\/comments?post=3959"}],"version-history":[{"count":0,"href":"https:\/\/blogsaverroes.juntadeandalucia.es\/plurilinguismodelegacionmalaga\/wp-json\/wp\/v2\/pages\/3959\/revisions"}],"wp:attachment":[{"href":"https:\/\/blogsaverroes.juntadeandalucia.es\/plurilinguismodelegacionmalaga\/wp-json\/wp\/v2\/media?parent=3959"}],"curies":[{"name":"wp","href":"https:\/\/api.w.org\/{rel}","templated":true}]}}