{"id":5766,"date":"2015-04-08T12:57:26","date_gmt":"2015-04-08T11:57:26","guid":{"rendered":"http:\/\/www.educacionenmalaga.es\/bilinguismo\/?page_id=5766"},"modified":"2015-04-08T12:57:26","modified_gmt":"2015-04-08T11:57:26","slug":"auxiliar-comunitario","status":"publish","type":"page","link":"https:\/\/blogsaverroes.juntadeandalucia.es\/plurilinguismodelegacionmalaga\/auxiliar-comunitario\/","title":{"rendered":"Auxiliar Comunitario (Pertenecen a la Uni\u00f3n Europea)"},"content":{"rendered":"<h1 class=\"western\" style=\"text-align: center\" align=\"JUSTIFY\">Curso 18\/19<\/h1>\n<p class=\"western\" align=\"JUSTIFY\"><span style=\"font-size: small\">Deber\u00e1n presentarse en la <i>Comisar\u00eda de Polic\u00eda Nacional de su localidad<\/i>, provistos de <u><b>Documento Nacional de Identidad (ID) o pasaporte<\/b><\/u>, v\u00e1lidos y en vigor, y <u><b>pedir una cita<\/b><\/u> para <u><b>solicitar el \u201ccertificado de Registro de ciudadano de la Uni\u00f3n<\/b><\/u><b>\u201d<\/b>. Para ello deber\u00e1n aportar los siguientes documentos:<\/span><\/p>\n<ul>\n<li>\n<p class=\"western\" align=\"JUSTIFY\"><span style=\"font-size: small\"><u><b>Fotocopia del pasaporte o del Documento Nacional de Identidad (ID)<\/b><\/u>.<\/span><\/p>\n<\/li>\n<li>\n<p class=\"western\" align=\"JUSTIFY\"><span style=\"font-size: small\">Fotocopia del <u><b>documento en el que se les comunica el centro<\/b><\/u> al que son asignados <u><b>y la fecha<\/b><\/u> de finalizaci\u00f3n de su actividad.<\/span><\/p>\n<\/li>\n<li>\n<p class=\"western\" align=\"JUSTIFY\"><span style=\"font-size: small\"><u><b>Tasas pagadas<\/b><\/u> en el MODELO 790 (C\u00f3digo 012).- Importe 10,60 euros. <i>El pago puede efectuarse en cualquier banco.\u201d <\/i><i><u><b>No hace falta tener cuenta bancaria para hacerlo\u201d<\/b><\/u><\/i><i>. Puede obtenerse en las Comisar\u00edas de Polic\u00eda Nacional o \u00a0tambi\u00e9n en \u00a0la Delegaci\u00f3n Territorial de Educaci\u00f3n de M\u00e1laga.<\/i><\/span><\/p>\n<\/li>\n<li>\n<p class=\"western\" align=\"JUSTIFY\"><span style=\"font-size: small\"><u><b>Solicitud<\/b><\/u> de certificado de registro de residencia comunitaria (modelo EX-18) cumplimentada con los datos del solicitante (puede obtenerse en comisar\u00eda o en la web: <span style=\"color: #0000ff\"><u><a href=\"https:\/\/sede.policia.gob.es\/portalCiudadano\/extranjeria\/EX18.pdf\"><i><b>https:\/\/sede.policia.gob.es\/portalCiudadano\/extranjeria\/EX18.pdf<\/b><\/i><\/a><\/u><\/span>)<\/span><\/p>\n<\/li>\n<\/ul>\n<p class=\"western\" align=\"JUSTIFY\">\u2026\u2026\u2026\u2026\u2026\u2026\u2026\u2026\u2026\u2026\u2026\u2026\u2026\u2026\u2026\u2026\u2026\u2026\u2026\u2026\u2026\u2026\u2026\u2026\u2026\u2026\u2026<span style=\"font-size: small\"><b>.<\/b><\/span><\/p>\n<p class=\"western\" align=\"JUSTIFY\"><span style=\"font-size: large\"><span style=\"text-decoration: underline\"><b>NOTA:<\/b><\/span><\/span> El impreso (790) para pagar las tasas <span style=\"font-size: x-large\"><b>NO<\/b><\/span> se puede descargar en Internet. S\u00f3lo es v\u00e1lido el que se entrega en las comisar\u00edas de Polic\u00eda Nacional o en la Delegaci\u00f3n Territorial de Educaci\u00f3n de M\u00e1laga.<\/p>\n<p class=\"western\" align=\"JUSTIFY\">\n","protected":false},"excerpt":{"rendered":"<p>Curso 18\/19 Deber\u00e1n presentarse en la Comisar\u00eda de Polic\u00eda Nacional de su localidad, provistos de Documento Nacional de Identidad (ID) o pasaporte, v\u00e1lidos y en vigor, y pedir una cita para solicitar el \u201ccertificado&#46;&#46;&#46;<\/p>\n","protected":false},"author":1124,"featured_media":0,"parent":0,"menu_order":0,"comment_status":"open","ping_status":"open","template":"","meta":{"ngg_post_thumbnail":0,"footnotes":""},"aioseo_notices":[],"_links":{"self":[{"href":"https:\/\/blogsaverroes.juntadeandalucia.es\/plurilinguismodelegacionmalaga\/wp-json\/wp\/v2\/pages\/5766"}],"collection":[{"href":"https:\/\/blogsaverroes.juntadeandalucia.es\/plurilinguismodelegacionmalaga\/wp-json\/wp\/v2\/pages"}],"about":[{"href":"https:\/\/blogsaverroes.juntadeandalucia.es\/plurilinguismodelegacionmalaga\/wp-json\/wp\/v2\/types\/page"}],"author":[{"embeddable":true,"href":"https:\/\/blogsaverroes.juntadeandalucia.es\/plurilinguismodelegacionmalaga\/wp-json\/wp\/v2\/users\/1124"}],"replies":[{"embeddable":true,"href":"https:\/\/blogsaverroes.juntadeandalucia.es\/plurilinguismodelegacionmalaga\/wp-json\/wp\/v2\/comments?post=5766"}],"version-history":[{"count":0,"href":"https:\/\/blogsaverroes.juntadeandalucia.es\/plurilinguismodelegacionmalaga\/wp-json\/wp\/v2\/pages\/5766\/revisions"}],"wp:attachment":[{"href":"https:\/\/blogsaverroes.juntadeandalucia.es\/plurilinguismodelegacionmalaga\/wp-json\/wp\/v2\/media?parent=5766"}],"curies":[{"name":"wp","href":"https:\/\/api.w.org\/{rel}","templated":true}]}}