{"id":5910,"date":"2019-01-07T09:37:54","date_gmt":"2019-01-07T08:37:54","guid":{"rendered":"http:\/\/www.educacionenmalaga.es\/bilinguismo\/?page_id=5910"},"modified":"2019-01-07T09:37:54","modified_gmt":"2019-01-07T08:37:54","slug":"documentacion-justificativa","status":"publish","type":"page","link":"https:\/\/blogsaverroes.juntadeandalucia.es\/plurilinguismodelegacionmalaga\/documentacion-justificativa\/","title":{"rendered":"Justificativa"},"content":{"rendered":"<p align=\"JUSTIFY\"><em>De conformidad con las <strong><a href=\"http:\/\/www.juntadeandalucia.es\/educacion\/portals\/web\/ced\/normativa\/-\/normativas\/detalle\/instrucciones-de-2-de-julio-de-2018-de-la-direccion-general-de-innovacion-y-formacion-del-profesorado-sobre-auxiliares\">Instrucciones de 2 de julio de 2018<\/a><\/strong>, de la Direcci\u00f3n General de Innovaci\u00f3n Educativa y Formaci\u00f3n del Profesorado, sobre auxiliares de conversaci\u00f3n para el curso escolar 2018\/2019, los centros educativos enviar\u00e1n una vez finalizada la colaboraci\u00f3n del auxiliar de conversaci\u00f3n a la Consejer\u00eda de Educaci\u00f3n la justificaci\u00f3n de las ayudas econ\u00f3micas individuales abonadas a los auxiliares de conversaci\u00f3n. <\/em><\/p>\n<p align=\"JUSTIFY\">Esta justificaci\u00f3n se compone de los siguientes documentos:<\/p>\n<ul>\n<li>\n<p align=\"JUSTIFY\">Declaraci\u00f3n firmada por los beneficiarios y las beneficiarias de haber cumplido las condiciones y la finalidad para la que les fue concedida la ayuda conforme al modelo que se acompa\u00f1a como <strong>Anexo II<\/strong>.<\/p>\n<\/li>\n<li>\n<p align=\"JUSTIFY\">Informe de la Direcci\u00f3n del centro educativo en el que justifique que la actividad realizada ha cumplido el objetivo para el que la ayuda fue concedida, conforme al <strong>Anexo III<\/strong>. En el caso de los centros que compartan auxiliar de conversaci\u00f3n, ambos centros rellenar\u00e1n el <strong>Anexo III<\/strong>, siendo estos enviados por el centro de referencia.<\/p>\n<\/li>\n<li>\n<p align=\"JUSTIFY\">Copias de los recibos mensuales justificativos de que los y las auxiliares de conversaci\u00f3n han recibido los pagos, correspondientes a los meses en que han realizado sus funciones, emitidos por los centros educativos en calidad de entidades colaboradoras, conforme al modelo que se acompa\u00f1a como<strong> Anexo IV<\/strong>. Dichos recibos estar\u00e1n sellados por los mismos centros, a fin de que se pueda controlar la concurrencia de subvenciones.<\/p>\n<\/li>\n<\/ul>\n<p align=\"JUSTIFY\">Adem\u00e1s de lo anterior, la persona que ha desarrollado su colaboraci\u00f3n como auxiliar de conversaci\u00f3n elaborar\u00e1 una Memoria de autoevaluaci\u00f3n de las actividades desarrolladas a lo largo del a\u00f1o, conforme al<strong> Anexo V<\/strong>, depositando en el centro los materiales elaborados.<\/p>\n<p align=\"JUSTIFY\">Enviar a la siguiente direcci\u00f3n por correo ordinario antes del 30 de Junio de 2019:<\/p>\n<p align=\"CENTER\"><em>Consejer\u00eda de Educaci\u00f3n<br \/>\n<\/em><em>Direcci\u00f3n General de Innovaci\u00f3n<br \/>\n<\/em><em>Servicio de Programas Educativos Internacionales<br \/>\n<\/em><em>Avda. Juan Antonio de Vizarr\u00f3n, s\/n<br \/>\n<\/em><em>41071 Sevilla<\/em><\/p>\n<p style=\"text-align: left\" align=\"CENTER\">Nota: Cuando se\u00a0comparta auxiliar de conversaci\u00f3n, el centro de referencia ser\u00e1 el encargado de enviar la documentaci\u00f3n pertinente.<\/p>\n","protected":false},"excerpt":{"rendered":"<p>De conformidad con las Instrucciones de 2 de julio de 2018, de la Direcci\u00f3n General de Innovaci\u00f3n Educativa y Formaci\u00f3n del Profesorado, sobre auxiliares de conversaci\u00f3n para el curso escolar 2018\/2019, los centros educativos&#46;&#46;&#46;<\/p>\n","protected":false},"author":1124,"featured_media":0,"parent":0,"menu_order":0,"comment_status":"open","ping_status":"open","template":"","meta":{"ngg_post_thumbnail":0,"footnotes":""},"aioseo_notices":[],"_links":{"self":[{"href":"https:\/\/blogsaverroes.juntadeandalucia.es\/plurilinguismodelegacionmalaga\/wp-json\/wp\/v2\/pages\/5910"}],"collection":[{"href":"https:\/\/blogsaverroes.juntadeandalucia.es\/plurilinguismodelegacionmalaga\/wp-json\/wp\/v2\/pages"}],"about":[{"href":"https:\/\/blogsaverroes.juntadeandalucia.es\/plurilinguismodelegacionmalaga\/wp-json\/wp\/v2\/types\/page"}],"author":[{"embeddable":true,"href":"https:\/\/blogsaverroes.juntadeandalucia.es\/plurilinguismodelegacionmalaga\/wp-json\/wp\/v2\/users\/1124"}],"replies":[{"embeddable":true,"href":"https:\/\/blogsaverroes.juntadeandalucia.es\/plurilinguismodelegacionmalaga\/wp-json\/wp\/v2\/comments?post=5910"}],"version-history":[{"count":0,"href":"https:\/\/blogsaverroes.juntadeandalucia.es\/plurilinguismodelegacionmalaga\/wp-json\/wp\/v2\/pages\/5910\/revisions"}],"wp:attachment":[{"href":"https:\/\/blogsaverroes.juntadeandalucia.es\/plurilinguismodelegacionmalaga\/wp-json\/wp\/v2\/media?parent=5910"}],"curies":[{"name":"wp","href":"https:\/\/api.w.org\/{rel}","templated":true}]}}