{"id":5916,"date":"2019-01-07T09:36:59","date_gmt":"2019-01-07T08:36:59","guid":{"rendered":"http:\/\/www.educacionenmalaga.es\/bilinguismo\/?page_id=5916"},"modified":"2019-01-07T09:36:59","modified_gmt":"2019-01-07T08:36:59","slug":"baja-del-auxiliar","status":"publish","type":"page","link":"https:\/\/blogsaverroes.juntadeandalucia.es\/plurilinguismodelegacionmalaga\/baja-del-auxiliar\/","title":{"rendered":"Retraso o Baja del Auxiliar"},"content":{"rendered":"<p align=\"JUSTIFY\"><em>De conformidad con las <a href=\"http:\/\/www.juntadeandalucia.es\/educacion\/portals\/abaco-portlet\/content\/c37c3313-55ce-4bca-8eab-f27be40e6461\"><strong>Instrucciones de 2 de julio de 2018<\/strong><\/a>, de la Direcci\u00f3n General de Innovaci\u00f3n Educativa y Formaci\u00f3n del Profesorado, sobre auxiliares de conversaci\u00f3n para el curso escolar 2018\/2019, los centros educativos enviar\u00e1n a la Consejer\u00eda de Educaci\u00f3n la justificaci\u00f3n de las ayudas econ\u00f3micas individuales abonadas a los auxiliares de conversaci\u00f3n.<\/em><\/p>\n<p align=\"JUSTIFY\">En el caso de que el o la auxiliar de conversaci\u00f3n hubiera causado baja antes del 31 de mayo del 2019 o se hubiera incorporado con m\u00e1s de un mes de retraso, el centro educativo tendr\u00e1 de presentar adem\u00e1s de los documentos justificativos, una carta o, en su defecto, un certificado de la direcci\u00f3n del centro, especificando el motivo y el d\u00eda de la baja o incorporaci\u00f3n. Igualmente, el centro educativo deber\u00e1 proceder en la mayor brevedad, al reintegro de las cantidades no pagadas al auxiliar o la auxiliar de conversaci\u00f3n correspondientes a los meses completos posteriores a la baja o anteriores a su incorporaci\u00f3n. Este reingreso se llevar\u00e1 a cabo mediante el <a href=\"http:\/\/www.juntadeandalucia.es\/haciendayadministracionpublica\/ov\/tributos\/modelos\/confeccion.htm?046\">documento 046<\/a> (Tasas, precios p\u00fablicos, sanciones, otros ingresos). Los centros educativos habr\u00e1n de adjuntar el original del documento 046 en su documentaci\u00f3n justificativa.<\/p>\n<ul>\n<li>Anexos II, III, IV y V (renuncia o baja antes del 31 de mayo del 2019)<\/li>\n<li>Una carta o certificado de la direcci\u00f3n del centro, especificando el motivo y el d\u00eda de la baja o incorporaci\u00f3n.<\/li>\n<li><a href=\"http:\/\/www.juntadeandalucia.es\/haciendayadministracionpublica\/ov\/tributos\/modelos\/confeccion.htm?046\">Documento 046<\/a> (Tasas, precios p\u00fablicos, sanciones, otros ingresos).<\/li>\n<\/ul>\n<p style=\"text-align: left\" align=\"CENTER\">Enviar a la siguiente direcci\u00f3n por correo ordinario:<\/p>\n<p align=\"CENTER\"><em>Consejer\u00eda de Educaci\u00f3n<br \/>\n<\/em><em>Direcci\u00f3n General de Innovaci\u00f3n<br \/>\n<\/em><em>Servicio de Programas Educativos Internacionales<br \/>\n<\/em><em>Avda. Juan Antonio de Vizarr\u00f3n, s\/n<br \/>\n<\/em><em>41071 Sevilla<\/em><\/p>\n<p style=\"text-align: left\" align=\"CENTER\"><span style=\"color: #ff0000\">\u00a0<\/span><\/p>\n","protected":false},"excerpt":{"rendered":"<p>De conformidad con las Instrucciones de 2 de julio de 2018, de la Direcci\u00f3n General de Innovaci\u00f3n Educativa y Formaci\u00f3n del Profesorado, sobre auxiliares de conversaci\u00f3n para el curso escolar 2018\/2019, los centros educativos&#46;&#46;&#46;<\/p>\n","protected":false},"author":1124,"featured_media":0,"parent":0,"menu_order":0,"comment_status":"open","ping_status":"open","template":"","meta":{"ngg_post_thumbnail":0,"footnotes":""},"aioseo_notices":[],"_links":{"self":[{"href":"https:\/\/blogsaverroes.juntadeandalucia.es\/plurilinguismodelegacionmalaga\/wp-json\/wp\/v2\/pages\/5916"}],"collection":[{"href":"https:\/\/blogsaverroes.juntadeandalucia.es\/plurilinguismodelegacionmalaga\/wp-json\/wp\/v2\/pages"}],"about":[{"href":"https:\/\/blogsaverroes.juntadeandalucia.es\/plurilinguismodelegacionmalaga\/wp-json\/wp\/v2\/types\/page"}],"author":[{"embeddable":true,"href":"https:\/\/blogsaverroes.juntadeandalucia.es\/plurilinguismodelegacionmalaga\/wp-json\/wp\/v2\/users\/1124"}],"replies":[{"embeddable":true,"href":"https:\/\/blogsaverroes.juntadeandalucia.es\/plurilinguismodelegacionmalaga\/wp-json\/wp\/v2\/comments?post=5916"}],"version-history":[{"count":0,"href":"https:\/\/blogsaverroes.juntadeandalucia.es\/plurilinguismodelegacionmalaga\/wp-json\/wp\/v2\/pages\/5916\/revisions"}],"wp:attachment":[{"href":"https:\/\/blogsaverroes.juntadeandalucia.es\/plurilinguismodelegacionmalaga\/wp-json\/wp\/v2\/media?parent=5916"}],"curies":[{"name":"wp","href":"https:\/\/api.w.org\/{rel}","templated":true}]}}